{"id":10483,"date":"2024-08-08T13:21:07","date_gmt":"2024-08-08T11:21:07","guid":{"rendered":"https:\/\/www.nanoclean-air.com\/?post_type=product&#038;p=10483"},"modified":"2024-11-20T08:54:49","modified_gmt":"2024-11-20T07:54:49","slug":"nanoclean-air-koncentrat-pro-cisteni-osvezeni-de-fumigaci-a-dezinfekci-klimatizaci-a-ventilace","status":"publish","type":"product","link":"https:\/\/www.nanoclean-air.com\/cs\/product\/nanoclean-air-koncentrat-pro-cisteni-osvezeni-de-fumigaci-a-dezinfekci-klimatizaci-a-ventilace\/","title":{"rendered":"NANOCLEAN\u00ae AIR Koncentr\u00e1t pro \u010di\u0161t\u011bn\u00ed, osv\u011b\u017een\u00ed, de-fumigaci a dezinfekci klimatizac\u00ed a ventilace"},"content":{"rendered":"<p><strong>\u010cI\u0160T\u011aN\u00cd A OSV\u011a\u017dEN\u00cd KLIMATIZACE<\/strong><br \/>\n\u2022 Efektivn\u011b odstra\u0148uje v\u0161echny zne\u010di\u0161\u0165uj\u00edc\u00ed l\u00e1tky, kter\u00e9 mohou ovlivnit kvalitu vzduchu.<br \/>\n\u2022 Trvale eliminuje nep\u0159\u00edjemn\u00fd z\u00e1pach pl\u00edsn\u00ed a vlhkosti.<br \/>\n\u2022 Kompatibiln\u00ed s materi\u00e1ly \u2013 roztok p\u0159ipraven\u00fd z koncentr\u00e1tu p\u0159i pracovn\u00edm koncentr\u00e1tu 5 % (1:19) s vodou je kompatibiln\u00ed s v\u011bt\u0161inou kov\u016f, lakovan\u00fdch povrch\u016f, gum, plast\u016f, tkanin.<br \/>\n\u2022 Po odpa\u0159en\u00ed zanech\u00e1v\u00e1 such\u00fd a \u010dist\u00fd povrch, kter\u00fd je odoln\u00fd proti p\u0159itahov\u00e1n\u00ed prachu.<\/p>\n<p><strong>DE-FUMIGACE A DEZINFEKCE KLIMATIZACE<\/strong><br \/>\n\u2022 Jedin\u00e1 formulace s FULL BIOCIDAL SPECTRUM (Viry, Bakterie, Houby, Mykobakterie, Spory a\u017e 15 minut).<br \/>\n\u2022 Odstra\u0148uje Legionellu pneumophilu za 1 minutu.<br \/>\n\u2022 \u00da\u010dinnost potvrzena testy podle evropsk\u00fdch norem: EN1040, EN13727, EN1276, EN13697, EN13623, EN1275, EN1650, EN14476, EN13704, EN14348.<br \/>\n\u2022 Biocidn\u00ed produkt s povolen\u00edm k uveden\u00ed na trh \u010d. 7420\/18.<br \/>\n\u2022 PZH schv\u00e1len\u00ed \u010d. B.BK.60112.0333.2023.<br \/>\n\u2022 Nov\u00fd standard bezpe\u010dnosti proti infekc\u00edm a zne\u010di\u0161t\u011bn\u00ed vzduchem.<\/p>\n<p><strong>\u00daSPORY<\/strong><br \/>\n\u2022 Nejv\u00edce ekonomick\u00e1 dezinfekce.<br \/>\n\u2022 Koncentr\u00e1t pou\u017eit\u00fd s vodou p\u0159i koncentraci 5 % (1:19).<br \/>\n\u2022 1 L koncentr\u00e1tu je 20 L p\u0159ipraven\u00e9ho roztoku.<\/p>\n<p><strong>SATISFAKCE Z\u00c1KAZN\u00cdKA<\/strong><br \/>\n\u2022 P\u0159\u00edjemn\u00e1, osv\u011b\u017euj\u00edc\u00ed v\u016fn\u011b.<br \/>\n\u2022 Skladov\u00e1n\u00ed a pou\u017eit\u00ed bez rizika po\u017e\u00e1ru \u2013 neho\u0159lav\u00fd vodn\u00ed produkt.<br \/>\n\u2022 Neobsahuje kyseliny, fenoly (nebezpe\u010dn\u00e9 pro t\u011bhotn\u00e9 \u017eeny, zv\u00ed\u0159ata) a organick\u00e1 rozpou\u0161t\u011bdla.<br \/>\n\u2022 \u00dapln\u00e1 spokojenost z\u00e1kazn\u00edk\u016f \u2013 \u017e\u00e1dn\u00e9 st\u00ed\u017enosti.<\/p>\n","protected":false},"excerpt":{"rendered":"<p>Jedinn\u00fd produkt na trhu pro \u010di\u0161t\u011bn\u00ed, osv\u011b\u017een\u00ed, de-fumigaci a dezinfekci v\u00fdparn\u00edk\u016f a kondenz\u00e1tor\u016f klimatizac\u00ed a jin\u00fdch za\u0159\u00edzen\u00ed HVAC pro klimatizaci a chlazen\u00ed vzduchu s FULL BIOCIDAL SPECTRUM za a\u017e 15 minut.<br \/>\n\u00da\u010dinn\u011b odstra\u0148uje v\u0161echny zne\u010di\u0161\u0165uj\u00edc\u00ed l\u00e1tky, kter\u00e9 mohou ovlivnit kvalitu samotn\u00e9ho vzduchu.<br \/>\nZanech\u00e1v\u00e1 p\u0159\u00edjemnou, osv\u011b\u017euj\u00edc\u00ed v\u016fni.<br \/>\n\u2022 <strong>OSV\u011a\u017dEN\u00cd<\/strong>. Odstra\u0148uje nep\u0159\u00edjemn\u00fd z\u00e1pach a zanech\u00e1v\u00e1 p\u0159\u00edjemnou v\u016fni na del\u0161\u00ed dobu.<br \/>\n\u2022 <strong>D\u016eV\u011aRA<\/strong>.<br \/>\nFULL BIOCIDAL SPECTRUM: Viry, houby, bakterie, spory, mykobakterie. Legionella pneumophila za 1 minutu.<br \/>\n\u2022 <strong>\u00da\u010cINNOST<\/strong>. Potvrzeno testy podle evropsk\u00fdch norem: EN1040, EN13727, EN1276, EN13697, EN13623, EN1275, EN1650, EN14476, EN13704, EN14348<br \/>\n\u2022 <strong>\u00da\u010cINNOST \u010cI\u0160T\u011aN\u00cd<\/strong>. D\u00edky v\u00edcekomponentn\u00ed aktivn\u00ed b\u00e1zi.<br \/>\n\u2022 <strong>SATISFAKCE Z\u00c1KAZN\u00cdKA<\/strong>. Efektivn\u00ed \u010di\u0161t\u011bn\u00ed a dezinfekce.<br \/>\n<strong>V\u0160E V JEDNOM = \u010cI\u0160T\u011aN\u00cd + OSV\u011a\u017dEN\u00cd + DE-FUMIGACE + DEZINFEKCE = 1 PRODUKT = 1 PROCES<\/strong><\/p>\n","protected":false},"featured_media":10485,"comment_status":"open","ping_status":"closed","template":"","meta":[],"product_brand":[],"product_cat":[347],"product_tag":[],"class_list":{"0":"post-10483","1":"product","2":"type-product","3":"status-publish","4":"has-post-thumbnail","6":"product_cat-hvac-cs","7":"pa_capacity-1-l-cs","8":"pa_smell-bez-zapachu","9":"pa_smell-citrusova","10":"pa_smell-levandule","11":"pa_smell-orchidej","13":"first","14":"instock","15":"featured","16":"taxable","17":"shipping-taxable","18":"product-type-variable"},"_links":{"self":[{"href":"https:\/\/www.nanoclean-air.com\/cs\/wp-json\/wp\/v2\/product\/10483","targetHints":{"allow":["GET"]}}],"collection":[{"href":"https:\/\/www.nanoclean-air.com\/cs\/wp-json\/wp\/v2\/product"}],"about":[{"href":"https:\/\/www.nanoclean-air.com\/cs\/wp-json\/wp\/v2\/types\/product"}],"replies":[{"embeddable":true,"href":"https:\/\/www.nanoclean-air.com\/cs\/wp-json\/wp\/v2\/comments?post=10483"}],"wp:featuredmedia":[{"embeddable":true,"href":"https:\/\/www.nanoclean-air.com\/cs\/wp-json\/wp\/v2\/media\/10485"}],"wp:attachment":[{"href":"https:\/\/www.nanoclean-air.com\/cs\/wp-json\/wp\/v2\/media?parent=10483"}],"wp:term":[{"taxonomy":"product_brand","embeddable":true,"href":"https:\/\/www.nanoclean-air.com\/cs\/wp-json\/wp\/v2\/product_brand?post=10483"},{"taxonomy":"product_cat","embeddable":true,"href":"https:\/\/www.nanoclean-air.com\/cs\/wp-json\/wp\/v2\/product_cat?post=10483"},{"taxonomy":"product_tag","embeddable":true,"href":"https:\/\/www.nanoclean-air.com\/cs\/wp-json\/wp\/v2\/product_tag?post=10483"}],"curies":[{"name":"wp","href":"https:\/\/api.w.org\/{rel}","templated":true}]}}