{"id":8896,"date":"2024-11-13T14:42:45","date_gmt":"2024-11-13T13:42:45","guid":{"rendered":"https:\/\/www.nanoclean-air.com\/?post_type=product&#038;p=8896"},"modified":"2024-11-14T13:16:08","modified_gmt":"2024-11-14T12:16:08","slug":"nanoclean-ac-foamclean-rtu-aktivni-penovy-cistic-pripraveny-k-pouziti","status":"publish","type":"product","link":"https:\/\/www.nanoclean-air.com\/cs\/product\/nanoclean-ac-foamclean-rtu-aktivni-penovy-cistic-pripraveny-k-pouziti\/","title":{"rendered":"NANOCLEAN AC FOAMCLEAN RTU \u2013 Aktivn\u00ed p\u011bnov\u00fd \u010disti\u010d p\u0159ipraven\u00fd k pou\u017eit\u00ed"},"content":{"rendered":"<p><strong>Hlavn\u00ed vlastnosti:<\/strong><\/p>\n<ul>\n<li><strong>Siln\u00e1 \u010distic\u00ed \u00fa\u010dinnost:<\/strong> \u00da\u010dinn\u011b odstra\u0148uje tuky, oleje, vosky, mastnoty, silni\u010dn\u00ed a \u017eelezni\u010dn\u00ed ne\u010distoty, prysky\u0159ici, inkoust, zaschl\u00e9 skvrny, bitumenov\u00e9 zne\u010di\u0161t\u011bn\u00ed, zbytky tab\u00e1ku, krev, mech, list\u00ed, tr\u00e1vu a dal\u0161\u00ed.<\/li>\n<li><strong>\u0160irok\u00e9 pou\u017eit\u00ed:<\/strong> Ide\u00e1ln\u00ed pro \u010di\u0161t\u011bn\u00ed klimatiza\u010dn\u00edch jednotek (kondenz\u00e1tor\u016f), v\u00fdm\u011bn\u00edk\u016f tepla, ventila\u010dn\u00edch kan\u00e1l\u016f, ventil\u00e1tor\u016f, syst\u00e9m\u016f rozvodu vzduchu, odkap\u00e1vac\u00edch m\u0159\u00ed\u017eek a dal\u0161\u00edch mechanick\u00fdch \u010d\u00e1st\u00ed. Tak\u00e9 vynikaj\u00edc\u00ed pro \u010di\u0161t\u011bn\u00ed povrch\u016f transportn\u00edch prost\u0159edk\u016f (n\u00e1kladn\u00ed vozy, auta, lokomotivy, vlaky) a pr\u016fmyslov\u00fdch stroj\u016f, co\u017e zaji\u0161\u0165uje bezchybn\u00e9 v\u00fdsledky.<\/li>\n<li><strong>Penetrace a uvoln\u011bn\u00ed ne\u010distot:<\/strong> Aktivn\u00ed p\u011bna hluboce pronik\u00e1, rozkl\u00e1d\u00e1 a rozpou\u0161t\u00ed odoln\u00e9 ne\u010distoty a zbytky, co\u017e ji \u010din\u00ed ide\u00e1ln\u00ed pro vysokov\u00fdkonnostn\u00ed \u010di\u0161t\u011bn\u00ed bez nutnosti drhnut\u00ed.<\/li>\n<li><strong>Bezpe\u010dn\u00e9 pro r\u016fzn\u00e9 povrchy:<\/strong> Kompatibiln\u00ed s r\u016fzn\u00fdmi materi\u00e1ly, v\u010detn\u011b lakovan\u00fdch povrch\u016f, plast\u016f, elastomer\u016f, textili\u00ed, d\u0159eva, keramiky, kov\u016f (v\u010detn\u011b slitin hlin\u00edku a m\u011bdi, pokud jsou po \u010di\u0161t\u011bn\u00ed opl\u00e1chnuty vodou) a dal\u0161\u00edch.<\/li>\n<li><strong>Nepo\u0161kozuj\u00edc\u00ed formule:<\/strong> P\u011bna s vysokou p\u0159ilnavost\u00ed se dr\u017e\u00ed na vertik\u00e1ln\u00edch povr\u0161\u00edch a\u017e 5 minut, co\u017e umo\u017e\u0148uje efektivn\u00ed \u010di\u0161t\u011bn\u00ed bez kontaktu.<\/li>\n<li><strong>Ekologick\u00e9:<\/strong> Biologicky odbourateln\u00fd podle standard\u016f OECD.<\/li>\n<li><strong>Ekonomick\u00e9 a efektivn\u00ed:<\/strong> Vysoce ekonomick\u00e9 \u0159e\u0161en\u00ed, kter\u00e9 vy\u017eaduje minim\u00e1ln\u00ed mno\u017estv\u00ed produktu pro maxim\u00e1ln\u00ed v\u00fdsledky.<\/li>\n<\/ul>\n<p><strong>Aplikace:<\/strong><\/p>\n<ul>\n<li>Ide\u00e1ln\u00ed pro \u010di\u0161t\u011bn\u00ed venkovn\u00edch klimatiza\u010dn\u00edch za\u0159\u00edzen\u00ed, jako jsou kondenz\u00e1tory a v\u00fdparn\u00edky.<\/li>\n<li>Vhodn\u00fd pro \u010di\u0161t\u011bn\u00ed kuchyn\u00ed, bar\u016f, ventila\u010dn\u00edch kan\u00e1l\u016f v potravin\u00e1\u0159sk\u00e9m pr\u016fmyslu a pr\u016fmyslov\u00e9ho vybaven\u00ed, jako jsou vzduchov\u00e9 filtry, mechanick\u00e9 \u010d\u00e1sti a ventil\u00e1tory.<\/li>\n<li>Doporu\u010deno pro \u010di\u0161t\u011bn\u00ed transportn\u00edch vozidel, v\u010detn\u011b n\u00e1kladn\u00edch voz\u016f, vlak\u016f, lokomotiv a autobus\u016f.<\/li>\n<li>\u00da\u010dinn\u00fd p\u0159i odstra\u0148ov\u00e1n\u00ed organick\u00fdch a pr\u016fmyslov\u00fdch skvrn z podlah, st\u011bn a dokonce i st\u0159ech.<\/li>\n<\/ul>\n<p><strong>N\u00e1vod k pou\u017eit\u00ed:<\/strong><\/p>\n<ol>\n<li>Nast\u0159\u00edkejte p\u0159\u00edmo na povrch, kter\u00fd chcete vy\u010distit.<\/li>\n<li>Nechte p\u011bnu p\u016fsobit 3\u20135 minut, aby se rozlo\u017eily ne\u010distoty.<\/li>\n<li>Pro manu\u00e1ln\u00ed \u010di\u0161t\u011bn\u00ed pou\u017eijte dodanou p\u011bnovac\u00ed trysku, aby p\u011bna z\u016fstala na m\u00edst\u011b.<\/li>\n<li>Po uplynut\u00ed doby p\u016fsoben\u00ed d\u016fkladn\u011b opl\u00e1chn\u011bte vodou pod vysok\u00fdm tlakem. V p\u0159\u00edpad\u011b pot\u0159eby proces opakujte.<\/li>\n<\/ol>\n<p><strong>Bezpe\u010dnost:<\/strong> P\u0159i pr\u00e1ci noste odpov\u00eddaj\u00edc\u00ed ochrann\u00fd od\u011bv. P\u0159ed pou\u017eit\u00edm v\u017edy p\u0159e\u010dt\u011bte bezpe\u010dnostn\u00ed list (SDS).<\/p>\n<p>NANOCLEAN AC FOAMCLEAN RTU je va\u0161e ide\u00e1ln\u00ed \u0159e\u0161en\u00ed pro vynikaj\u00edc\u00ed, bezpe\u010dn\u00e9 a efektivn\u00ed \u010di\u0161t\u011bn\u00ed, kter\u00e9 p\u0159in\u00e1\u0161\u00ed v\u00fdjime\u010dn\u00e9 v\u00fdsledky s minim\u00e1ln\u00edm \u00fasil\u00edm!<\/p>\n","protected":false},"excerpt":{"rendered":"<p>NANOCLEAN AC FOAMCLEAN RTU je siln\u00fd, p\u0159ipraven\u00fd k pou\u017eit\u00ed alkalick\u00fd p\u011bnov\u00fd \u010disti\u010d navr\u017een\u00fd pro n\u00e1ro\u010dn\u00e9 \u010distic\u00ed aplikace. Ide\u00e1ln\u00ed pro \u010di\u0161t\u011bn\u00ed \u0161irok\u00e9 \u0161k\u00e1ly povrch\u016f a za\u0159\u00edzen\u00ed v pr\u016fmyslov\u00fdch odv\u011btv\u00edch jako HVAC, automobilov\u00fd pr\u016fmysl, pohostinstv\u00ed a dal\u0161\u00ed. Tento vysoce \u00fa\u010dinn\u00fd \u010disti\u010d se dok\u00e1\u017ee vypo\u0159\u00e1dat i s t\u011bmi nejodoln\u011bj\u0161\u00edmi ne\u010distotami.<\/p>\n","protected":false},"featured_media":8720,"comment_status":"closed","ping_status":"closed","template":"","meta":[],"product_brand":[],"product_cat":[347],"product_tag":[],"class_list":{"0":"post-8896","1":"product","2":"type-product","3":"status-publish","4":"has-post-thumbnail","6":"product_cat-hvac-cs","8":"first","9":"instock","10":"taxable","11":"shipping-taxable","12":"product-type-simple"},"_links":{"self":[{"href":"https:\/\/www.nanoclean-air.com\/cs\/wp-json\/wp\/v2\/product\/8896","targetHints":{"allow":["GET"]}}],"collection":[{"href":"https:\/\/www.nanoclean-air.com\/cs\/wp-json\/wp\/v2\/product"}],"about":[{"href":"https:\/\/www.nanoclean-air.com\/cs\/wp-json\/wp\/v2\/types\/product"}],"replies":[{"embeddable":true,"href":"https:\/\/www.nanoclean-air.com\/cs\/wp-json\/wp\/v2\/comments?post=8896"}],"wp:featuredmedia":[{"embeddable":true,"href":"https:\/\/www.nanoclean-air.com\/cs\/wp-json\/wp\/v2\/media\/8720"}],"wp:attachment":[{"href":"https:\/\/www.nanoclean-air.com\/cs\/wp-json\/wp\/v2\/media?parent=8896"}],"wp:term":[{"taxonomy":"product_brand","embeddable":true,"href":"https:\/\/www.nanoclean-air.com\/cs\/wp-json\/wp\/v2\/product_brand?post=8896"},{"taxonomy":"product_cat","embeddable":true,"href":"https:\/\/www.nanoclean-air.com\/cs\/wp-json\/wp\/v2\/product_cat?post=8896"},{"taxonomy":"product_tag","embeddable":true,"href":"https:\/\/www.nanoclean-air.com\/cs\/wp-json\/wp\/v2\/product_tag?post=8896"}],"curies":[{"name":"wp","href":"https:\/\/api.w.org\/{rel}","templated":true}]}}