{"id":9101,"date":"2021-11-19T19:46:02","date_gmt":"2021-11-19T18:46:02","guid":{"rendered":"https:\/\/www.nanoclean-air.com\/?post_type=product&#038;p=9101"},"modified":"2024-11-19T12:12:48","modified_gmt":"2024-11-19T11:12:48","slug":"nanoclean-air-400-ml-aerosol-pro-cisteni-osvezeni-dezinfekci-a-dekontaminaci","status":"publish","type":"product","link":"https:\/\/www.nanoclean-air.com\/cs\/product\/nanoclean-air-400-ml-aerosol-pro-cisteni-osvezeni-dezinfekci-a-dekontaminaci\/","title":{"rendered":"NANOCLEAN\u00ae AIR 400 ml Aerosol pro \u010di\u0161t\u011bn\u00ed, osv\u011b\u017een\u00ed, dezinfekci a dekontaminaci"},"content":{"rendered":"<p><strong>\u010cI\u0160T\u011aN\u00cd A OSV\u011a\u017dEN\u00cd KLIMATIZACE<\/strong><\/p>\n<ul>\n<li>\u00da\u010dinn\u011b odstra\u0148uje v\u0161echny ne\u010distoty, kter\u00e9 mohou ovliv\u0148ovat kvalitu vzduchu.<\/li>\n<li>Trvale eliminuje nep\u0159\u00edjemn\u00fd z\u00e1pach pl\u00edsn\u00ed a vlhkosti.<\/li>\n<li>Kompatibiln\u00ed s materi\u00e1ly \u2013 p\u011bna je bezpe\u010dn\u00e1 pro v\u011bt\u0161inu kov\u016f, lakovan\u00fdch povrch\u016f, gumy, plast\u016f, tkanin.<\/li>\n<li>Po odpa\u0159en\u00ed zanech\u00e1v\u00e1 such\u00fd a \u010dist\u00fd povrch, odoln\u00fd v\u016f\u010di usazov\u00e1n\u00ed prachu.<\/li>\n<li>Aerosol m\u00e1 dv\u011b trysky: trysku pro povrchov\u00fd n\u00e1st\u0159ik a 60cm hadici s 360\u00b0 tryskou pro uzav\u0159en\u00e9 kan\u00e1ly HVAC.<\/li>\n<\/ul>\n<p><strong>DEKONTAMINACE A DEZINFEKCE KLIMATIZACE<\/strong><\/p>\n<ul>\n<li>Jedin\u00e1 formulace s PLN\u00ddM BIOCIDN\u00cdM SPEKTREM (viry, bakterie, houby, mykobakterie, spory a\u017e 15 minut).<\/li>\n<li>Odstra\u0148uje Legionella pneumophila za 1 minutu.<\/li>\n<li>\u00da\u010dinnost potvrzena testy podle evropsk\u00fdch norem: EN1040, EN13727, EN1276, EN13697, EN13623, EN1275, EN1650, EN14476, EN13704, EN14348.<\/li>\n<li>Povolen\u00ed pro biocidn\u00ed p\u0159\u00edpravek \u010d. 7364\/18.<\/li>\n<li>Schv\u00e1len\u00ed PZH \u010d. B.BK.60112.0333.2023.<\/li>\n<li>Nov\u00fd standard bezpe\u010dnosti proti vzdu\u0161n\u00fdm infekc\u00edm a kontaminac\u00edm.<\/li>\n<\/ul>\n<p><strong>\u00daSPORA<\/strong><\/p>\n<ul>\n<li>Precizn\u00ed aplik\u00e1tor \u2013 100% vyu\u017eit\u00ed produktu.<\/li>\n<li>\u010cist\u00ed, dekontaminuje, dezinfikuje, osv\u011b\u017euje, chr\u00e1n\u00ed.<\/li>\n<\/ul>\n<p><strong>SPOKOJENOST Z\u00c1KAZN\u00cdK\u016e<\/strong><\/p>\n<ul>\n<li>P\u0159\u00edjemn\u00e1, dlouhotrvaj\u00edc\u00ed v\u016fn\u011b.<\/li>\n<li>\u017d\u00e1dn\u00e9 riziko po\u017e\u00e1ru p\u0159i skladov\u00e1n\u00ed \u2013 neho\u0159lav\u00fd vodn\u00ed produkt.<\/li>\n<li>Neobsahuje kyseliny, fenoly (nebezpe\u010dn\u00e9 pro t\u011bhotn\u00e9 \u017eeny, zv\u00ed\u0159ata) ani organick\u00e1 rozpou\u0161t\u011bdla.<\/li>\n<li>Kompletn\u00ed spokojenost z\u00e1kazn\u00edk\u016f \u2013 \u017e\u00e1dn\u00e9 reklamace.<\/li>\n<\/ul>\n<p>Biocidn\u00ed produkty pou\u017e\u00edvejte opatrn\u011b.<br \/>\nP\u0159ed pou\u017eit\u00edm si p\u0159e\u010dt\u011bte etiketu a informace o produktu.<\/p>\n","protected":false},"excerpt":{"rendered":"<p><strong>P\u0159esn\u011b formulovan\u00e1 aktivn\u00ed aerosolov\u00e1 p\u011bna pro \u010di\u0161t\u011bn\u00ed, osv\u011b\u017een\u00ed, dezinfekci a dekontaminaci v\u00fdparn\u00edk\u016f, kondenz\u00e1tor\u016f klimatizac\u00ed a dal\u0161\u00edch sou\u010d\u00e1st\u00ed za\u0159\u00edzen\u00ed HVAC pro klimatizaci a chlazen\u00ed.<\/strong><\/p>\n<p><strong>Jedin\u00e1 formulace s PLN\u00ddM BIOCIDN\u00cdM SPEKTREM (a\u017e 15 minut).<br \/>\nZanech\u00e1v\u00e1 p\u0159\u00edjemnou, osv\u011b\u017euj\u00edc\u00ed v\u016fni.<\/strong><\/p>\n<ul>\n<li><strong>OSV\u011a\u017dEN\u00cd<\/strong>. Odstra\u0148uje nep\u0159\u00edjemn\u00e9 pachy a zanech\u00e1v\u00e1 p\u0159\u00edjemnou v\u016fni po del\u0161\u00ed dobu.<\/li>\n<li><strong>JISTOTA.<br \/>\n<\/strong>PLN\u00c9 BIOCIDN\u00cd SPEKTRUM: Viry, houby, bakterie, spory, mykobakterie. Legionella pneumophila za 1 minutu<strong>.<\/strong><\/li>\n<li><strong>\u00da\u010cINNOST. <\/strong>Potvrzeno testy podle evropsk\u00fdch norem: EN1040, EN13727, EN1276, EN13697, EN13623, EN1275, EN1650, EN14476, EN13704, EN14348<strong>.<\/strong><\/li>\n<li><strong>\u010cIST\u00cdC\u00cd SCHOPNOST. <\/strong>D\u00edky v\u00edceslo\u017ekov\u00e9 aktivn\u00ed b\u00e1zi.<\/li>\n<li><strong>SPOKOJEN\u00cd Z\u00c1KAZN\u00cdCI. <\/strong>Efektivn\u00ed \u010di\u0161t\u011bn\u00ed a dezinfekce.<\/li>\n<\/ul>\n<p><strong>ALL IN ONE = \u010cI\u0160T\u011aN\u00cd + OSV\u011a\u017dEN\u00cd + DEKONTAMINACE + DEZINFEKCE = 1 PRODUKT = 1 PROCES<\/strong><\/p>\n","protected":false},"featured_media":9178,"comment_status":"open","ping_status":"closed","template":"","meta":[],"product_brand":[],"product_cat":[347],"product_tag":[],"class_list":{"0":"post-9101","1":"product","2":"type-product","3":"status-publish","4":"has-post-thumbnail","6":"product_cat-hvac-cs","7":"pa_capacity-400-ml-cs","9":"first","10":"instock","11":"featured","12":"taxable","13":"shipping-taxable","14":"product-type-simple"},"_links":{"self":[{"href":"https:\/\/www.nanoclean-air.com\/cs\/wp-json\/wp\/v2\/product\/9101","targetHints":{"allow":["GET"]}}],"collection":[{"href":"https:\/\/www.nanoclean-air.com\/cs\/wp-json\/wp\/v2\/product"}],"about":[{"href":"https:\/\/www.nanoclean-air.com\/cs\/wp-json\/wp\/v2\/types\/product"}],"replies":[{"embeddable":true,"href":"https:\/\/www.nanoclean-air.com\/cs\/wp-json\/wp\/v2\/comments?post=9101"}],"wp:featuredmedia":[{"embeddable":true,"href":"https:\/\/www.nanoclean-air.com\/cs\/wp-json\/wp\/v2\/media\/9178"}],"wp:attachment":[{"href":"https:\/\/www.nanoclean-air.com\/cs\/wp-json\/wp\/v2\/media?parent=9101"}],"wp:term":[{"taxonomy":"product_brand","embeddable":true,"href":"https:\/\/www.nanoclean-air.com\/cs\/wp-json\/wp\/v2\/product_brand?post=9101"},{"taxonomy":"product_cat","embeddable":true,"href":"https:\/\/www.nanoclean-air.com\/cs\/wp-json\/wp\/v2\/product_cat?post=9101"},{"taxonomy":"product_tag","embeddable":true,"href":"https:\/\/www.nanoclean-air.com\/cs\/wp-json\/wp\/v2\/product_tag?post=9101"}],"curies":[{"name":"wp","href":"https:\/\/api.w.org\/{rel}","templated":true}]}}