{"id":9751,"date":"2024-04-08T07:37:09","date_gmt":"2024-04-08T05:37:09","guid":{"rendered":"https:\/\/www.nanoclean-air.com\/?post_type=product&#038;p=9751"},"modified":"2024-11-19T15:18:45","modified_gmt":"2024-11-19T14:18:45","slug":"nanoclean-air-ready-to-use-5l-pro-cisteni-osvezeni-deodorizaci-a-dezinfekci","status":"publish","type":"product","link":"https:\/\/www.nanoclean-air.com\/cs\/product\/nanoclean-air-ready-to-use-5l-pro-cisteni-osvezeni-deodorizaci-a-dezinfekci\/","title":{"rendered":"NANOCLEAN\u00ae AIR Ready-to-use 5l, pro \u010di\u0161t\u011bn\u00ed, osv\u011b\u017een\u00ed, deodorizaci a dezinfekci"},"content":{"rendered":"<p><strong>\u010cI\u0160T\u011aN\u00cd, OSV\u011a\u017dEN\u00cd KLIMATIZACE<\/strong><br \/>\n\u2022 \u00da\u010dinn\u011b odstra\u0148uje v\u0161echny zne\u010di\u0161\u0165uj\u00edc\u00ed l\u00e1tky, kter\u00e9 mohou ovlivnit kvalitu vzduchu.<br \/>\n\u2022 Trvale odstra\u0148uje nep\u0159\u00edjemn\u00e9 z\u00e1pachy hub a vlhkosti.<br \/>\n\u2022 Kompatibiln\u00ed s materi\u00e1ly \u2013 p\u0159ipraven\u00e1 k pou\u017eit\u00ed formulace je bezpe\u010dn\u00e1 pro v\u011bt\u0161inu kov\u016f, lakovan\u00fdch povrch\u016f, gum, plast\u016f a textili\u00ed.<br \/>\n\u2022 Po vypa\u0159en\u00ed zanech\u00e1v\u00e1 such\u00fd a \u010dist\u00fd povrch, kter\u00fd je odoln\u00fd v\u016f\u010di p\u0159itahov\u00e1n\u00ed prachu.<\/p>\n<p><strong>DEODORIZACE A DEZINFEKCE KLIMATIZACE<\/strong><br \/>\n\u2022 Jedin\u00e1 formulace s \u00daPLN\u00ddM BIOCID\u00c1LN\u00cdM SPECTREM (Viry, Bakterie, Houby, Mykobakterie, Sp\u00f3ry a\u017e 15 minut).<br \/>\n\u2022 Odstra\u0148uje Legionella pneumophila za 1 minutu.<br \/>\n\u2022 \u00da\u010dinnost potvrzena testy podle evropsk\u00fdch norem: EN1040, EN13727, EN1276, EN13697, EN13623, EN1275, EN1650, EN14476, EN13704, EN14348.<br \/>\n\u2022 Biocidn\u00ed produkt, marketingov\u00e1 povolen\u00ed \u010d. 7406\/18.<br \/>\n\u2022 Schv\u00e1len\u00ed PZH \u010d. B.BK.60112.0333.2023.<br \/>\n\u2022 Nov\u00fd standard bezpe\u010dnosti proti vzduchem p\u0159en\u00e1\u0161en\u00fdm infekc\u00edm a kontaminac\u00edm.<\/p>\n<p><strong>\u0160ET\u0158EN\u00cd \u010cASU<\/strong><br \/>\n\u2022 \u010cist\u00ed, osv\u011b\u017euje, deodorizuje, dezinfikuje, chr\u00e1n\u00ed.<\/p>\n<p><strong>SPOKOJENOST Z\u00c1KAZN\u00cdK\u016e<\/strong><br \/>\n\u2022 P\u0159\u00edjemn\u00e1, dlouhotrvaj\u00edc\u00ed v\u016fn\u011b.<br \/>\n\u2022 \u017d\u00e1dn\u00e9 riziko po\u017e\u00e1ru p\u0159i skladov\u00e1n\u00ed \u2013 na vodn\u00ed b\u00e1zi, neho\u0159lav\u00fd produkt.<br \/>\n\u2022 Neobsahuje kyseliny, fenoly (nebezpe\u010dn\u00e9 pro t\u011bhotn\u00e9 \u017eeny, zv\u00ed\u0159ata) a organick\u00e1 rozpou\u0161t\u011bdla.<br \/>\n\u2022 Kompletn\u00ed spokojenost z\u00e1kazn\u00edk\u016f \u2013 \u017e\u00e1dn\u00e9 st\u00ed\u017enosti.<\/p>\n<p>Biocidn\u00ed produkty by m\u011bly b\u00fdt pou\u017e\u00edv\u00e1ny s opatrnost\u00ed.<br \/>\nP\u0159ed ka\u017ed\u00fdm pou\u017eit\u00edm si p\u0159e\u010dt\u011bte etiketu a informace o v\u00fdrobku.<\/p>\n","protected":false},"excerpt":{"rendered":"<p>Jedin\u00e1 formulace na trhu pro \u010di\u0161t\u011bn\u00ed, osv\u011b\u017een\u00ed, deodorizaci a dezinfekci v\u00fdparn\u00edk\u016f a kondenz\u00e1tor\u016f klimatiza\u010dn\u00edch jednotek a dal\u0161\u00edho za\u0159\u00edzen\u00ed HVAC pro klimatizaci a chlazen\u00ed vzduchu s \u00daPLN\u00ddM BIOCID\u00c1LN\u00cdM SPECTREM za m\u00e9n\u011b ne\u017e 15 minut. \u00da\u010dinn\u011b odstra\u0148uje v\u0161echny zne\u010di\u0161\u0165uj\u00edc\u00ed l\u00e1tky, kter\u00e9 mohou ovlivnit kvalitu vzduchu. Zanech\u00e1v\u00e1 osv\u011b\u017euj\u00edc\u00ed v\u016fni.<br \/>\n\u2022 <strong>OSV\u011a\u017dEN\u00cd.<\/strong> Odstra\u0148uje nep\u0159\u00edjemn\u00e9 pachy a zanech\u00e1v\u00e1 p\u0159\u00edjemnou v\u016fni na del\u0161\u00ed dobu.<br \/>\n\u2022 <strong>D\u016eV\u011aRA.<\/strong><br \/>\n\u00daPLN\u00c9 BIOCID\u00c1LN\u00cd SPECTRUM: Viry, houby, bakterie, sp\u00f3ry, mykobakterie. Legionella pneumophila za 1 minutu.<br \/>\n\u2022 <strong>\u00da\u010cINNOST.<\/strong> Potvrzeno testy podle evropsk\u00fdch norem: EN1040, EN13727, EN1276, EN13697, EN13623, EN1275, EN1650, EN14476, EN13704, EN14348<br \/>\n\u2022 <strong>\u00da\u010cINNOST \u010cI\u0160T\u011aN\u00cd.<\/strong> D\u00edky v\u00edcekomponentn\u00ed aktivn\u00ed b\u00e1zi.<br \/>\n\u2022 <strong>SPOKOJEN\u00cd Z\u00c1KAZN\u00cdCI.<\/strong> S efektivn\u00edm \u010di\u0161t\u011bn\u00edm a dezinfekc\u00ed.<br \/>\n<strong>V\u0160E V JEDNOM = \u010cI\u0160T\u011aN\u00cd + OSV\u011a\u017dEN\u00cd + DEODORIZACE + DEZINFEKCE = 1 PRODUKT = 1 PROCES<\/strong><\/p>\n","protected":false},"featured_media":9752,"comment_status":"open","ping_status":"closed","template":"","meta":[],"product_brand":[],"product_cat":[347],"product_tag":[],"class_list":{"0":"post-9751","1":"product","2":"type-product","3":"status-publish","4":"has-post-thumbnail","6":"product_cat-hvac-cs","7":"pa_capacity-5-l-cs","8":"pa_smell-bez-zapachu","9":"pa_smell-citrusova","10":"pa_smell-levandule","11":"pa_smell-orchidej","13":"first","14":"instock","15":"featured","16":"taxable","17":"shipping-taxable","18":"product-type-variable"},"_links":{"self":[{"href":"https:\/\/www.nanoclean-air.com\/cs\/wp-json\/wp\/v2\/product\/9751","targetHints":{"allow":["GET"]}}],"collection":[{"href":"https:\/\/www.nanoclean-air.com\/cs\/wp-json\/wp\/v2\/product"}],"about":[{"href":"https:\/\/www.nanoclean-air.com\/cs\/wp-json\/wp\/v2\/types\/product"}],"replies":[{"embeddable":true,"href":"https:\/\/www.nanoclean-air.com\/cs\/wp-json\/wp\/v2\/comments?post=9751"}],"wp:featuredmedia":[{"embeddable":true,"href":"https:\/\/www.nanoclean-air.com\/cs\/wp-json\/wp\/v2\/media\/9752"}],"wp:attachment":[{"href":"https:\/\/www.nanoclean-air.com\/cs\/wp-json\/wp\/v2\/media?parent=9751"}],"wp:term":[{"taxonomy":"product_brand","embeddable":true,"href":"https:\/\/www.nanoclean-air.com\/cs\/wp-json\/wp\/v2\/product_brand?post=9751"},{"taxonomy":"product_cat","embeddable":true,"href":"https:\/\/www.nanoclean-air.com\/cs\/wp-json\/wp\/v2\/product_cat?post=9751"},{"taxonomy":"product_tag","embeddable":true,"href":"https:\/\/www.nanoclean-air.com\/cs\/wp-json\/wp\/v2\/product_tag?post=9751"}],"curies":[{"name":"wp","href":"https:\/\/api.w.org\/{rel}","templated":true}]}}