{"id":9913,"date":"2021-12-08T14:49:48","date_gmt":"2021-12-08T13:49:48","guid":{"rendered":"https:\/\/www.nanoclean-air.com\/?post_type=product&#038;p=9913"},"modified":"2024-11-20T08:15:48","modified_gmt":"2024-11-20T07:15:48","slug":"nanoclean-air-ready-to-use-pro-sprayer-500-ml-umoznuje-sprejovani-360-funguje-v-jakekoliv-poloze","status":"publish","type":"product","link":"https:\/\/www.nanoclean-air.com\/cs\/product\/nanoclean-air-ready-to-use-pro-sprayer-500-ml-umoznuje-sprejovani-360-funguje-v-jakekoliv-poloze\/","title":{"rendered":"NANOCLEAN\u00ae AIR Ready to use PRO Sprayer 500 ml umo\u017e\u0148uje sprejov\u00e1n\u00ed 360\u00b0 \u2013 funguje v jak\u00e9koliv poloze"},"content":{"rendered":"<p><strong>NOV\u00c1 LAHEV-SPREJ<\/strong> \u2022 Nov\u00fd sac\u00ed syst\u00e9m \u2013 umo\u017e\u0148uje sprejov\u00e1n\u00ed 360\u00b0 \u2013 funguje v jak\u00e9koliv poloze:<br \/>\n\u2022 Nekone\u010dn\u011b nastaviteln\u00e1 tryska \u2013 od mlhy po paprsek<br \/>\n\u2022 Dlouh\u00e1, ergonomick\u00e1 rukoje\u0165 pro ovl\u00e1d\u00e1n\u00ed t\u0159emi prsty<br \/>\n\u2022 Zv\u00fd\u0161en\u00fd tlak spreje trysky<br \/>\n\u2022 Transparentn\u00ed n\u00e1doba, tak\u017ee lze sledovat hladinu tekutiny<br \/>\n\u2022 Prodlu\u017euje \u017eivotnost<br \/>\n\u2022 Chemicky odoln\u00e9<br \/>\n<strong>\u010cI\u0160T\u011aN\u00cd, OSV\u011a\u017dEN\u00cd KLIMATIZACE<\/strong><br \/>\n\u2022 \u00da\u010dinn\u011b odstra\u0148uje v\u0161echny zne\u010di\u0161\u0165uj\u00edc\u00ed l\u00e1tky, kter\u00e9 mohou ovlivnit kvalitu vzduchu.<br \/>\n\u2022 Trvale odstra\u0148uje nep\u0159\u00edjemn\u00fd z\u00e1pach pl\u00edsn\u00ed a vlhkosti.<br \/>\n\u2022 Kompatibiln\u00ed s materi\u00e1ly \u2013 p\u0159ipraven\u00e1 k pou\u017eit\u00ed formulace je bezpe\u010dn\u00e1 pro v\u011bt\u0161inu kov\u016f, nat\u0159en\u00fdch povrch\u016f, gum, plast\u016f, tkanin.<br \/>\n\u2022 Po odpa\u0159en\u00ed zanech\u00e1v\u00e1 such\u00fd a \u010dist\u00fd povrch, kter\u00fd je odoln\u00fd proti p\u0159itahov\u00e1n\u00ed prachu.<br \/>\n<strong>DE-FUMIGACE A DEZINFEKCE KLIMATIZACE<\/strong><br \/>\n\u2022 Jedin\u00fd p\u0159\u00edpravek s PLN\u00ddM BIOCID\u00c1LN\u00cdM SPEKTRUM (Viry, Bakterie, Houby, Mykobakterie, Spory do 15 minut).<br \/>\n\u2022 Odstra\u0148uje Legionella pneumophila za 1 minutu.<br \/>\n\u2022 \u00da\u010dinnost potvrzena testy podle evropsk\u00fdch norem: EN1040, EN13727, EN1276, EN13697, EN13623, EN1275, EN1650, EN14476, EN13704, EN14348.<br \/>\n\u2022 Biocidn\u00ed produkt \u2013 povolen\u00ed k uveden\u00ed na trh \u010d. 7406\/18.<br \/>\n\u2022 PZH schv\u00e1len\u00ed \u010d. B.BK.60112.0333.2023.<br \/>\n\u2022 Nov\u00fd standard bezpe\u010dnosti proti vzdu\u0161n\u00fdm infekc\u00edm a kontaminaci.<br \/>\n<strong>\u00daSPORA \u010cASU<\/strong><br \/>\n\u2022 \u010cist\u00ed, osv\u011b\u017euje, de-fumiguje, dezinfikuje, chr\u00e1n\u00ed.<br \/>\n<strong>SPOKOJENOST Z\u00c1KAZN\u00cdK\u016e<\/strong><br \/>\n\u2022 P\u0159\u00edjemn\u00e1, dlouhotrvaj\u00edc\u00ed v\u016fn\u011b.<br \/>\n\u2022 Bez rizika po\u017e\u00e1ru p\u0159i skladov\u00e1n\u00ed \u2013 vodn\u00ed b\u00e1ze, neho\u0159lav\u00fd produkt.<br \/>\n\u2022 Neobsahuje kyseliny, fenoly (nebezpe\u010dn\u00e9 pro t\u011bhotn\u00e9 \u017eeny, zv\u00ed\u0159ata) a organick\u00e1 rozpou\u0161t\u011bdla.<br \/>\n\u2022 \u00dapln\u00e1 spokojenost z\u00e1kazn\u00edk\u016f \u2013 \u017e\u00e1dn\u00e9 st\u00ed\u017enosti.<\/p>\n<p>Biocidn\u00ed produkty by m\u011bly b\u00fdt pou\u017e\u00edv\u00e1ny s opatrnost\u00ed.<br \/>\nP\u0159ed pou\u017eit\u00edm si p\u0159e\u010dt\u011bte etiketu a informace o produktu.<\/p>\n","protected":false},"excerpt":{"rendered":"<p>Jedin\u00fd produkt na trhu pro \u010di\u0161t\u011bn\u00ed, osv\u011b\u017eov\u00e1n\u00ed, de-fumigaci a dezinfekci v\u00fdparn\u00edk\u016f a kondenz\u00e1tor\u016f klimatizac\u00ed a jin\u00fdch za\u0159\u00edzen\u00ed HVAC pro klimatizaci a chlad\u00edc\u00ed techniku s PLN\u00ddM BIOCID\u00c1LN\u00cdM SPEKTRUM do 15 minut.<br \/>\n\u00da\u010dinn\u011b odstra\u0148uje v\u0161echny ne\u010distoty, kter\u00e9 mohou ovlivnit kvalitu vzduchu.<br \/>\nZanech\u00e1v\u00e1 p\u0159\u00edjemnou, osv\u011b\u017euj\u00edc\u00ed v\u016fni.<br \/>\n\u2022 <strong>OSV\u011a\u017dEN\u00cd.<\/strong> Odstra\u0148uje nep\u0159\u00edjemn\u00e9 pachy a zanech\u00e1v\u00e1 p\u0159\u00edjemnou v\u016fni na del\u0161\u00ed dobu.<br \/>\n\u2022 <strong>D\u016eV\u011aRA.<\/strong><br \/>\nPLN\u00dd BIOCID\u00c1LN\u00cd SPEKTRUM: Viry, houby, bakterie, spory, mykobakterie. Legionella pneumophila za 1 minutu.<br \/>\n\u2022 <strong>\u00da\u010cINNOST.<\/strong> Potvrzeno testy podle evropsk\u00fdch norem: EN1040, EN13727, EN1276, EN13697, EN13623, EN1275, EN1650, EN14476, EN13704, EN14348<br \/>\n\u2022 <strong>\u00da\u010cINNOST \u010cI\u0160T\u011aN\u00cd.<\/strong> D\u00edky v\u00edceslo\u017ekov\u00e9mu aktivn\u00edmu z\u00e1kladu.<br \/>\n\u2022 <strong>SPOKOJEN\u00cd Z\u00c1KAZN\u00cdCI.<\/strong> S \u00fa\u010dinn\u00fdm \u010di\u0161t\u011bn\u00edm a dezinfekc\u00ed.<br \/>\n<strong>V\u0160E V JEDNOM = \u010cI\u0160T\u011aN\u00cd + OSV\u011a\u017dEN\u00cd + DE-FUMIGACE + DEZINFEKCE = 1 PRODUKT = 1 PROCES<\/strong><\/p>\n","protected":false},"featured_media":9989,"comment_status":"open","ping_status":"closed","template":"","meta":[],"product_brand":[],"product_cat":[347],"product_tag":[],"class_list":{"0":"post-9913","1":"product","2":"type-product","3":"status-publish","4":"has-post-thumbnail","6":"product_cat-hvac-cs","7":"pa_capacity-500-ml-cs","9":"first","10":"instock","11":"featured","12":"taxable","13":"shipping-taxable","14":"product-type-variable"},"_links":{"self":[{"href":"https:\/\/www.nanoclean-air.com\/cs\/wp-json\/wp\/v2\/product\/9913","targetHints":{"allow":["GET"]}}],"collection":[{"href":"https:\/\/www.nanoclean-air.com\/cs\/wp-json\/wp\/v2\/product"}],"about":[{"href":"https:\/\/www.nanoclean-air.com\/cs\/wp-json\/wp\/v2\/types\/product"}],"replies":[{"embeddable":true,"href":"https:\/\/www.nanoclean-air.com\/cs\/wp-json\/wp\/v2\/comments?post=9913"}],"wp:featuredmedia":[{"embeddable":true,"href":"https:\/\/www.nanoclean-air.com\/cs\/wp-json\/wp\/v2\/media\/9989"}],"wp:attachment":[{"href":"https:\/\/www.nanoclean-air.com\/cs\/wp-json\/wp\/v2\/media?parent=9913"}],"wp:term":[{"taxonomy":"product_brand","embeddable":true,"href":"https:\/\/www.nanoclean-air.com\/cs\/wp-json\/wp\/v2\/product_brand?post=9913"},{"taxonomy":"product_cat","embeddable":true,"href":"https:\/\/www.nanoclean-air.com\/cs\/wp-json\/wp\/v2\/product_cat?post=9913"},{"taxonomy":"product_tag","embeddable":true,"href":"https:\/\/www.nanoclean-air.com\/cs\/wp-json\/wp\/v2\/product_tag?post=9913"}],"curies":[{"name":"wp","href":"https:\/\/api.w.org\/{rel}","templated":true}]}}