{"id":8015,"date":"2024-04-08T07:36:40","date_gmt":"2024-04-08T05:36:40","guid":{"rendered":"https:\/\/www.nanoclean-air.com\/product\/nanoclean-air-gebrauchsfertig-20l-zum-reinigen-auffrischen-entraeuchern-und-desinfizieren\/"},"modified":"2024-11-20T07:38:27","modified_gmt":"2024-11-20T06:38:27","slug":"nanoclean-air-gebrauchsfertig-20l-zum-reinigen-auffrischen-entraeuchern-und-desinfizieren","status":"publish","type":"product","link":"https:\/\/www.nanoclean-air.com\/de\/product\/nanoclean-air-gebrauchsfertig-20l-zum-reinigen-auffrischen-entraeuchern-und-desinfizieren\/","title":{"rendered":"NANOCLEAN\u00ae AIR Fertiggemisch 1 l, zur Reinigung, Frischhaltung, Entschimmelung und Desinfektion"},"content":{"rendered":"<p><strong>REINIGUNG, FRISCHHALTUNG VON KLIMAANLAGEN<\/strong><br \/>\n\u2022 Entfernt effektiv alle Schadstoffe, die die Luftqualit\u00e4t beeintr\u00e4chtigen k\u00f6nnen.<br \/>\n\u2022 Eliminiert dauerhaft den unangenehmen Geruch von Schimmel und Feuchtigkeit.<br \/>\n\u2022 Kompatibel mit Materialien \u2013 die gebrauchsfertige Formulierung ist sicher f\u00fcr die meisten Metalle, lackierte Oberfl\u00e4chen, Gummi, Kunststoffe und Stoffe.<br \/>\n\u2022 Nach der Verdunstung hinterl\u00e4sst es eine trockene und saubere Oberfl\u00e4che, die resistent gegen Staubanhaftung ist.<\/p>\n<p><strong>KLIMAANLAGEN-ENTSCHIMMELUNG UND DESINFEKTION<\/strong><br \/>\n\u2022 Die einzige Formulierung mit VOLLEM BIOZID-SPEKTRUM (Viren, Bakterien, Pilze, Mykobakterien, Sporen in bis zu 15 Minuten).<br \/>\n\u2022 Entfernt Legionella pneumophila in 1 Minute.<br \/>\n\u2022 Wirksamkeit best\u00e4tigt durch Tests nach europ\u00e4ischen Normen: EN1040, EN13727, EN1276, EN13697, EN13623, EN1275, EN1650, EN14476, EN13704, EN14348.<br \/>\n\u2022 Biocid-Produkt-Marketing-Erlaubnis Nr. 7406\/18.<br \/>\n\u2022 PZH-Genehmigung Nr. B.BK.60112.0333.2023.<br \/>\n\u2022 Ein neuer Standard f\u00fcr Sicherheit gegen luft\u00fcbertragene Infektionen und Verunreinigungen.<\/p>\n<p><strong>ZEITSPAREND<\/strong><br \/>\n\u2022 Reinigt, erfrischt, entschimmelt, desinfiziert, sch\u00fctzt.<\/p>\n<p><strong>KUNDENZUFRIEDENHEIT<\/strong><br \/>\n\u2022 Angenehmer, lang anhaltender Duft.<br \/>\n\u2022 Kein Brandrisiko bei der Lagerung \u2013 ein wasserbasisiertes, nicht brennbares Produkt.<br \/>\n\u2022 Enth\u00e4lt keine S\u00e4uren, Phenole (gef\u00e4hrlich f\u00fcr schwangere Frauen, Tiere) und organische L\u00f6sungsmittel.<br \/>\n\u2022 Vollst\u00e4ndige Kundenzufriedenheit \u2013 keine Beschwerden.<\/p>\n<p>Biocid-Produkte sollten mit Vorsicht verwendet werden.<br \/>\nLesen Sie vor jeder Anwendung das Etikett und die Produktinformationen.<\/p>\n","protected":false},"excerpt":{"rendered":"<p>Die einzige Formulierung auf dem Markt zur Reinigung, Frischhaltung, Entschimmelung und Desinfektion von Verdampfern und Kondensatoren von Klimaanlagen und anderen HVAC-Klimaanlagen- und K\u00e4ltetechnikanlagen mit VOLLEM BIOZID-SPEKTRUM in bis zu 15 Minuten. Es entfernt effektiv alle Schadstoffe, die die Luftqualit\u00e4t beeintr\u00e4chtigen k\u00f6nnen. Hinterl\u00e4sst einen erfrischenden Duft.<\/p>\n<ul>\n<li><strong>FRISCHE:<\/strong> Entfernt unangenehme Ger\u00fcche und hinterl\u00e4sst einen angenehmen Duft f\u00fcr l\u00e4ngere Zeit.<\/li>\n<li><strong>VERTRAUEN:<\/strong> VOLLES BIOZID-SPEKTRUM: Viren, Pilze, Bakterien, Sporen, Mykobakterien. Legionella pneumophila in 1 Minute.<\/li>\n<li><strong>WIRKSAMKEIT:<\/strong> Best\u00e4tigt durch Tests nach europ\u00e4ischen Normen: EN1040, EN13727, EN1276, EN13697, EN13623, EN1275, EN1650, EN14476, EN13704, EN14348.<\/li>\n<li><strong>REINIGUNGSLEISTUNG:<\/strong> Dank der mehrkomponentigen aktiven Basis.<\/li>\n<li><strong>ZUFRENDENE KUNDEN:<\/strong> Mit effektiver Reinigung und Desinfektion.<\/li>\n<\/ul>\n<p><strong>ALLES IN EINEM = REINIGUNG + FRISCHHALTUNG + ENTSCHIMMELUNG + DESINFEKTION = 1 PRODUKT = 1 PROZESS<\/strong><\/p>\n","protected":false},"featured_media":6624,"comment_status":"open","ping_status":"closed","template":"","meta":[],"product_brand":[],"product_cat":[160],"product_tag":[],"class_list":{"0":"post-8015","1":"product","2":"type-product","3":"status-publish","4":"has-post-thumbnail","6":"product_cat-hvac-de","7":"pa_capacity-20-l-de","8":"pa_smell-geruchlos","9":"pa_smell-lavendel","10":"pa_smell-orchidee","11":"pa_smell-zitrusfruchte","13":"first","14":"instock","15":"featured","16":"taxable","17":"shipping-taxable","18":"product-type-variable"},"_links":{"self":[{"href":"https:\/\/www.nanoclean-air.com\/de\/wp-json\/wp\/v2\/product\/8015","targetHints":{"allow":["GET"]}}],"collection":[{"href":"https:\/\/www.nanoclean-air.com\/de\/wp-json\/wp\/v2\/product"}],"about":[{"href":"https:\/\/www.nanoclean-air.com\/de\/wp-json\/wp\/v2\/types\/product"}],"replies":[{"embeddable":true,"href":"https:\/\/www.nanoclean-air.com\/de\/wp-json\/wp\/v2\/comments?post=8015"}],"wp:featuredmedia":[{"embeddable":true,"href":"https:\/\/www.nanoclean-air.com\/de\/wp-json\/wp\/v2\/media\/6624"}],"wp:attachment":[{"href":"https:\/\/www.nanoclean-air.com\/de\/wp-json\/wp\/v2\/media?parent=8015"}],"wp:term":[{"taxonomy":"product_brand","embeddable":true,"href":"https:\/\/www.nanoclean-air.com\/de\/wp-json\/wp\/v2\/product_brand?post=8015"},{"taxonomy":"product_cat","embeddable":true,"href":"https:\/\/www.nanoclean-air.com\/de\/wp-json\/wp\/v2\/product_cat?post=8015"},{"taxonomy":"product_tag","embeddable":true,"href":"https:\/\/www.nanoclean-air.com\/de\/wp-json\/wp\/v2\/product_tag?post=8015"}],"curies":[{"name":"wp","href":"https:\/\/api.w.org\/{rel}","templated":true}]}}