{"id":8030,"date":"2024-08-08T07:27:22","date_gmt":"2024-08-08T05:27:22","guid":{"rendered":"https:\/\/www.nanoclean-air.com\/product\/kuehlschrank-reinigungs-und-desinfektionsmittel-nanoclean-ac8-home\/"},"modified":"2024-08-08T07:27:22","modified_gmt":"2024-08-08T05:27:22","slug":"kuehlschrank-reinigungs-und-desinfektionsmittel-nanoclean-ac8-home","status":"publish","type":"product","link":"https:\/\/www.nanoclean-air.com\/de\/product\/kuehlschrank-reinigungs-und-desinfektionsmittel-nanoclean-ac8-home\/","title":{"rendered":"K\u00fchlschrank Reinigungs- und Desinfektionsmittel NANOCLEAN\u00ae AC8 Home"},"content":{"rendered":"<h2>Nanoclean AC8 f\u00fcr K\u00fchlschr\u00e4nke &#8211; Eine Revolution in Sachen Sauberkeit und Hygiene<\/h2>\n<p><strong>Anwendung:<\/strong> 1. Reinigung von K\u00fchlschr\u00e4nken: Nanoclean AC8 entfernt effektiv hartn\u00e4ckige Flecken und Verunreinigungen aus dem Inneren des K\u00fchlschranks, einschlie\u00dflich Lebensmittelresten, klebrigen Substanzen und Ablagerungen.<br \/>\nDas Produkt dringt leicht in die Oberfl\u00e4chen ein und sorgt f\u00fcr eine gr\u00fcndliche Reinigung.<br \/>\n2. Dekontamination: Das Produkt bek\u00e4mpft Schimmel und Pilze, die in der feuchten Umgebung des K\u00fchlschranks wachsen k\u00f6nnen.<br \/>\nDie regelm\u00e4\u00dfige Anwendung von Nanoclean AC8 hilft, Schimmel vorzubeugen, was der Schl\u00fcssel zu einer gesunden Lagerung von Lebensmitteln ist.<br \/>\n3. Desinfektion: Nanoclean AC8 hat starke antibakterielle Eigenschaften und beseitigt Bakterien und Mikroorganismen, die Lebensmittel kontaminieren und ihre Frische beeintr\u00e4chtigen k\u00f6nnen.<br \/>\nDies ist besonders wichtig, um die Qualit\u00e4t und Sicherheit der gelagerten Lebensmittel zu erhalten.<br \/>\n4 Beseitigung von unangenehmen Ger\u00fcchen: Das Produkt neutralisiert unangenehme Ger\u00fcche, z.B. von verdorbenen Lebensmitteln, und sorgt so f\u00fcr ein frisches und angenehmes Klima im Inneren des K\u00fchlschranks. <strong>Gebrauchsanweisung:<\/strong> 1. Hinweis: Beachten Sie immer die Anweisungen des K\u00fchlschrankherstellers.<br \/>\n2. Leeren Sie den K\u00fchlschrank und entfernen Sie alle Lebensmittel.<br \/>\n3. Bespr\u00fchen Sie alle Oberfl\u00e4chen im Inneren des K\u00fchlschranks mit NANOCLEAN AIR FOR fridge.<br \/>\n4. Warten Sie 5 &#8211; 15 Minuten, um zu dekontaminieren und zu desinfizieren.<br \/>\n5. Wischen Sie die bespr\u00fchten Fl\u00e4chen mit einem sauberen Schwamm oder Mikrofasertuch ab, sp\u00fclen Sie dann mit Wasser nach und wischen Sie alle Fl\u00e4chen, die mit Lebensmitteln in Ber\u00fchrung kommen, trocken.<br \/>\n6. Sp\u00fclen Sie bei Bedarf Einlegeb\u00f6den und andere abnehmbare Teile unter flie\u00dfendem Wasser ab und wischen Sie sie trocken.<br \/>\n7. Bauen Sie alle Teile wieder in den K\u00fchlschrank ein und legen Sie die Lebensmittel ein.<br \/>\nNanoclean AC8 ist eine unverzichtbare L\u00f6sung, um K\u00fchlschr\u00e4nke sauber und hygienisch zu halten.<br \/>\nDie regelm\u00e4\u00dfige Anwendung dieses Produkts sorgt f\u00fcr Frische, Hygiene und sichere Aufbewahrungsbedingungen in Ihrem K\u00fchlschrank, was zu einer besseren Qualit\u00e4t und l\u00e4ngeren Haltbarkeit Ihrer Lebensmittel f\u00fchrt.                &nbsp;  Biozid-Produkte sollten mit Vorsicht verwendet werden.<br \/>\nLesen Sie vor jeder Anwendung das Etikett und die Produktinformationen.<\/p>\n","protected":false},"excerpt":{"rendered":"<h2>Nanoclean AC8 f\u00fcr K\u00fchlschr\u00e4nke<\/h2>\n<p>  Nanoclean AC8 ist ein fortschrittlicher K\u00fchlschrankreiniger, Entferner von Schimmelpilzen und Desinfektionsmittel.<br \/>\nSeine spezielle Formel wurde entwickelt, um hartn\u00e4ckige Flecken, Schimmel, Bakterien und unangenehme Ger\u00fcche wirksam zu entfernen und f\u00fcr lang anhaltende Frische im K\u00fchlschrank zu sorgen.<br \/>\nDas Produkt verf\u00fcgt \u00fcber eine einzigartige, alkoholfreie Formel.  <\/p>\n","protected":false},"featured_media":8538,"comment_status":"open","ping_status":"closed","template":"","meta":[],"product_brand":[],"product_cat":[158,126],"product_tag":[],"class_list":{"0":"post-8030","1":"product","2":"type-product","3":"status-publish","4":"has-post-thumbnail","6":"product_cat-zuhause","7":"product_cat-unkategorisiert","9":"first","10":"instock","11":"taxable","12":"shipping-taxable","13":"product-type-simple"},"_links":{"self":[{"href":"https:\/\/www.nanoclean-air.com\/de\/wp-json\/wp\/v2\/product\/8030","targetHints":{"allow":["GET"]}}],"collection":[{"href":"https:\/\/www.nanoclean-air.com\/de\/wp-json\/wp\/v2\/product"}],"about":[{"href":"https:\/\/www.nanoclean-air.com\/de\/wp-json\/wp\/v2\/types\/product"}],"replies":[{"embeddable":true,"href":"https:\/\/www.nanoclean-air.com\/de\/wp-json\/wp\/v2\/comments?post=8030"}],"wp:featuredmedia":[{"embeddable":true,"href":"https:\/\/www.nanoclean-air.com\/de\/wp-json\/wp\/v2\/media\/8538"}],"wp:attachment":[{"href":"https:\/\/www.nanoclean-air.com\/de\/wp-json\/wp\/v2\/media?parent=8030"}],"wp:term":[{"taxonomy":"product_brand","embeddable":true,"href":"https:\/\/www.nanoclean-air.com\/de\/wp-json\/wp\/v2\/product_brand?post=8030"},{"taxonomy":"product_cat","embeddable":true,"href":"https:\/\/www.nanoclean-air.com\/de\/wp-json\/wp\/v2\/product_cat?post=8030"},{"taxonomy":"product_tag","embeddable":true,"href":"https:\/\/www.nanoclean-air.com\/de\/wp-json\/wp\/v2\/product_tag?post=8030"}],"curies":[{"name":"wp","href":"https:\/\/api.w.org\/{rel}","templated":true}]}}