{"id":8034,"date":"2024-08-08T07:27:23","date_gmt":"2024-08-08T05:27:23","guid":{"rendered":"https:\/\/www.nanoclean-air.com\/product\/klimaanlagenreiniger-und-desinfektionsmittel-nanocleanac8-home\/"},"modified":"2024-08-08T07:27:23","modified_gmt":"2024-08-08T05:27:23","slug":"klimaanlagenreiniger-und-desinfektionsmittel-nanocleanac8-home","status":"publish","type":"product","link":"https:\/\/www.nanoclean-air.com\/de\/product\/klimaanlagenreiniger-und-desinfektionsmittel-nanocleanac8-home\/","title":{"rendered":"Klimaanlagenreiniger und Desinfektionsmittel NANOCLEAN\u00aeAC8 Home"},"content":{"rendered":"<h2><strong>Nanoclean AC8 f\u00fcr Klimaanlagen &#8211; Eine Revolution in Sachen Sauberkeit und Hygiene<\/strong><\/h2>\n<p><strong>Anwendung:<\/strong> 1. Reinigung von Klimaanlagen: Nanoclean AC8 entfernt effektiv Ablagerungen und Verunreinigungen aus dem Inneren von Klimaanlagen und sorgt so f\u00fcr eine optimale Leistung.<br \/>\nDas Produkt durchdringt und reinigt Filter und andere Systemkomponenten.<br \/>\n2. Dekontamination: Das Produkt bek\u00e4mpft Schimmel und Pilze, die sich in feuchten Teilen der Klimaanlage entwickeln k\u00f6nnen.<br \/>\nDie regelm\u00e4\u00dfige Anwendung von Nanoclean AC8 verhindert die Schimmelbildung, was f\u00fcr die Gesundheit und den Komfort der Benutzer entscheidend ist.<br \/>\n3. Desinfektion: Nanoclean AC8 hat starke antibakterielle Eigenschaften und beseitigt Bakterien und Mikroorganismen, die die Luftqualit\u00e4t in Innenr\u00e4umen beeintr\u00e4chtigen k\u00f6nnen.<br \/>\nDas Produkt ist ideal f\u00fcr den Einsatz in Bereichen, die von immungeschw\u00e4chten Personen, Allergikern und Kindern frequentiert werden.<br \/>\n4 Beseitigung von unangenehmen Ger\u00fcchen: Das Produkt neutralisiert unangenehme Ger\u00fcche wie den Geruch von Schimmel, Tabakrauch oder anderen Quellen, so dass die Luft frisch und angenehm zu atmen ist.<br \/>\n5 Sichere Formel: Dank seiner alkoholfreien Formel ist Nanoclean AC8 sicher f\u00fcr alle Komponenten von Klimaanlagen.<br \/>\nEs verursacht keine Korrosion oder Sch\u00e4den und eignet sich daher f\u00fcr den Einsatz in verschiedenen Arten von Klimaanlagen, sowohl in privaten als auch in gewerblichen Anlagen.          <strong>Anweisungen zur Verwendung:<\/strong><\/p>\n<ol>\n<li>Schalten Sie das Klimager\u00e4t aus und \u00f6ffnen Sie das Innenger\u00e4t.<\/li>\n<li>Entfernen Sie den Filter, saugen Sie ihn ab und sp\u00fclen Sie ihn unter flie\u00dfendem Wasser ab (Badewanne, Dusche).<\/li>\n<li>Spr\u00fchen Sie den gewaschenen Filter mit NANOCLEAN\u00ae AC8 f\u00fcr die Klimaanlage ein und lassen Sie ihn 15 Minuten einwirken, sp\u00fclen Sie ihn mit Wasser ab und trocknen Sie ihn.<\/li>\n<li>Spr\u00fchen Sie den Verdampfer im Inneren der Klimaanlage gr\u00fcndlich mit NANOCLEAN\u00ae AC8 f\u00fcr Klimaanlagen ein.<br \/>\nWarten Sie 15 Minuten.<br \/>\nDas Produkt flie\u00dft durch die Lamellen in die Kondensatwanne, von wo aus es in den Abfluss geleitet wird.  <\/li>\n<li>Setzen Sie den Filter in das Klimager\u00e4t ein, schlie\u00dfen Sie das Innenger\u00e4t und schalten Sie das Klimager\u00e4t ein, um den Vorgang abzuschlie\u00dfen.<\/li>\n<\/ol>\n<p>  Nanoclean AC8 ist eine unverzichtbare L\u00f6sung zur Erhaltung der Sauberkeit und Hygiene von Klimaanlagen.<br \/>\nDie regelm\u00e4\u00dfige Anwendung dieses Produkts sorgt f\u00fcr saubere, frische und gesunde Luft in jedem klimatisierten Raum und erh\u00f6ht den Komfort der Benutzer und die Effizienz der Ger\u00e4te.<br \/>\nBiozid-Produkte sollten mit Vorsicht verwendet werden.<br \/>\nLesen Sie vor jeder Anwendung das Etikett und die Produktinformationen.<\/p>\n","protected":false},"excerpt":{"rendered":"<h3>Nanoclean AC8 f\u00fcr Klimaanlagen<\/h3>\n<p>  Nanoclean AC8 ist ein fortschrittlicher Reiniger, Fungizid und Desinfektionsmittel f\u00fcr HVAC-Klimaanlagen im Haushalt.<br \/>\nSeine spezielle Formel wurde entwickelt, um hartn\u00e4ckige Ablagerungen, Schimmel, Pilze, Bakterien und unangenehme Ger\u00fcche wirksam zu entfernen und so f\u00fcr lang anhaltende Frische und Sauberkeit der Luft in klimatisierten R\u00e4umen zu sorgen.<br \/>\nDas Produkt verf\u00fcgt \u00fcber eine sichere, alkoholfreie und chlorfreie Formel, die sanft zu den Komponenten der Klimaanlage ist und dennoch effektiv wirkt.<br \/>\nEs t\u00f6tet Legionella Pneumophila-Bakterien in 1 Minute ab (EN1276-Norm).   <\/p>\n","protected":false},"featured_media":8542,"comment_status":"open","ping_status":"closed","template":"","meta":[],"product_brand":[],"product_cat":[158,126],"product_tag":[],"class_list":{"0":"post-8034","1":"product","2":"type-product","3":"status-publish","4":"has-post-thumbnail","6":"product_cat-zuhause","7":"product_cat-unkategorisiert","9":"first","10":"instock","11":"taxable","12":"shipping-taxable","13":"product-type-simple"},"_links":{"self":[{"href":"https:\/\/www.nanoclean-air.com\/de\/wp-json\/wp\/v2\/product\/8034","targetHints":{"allow":["GET"]}}],"collection":[{"href":"https:\/\/www.nanoclean-air.com\/de\/wp-json\/wp\/v2\/product"}],"about":[{"href":"https:\/\/www.nanoclean-air.com\/de\/wp-json\/wp\/v2\/types\/product"}],"replies":[{"embeddable":true,"href":"https:\/\/www.nanoclean-air.com\/de\/wp-json\/wp\/v2\/comments?post=8034"}],"wp:featuredmedia":[{"embeddable":true,"href":"https:\/\/www.nanoclean-air.com\/de\/wp-json\/wp\/v2\/media\/8542"}],"wp:attachment":[{"href":"https:\/\/www.nanoclean-air.com\/de\/wp-json\/wp\/v2\/media?parent=8034"}],"wp:term":[{"taxonomy":"product_brand","embeddable":true,"href":"https:\/\/www.nanoclean-air.com\/de\/wp-json\/wp\/v2\/product_brand?post=8034"},{"taxonomy":"product_cat","embeddable":true,"href":"https:\/\/www.nanoclean-air.com\/de\/wp-json\/wp\/v2\/product_cat?post=8034"},{"taxonomy":"product_tag","embeddable":true,"href":"https:\/\/www.nanoclean-air.com\/de\/wp-json\/wp\/v2\/product_tag?post=8034"}],"curies":[{"name":"wp","href":"https:\/\/api.w.org\/{rel}","templated":true}]}}