{"id":8037,"date":"2024-08-08T07:27:25","date_gmt":"2024-08-08T05:27:25","guid":{"rendered":"https:\/\/www.nanoclean-air.com\/product\/nanocleanac8-matratzenreiniger-und-desinfektionsmittel-fuer-den-hausgebrauch\/"},"modified":"2024-08-08T07:27:25","modified_gmt":"2024-08-08T05:27:25","slug":"nanocleanac8-matratzenreiniger-und-desinfektionsmittel-fuer-den-hausgebrauch","status":"publish","type":"product","link":"https:\/\/www.nanoclean-air.com\/de\/product\/nanocleanac8-matratzenreiniger-und-desinfektionsmittel-fuer-den-hausgebrauch\/","title":{"rendered":"NANOCLEAN\u00aeAC8 Matratzenreiniger und Desinfektionsmittel f\u00fcr den Hausgebrauch"},"content":{"rendered":"<h3>EINZIGARTIGE EIGENSCHAFTEN:<\/h3>\n<p>  &#8211; <strong>Innovative chlorfreie und alkoholfreie Formel:<\/strong> Arbeiten Sie ohne sch\u00e4dliche D\u00e4mpfe, sicher f\u00fcr Ihre Gesundheit.<br \/>\n&#8211; <strong>Unparf\u00fcmiert oder zarter Lavendelduft<\/strong>: W\u00e4hlen Sie eine unparf\u00fcmierte Version oder einen zarten Lavendelduft f\u00fcr zus\u00e4tzliche Erfrischung.<br \/>\n&#8211; <strong>Beseitigung von Schimmelpilzen und Bakterien<\/strong>: Full Biocidal Spectrum ist die einzige L\u00f6sung auf dem Markt, die Bakterien, Viren, Pilze, Schimmel, Sporen und Mykobakterien wirksam beseitigt und so ein H\u00f6chstma\u00df an Hygiene gew\u00e4hrleistet.<br \/>\n&#8211; <strong>Sicher f\u00fcr Stoffe und Materialien<\/strong>: F\u00fcr empfindliche Textilien formuliert, ohne das Risiko einer Besch\u00e4digung.     <\/p>\n<h3>VORTEILE DER NUTZUNG:<\/h3>\n<p>  &#8211; <strong>Sofortige Geruchsneutralisierung<\/strong>: Entfernt unangenehme Ger\u00fcche und macht die Matratze frisch und einsatzbereit.<br \/>\n&#8211; <strong>Effektive Reinigung<\/strong>: Entfernt effektiv Flecken, Staub und Ablagerungen und h\u00e4lt alle Teile der Matratze sauber.<br \/>\n&#8211; <strong>Entfettung und Desinfektion<\/strong>: Die umfassende Formel sorgt f\u00fcr eine vollst\u00e4ndige Entfettung und Desinfektion in einem Arbeitsgang und eliminiert biologische Gefahren.<br \/>\n&#8211; <strong>Vorbeugung gegen Schimmel und Hausstaubmilben<\/strong>: Schafft eine Schutzbarriere, die Schimmel und mikrobielles Wachstum verhindert und so f\u00fcr lang anhaltende Hygiene sorgt.<br \/>\n&#8211;<br \/>\n<strong>Lebensverl\u00e4ngerung<\/strong>: Verl\u00e4ngert die Lebensdauer der Matratze, indem es sie hygienisch sauber h\u00e4lt.       <\/p>\n<h3>VERWENDEN:<\/h3>\n<ol>\n<li>Hinweis: Befolgen Sie immer die Anweisungen des Matratzenherstellers.<\/li>\n<li>Entfernen Sie das Bettzeug und alle Schutzbez\u00fcge von der Matratze.<\/li>\n<li>Spr\u00fchen Sie NANOCLEAN AC8 FOR CLEANING AND DISINFECTING MATERIALS auf alle Oberfl\u00e4chen der Matratze, einschlie\u00dflich der Seiten und des Bodens, und warten Sie 5-15 Minuten, um alle Oberfl\u00e4chen zu dekontaminieren.<\/li>\n<li>Bespr\u00fchen Sie die Mikrofaser und wischen Sie alle bespr\u00fchten Fl\u00e4chen ab.<br \/>\nStoffmatratzen k\u00f6nnen mit einem Staubsauger gewaschen werden. <\/li>\n<li>Wischen Sie die Matratzenoberfl\u00e4chen bei Bedarf mit einem sauberen, feuchten Tuch ab, um Produktreste zu entfernen.<\/li>\n<li>Lassen Sie die Matratze gr\u00fcndlich trocknen, bevor Sie das Bettzeug wieder auflegen.<\/li>\n<\/ol>\n<p>  Hinweis: NANOCLEAN AC8 funktioniert auch in Notf\u00e4llen gut.<br \/>\nEs beseitigt sofort unangenehme Ger\u00fcche, reinigt und desinfiziert, wenn die Matratze mit Lebensmitteln, Urin, F\u00e4kalien usw. verunreinigt wurde.<br \/>\nBiozid-Produkte sollten mit Vorsicht verwendet werden.<br \/>\nLesen Sie vor jeder Anwendung das Etikett und die Produktinformationen.     <\/p>\n<h3>ANZEIGEN:<\/h3>\n<p>  &#8211; Genehmigung f\u00fcr das Inverkehrbringen von Biozid-Produkten: Nr. 7406\/18.<br \/>\n&#8211; PZH-Zulassung: Nr. B.BK.60112.0333.2023.<br \/>\n&#8211; NON-FUEL: Alkoholfreie Formel auf Wasserbasis, nicht brennbar, frei von S\u00e4uren, Phenolen, frei von organischen L\u00f6sungsmitteln.    <\/p>\n<h3>RATSCHL\u00c4GE F\u00dcR MATRATZENBENUTZER:<\/h3>\n<p>  &#8211; Regelm\u00e4\u00dfige Reinigung: Reinigen Sie Ihre Matratze regelm\u00e4\u00dfig, um die Ansammlung von Staub und Allergenen zu verhindern und so eine bessere Schlafqualit\u00e4t und eine l\u00e4ngere Lebensdauer der Matratze zu gew\u00e4hrleisten.<br \/>\n&#8211; Verwenden Sie Schutzauflagen: Schutzauflagen tragen dazu bei, Ihre Matratze vor Flecken und Schmutz zu sch\u00fctzen und sie leichter sauber zu halten.<br \/>\n&#8211; Regelm\u00e4\u00dfiges Umdrehen: Drehen Sie Ihre Matratze alle paar Monate um, um eine gleichm\u00e4\u00dfige Abnutzung zu gew\u00e4hrleisten und die Lebensdauer Ihrer Matratze zu verl\u00e4ngern.<br \/>\n&#8211; L\u00fcften: L\u00fcften Sie die Matratze regelm\u00e4\u00dfig, um Feuchtigkeitsstau und Schimmelbildung zu vermeiden.<br \/>\nEntscheiden Sie sich f\u00fcr NANOCLEAN AC8 ZUR MATERATZENREINIGUNG UND DESINFEKTION und geben Sie Ihrer Matratze eine umfassende Pflege und ein H\u00f6chstma\u00df an Hygiene.<br \/>\nPflegen Sie Ihre Matratze mit NANOCLEAN AC8 und genie\u00dfen Sie jeden Tag Sauberkeit und Frische.<br \/>\nKaufen Sie jetzt und erleben Sie den Unterschied.<\/p>\n","protected":false},"excerpt":{"rendered":"<h3>NANOCLEAN AC8 FOR CLEANING AND DISINFECTING MATERIALS Umfassende Pflege und Hygiene f\u00fcr Ihre Matratze<\/h3>\n[AC8G490L4]  5in1: Reinigen, Erfrischen, Entfetten, Desinfizieren, Sch\u00fctzen Entdecken Sie NANOCLEAN AC8 FOR CLEANING AND DISINFECTING MATERIALS, ein innovatives 5in1-Produkt, das eine umfassende Pflege f\u00fcr Ihre Matratze bietet.<br \/>\nDieses einzigartige Produkt reinigt, erfrischt, entpilzt, desinfiziert und sch\u00fctzt vor dem Wachstum von Milben, Schimmel und schlechten Ger\u00fcchen und garantiert so tadellose Sauberkeit und Hygiene. <\/p>\n","protected":false},"featured_media":8534,"comment_status":"open","ping_status":"closed","template":"","meta":[],"product_brand":[],"product_cat":[158,126],"product_tag":[],"class_list":{"0":"post-8037","1":"product","2":"type-product","3":"status-publish","4":"has-post-thumbnail","6":"product_cat-zuhause","7":"product_cat-unkategorisiert","9":"first","10":"instock","11":"taxable","12":"shipping-taxable","13":"product-type-simple"},"_links":{"self":[{"href":"https:\/\/www.nanoclean-air.com\/de\/wp-json\/wp\/v2\/product\/8037","targetHints":{"allow":["GET"]}}],"collection":[{"href":"https:\/\/www.nanoclean-air.com\/de\/wp-json\/wp\/v2\/product"}],"about":[{"href":"https:\/\/www.nanoclean-air.com\/de\/wp-json\/wp\/v2\/types\/product"}],"replies":[{"embeddable":true,"href":"https:\/\/www.nanoclean-air.com\/de\/wp-json\/wp\/v2\/comments?post=8037"}],"wp:featuredmedia":[{"embeddable":true,"href":"https:\/\/www.nanoclean-air.com\/de\/wp-json\/wp\/v2\/media\/8534"}],"wp:attachment":[{"href":"https:\/\/www.nanoclean-air.com\/de\/wp-json\/wp\/v2\/media?parent=8037"}],"wp:term":[{"taxonomy":"product_brand","embeddable":true,"href":"https:\/\/www.nanoclean-air.com\/de\/wp-json\/wp\/v2\/product_brand?post=8037"},{"taxonomy":"product_cat","embeddable":true,"href":"https:\/\/www.nanoclean-air.com\/de\/wp-json\/wp\/v2\/product_cat?post=8037"},{"taxonomy":"product_tag","embeddable":true,"href":"https:\/\/www.nanoclean-air.com\/de\/wp-json\/wp\/v2\/product_tag?post=8037"}],"curies":[{"name":"wp","href":"https:\/\/api.w.org\/{rel}","templated":true}]}}