{"id":8042,"date":"2024-08-08T07:27:26","date_gmt":"2024-08-08T05:27:26","guid":{"rendered":"https:\/\/www.nanoclean-air.com\/product\/flaechendesinfektionsreiniger-nanocleanac8-home\/"},"modified":"2024-08-08T07:27:26","modified_gmt":"2024-08-08T05:27:26","slug":"flaechendesinfektionsreiniger-nanocleanac8-home","status":"publish","type":"product","link":"https:\/\/www.nanoclean-air.com\/de\/product\/flaechendesinfektionsreiniger-nanocleanac8-home\/","title":{"rendered":"Fl\u00e4chendesinfektionsreiniger NANOCLEAN\u00aeAC8 Home"},"content":{"rendered":"<h3>  EINZIGARTIGE EIGENSCHAFTEN:<\/h3>\n<p>  &#8211; Innovative Formel Frei von Chlor, Frei von Alkohol, Frei von S\u00e4uren, Frei von Aldehyden: Arbeiten Sie ohne sch\u00e4dliche D\u00e4mpfe, sicher f\u00fcr die Gesundheit.<br \/>\n&#8211; Zarter Bl\u00fctenduft: W\u00e4hlen Sie eine Version mit dezentem Blumenduft f\u00fcr zus\u00e4tzliche Erfrischung.<br \/>\n&#8211; Beseitigung von Schimmelpilzen und Bakterien: Full Biocidal Spectrum ist die einzige L\u00f6sung auf dem Markt, die Bakterien, Viren, Pilze, Schimmel, Sporen und Mykobakterien wirksam beseitigt und so ein H\u00f6chstma\u00df an Hygiene gew\u00e4hrleistet.<br \/>\n&#8211; Sicher f\u00fcr Haushaltsoberfl\u00e4chen: F\u00fcr die empfindlichen Elemente im Haushalt formuliert, ohne das Risiko einer Besch\u00e4digung.     <\/p>\n<h3>VORTEILE DER NUTZUNG:<\/h3>\n<p>  &#8211; Sofortige Geruchsneutralisierung: Entfernt alle unangenehmen Ger\u00fcche, so dass Ihr Zuhause frisch und einsatzbereit ist.<br \/>\n&#8211; Effektive Reinigung: Entfernt effektiv Schmutz, Staub und Ablagerungen und h\u00e4lt alle Oberfl\u00e4chen in der Wohnung sauber.<br \/>\n&#8211; Entfettung und Desinfektion: Die umfassende Formel sorgt f\u00fcr eine vollst\u00e4ndige Entfettung und Desinfektion in einem Arbeitsgang und eliminiert biologische Gefahren.<br \/>\n&#8211; Schimmelschutz: Schafft eine Schutzbarriere, die das Wachstum von Schimmel und Mikroorganismen verhindert und so f\u00fcr lang anhaltende Hygiene sorgt.     <\/p>\n<h3>VERWENDEN:<\/h3>\n<ol>\n<li>Hinweis: Befolgen Sie stets die Anweisungen des Ger\u00e4teherstellers.<\/li>\n<li>Leeren Sie die Oberfl\u00e4chen von Gegenst\u00e4nden, die die Reinigung behindern k\u00f6nnten.<\/li>\n<li>Spr\u00fchen Sie NANOCLEAN AC8 F\u00dcR DIE REINIGUNG UND DESINFEKTION VON OBERFL\u00c4CHEN IM HAUS auf alle Oberfl\u00e4chen, einschlie\u00dflich Arbeitsplatten, B\u00f6den, Fliesen, M\u00f6bel und mehr, und warten Sie 5-15 Minuten, um alle Oberfl\u00e4chen zu dekontaminieren.<\/li>\n<li>Bespr\u00fchen Sie die Mikrofaser und wischen Sie alle bespr\u00fchten Fl\u00e4chen ab.<\/li>\n<li>Wischen Sie die Oberfl\u00e4chen bei Bedarf mit einem sauberen, feuchten Tuch ab, um Produktreste zu entfernen.<\/li>\n<li>Lassen Sie die Oberfl\u00e4chen vor der Wiederverwendung gr\u00fcndlich trocknen.<\/li>\n<\/ol>\n<p>  Hinweis: NANOCLEAN AC8 funktioniert auch in Notf\u00e4llen gut.<br \/>\nEs beseitigt sofort unangenehme Ger\u00fcche, reinigt und desinfiziert, wenn Oberfl\u00e4chen im Haus durch Schimmel oder andere organische Verschmutzungen kontaminiert wurden.<br \/>\nBiozid-Produkte sollten mit Vorsicht verwendet werden.<br \/>\nLesen Sie vor jeder Anwendung das Etikett und die Produktinformationen.     <\/p>\n<h3>ANZEIGEN:<\/h3>\n<p>  &#8211; Genehmigung f\u00fcr das Inverkehrbringen von Biozid-Produkten: Nr. 7406\/18.<br \/>\n&#8211; PZH-Zulassung: Nr. B.BK.60112.0333.2023.<br \/>\n&#8211; NON-FUEL: Alkoholfreie Formel auf Wasserbasis, nicht brennbar, frei von S\u00e4uren, Phenolen, frei von organischen L\u00f6sungsmitteln.    <\/p>\n<h3>RATSCHL\u00c4GE F\u00dcR PRIVATANWENDER:<\/h3>\n<p>  &#8211; Regelm\u00e4\u00dfige Reinigung: Reinigen Sie die Oberfl\u00e4chen im Haushalt regelm\u00e4\u00dfig, um die Ansammlung von Schmutz und Ablagerungen zu verhindern und so eine bessere Leistung und l\u00e4ngere Lebensdauer Ihrer Ger\u00e4te zu gew\u00e4hrleisten.<br \/>\n&#8211; Richtige Lagerung: Stellen Sie sicher, dass Hygieneprodukte richtig gelagert werden, um das Risiko von Lecks und Ger\u00fcchen zu minimieren.<br \/>\n&#8211; Vermeiden Sie \u00dcberlastung: Eine \u00dcberlastung von Haushaltsoberfl\u00e4chen kann zu ungenauer Reinigung und Schmutzablagerungen f\u00fchren, was wiederum unangenehme Ger\u00fcche verursachen kann.<br \/>\n&#8211; L\u00fcften: L\u00fcften Sie die R\u00e4ume regelm\u00e4\u00dfig, um Feuchtigkeitsansammlungen und Schimmelbildung zu vermeiden.<br \/>\nEntscheiden Sie sich f\u00fcr NANOCLEAN AC8 ZUR REINIGUNG UND DESINFEKTION VON HAUSHALTSOBERFL\u00c4CHEN und sorgen Sie f\u00fcr eine umfassende Pflege und ein H\u00f6chstma\u00df an Hygiene in Ihrem Zuhause.<br \/>\nPflegen Sie Ihr Zuhause mit NANOCLEAN AC8 und genie\u00dfen Sie jeden Tag Sauberkeit und Frische.<br \/>\nKaufen Sie jetzt und erleben Sie den Unterschied.<\/p>\n","protected":false},"excerpt":{"rendered":"<h3>NANOCLEAN AC8 zur Reinigung und Desinfektion von Oberfl\u00e4chen im Haushalt Umfassende Pflege und Hygiene f\u00fcr Ihr Zuhause<\/h3>\n[AC8G490K8]  5in1: Reinigung, Erfrischung, Entr\u00e4ucherung, Desinfektion, Schutz Entdecken Sie NANOCLEAN AC8 F\u00dcR DIE REINIGUNG UND DESINFEKTION VON HAUSHALTSOBERFL\u00c4CHEN, ein innovatives 5in1-Produkt, das eine umfassende Pflege f\u00fcr Ihr Zuhause bietet.<br \/>\nDieses einzigartige Produkt reinigt, erfrischt, entpilzt, desinfiziert und sch\u00fctzt vor Schimmelbildung und unangenehmen Ger\u00fcchen und garantiert so tadellose Sauberkeit und Hygiene. <\/p>\n","protected":false},"featured_media":8596,"comment_status":"open","ping_status":"closed","template":"","meta":[],"product_brand":[],"product_cat":[158,126],"product_tag":[],"class_list":{"0":"post-8042","1":"product","2":"type-product","3":"status-publish","4":"has-post-thumbnail","6":"product_cat-zuhause","7":"product_cat-unkategorisiert","9":"first","10":"instock","11":"taxable","12":"shipping-taxable","13":"product-type-simple"},"_links":{"self":[{"href":"https:\/\/www.nanoclean-air.com\/de\/wp-json\/wp\/v2\/product\/8042","targetHints":{"allow":["GET"]}}],"collection":[{"href":"https:\/\/www.nanoclean-air.com\/de\/wp-json\/wp\/v2\/product"}],"about":[{"href":"https:\/\/www.nanoclean-air.com\/de\/wp-json\/wp\/v2\/types\/product"}],"replies":[{"embeddable":true,"href":"https:\/\/www.nanoclean-air.com\/de\/wp-json\/wp\/v2\/comments?post=8042"}],"wp:featuredmedia":[{"embeddable":true,"href":"https:\/\/www.nanoclean-air.com\/de\/wp-json\/wp\/v2\/media\/8596"}],"wp:attachment":[{"href":"https:\/\/www.nanoclean-air.com\/de\/wp-json\/wp\/v2\/media?parent=8042"}],"wp:term":[{"taxonomy":"product_brand","embeddable":true,"href":"https:\/\/www.nanoclean-air.com\/de\/wp-json\/wp\/v2\/product_brand?post=8042"},{"taxonomy":"product_cat","embeddable":true,"href":"https:\/\/www.nanoclean-air.com\/de\/wp-json\/wp\/v2\/product_cat?post=8042"},{"taxonomy":"product_tag","embeddable":true,"href":"https:\/\/www.nanoclean-air.com\/de\/wp-json\/wp\/v2\/product_tag?post=8042"}],"curies":[{"name":"wp","href":"https:\/\/api.w.org\/{rel}","templated":true}]}}