{"id":8043,"date":"2024-08-08T07:27:29","date_gmt":"2024-08-08T05:27:29","guid":{"rendered":"https:\/\/www.nanoclean-air.com\/product\/nanocleanac8-zuhause-fuer-voegel\/"},"modified":"2024-08-08T07:27:29","modified_gmt":"2024-08-08T05:27:29","slug":"nanocleanac8-zuhause-fuer-voegel","status":"publish","type":"product","link":"https:\/\/www.nanoclean-air.com\/de\/product\/nanocleanac8-zuhause-fuer-voegel\/","title":{"rendered":"NANOCLEAN\u00aeAC8 Zuhause f\u00fcr V\u00f6gel"},"content":{"rendered":"<p><strong>EINZIGARTIGE EIGENSCHAFTEN:<\/strong><\/p>\n<ul>\n<li><strong>Innovative chlorfreie und alkoholfreie Formel:<\/strong> Arbeitet ohne sch\u00e4dliche D\u00e4mpfe, sicher f\u00fcr die Gesundheit Ihrer V\u00f6gel.<\/li>\n<li><strong>Beseitigung von Schimmel und Bakterien:<\/strong> Full Biocidal Spectrum ist die einzige L\u00f6sung auf dem Markt, die Bakterien, Viren, Pilze, Schimmel, Sporen und Mykobakterien wirksam beseitigt und so ein H\u00f6chstma\u00df an Hygiene gew\u00e4hrleistet.<\/li>\n<li><strong>Sicher f\u00fcr benutzbare Oberfl\u00e4chen:<\/strong> Formuliert f\u00fcr die empfindlichen Elemente des Raumes, in dem sich V\u00f6gel aufhalten, ohne das Risiko einer Besch\u00e4digung.<\/li>\n<\/ul>\n<p><strong>VORTEILE DER NUTZUNG:<\/strong><\/p>\n<ul>\n<li><strong>Sofortige Geruchsneutralisierung:<\/strong> Entfernt alle unangenehmen Ger\u00fcche und l\u00e4sst die Umgebung der V\u00f6gel frisch und angenehm.<\/li>\n<li><strong>Effektive Reinigung:<\/strong> Entfernt effektiv Schmutz, Federn und andere Verunreinigungen und h\u00e4lt K\u00e4fige, Spielzeug und andere Gegenst\u00e4nde sauber.<\/li>\n<li><strong>Entr\u00e4ucherung und Desinfektion:<\/strong> Die umfassende Formel sorgt f\u00fcr eine vollst\u00e4ndige Entr\u00e4ucherung und Desinfektion in einem einzigen Prozess und eliminiert so biologische Gefahren.<\/li>\n<li><strong>Schimmelschutz:<\/strong> Schafft eine Schutzbarriere, die das Wachstum von Schimmel und Mikroorganismen verhindert und so f\u00fcr lang anhaltende Hygiene sorgt.<\/li>\n<\/ul>\n<p>ANWENDUNG<strong>:<\/strong> Hinweis: Befolgen Sie immer die Anweisungen des Herstellers der Vogelausr\u00fcstung.  <\/p>\n<ol>\n<li>R\u00e4umen Sie den Platz des Vogels von Gegenst\u00e4nden frei, die die Reinigung behindern k\u00f6nnten.<\/li>\n<li>Spr\u00fchen Sie NANOCLEAN AC8 FOR BIRDS auf alle Oberfl\u00e4chen, einschlie\u00dflich K\u00e4fige, Spielzeug, N\u00e4pfe und andere Vogelbereiche, und warten Sie 5-15 Minuten, um alle Oberfl\u00e4chen zu dekontaminieren.<\/li>\n<li>Bespr\u00fchen Sie die Mikrofaser und wischen Sie alle bespr\u00fchten Fl\u00e4chen ab.<\/li>\n<li>Wischen Sie die Oberfl\u00e4chen bei Bedarf mit einem sauberen, feuchten Tuch ab, um Produktreste zu entfernen.<\/li>\n<li>Lassen Sie die Oberfl\u00e4chen vor der Wiederverwendung gr\u00fcndlich trocknen.<\/li>\n<\/ol>\n<p>  Hinweis: NANOCLEAN AC8 funktioniert auch in Notf\u00e4llen gut.<br \/>\nEs beseitigt sofort unangenehme Ger\u00fcche, reinigt und desinfiziert, wenn der Vogelraum mit Schimmel oder anderem organischen Schmutz kontaminiert ist.<br \/>\nBiozid-Produkte sollten mit Vorsicht verwendet werden.<br \/>\nLesen Sie vor jeder Anwendung das Etikett und die Produktinformationen.     <strong>ANZEIGEN:<\/strong><\/p>\n<ul>\n<li>Genehmigung f\u00fcr das Inverkehrbringen von Biozid-Produkten: Nr. 7406\/18.<\/li>\n<li>PZH-Zulassung: Nr. B.BK.60112.0333.2023.<\/li>\n<li>NICHT entflammbar: alkoholfreie, wasserbasierte Formel, nicht entflammbar, frei von S\u00e4uren, Phenolen, frei von organischen L\u00f6sungsmitteln.<\/li>\n<\/ul>\n<p><strong>BENUTZERHINWEIS:<\/strong><\/p>\n<ul>\n<li><strong>Regelm\u00e4\u00dfige Reinigung:<\/strong> Regelm\u00e4\u00dfige Reinigung von K\u00e4figen, Spielzeug, N\u00e4pfen und anderen Vogeloberfl\u00e4chen, um die Ansammlung von Schmutz und Ablagerungen zu verhindern und so die Hygiene und Gesundheit Ihrer Haustiere zu verbessern.<\/li>\n<li><strong>Verwenden Sie die richtigen Produkte:<\/strong> Die Verwendung der richtigen Produkte f\u00fcr die Reinigung Ihres Vogelplatzes tr\u00e4gt dazu bei, ihn in perfektem Zustand zu halten und das Risiko von Sch\u00e4den und Krankheiten zu minimieren.<\/li>\n<li><strong>Vermeiden Sie \u00dcberbelegung:<\/strong> Eine \u00dcberbelegung von Vogelpl\u00e4tzen kann zu ungenauer Reinigung und Schmutzansammlungen f\u00fchren, die unangenehme Ger\u00fcche verursachen k\u00f6nnen.<\/li>\n<li><strong>Kontrolle der \u00d6sen:<\/strong> \u00dcberpr\u00fcfen und reinigen Sie K\u00e4fige, Schalen und andere Gegenst\u00e4nde regelm\u00e4\u00dfig, um die Ansammlung von Schmutz und Schimmel zu verhindern.<\/li>\n<\/ul>\n<p>  Entscheiden Sie sich f\u00fcr NANOCLEAN AC8 FOR BIRDS und bieten Sie Ihren V\u00f6geln eine umfassende Pflege und ein H\u00f6chstma\u00df an Hygiene.<br \/>\nPflegen Sie Ihre V\u00f6gel mit NANOCLEAN AC8 und genie\u00dfen Sie jeden Tag Sauberkeit und Frische.<br \/>\nKaufen Sie jetzt und erleben Sie den Unterschied.<\/p>\n","protected":false},"excerpt":{"rendered":"<h2><strong>REINIGUNG UND DESINFEKTION <\/strong><strong>F\u00dcR V\u00d6GEL <\/strong> <\/h2>\n[AC8GT490B4]  5in1: Reinigen, Erfrischen, Desinfizieren, Sch\u00fctzen<br \/>\n<strong>SORGEN SIE F\u00dcR KOMFORT UND HYGIENE, ENTFERNEN SIE<\/strong><strong>GER\u00dcCHE UND KOT UND DESINFIZIEREN SIE DIE OBERFL\u00c4CHE MIT EINEM EINZIGEN PRODUKT.<\/strong> <\/p>\n<p><strong> <\/strong>  Halten Sie Ihre Zierv\u00f6gel sauber und hygienisch, indem Sie Ger\u00fcche und Kot beseitigen.<br \/>\nDesinfizieren Sie Ihr Vogelzubeh\u00f6r regelm\u00e4\u00dfig mit einem sicheren, nicht brennbaren Reiniger, der schonend zu Materialien und Oberfl\u00e4chen ist.<br \/>\nEntfernen Sie Schmutz, Bakterien und organisches Material von den folgenden Gegenst\u00e4nden:    <\/p>\n<ul>\n<li><strong>  FUTTER- UND WASSERN\u00c4PFE<\/strong><\/li>\n<li><strong>  SPIELZEUG<\/strong><\/li>\n<li><strong>  K\u00c4FIG UND BETT<\/strong><\/li>\n<li><strong>  RUTEN UND ST\u00d6CKE<\/strong><\/li>\n<li><strong>  STECKDOSEN UND ZUBEH\u00d6R<\/strong><\/li>\n<li><strong>  B\u00dcRSTEN UND K\u00c4MME<\/strong><\/li>\n<\/ul>\n","protected":false},"featured_media":8550,"comment_status":"open","ping_status":"closed","template":"","meta":[],"product_brand":[],"product_cat":[158,126],"product_tag":[],"class_list":{"0":"post-8043","1":"product","2":"type-product","3":"status-publish","4":"has-post-thumbnail","6":"product_cat-zuhause","7":"product_cat-unkategorisiert","9":"first","10":"instock","11":"taxable","12":"shipping-taxable","13":"product-type-simple"},"_links":{"self":[{"href":"https:\/\/www.nanoclean-air.com\/de\/wp-json\/wp\/v2\/product\/8043","targetHints":{"allow":["GET"]}}],"collection":[{"href":"https:\/\/www.nanoclean-air.com\/de\/wp-json\/wp\/v2\/product"}],"about":[{"href":"https:\/\/www.nanoclean-air.com\/de\/wp-json\/wp\/v2\/types\/product"}],"replies":[{"embeddable":true,"href":"https:\/\/www.nanoclean-air.com\/de\/wp-json\/wp\/v2\/comments?post=8043"}],"wp:featuredmedia":[{"embeddable":true,"href":"https:\/\/www.nanoclean-air.com\/de\/wp-json\/wp\/v2\/media\/8550"}],"wp:attachment":[{"href":"https:\/\/www.nanoclean-air.com\/de\/wp-json\/wp\/v2\/media?parent=8043"}],"wp:term":[{"taxonomy":"product_brand","embeddable":true,"href":"https:\/\/www.nanoclean-air.com\/de\/wp-json\/wp\/v2\/product_brand?post=8043"},{"taxonomy":"product_cat","embeddable":true,"href":"https:\/\/www.nanoclean-air.com\/de\/wp-json\/wp\/v2\/product_cat?post=8043"},{"taxonomy":"product_tag","embeddable":true,"href":"https:\/\/www.nanoclean-air.com\/de\/wp-json\/wp\/v2\/product_tag?post=8043"}],"curies":[{"name":"wp","href":"https:\/\/api.w.org\/{rel}","templated":true}]}}