{"id":8056,"date":"2024-08-08T13:21:07","date_gmt":"2024-08-08T11:21:07","guid":{"rendered":"https:\/\/www.nanoclean-air.com\/product\/nanoclean-air-konzentrat-zur-reinigung-auffrischung-entrauchung-und-desinfektion-von-klima-und-lueftungsanlagen-geruchsneutral\/"},"modified":"2024-11-20T08:56:29","modified_gmt":"2024-11-20T07:56:29","slug":"nanoclean-air-konzentrat-zur-reinigung-auffrischung-entrauchung-und-desinfektion-von-klima-und-lueftungsanlagen-geruchsneutral","status":"publish","type":"product","link":"https:\/\/www.nanoclean-air.com\/de\/product\/nanoclean-air-konzentrat-zur-reinigung-auffrischung-entrauchung-und-desinfektion-von-klima-und-lueftungsanlagen-geruchsneutral\/","title":{"rendered":"NANOCLEAN\u00ae AIR Konzentrat zur Reinigung, Auffrischung, Desinfektion und Geruchsbeseitigung von Klimaanlagen und L\u00fcftungssystemen"},"content":{"rendered":"<p><strong>REINIGUNG UND AUFFRISCHUNG VON KLIMAANLAGEN<\/strong><\/p>\n<ul>\n<li>Entfernt effektiv alle Schadstoffe, die die Luftqualit\u00e4t beeintr\u00e4chtigen k\u00f6nnen.<\/li>\n<li>Beseitigt dauerhaft unangenehme Ger\u00fcche durch Pilze und Feuchtigkeit.<\/li>\n<li>Materialvertr\u00e4glich \u2013 Die mit Wasser in einer Arbeitskonzentration von 5 % (1:19) hergestellte L\u00f6sung ist kompatibel mit den meisten Metallen, lackierten Oberfl\u00e4chen, Gummi, Kunststoffen und Textilien.<\/li>\n<li>Nach der Verdunstung bleibt eine trockene und saubere Oberfl\u00e4che zur\u00fcck, die staubabweisend ist.<\/li>\n<\/ul>\n<p><strong>DESINFEKTION UND GERUCHSBEREINIGUNG VON KLIMAANLAGEN<\/strong><\/p>\n<ul>\n<li>Das einzige Produkt mit <strong>VOLLST\u00c4NDIGEM BIOZIDEN SPEKTRUM<\/strong> (Viren, Bakterien, Pilze, Mykobakterien, Sporen in bis zu 15 Minuten).<\/li>\n<li>Entfernt <strong>Legionella pneumophila in 1 Minute.<\/strong><\/li>\n<li>Wirksamkeit best\u00e4tigt durch Tests gem\u00e4\u00df europ\u00e4ischen Normen: EN1040, EN13727, EN1276, EN13697, EN13623, EN1275, EN1650, EN14476, EN13704, EN14348.<\/li>\n<li><strong>Zulassung:<\/strong> Biozid-Zulassungsnummer 7420\/18.<\/li>\n<li><strong>PZH-Genehmigung:<\/strong> Nr. B.BK.60112.0333.2023.<\/li>\n<li>Setzt neue Standards f\u00fcr Sicherheit gegen luft\u00fcbertragene Infektionen und Verunreinigungen.<\/li>\n<\/ul>\n<p><strong>SPAREFFIZIENZ<\/strong><\/p>\n<ul>\n<li>Die wirtschaftlichste Desinfektionsl\u00f6sung.<\/li>\n<li>Konzentrat wird mit Wasser in einer 5 %igen Konzentration (1:19) verwendet.<\/li>\n<li><strong>1L Konzentrat ergibt 20L gebrauchsfertige L\u00f6sung.<\/strong><\/li>\n<\/ul>\n<p><strong>KUNDENZUFRIEDENHEIT<\/strong><\/p>\n<ul>\n<li>Angenehmer, erfrischender Duft.<\/li>\n<li>Lagerung und Verwendung ohne Brandgefahr \u2013 nicht brennbares, wasserbasiertes Produkt.<\/li>\n<li>Enth\u00e4lt keine S\u00e4uren, Phenole (gef\u00e4hrlich f\u00fcr Schwangere und Tiere) oder organische L\u00f6sungsmittel.<\/li>\n<li>Vollst\u00e4ndige Kundenzufriedenheit \u2013 keine Reklamationen.<\/li>\n<\/ul>\n","protected":false},"excerpt":{"rendered":"<p>Das einzige Produkt auf dem Markt, das die Reinigung, Auffrischung, Geruchsbeseitigung und Desinfektion von Verdampfern und Kondensatoren von Klimaanlagen sowie anderen HVAC-Klimatisierungs- und K\u00fchlsystemen mit dem <strong>VOLLST\u00c4NDIGEN BIOZIDEN SPEKTRUM<\/strong> in nur 15 Minuten erm\u00f6glicht.<br \/>\nEntfernt effektiv alle Verunreinigungen, die die Luftqualit\u00e4t beeintr\u00e4chtigen k\u00f6nnten.<br \/>\nHinterl\u00e4sst einen angenehmen, erfrischenden Duft.<\/p>\n<ul>\n<li><strong> FRISCHE.<\/strong> Beseitigt unangenehme Ger\u00fcche und sorgt f\u00fcr langanhaltende Frische.<br \/>\n<strong>\u2022 SICHERHEIT.<\/strong><br \/>\n<strong>VOLLST\u00c4NDIGES BIOZIDES SPEKTRUM:<\/strong> Wirkt gegen Viren, Pilze, Bakterien, Sporen, Mykobakterien und Legionella pneumophila in nur 1 Minute.<br \/>\n<strong>\u2022 WIRKSAMKEIT.<\/strong> Best\u00e4tigt durch Tests gem\u00e4\u00df europ\u00e4ischer Normen: EN1040, EN13727, EN1276, EN13697, EN13623, EN1275, EN1650, EN14476, EN13704, EN14348.<br \/>\n<strong>\u2022 REINIGUNGSEFFIZIENZ.<\/strong> Dank der mehrkomponentigen Wirkstoffbasis.<br \/>\n<strong>\u2022 ZUFRIEDENE KUNDEN.<\/strong> Effektive Reinigung und Desinfektion in einem Schritt.<\/li>\n<\/ul>\n<p><strong>ALLES IN EINEM = REINIGUNG + AUFFRISCHUNG + GERUCHSBESEITIGUNG + DESINFEKTION = 1 PRODUKT = 1 PROZESS<\/strong><\/p>\n","protected":false},"featured_media":7533,"comment_status":"open","ping_status":"closed","template":"","meta":[],"product_brand":[],"product_cat":[160],"product_tag":[],"class_list":{"0":"post-8056","1":"product","2":"type-product","3":"status-publish","4":"has-post-thumbnail","6":"product_cat-hvac-de","7":"pa_capacity-1-l-de","8":"pa_smell-geruchlos","9":"pa_smell-lavendel","10":"pa_smell-orchidee","11":"pa_smell-zitrusfruchte","13":"first","14":"instock","15":"featured","16":"taxable","17":"shipping-taxable","18":"product-type-variable"},"_links":{"self":[{"href":"https:\/\/www.nanoclean-air.com\/de\/wp-json\/wp\/v2\/product\/8056","targetHints":{"allow":["GET"]}}],"collection":[{"href":"https:\/\/www.nanoclean-air.com\/de\/wp-json\/wp\/v2\/product"}],"about":[{"href":"https:\/\/www.nanoclean-air.com\/de\/wp-json\/wp\/v2\/types\/product"}],"replies":[{"embeddable":true,"href":"https:\/\/www.nanoclean-air.com\/de\/wp-json\/wp\/v2\/comments?post=8056"}],"wp:featuredmedia":[{"embeddable":true,"href":"https:\/\/www.nanoclean-air.com\/de\/wp-json\/wp\/v2\/media\/7533"}],"wp:attachment":[{"href":"https:\/\/www.nanoclean-air.com\/de\/wp-json\/wp\/v2\/media?parent=8056"}],"wp:term":[{"taxonomy":"product_brand","embeddable":true,"href":"https:\/\/www.nanoclean-air.com\/de\/wp-json\/wp\/v2\/product_brand?post=8056"},{"taxonomy":"product_cat","embeddable":true,"href":"https:\/\/www.nanoclean-air.com\/de\/wp-json\/wp\/v2\/product_cat?post=8056"},{"taxonomy":"product_tag","embeddable":true,"href":"https:\/\/www.nanoclean-air.com\/de\/wp-json\/wp\/v2\/product_tag?post=8056"}],"curies":[{"name":"wp","href":"https:\/\/api.w.org\/{rel}","templated":true}]}}