{"id":8076,"date":"2021-09-20T13:09:04","date_gmt":"2021-09-20T11:09:04","guid":{"rendered":"https:\/\/www.nanoclean-air.com\/product\/nanoclean-inox-ac45-professionelle-hochdruckreinigungslanze-mit-seitenduesen-ac-69inox\/"},"modified":"2024-09-02T09:44:25","modified_gmt":"2024-09-02T07:44:25","slug":"nanoclean-inox-ac45-professionelle-hochdruckreinigungslanze-mit-seitenduesen-ac-69inox","status":"publish","type":"product","link":"https:\/\/www.nanoclean-air.com\/de\/product\/nanoclean-inox-ac45-professionelle-hochdruckreinigungslanze-mit-seitenduesen-ac-69inox\/","title":{"rendered":"NANOCLEAN\u00ae INOX Professionelle Hochdruckreinigungslanze mit Seitend\u00fcsen"},"content":{"rendered":"<ul>\n<li>Die NANOCLEAN\u00ae INOX-Lanze, in Kombination mit der NANOCLEAN\u00ae GUN-Druckpistole und der NANOCLEAN\u00ae AIR-Formulierung, erm\u00f6glicht die effektivste, sicherste und pr\u00e4ziseste Reinigung, Auffrischung, Entnebelung und Desinfektion von Verdampfern, Klimakan\u00e4len und HVAC-Systemen in Automobilen mittels Druckverfahren.<\/li>\n<li>Die Fl\u00fcssigkeit NANOCLEAN\u00ae AIR, die NANOCLEAN\u00ae GUN-Druckpistole, die NANOCLEAN\u00ae INOX-Lanze und die NANOCLEAN\u00ae NYLON-Lanze werden einzeln oder in Sets verkauft: STARTSET oder PRAXISSET mit der gebrauchsfertigen NANOCLEAN AIR-Fl\u00fcssigkeit.<\/li>\n<\/ul>\n<ul>\n<li><iframe loading=\"lazy\" title=\"NANOCLEAN\u00ae AIR - Nowy standard bezpiecznej klimatyzacji\" width=\"1020\" height=\"574\" src=\"https:\/\/www.youtube.com\/embed\/sjizCIc1LkI?feature=oembed\" frameborder=\"0\" allow=\"accelerometer; autoplay; clipboard-write; encrypted-media; gyroscope; picture-in-picture; web-share\" referrerpolicy=\"strict-origin-when-cross-origin\" allowfullscreen><\/iframe><\/li>\n<\/ul>\n","protected":false},"excerpt":{"rendered":"\n<ul>\n<li>Die NANOCLEAN\u00ae INOX AC45 Lanze ist aus weichem Edelstahl gefertigt, so dass sie in jede Richtung gebogen werden kann und an den Klimakan\u00e4len angebracht werden kann, um den Verdampfer leicht zu erreichen.<\/li>\n<li>Lanzenl\u00e4nge 50cm, 8 D\u00fcsen, Schlauch 80cm.<\/li>\n<\/ul>\n","protected":false},"featured_media":5855,"comment_status":"open","ping_status":"closed","template":"","meta":[],"product_brand":[],"product_cat":[177,126],"product_tag":[],"class_list":{"0":"post-8076","1":"product","2":"type-product","3":"status-publish","4":"has-post-thumbnail","6":"product_cat-all-in-one-klimatisierung","7":"product_cat-unkategorisiert","9":"first","10":"instock","11":"featured","12":"taxable","13":"shipping-taxable","14":"product-type-simple"},"_links":{"self":[{"href":"https:\/\/www.nanoclean-air.com\/de\/wp-json\/wp\/v2\/product\/8076","targetHints":{"allow":["GET"]}}],"collection":[{"href":"https:\/\/www.nanoclean-air.com\/de\/wp-json\/wp\/v2\/product"}],"about":[{"href":"https:\/\/www.nanoclean-air.com\/de\/wp-json\/wp\/v2\/types\/product"}],"replies":[{"embeddable":true,"href":"https:\/\/www.nanoclean-air.com\/de\/wp-json\/wp\/v2\/comments?post=8076"}],"wp:featuredmedia":[{"embeddable":true,"href":"https:\/\/www.nanoclean-air.com\/de\/wp-json\/wp\/v2\/media\/5855"}],"wp:attachment":[{"href":"https:\/\/www.nanoclean-air.com\/de\/wp-json\/wp\/v2\/media?parent=8076"}],"wp:term":[{"taxonomy":"product_brand","embeddable":true,"href":"https:\/\/www.nanoclean-air.com\/de\/wp-json\/wp\/v2\/product_brand?post=8076"},{"taxonomy":"product_cat","embeddable":true,"href":"https:\/\/www.nanoclean-air.com\/de\/wp-json\/wp\/v2\/product_cat?post=8076"},{"taxonomy":"product_tag","embeddable":true,"href":"https:\/\/www.nanoclean-air.com\/de\/wp-json\/wp\/v2\/product_tag?post=8076"}],"curies":[{"name":"wp","href":"https:\/\/api.w.org\/{rel}","templated":true}]}}