{"id":8078,"date":"2021-12-08T12:02:55","date_gmt":"2021-12-08T11:02:55","guid":{"rendered":"https:\/\/www.nanoclean-air.com\/product\/nanoclean-air-gebrauchsfertig-1l-zur-reinigung-auffrischung-entrauchung-und-desinfektion-von-verdampfern\/"},"modified":"2024-09-02T15:48:59","modified_gmt":"2024-09-02T13:48:59","slug":"nanoclean-air-gebrauchsfertig-1l-zur-reinigung-auffrischung-entrauchung-und-desinfektion-von-verdampfern","status":"publish","type":"product","link":"https:\/\/www.nanoclean-air.com\/de\/product\/nanoclean-air-gebrauchsfertig-1l-zur-reinigung-auffrischung-entrauchung-und-desinfektion-von-verdampfern\/","title":{"rendered":"NANOCLEAN\u00ae AIR Gebrauchsfertig 1l, zur Reinigung, Auffrischung, Entrauchung und Desinfektion von Verdampfern"},"content":{"rendered":"\n\t<section class=\"section\" id=\"section_293895385\">\n\t\t<div class=\"section-bg fill\" >\n\t\t\t\t\t\t\t\t\t\n\t\t\t\n\n\t\t<\/div>\n\n\t\t\n\n\t\t<div class=\"section-content relative\">\n\t\t\t\n<div class=\"row\"  id=\"row-724844667\">\n\n\t<div id=\"col-1535845605\" class=\"col medium-7 small-12 large-7\"  >\n\t\t\t\t<div class=\"col-inner\"  >\n\t\t\t\n\t\t\t\n<p><strong>Dank seiner hervorragenden Reinigungseigenschaften und seines vollst\u00e4ndigen bioziden Spektrums beseitigt es dauerhaft unangenehme Ger\u00fcche. <\/strong><\/p>\n<ul>\n<li>Der neue Standard f\u00fcr die effektive Reinigung, Erfrischung, Entrauchung und Desinfektion von Klimaanlagen in Autos und \u00f6ffentlichen Verkehrsmitteln.<\/li>\n<li>Die schnellste und effektivste Desinfektion von Klimaanlagenverdampfern und Autoinnenr\u00e4umen.<\/li>\n<li>Kann in Ultraschallger\u00e4ten verwendet werden.<\/li>\n<\/ul>\n<p><strong>Wirksamste Desinfektion mit vollem Biozid-Spektrum in 15 Minuten. <\/strong>Desinfektion gegen <em>Legionella pneumophila<\/em> in nur 1 Minute.<\/p>\n<ul>\n<li><strong>Sehr effizient &#8211;<\/strong> 500 ml Liquid reichen f\u00fcr 1 Verdampfer.<\/li>\n<li><strong>Lagerung und Verwendung ohne Brandgefahr<\/strong> &#8211; nicht brennbares Produkt auf Wasserbasis.<\/li>\n<li><strong>Entfernt effektiv Flecken und organischen Schmutz:<\/strong> Entfernt fettige Flecken aus Polstern und Teppichen, Schimmel, Pilze, Staub, Fett, \u00d6l, etc.<\/li>\n<li><strong>Speziell entwickelte Methode zur<\/strong> effektiven Druckreinigung von Verdampfern mit einer Richtlanze &#8211; AC-69INOX.<\/li>\n<li>Effektive Klimaanlagenreinigung, Klimaanlagenauffrischung, Klimaanlagenentrauchung und Klimaanlagendesinfektion in nur einem Prozess mit NANOCLEAN\u00ae AIR anstelle von 2 Produkten.<\/li>\n<li><strong>Ersetzt die Ozon-Desinfektion des Autoinnenraums<\/strong> durch das volle biozide Spektrum bei der Vernebelung mit NANOCLEAN\u00ae AIR mit AC-69FUMI Kopf (Trockennebel).<br \/>\nAnwendungszeit ca.<br \/>\n15 &#8211; 30 Sekunden.<br \/>\nDesinfektionszeit 5 &#8211; 15 Minuten.<\/li>\n<li>Zulassung f\u00fcr Biozidprodukte Nr. 7406\/18.<\/li>\n<li>PZH-Zulassung Nr.: B.BK.60112.0333.2023.<\/li>\n<li><strong>Die Wirksamkeit wurde durch Tests gem\u00e4\u00df den europ\u00e4ischen Normen best\u00e4tigt:<\/strong> EN1040, EN13727, EN1276, EN13697, EN13623, EN1275, EN1650, EN14476, EN13704, EN14348.<\/li>\n<li>Ausgezeichnet von der Zeitschrift Auto Expert in den Jahren 2019 und 2020.<\/li>\n<\/ul>\n<p>Biozid-Produkte sollten mit Vorsicht verwendet werden.<br \/>\nLesen Sie vor jeder Anwendung das Etikett und die Produktinformationen. <span class=\"scroll-to\" data-label=\"Scroll to: #video\" data-bullet=\"false\" data-link=\"#video\" data-title=\"Video\" ><a name=\"video\"><\/a><\/span>\n\t\t<\/div>\n\t\t\t\t\t<\/div>\n\n\t\n\n\t<div id=\"col-247547772\" class=\"col medium-5 small-12 large-5\"  >\n\t\t\t\t<div class=\"col-inner\"  >\n\t\t\t\n\t\t\t\n<div class=\"video video-fit mb\" style=\"padding-top:56.25%;\"><p><iframe loading=\"lazy\" title=\"Nanoclean\u00ae AIR + Lanca INOX AC45\" width=\"1020\" height=\"574\" src=\"https:\/\/www.youtube.com\/embed\/NR23rjSDhbQ?feature=oembed\" frameborder=\"0\" allow=\"accelerometer; autoplay; clipboard-write; encrypted-media; gyroscope; picture-in-picture; web-share\" referrerpolicy=\"strict-origin-when-cross-origin\" allowfullscreen><\/iframe><\/p>\n<\/div>\n<div class=\"video video-fit mb\" style=\"padding-top:56.25%;\"><p><iframe loading=\"lazy\" title=\"NANOCLEAN\u00aeAIR + G\u0141OWICA AC-69FUMI\" width=\"1020\" height=\"574\" src=\"https:\/\/www.youtube.com\/embed\/k4hEaLLxWbA?feature=oembed\" frameborder=\"0\" allow=\"accelerometer; autoplay; clipboard-write; encrypted-media; gyroscope; picture-in-picture; web-share\" referrerpolicy=\"strict-origin-when-cross-origin\" allowfullscreen><\/iframe><\/p>\n<\/div>\n\t\t<\/div>\n\t\t\t\t\t<\/div>\n\n\t\n<\/div>\n\t\t<\/div>\n\n\t\t\n<style>\n#section_293895385 {\n  padding-top: 30px;\n  padding-bottom: 30px;\n}\n<\/style>\n\t<\/section>\n\t\n\n\t<section class=\"section\" id=\"section_982325111\">\n\t\t<div class=\"section-bg fill\" >\n\t\t\t\t\t\t\t\t\t\n\t\t\t\n\n\t\t<\/div>\n\n\t\t\n\n\t\t<div class=\"section-content relative\">\n\t\t\t\n<div class=\"row\"  id=\"row-61597422\">\n\n\t<div id=\"col-119447093\" class=\"col medium-9 small-12 large-9\"  >\n\t\t\t\t<div class=\"col-inner\"  >\n\t\t\t\n\t\t\t\n<div class=\"video video-fit mb\" style=\"padding-top:56.25%;\"><p><iframe loading=\"lazy\" title=\"Instrukcja przygotowania zestawu NANOCLEAN\u00ae do pracy\" width=\"1020\" height=\"574\" src=\"https:\/\/www.youtube.com\/embed\/U3u6jRqpceM?feature=oembed\" frameborder=\"0\" allow=\"accelerometer; autoplay; clipboard-write; encrypted-media; gyroscope; picture-in-picture; web-share\" referrerpolicy=\"strict-origin-when-cross-origin\" allowfullscreen><\/iframe><\/p>\n<\/div>\n\t\t<\/div>\n\t\t\t\t\t<\/div>\n\n\t\n<\/div>\n\t\t<\/div>\n\n\t\t\n<style>\n#section_982325111 {\n  padding-top: 30px;\n  padding-bottom: 30px;\n}\n<\/style>\n\t<\/section>\n\t\n","protected":false},"excerpt":{"rendered":"<p>Das einzige professionelle, gebrauchsfertige Produkt auf dem Markt f\u00fcr die effektive Reinigung, Erfrischung, Entrauchung und Desinfektion von Fahrzeugklimaanlagen.<br \/>\nSpezialversion f\u00fcr starke Verschmutzung des Verdampfers mit angenehmem Duft.<\/p>\n<ul>\n<li style=\"text-align: left;\"><strong>M\u00d6BEL.<\/strong> Entfernt unangenehme Ger\u00fcche und hinterl\u00e4sst l\u00e4nger einen angenehmen Duft.<\/li>\n<li><strong>ZUVERL\u00c4SSIGKEIT.<br \/>\nVOLLST\u00c4NDIGES BIOZID-SPEKTRUM: <\/strong> Viren, Pilze, Bakterien, Sporen, Mykobakterien. <em style=\"color: #555555;\">Legionella pneumophila<\/em><span style=\"color: #555555;\"> in 1 Minute. <\/span><\/li>\n<li><strong>EFFEKTIVIT\u00c4T.<\/strong> Best\u00e4tigt durch Tests gem\u00e4\u00df den europ\u00e4ischen Normen: <span style=\"color: #555555;\">EN1040, EN13727, EN1276, EN13697, EN13623, EN1275, EN1650, EN14476, EN13704, EN14348 <\/span><\/li>\n<li><strong>REINIGUNGSEFFIZIENZ.<\/strong> Dank der aktiven Multikomponenten-Basis.<\/li>\n<li><span style=\"color: #555555;\"><strong><span style=\"color: #282828;\">ZUFRIEDENE KUNDEN<\/span>.<\/strong> Dank der effektiven Reinigung und Desinfektion.<\/span><\/li>\n<\/ul>\n<h3 style=\"text-align: center;\"><strong>ALLES IN EINEM=<\/strong><strong>REINIGT+ERFRISCHT+FUNGIERT+DESINFIZIERT<\/strong><strong>=1 PRODUKT+1 VERFAHREN<\/strong><\/h3>\n","protected":false},"featured_media":7095,"comment_status":"open","ping_status":"closed","template":"","meta":[],"product_brand":[],"product_cat":[177,126],"product_tag":[],"class_list":{"0":"post-8078","1":"product","2":"type-product","3":"status-publish","4":"has-post-thumbnail","6":"product_cat-all-in-one-klimatisierung","7":"product_cat-unkategorisiert","8":"pa_capacity-1-l-de","10":"first","11":"instock","12":"featured","13":"taxable","14":"shipping-taxable","15":"product-type-simple"},"_links":{"self":[{"href":"https:\/\/www.nanoclean-air.com\/de\/wp-json\/wp\/v2\/product\/8078","targetHints":{"allow":["GET"]}}],"collection":[{"href":"https:\/\/www.nanoclean-air.com\/de\/wp-json\/wp\/v2\/product"}],"about":[{"href":"https:\/\/www.nanoclean-air.com\/de\/wp-json\/wp\/v2\/types\/product"}],"replies":[{"embeddable":true,"href":"https:\/\/www.nanoclean-air.com\/de\/wp-json\/wp\/v2\/comments?post=8078"}],"wp:featuredmedia":[{"embeddable":true,"href":"https:\/\/www.nanoclean-air.com\/de\/wp-json\/wp\/v2\/media\/7095"}],"wp:attachment":[{"href":"https:\/\/www.nanoclean-air.com\/de\/wp-json\/wp\/v2\/media?parent=8078"}],"wp:term":[{"taxonomy":"product_brand","embeddable":true,"href":"https:\/\/www.nanoclean-air.com\/de\/wp-json\/wp\/v2\/product_brand?post=8078"},{"taxonomy":"product_cat","embeddable":true,"href":"https:\/\/www.nanoclean-air.com\/de\/wp-json\/wp\/v2\/product_cat?post=8078"},{"taxonomy":"product_tag","embeddable":true,"href":"https:\/\/www.nanoclean-air.com\/de\/wp-json\/wp\/v2\/product_tag?post=8078"}],"curies":[{"name":"wp","href":"https:\/\/api.w.org\/{rel}","templated":true}]}}