{"id":8081,"date":"2021-11-19T19:46:02","date_gmt":"2021-11-19T18:46:02","guid":{"rendered":"https:\/\/www.nanoclean-air.com\/product\/nanoclean-air-400ml-aerosol-zur-reinigung-erfrischung-entrauchung-und-desinfektion-ac-79a400\/"},"modified":"2024-11-19T12:12:49","modified_gmt":"2024-11-19T11:12:49","slug":"nanoclean-air-400ml-aerosol-zur-reinigung-erfrischung-entrauchung-und-desinfektion-ac-79a400","status":"publish","type":"product","link":"https:\/\/www.nanoclean-air.com\/de\/product\/nanoclean-air-400ml-aerosol-zur-reinigung-erfrischung-entrauchung-und-desinfektion-ac-79a400\/","title":{"rendered":"NANOCLEAN\u00ae AIR 400ml Aerosol zur Reinigung, Frischhaltung, Entminderung und Desinfektion"},"content":{"rendered":"<p><strong>REINIGUNG, FRISCHHALTUNG VON KLIMAANLAGEN<\/strong><br \/>\n\u2022 Entfernt effektiv alle Verunreinigungen, die die Luftqualit\u00e4t beeintr\u00e4chtigen k\u00f6nnen.<br \/>\n\u2022 Eliminiert dauerhaft unangenehme Ger\u00fcche von Pilzen und Feuchtigkeit.<br \/>\n\u2022 Kompatibel mit Materialien \u2013 der Schaumspray ist sicher f\u00fcr die meisten Metalle, lackierte Oberfl\u00e4chen, Gummis, Kunststoffe und Stoffe.<br \/>\n\u2022 Nach der Verdunstung hinterl\u00e4sst es eine trockene und saubere Oberfl\u00e4che, die nicht staubanziehend ist.<br \/>\n\u2022 Das Aerosol hat zwei D\u00fcsen: eine f\u00fcr die Oberfl\u00e4chenspr\u00fchung und einen 60 cm langen Schlauch mit einer 360\u00b0-D\u00fcse f\u00fcr geschlossene L\u00fcftungskan\u00e4le im HVAC-Bereich.<\/p>\n<p><strong>ENTMIINDERUNG UND DESINFEKTION VON KLIMAANLAGEN<\/strong><br \/>\n\u2022 Die einzige Formulierung mit VOLLEM BIOZID-SPEKTRUM (Viren, Bakterien, Pilze, Mykobakterien, Sporen bis zu 15 Minuten).<br \/>\n\u2022 Entfernt Legionella pneumophila in 1 Minute.<br \/>\n\u2022 Wirksamkeit best\u00e4tigt durch Tests gem\u00e4\u00df europ\u00e4ischen Normen: EN1040, EN13727, EN1276, EN13697, EN13623, EN1275, EN1650, EN14476, EN13704, EN14348.<br \/>\n\u2022 Biocidal Product Marketing Permit Nr. 7364\/18.<br \/>\n\u2022 PZH-Zulassung Nr. B.BK.60112.0333.2023.<br \/>\n\u2022 Eine neue Sicherheitsnorm gegen luftgetragene Infektionen und Kontaminationen.<\/p>\n<p><strong>EINSPARUNGEN<\/strong><br \/>\n\u2022 Pr\u00e4ziser Applikator \u2013 100%ige Nutzung des Produkts.<br \/>\n\u2022 Reinigt, entmildert, desinfiziert, erfrischt, sch\u00fctzt.<\/p>\n<p><strong>KUNDENZUFRIEDENHEIT<\/strong><br \/>\n\u2022 Angenehmer, lang anhaltender Duft.<br \/>\n\u2022 Kein Brandrisiko bei der Lagerung \u2013 wasserbasiertes, nicht brennbares Produkt.<br \/>\n\u2022 Enth\u00e4lt keine S\u00e4uren, Phenole (gef\u00e4hrlich f\u00fcr schwangere Frauen, Tiere) und organische L\u00f6sungsmittel.<br \/>\n\u2022 Vollst\u00e4ndige Kundenzufriedenheit \u2013 keine Beschwerden.<\/p>\n<p>Biocidprodukte sollten mit Vorsicht angewendet werden.<br \/>\nLesen Sie vor jeder Anwendung das Etikett und die Produktinformation.<\/p>\n","protected":false},"excerpt":{"rendered":"<p><strong>Pr\u00e4zise formulierter aktiver Aerosolschaum zur Reinigung, Frischhaltung, Entminderung und Desinfektion von Verdampfern, Kondensatoren von Klimaanlagen und anderen Komponenten von Klimaanlagen- und K\u00fchlanlagen im HVAC-Bereich.<br \/>\nDie einzige Formulierung mit VOLLEM BIOZID-SPEKTRUM (bis zu 15 Minuten).<br \/>\nHinterl\u00e4sst einen angenehmen, erfrischenden Duft.<br \/>\n\u2022 FRISCHE. <\/strong>Entfernt unangenehme Ger\u00fcche und hinterl\u00e4sst l\u00e4nger einen angenehmen Duft.<br \/>\n<strong>\u2022 VERTRAUEN.<br \/>\n<\/strong>VOLLES BIOZID-SPEKTRUM: Viren, Pilze, Bakterien, Sporen, Mykobakterien. Legionella pneumophila in 1 Minute<strong>.<br \/>\n\u2022 EFIZIENZ. <\/strong>Best\u00e4tigt durch Tests gem\u00e4\u00df europ\u00e4ischen Normen: EN1040, EN13727, EN1276, EN13697, EN13623, EN1275, EN1650, EN14476, EN13704, EN14348<strong><br \/>\n\u2022 REINIGUNGSLEISTUNG. <\/strong>Dank der mehrkomponentigen aktiven Basis.<strong><br \/>\n\u2022 ZUFRIEDENE KUNDEN. <\/strong>Mit effektiver Reinigung und Desinfektion.<strong><br \/>\nALLES IN EINEM = REINIGUNG + FRISCHHALTUNG + ENTMIINDERUNG + DESINFEKTION = 1 PRODUKT = 1 PROZESS<\/strong><\/p>\n","protected":false},"featured_media":6618,"comment_status":"open","ping_status":"closed","template":"","meta":[],"product_brand":[],"product_cat":[161,160],"product_tag":[],"class_list":{"0":"post-8081","1":"product","2":"type-product","3":"status-publish","4":"has-post-thumbnail","6":"product_cat-all-in-one-reinigung-entraucherung-desinfektion","7":"product_cat-hvac-de","8":"pa_capacity-400-ml-de","10":"first","11":"instock","12":"featured","13":"taxable","14":"shipping-taxable","15":"product-type-simple"},"_links":{"self":[{"href":"https:\/\/www.nanoclean-air.com\/de\/wp-json\/wp\/v2\/product\/8081","targetHints":{"allow":["GET"]}}],"collection":[{"href":"https:\/\/www.nanoclean-air.com\/de\/wp-json\/wp\/v2\/product"}],"about":[{"href":"https:\/\/www.nanoclean-air.com\/de\/wp-json\/wp\/v2\/types\/product"}],"replies":[{"embeddable":true,"href":"https:\/\/www.nanoclean-air.com\/de\/wp-json\/wp\/v2\/comments?post=8081"}],"wp:featuredmedia":[{"embeddable":true,"href":"https:\/\/www.nanoclean-air.com\/de\/wp-json\/wp\/v2\/media\/6618"}],"wp:attachment":[{"href":"https:\/\/www.nanoclean-air.com\/de\/wp-json\/wp\/v2\/media?parent=8081"}],"wp:term":[{"taxonomy":"product_brand","embeddable":true,"href":"https:\/\/www.nanoclean-air.com\/de\/wp-json\/wp\/v2\/product_brand?post=8081"},{"taxonomy":"product_cat","embeddable":true,"href":"https:\/\/www.nanoclean-air.com\/de\/wp-json\/wp\/v2\/product_cat?post=8081"},{"taxonomy":"product_tag","embeddable":true,"href":"https:\/\/www.nanoclean-air.com\/de\/wp-json\/wp\/v2\/product_tag?post=8081"}],"curies":[{"name":"wp","href":"https:\/\/api.w.org\/{rel}","templated":true}]}}