{"id":8393,"date":"2024-06-06T09:43:14","date_gmt":"2024-06-06T07:43:14","guid":{"rendered":"https:\/\/www.nanoclean-air.com\/product\/nanocleanac8-home-dla-dzieci\/"},"modified":"2024-09-04T12:44:50","modified_gmt":"2024-09-04T10:44:50","slug":"nanocleanac8-home-fuer-kinder","status":"publish","type":"product","link":"https:\/\/www.nanoclean-air.com\/de\/product\/nanocleanac8-home-fuer-kinder\/","title":{"rendered":"NANOCLEAN\u00aeAC8 Home f\u00fcr Kinder"},"content":{"rendered":"<p><strong>EINZIGARTIGE EIGENSCHAFTEN:<\/strong><\/p>\n<ul>\n<li><strong>Innovative Formel ohne Chlor und ohne Alkohol:<\/strong> Funktioniert ohne sch\u00e4dliche D\u00e4mpfe, sicher f\u00fcr die Gesundheit Ihres Kindes.<\/li>\n<li><strong>Eliminierung von Schimmel und Bakterien:<\/strong> Das Vollst\u00e4ndige Biozide Spektrum ist die einzige L\u00f6sung auf dem Markt, die Bakterien, Viren, Pilze, Schimmel, Sporen und Mykobakterien effektiv eliminiert und so f\u00fcr das h\u00f6chste Ma\u00df an Hygiene sorgt.<\/li>\n<li><strong>Sicher f\u00fcr Oberfl\u00e4chen:<\/strong> Die Formel ist so entwickelt, dass empfindliche Oberfl\u00e4chen in der Umgebung des Kindes ohne Risiko von Sch\u00e4den behandelt werden k\u00f6nnen.<\/li>\n<\/ul>\n<p><strong>VORTEILE DER ANWENDUNG:<\/strong><\/p>\n<ul>\n<li><strong>Sofortige Geruchsneutralisation:<\/strong> Entfernt alle unangenehmen Ger\u00fcche und hinterl\u00e4sst eine frische und angenehme Umgebung f\u00fcr Ihr Kind.<\/li>\n<li><strong>Effektive Reinigung:<\/strong> Entfernt effektiv Schmutz, Flecken und andere Verunreinigungen und sorgt f\u00fcr Sauberkeit bei Spielzeug, M\u00f6beln und anderen Gegenst\u00e4nden.<\/li>\n<li><strong>Schimmelentfernung und Desinfektion:<\/strong> Die umfassende Formel sorgt f\u00fcr vollst\u00e4ndige Schimmelentfernung und Desinfektion in einem einzigen Prozess und beseitigt biologische Bedrohungen.<\/li>\n<li><strong>Schimmelpr\u00e4vention:<\/strong> Schafft eine Schutzbarriere, die das Wachstum von Schimmel und Mikroorganismen verhindert und eine langanhaltende Hygiene gew\u00e4hrleistet.<\/li>\n<\/ul>\n<p><strong>ANWENDUNGSWEISE:<\/strong> Hinweis: Befolgen Sie immer die Anweisungen des Herstellers f\u00fcr Kinderprodukte.<\/p>\n<ol>\n<li>R\u00e4umen Sie den Bereich des Kindes von Gegenst\u00e4nden frei, die die Reinigung behindern k\u00f6nnten.<\/li>\n<li>Spr\u00fchen Sie alle Oberfl\u00e4chen, einschlie\u00dflich Spielzeug, M\u00f6bel, Spielmatten und andere Bereiche, in denen das Kind sich aufh\u00e4lt, mit NANOCLEAN AC8 F\u00dcR KINDER ein und warten Sie 5-15 Minuten, um alle Oberfl\u00e4chen zu desinfizieren.<\/li>\n<li>Spr\u00fchen Sie ein Mikrofasertuch ein und wischen Sie alle bespr\u00fchten Oberfl\u00e4chen ab.<\/li>\n<li>Falls n\u00f6tig, wischen Sie die Oberfl\u00e4chen mit einem sauberen, feuchten Tuch ab, um R\u00fcckst\u00e4nde zu entfernen.<\/li>\n<li>Lassen Sie die Oberfl\u00e4chen vollst\u00e4ndig trocknen, bevor Sie sie wieder benutzen.<\/li>\n<\/ol>\n<p>Hinweis: NANOCLEAN AC8 ist auch in Notf\u00e4llen wirksam. Es entfernt sofort unangenehme Ger\u00fcche, reinigt und desinfiziert, wenn der Bereich des Kindes mit Schimmel oder anderen organischen Verschmutzungen kontaminiert wurde.<\/p>\n<p>Biozidprodukte sollten mit Vorsicht verwendet werden. Vor jeder Anwendung immer das Etikett und die Produktinformationen lesen.<\/p>\n<p><strong>ZULASSUNGEN:<\/strong><\/p>\n<ul>\n<li>Zulassung f\u00fcr den Verkehr des Biozidprodukts: Nr. 7406\/18.<\/li>\n<li>PZH-Zertifikat: Nr. B.BK.60112.0333.2023.<\/li>\n<li>NICHT ENTZ\u00dcNDBAR: Alkoholfreie, wasserbasierte Formel, nicht entz\u00fcndlich, s\u00e4urefrei, phenolfrei und frei von organischen L\u00f6sungsmitteln.<\/li>\n<\/ul>\n<p><strong>TIPPS F\u00dcR NUTZER:<\/strong><\/p>\n<ul>\n<li><strong>Regelm\u00e4\u00dfige Reinigung:<\/strong> Reinigen Sie regelm\u00e4\u00dfig Spielzeug, M\u00f6bel, Spielmatten und andere Oberfl\u00e4chen des Kindes, um die Ansammlung von Schmutz und Ablagerungen zu verhindern und so eine bessere Hygiene und Gesundheit f\u00fcr Ihr Kind zu gew\u00e4hrleisten.<\/li>\n<li><strong>Verwenden Sie geeignete Mittel:<\/strong> Die Verwendung geeigneter Produkte zur Reinigung des Bereichs Ihres Kindes tr\u00e4gt dazu bei, diesen in einwandfreiem Zustand zu halten und das Risiko von Sch\u00e4den und Krankheiten zu minimieren.<\/li>\n<li><strong>\u00dcberpr\u00fcfung:<\/strong> \u00dcberpr\u00fcfen und reinigen Sie regelm\u00e4\u00dfig Spielzeug, Matten und andere Gegenst\u00e4nde, um die Ansammlung von Schmutz und Schimmel zu verhindern.<\/li>\n<\/ul>\n<p>W\u00e4hlen Sie NANOCLEAN AC8 F\u00dcR KINDER und bieten Sie Ihrem Kind umfassende Pflege und das h\u00f6chste Ma\u00df an Hygiene. Pflegen Sie Ihr Kind mit NANOCLEAN AC8 und genie\u00dfen Sie t\u00e4glich Sauberkeit und Frische.<\/p>\n<p>Jetzt kaufen und den Unterschied erleben.<\/p>\n","protected":false},"excerpt":{"rendered":"<h2><strong>REINIGUNG UND DESINFEKTION VON R\u00c4UMEN, IN DENEN KINDER SICH AUFHALTEN<\/strong><\/h2>\n<p>5-in-1: Reinigung, Auffrischung, Schimmelentfernung, Desinfektion, Schutz<\/p>\n<p><strong>Sorgen Sie f\u00fcr Komfort und Hygiene Ihres Kindes<\/strong><\/p>\n<p><strong>Entfernen Sie Ger\u00fcche, Schmutz und Desinfizieren Sie Oberfl\u00e4chen mit nur einem Produkt<\/strong><\/p>\n<p>Sorgen Sie f\u00fcr Sauberkeit und Hygiene Ihres Kindes, indem Sie unangenehme Ger\u00fcche und Schmutz beseitigen. Desinfizieren Sie regelm\u00e4\u00dfig Kinderzubeh\u00f6r mit einer sicheren, nicht entz\u00fcndlichen Reinigungsl\u00f6sung, die sanft zu Materialien und Oberfl\u00e4chen ist. Entfernen Sie Schmutz, Bakterien und organische Stoffe von folgenden Gegenst\u00e4nden:<\/p>\n<ul>\n<li>SPIELZEUG<\/li>\n<li>LAUFGITTER<\/li>\n<li>SPIELMATTE<\/li>\n<li>KINDERWAGEN<\/li>\n<li>B\u00dcRSTEN UND K\u00c4MME<\/li>\n<\/ul>\n<p>&nbsp;<\/p>\n","protected":false},"featured_media":8555,"comment_status":"open","ping_status":"closed","template":"","meta":[],"product_brand":[],"product_cat":[158],"product_tag":[],"class_list":{"0":"post-8393","1":"product","2":"type-product","3":"status-publish","4":"has-post-thumbnail","6":"product_cat-zuhause","8":"first","9":"instock","10":"taxable","11":"shipping-taxable","12":"product-type-simple"},"_links":{"self":[{"href":"https:\/\/www.nanoclean-air.com\/de\/wp-json\/wp\/v2\/product\/8393","targetHints":{"allow":["GET"]}}],"collection":[{"href":"https:\/\/www.nanoclean-air.com\/de\/wp-json\/wp\/v2\/product"}],"about":[{"href":"https:\/\/www.nanoclean-air.com\/de\/wp-json\/wp\/v2\/types\/product"}],"replies":[{"embeddable":true,"href":"https:\/\/www.nanoclean-air.com\/de\/wp-json\/wp\/v2\/comments?post=8393"}],"wp:featuredmedia":[{"embeddable":true,"href":"https:\/\/www.nanoclean-air.com\/de\/wp-json\/wp\/v2\/media\/8555"}],"wp:attachment":[{"href":"https:\/\/www.nanoclean-air.com\/de\/wp-json\/wp\/v2\/media?parent=8393"}],"wp:term":[{"taxonomy":"product_brand","embeddable":true,"href":"https:\/\/www.nanoclean-air.com\/de\/wp-json\/wp\/v2\/product_brand?post=8393"},{"taxonomy":"product_cat","embeddable":true,"href":"https:\/\/www.nanoclean-air.com\/de\/wp-json\/wp\/v2\/product_cat?post=8393"},{"taxonomy":"product_tag","embeddable":true,"href":"https:\/\/www.nanoclean-air.com\/de\/wp-json\/wp\/v2\/product_tag?post=8393"}],"curies":[{"name":"wp","href":"https:\/\/api.w.org\/{rel}","templated":true}]}}