{"id":8445,"date":"2024-05-28T08:12:57","date_gmt":"2024-05-28T06:12:57","guid":{"rendered":"https:\/\/www.nanoclean-air.com\/product\/plyn-czyszczaco-dezynfekujacy-do-wc-nanocleanac8-home\/"},"modified":"2024-09-04T14:30:45","modified_gmt":"2024-09-04T12:30:45","slug":"plyn-czyszczaco-dezynfekujacy-do-wc-nanocleanac8-home","status":"publish","type":"product","link":"https:\/\/www.nanoclean-air.com\/de\/product\/plyn-czyszczaco-dezynfekujacy-do-wc-nanocleanac8-home\/","title":{"rendered":"Reinigungs- und Desinfektionsmittel f\u00fcr Toiletten NANOCLEAN\u00aeAC8 Home"},"content":{"rendered":"<h3>EINZIGARTIGE EIGENSCHAFTEN:<\/h3>\n<p>&#8211; Innovative Formel ohne Chlor und ohne Alkohol: Arbeiten ohne sch\u00e4dliche D\u00e4mpfe, sicher f\u00fcr die Gesundheit.<\/p>\n<p>&#8211; Sanfter Blumenduft: W\u00e4hlen Sie die Version mit einem dezenten Blumenduft f\u00fcr zus\u00e4tzliche Frische.<\/p>\n<p>&#8211; Beseitigung von Schimmel und Bakterien: Das vollst\u00e4ndige Biozid-Spektrum ist die einzige L\u00f6sung auf dem Markt, die Bakterien, Viren, Pilze, Schimmel, Sporen und Mykobakterien effektiv beseitigt und somit das h\u00f6chste Ma\u00df an Hygiene gew\u00e4hrleistet.<\/p>\n<p>&#8211; Sicher f\u00fcr Badezimmeroberfl\u00e4chen: Eine Formel, die f\u00fcr empfindliche Teile der Toilette entwickelt wurde, ohne das Risiko von Besch\u00e4digungen.<\/p>\n<h3>VORTEILE DER ANWENDUNG:<\/h3>\n<p>&#8211; Sofortige Geruchsneutralisation: Beseitigt alle unangenehmen Ger\u00fcche und hinterl\u00e4sst die Toilette frisch und einsatzbereit.<\/p>\n<p>&#8211; Effektive Reinigung: Entfernt effektiv Kalkablagerungen, Schmutz und andere Verunreinigungen und sorgt f\u00fcr Sauberkeit aller Toilettenteile.<\/p>\n<p>&#8211; Schimmelentfernung und Desinfektion: Die umfassende Formel sorgt in einem Schritt f\u00fcr Schimmelentfernung und Desinfektion und beseitigt biologische Gefahren.<\/p>\n<p>&#8211; Schutz vor Schimmel: Bildet eine Schutzbarriere, die das Wachstum von Schimmel und Mikroorganismen verhindert und eine lang anhaltende Hygiene gew\u00e4hrleistet.<\/p>\n<h3>ANWENDUNGSHINWEISE:<\/h3>\n<ol>\n<li>Hinweis: Befolgen Sie stets die Empfehlungen in der Anleitung des Toilettenherstellers.<\/li>\n<li>Leeren Sie die Toilette von Gegenst\u00e4nden, die die Reinigung behindern k\u00f6nnten.<\/li>\n<li>Spr\u00fchen Sie das Produkt NANOCLEAN AC8 ZUR REINIGUNG UND DESINFEKTION VON TOILETTEN auf alle Toilettenoberfl\u00e4chen, einschlie\u00dflich der Toilettensch\u00fcssel, des Sitzes, der Sp\u00fclkn\u00f6pfe und der Fugen, und warten Sie 5-15 Minuten, um alle Oberfl\u00e4chen zu desinfizieren.<\/li>\n<li>Spr\u00fchen Sie ein Mikrofasertuch und wischen Sie alle bespr\u00fchten Oberfl\u00e4chen ab.<\/li>\n<li>Wischen Sie bei Bedarf die Toilettenoberfl\u00e4chen mit einem sauberen, feuchten Tuch ab, um Produktreste zu entfernen.<\/li>\n<li>Lassen Sie die Oberfl\u00e4chen vollst\u00e4ndig trocknen, bevor Sie die Toilette wieder benutzen.<\/li>\n<\/ol>\n<p>Hinweis: NANOCLEAN AC8 eignet sich auch f\u00fcr Notf\u00e4lle. Es beseitigt sofort unangenehme Ger\u00fcche, reinigt und desinfiziert, wenn die Toilette durch Schimmel oder andere organische Verunreinigungen verschmutzt wurde.<\/p>\n<p>Biozide Produkte sind mit Vorsicht zu verwenden. Lesen Sie vor der Verwendung immer das Etikett und die Produktinformationen.<\/p>\n<h3>\u00a0ZULASSUNGEN:<\/h3>\n<p>&#8211; Zulassung f\u00fcr den Handel mit Biozidprodukten: Nr. 7406\/18.<\/p>\n<p>&#8211; PZH-Zertifikat: Nr. B.BK.60112.0333.2023.<\/p>\n<p>&#8211; NICHT BRENNBAR: Alkoholfreie, wasserbasierte Formel, nicht brennbar, s\u00e4urefrei, phenolfrei und frei von organischen L\u00f6sungsmitteln.<\/p>\n<h3>\u00a0TIPPS F\u00dcR TOILETTENBENUTZER:<\/h3>\n<p>&#8211; Regelm\u00e4\u00dfige Reinigung: Reinigen Sie regelm\u00e4\u00dfig die Toilettensch\u00fcssel, den Sitz, die Sp\u00fclkn\u00f6pfe und andere Oberfl\u00e4chen, um die Ansammlung von Schmutz und Ablagerungen zu verhindern, was eine bessere Leistung und eine l\u00e4ngere Lebensdauer Ihrer Toilette gew\u00e4hrleistet.<\/p>\n<p>&#8211; Verwenden Sie geeignete Produkte: Die Verwendung geeigneter Reinigungsmittel hilft, die Toilette in einwandfreiem Zustand zu halten und das Risiko von Besch\u00e4digungen zu minimieren.<\/p>\n<p>&#8211; Vermeiden Sie \u00dcberf\u00fcllung: Eine \u00fcberf\u00fcllte Toilette kann zu unzureichender Reinigung und zur Ansammlung von Verunreinigungen f\u00fchren, was unangenehme Ger\u00fcche verursachen kann.<\/p>\n<p>&#8211; \u00dcberpr\u00fcfen Sie die Dichtungen: \u00dcberpr\u00fcfen und reinigen Sie regelm\u00e4\u00dfig Dichtungen und Fugen, um die Ansammlung von Schmutz und Schimmel zu verhindern.<\/p>\n<p>W\u00e4hlen Sie NANOCLEAN AC8 ZUR REINIGUNG UND DESINFEKTION VON TOILETTEN und sorgen Sie f\u00fcr eine umfassende Pflege und das h\u00f6chste Ma\u00df an Hygiene f\u00fcr Ihre Toilette. Pflegen Sie Ihre Toilette mit NANOCLEAN AC8 und genie\u00dfen Sie t\u00e4glich Sauberkeit und Frische.<\/p>\n<p>Kaufen Sie jetzt und erleben Sie den Unterschied.<\/p>\n","protected":false},"excerpt":{"rendered":"<h3>NANOCLEAN AC8 ZUR REINIGUNG UND DESINFEKTION VON TOILETTEN UND URINALEN<br \/>\nUmfassende Pflege und Hygiene f\u00fcr Ihre Toilette<\/h3>\n<p>5-in-1: Reinigung, Auffrischung, Schimmelentfernung, Desinfektion, Schutz<\/p>\n<p>Entdecken Sie NANOCLEAN AC8 ZUR REINIGUNG UND DESINFEKTION VON TOILETTEN UND URINALEN, ein innovatives 5-in-1-Produkt, das umfassende Pflege f\u00fcr Ihre Toilette bietet. Dieses au\u00dfergew\u00f6hnliche Produkt reinigt, frischt auf, entfernt Schimmel, desinfiziert und sch\u00fctzt vor Schimmelbildung und unangenehmen Ger\u00fcchen und sorgt so f\u00fcr makellose Sauberkeit und Hygiene.<\/p>\n","protected":false},"featured_media":8563,"comment_status":"open","ping_status":"closed","template":"","meta":[],"product_brand":[],"product_cat":[158],"product_tag":[],"class_list":{"0":"post-8445","1":"product","2":"type-product","3":"status-publish","4":"has-post-thumbnail","6":"product_cat-zuhause","8":"first","9":"instock","10":"taxable","11":"shipping-taxable","12":"product-type-simple"},"_links":{"self":[{"href":"https:\/\/www.nanoclean-air.com\/de\/wp-json\/wp\/v2\/product\/8445","targetHints":{"allow":["GET"]}}],"collection":[{"href":"https:\/\/www.nanoclean-air.com\/de\/wp-json\/wp\/v2\/product"}],"about":[{"href":"https:\/\/www.nanoclean-air.com\/de\/wp-json\/wp\/v2\/types\/product"}],"replies":[{"embeddable":true,"href":"https:\/\/www.nanoclean-air.com\/de\/wp-json\/wp\/v2\/comments?post=8445"}],"wp:featuredmedia":[{"embeddable":true,"href":"https:\/\/www.nanoclean-air.com\/de\/wp-json\/wp\/v2\/media\/8563"}],"wp:attachment":[{"href":"https:\/\/www.nanoclean-air.com\/de\/wp-json\/wp\/v2\/media?parent=8445"}],"wp:term":[{"taxonomy":"product_brand","embeddable":true,"href":"https:\/\/www.nanoclean-air.com\/de\/wp-json\/wp\/v2\/product_brand?post=8445"},{"taxonomy":"product_cat","embeddable":true,"href":"https:\/\/www.nanoclean-air.com\/de\/wp-json\/wp\/v2\/product_cat?post=8445"},{"taxonomy":"product_tag","embeddable":true,"href":"https:\/\/www.nanoclean-air.com\/de\/wp-json\/wp\/v2\/product_tag?post=8445"}],"curies":[{"name":"wp","href":"https:\/\/api.w.org\/{rel}","templated":true}]}}