{"id":8451,"date":"2024-05-28T07:57:14","date_gmt":"2024-05-28T05:57:14","guid":{"rendered":"https:\/\/www.nanoclean-air.com\/product\/plyn-czyszczaco-dezynfekujacy-do-lazienki-nanocleanac8-home\/"},"modified":"2024-09-05T07:39:42","modified_gmt":"2024-09-05T05:39:42","slug":"reinigungs-und-desinfektionsmittel-fuer-das-badezimmer-nanocleanac8-home","status":"publish","type":"product","link":"https:\/\/www.nanoclean-air.com\/de\/product\/reinigungs-und-desinfektionsmittel-fuer-das-badezimmer-nanocleanac8-home\/","title":{"rendered":"Reinigungs- und Desinfektionsmittel f\u00fcr das Badezimmer NANOCLEAN\u00aeAC8 Home"},"content":{"rendered":"<h3>EINZIGARTIGE EIGENSCHAFTEN:<\/h3>\n<p>&#8211; Innovative Formel ohne Chlor und Alkohol: Funktioniert ohne sch\u00e4dliche D\u00e4mpfe, sicher f\u00fcr die Gesundheit.<\/p>\n<p>&#8211; Sanfter Blumenduft: W\u00e4hlen Sie die Version mit einem dezenten Blumenduft f\u00fcr zus\u00e4tzliche Frische.<\/p>\n<p>&#8211; Beseitigung von Schimmel und Bakterien: Das vollst\u00e4ndige Biozid-Spektrum ist die einzige L\u00f6sung auf dem Markt, die Bakterien, Viren, Pilze, Schimmel, Sporen und Mykobakterien effektiv beseitigt und das h\u00f6chste Ma\u00df an Hygiene gew\u00e4hrleistet.<\/p>\n<p>&#8211; Sicher f\u00fcr Badezimmeroberfl\u00e4chen: Eine speziell f\u00fcr empfindliche Badezimmerelemente entwickelte Formel, ohne das Risiko von Besch\u00e4digungen.<\/p>\n<h3>\u00a0ANWENDUNGSVORTEILE:<\/h3>\n<p>&#8211; Sofortige Geruchsneutralisation: Beseitigt alle unangenehmen Ger\u00fcche und hinterl\u00e4sst das Badezimmer frisch und gebrauchsfertig.<\/p>\n<p>&#8211; Effektive Reinigung: Entfernt effektiv Fett, Seifenablagerungen und andere Verschmutzungen und sorgt f\u00fcr die Sauberkeit aller Badezimmerelemente.<\/p>\n<p>&#8211; Schimmelentfernung und Desinfektion: Die umfassende Formel sorgt in einem Schritt f\u00fcr die vollst\u00e4ndige Schimmelentfernung und Desinfektion und beseitigt biologische Gefahren.<\/p>\n<p>&#8211; Schutz vor Schimmel: Bildet eine Schutzbarriere, die das Wachstum von Schimmel und Mikroorganismen verhindert und eine lang anhaltende Hygiene gew\u00e4hrleistet.<\/p>\n<h3>\u00a0ANWENDUNGSHINWEISE:<\/h3>\n<ol>\n<li>Hinweis: Befolgen Sie stets die Empfehlungen in den Anweisungen des Badezimmerherstellers.<\/li>\n<li>Befreien Sie die Oberfl\u00e4chen von Gegenst\u00e4nden, die das Reinigen behindern k\u00f6nnten.<\/li>\n<li>Spr\u00fchen Sie NANOCLEAN AC8 ZUR REINIGUNG UND DESINFEKTION DES BADEZIMMERS auf alle Badezimmeroberfl\u00e4chen, einschlie\u00dflich Waschbecken, Badewannen, Duschen, Toilettensch\u00fcsseln, Fliesen und Fugen, und warten Sie 5-15 Minuten, um alle Oberfl\u00e4chen zu desinfizieren.<\/li>\n<li>Spr\u00fchen Sie ein Mikrofasertuch und wischen Sie alle bespr\u00fchten Oberfl\u00e4chen ab.<\/li>\n<li>Falls erforderlich, wischen Sie die Oberfl\u00e4chen mit einem sauberen, feuchten Tuch ab, um Produktr\u00fcckst\u00e4nde zu entfernen.<\/li>\n<li>Lassen Sie die Oberfl\u00e4chen vollst\u00e4ndig trocknen, bevor Sie sie wieder benutzen.<\/li>\n<\/ol>\n<p>Hinweis: NANOCLEAN AC8 ist auch in Notf\u00e4llen wirksam. Es beseitigt sofort unangenehme Ger\u00fcche, reinigt und desinfiziert, wenn das Badezimmer durch Schimmel oder andere organische Verschmutzungen kontaminiert wurde.<\/p>\n<p>Biozidprodukte sind mit Vorsicht zu verwenden. Lesen Sie vor der Verwendung stets das Etikett und die Produktinformationen.<\/p>\n<h3>\u00a0ZULASSUNGEN:<\/h3>\n<p>&#8211; Zulassung f\u00fcr den Handel mit einem Biozidprodukt: Nr. 7406\/18.<\/p>\n<p>&#8211; PZH-Zertifikat: Nr. B.BK.60112.0333.2023.<\/p>\n<p>&#8211; NICHT BRENNBAR: Alkoholfreie, wasserbasierte Formel, nicht brennbar, frei von S\u00e4uren, Phenolen und organischen L\u00f6sungsmitteln.<\/p>\n<h3>TIPPS F\u00dcR DIE NUTZUNG DES BADEZIMMERS:<\/h3>\n<p>&#8211; Regelm\u00e4\u00dfige Reinigung: Regelm\u00e4\u00dfige Reinigung von Waschbecken, Badewannen, Duschen, Toilettensch\u00fcsseln und anderen Badezimmeroberfl\u00e4chen verhindert die Ansammlung von Schmutz und Ablagerungen, was eine bessere Leistung und eine l\u00e4ngere Lebensdauer Ihres Badezimmers gew\u00e4hrleistet.<\/p>\n<p>&#8211; Richtige Lagerung: Stellen Sie sicher, dass Hygieneprodukte ordnungsgem\u00e4\u00df gelagert werden, um das Risiko von Leckagen und unangenehmen Ger\u00fcchen zu minimieren.<\/p>\n<p>&#8211; Vermeiden Sie \u00dcberladung: Eine \u00fcberf\u00fcllte Badezimmereinrichtung kann zu unzureichender Reinigung und zur Ansammlung von Verunreinigungen f\u00fchren, was unangenehme Ger\u00fcche verursachen kann.<\/p>\n<p>&#8211; \u00dcberpr\u00fcfung der Dichtungen: \u00dcberpr\u00fcfen und reinigen Sie regelm\u00e4\u00dfig Dichtungen und Fugen, um die Ansammlung von Schmutz und Schimmel zu verhindern.<\/p>\n<p>W\u00e4hlen Sie NANOCLEAN AC8 ZUR REINIGUNG UND DESINFEKTION DES BADEZIMMERS und sorgen Sie f\u00fcr umfassende Pflege und das h\u00f6chste Ma\u00df an Hygiene f\u00fcr Ihr Badezimmer. Pflegen Sie Ihr Badezimmer mit NANOCLEAN AC8 und genie\u00dfen Sie t\u00e4glich Sauberkeit und Frische.<\/p>\n<p>Kaufen Sie jetzt und erleben Sie den Unterschied.<\/p>\n","protected":false},"excerpt":{"rendered":"<h3>NANOCLEAN AC8 ZUR REINIGUNG UND DESINFEKTION DES BADEZIMMERS<br \/>\nUmfassende Pflege und Hygiene f\u00fcr Ihr Badezimmer<\/h3>\n<p>5-in-1: Reinigung, Auffrischung, Schimmelentfernung, Desinfektion, Schutz<\/p>\n<p>Entdecken Sie NANOCLEAN AC8 ZUR REINIGUNG UND DESINFEKTION DES BADEZIMMERS, ein innovatives 5-in-1-Produkt, das umfassende Pflege f\u00fcr Ihr Badezimmer bietet. Dieses au\u00dfergew\u00f6hnliche Produkt reinigt, frischt auf, entfernt Schimmel, desinfiziert und sch\u00fctzt vor Schimmelbildung und unangenehmen Ger\u00fcchen und sorgt so f\u00fcr makellose Sauberkeit und Hygiene.<\/p>\n","protected":false},"featured_media":8583,"comment_status":"open","ping_status":"closed","template":"","meta":[],"product_brand":[],"product_cat":[158],"product_tag":[],"class_list":{"0":"post-8451","1":"product","2":"type-product","3":"status-publish","4":"has-post-thumbnail","6":"product_cat-zuhause","8":"first","9":"instock","10":"taxable","11":"shipping-taxable","12":"product-type-simple"},"_links":{"self":[{"href":"https:\/\/www.nanoclean-air.com\/de\/wp-json\/wp\/v2\/product\/8451","targetHints":{"allow":["GET"]}}],"collection":[{"href":"https:\/\/www.nanoclean-air.com\/de\/wp-json\/wp\/v2\/product"}],"about":[{"href":"https:\/\/www.nanoclean-air.com\/de\/wp-json\/wp\/v2\/types\/product"}],"replies":[{"embeddable":true,"href":"https:\/\/www.nanoclean-air.com\/de\/wp-json\/wp\/v2\/comments?post=8451"}],"wp:featuredmedia":[{"embeddable":true,"href":"https:\/\/www.nanoclean-air.com\/de\/wp-json\/wp\/v2\/media\/8583"}],"wp:attachment":[{"href":"https:\/\/www.nanoclean-air.com\/de\/wp-json\/wp\/v2\/media?parent=8451"}],"wp:term":[{"taxonomy":"product_brand","embeddable":true,"href":"https:\/\/www.nanoclean-air.com\/de\/wp-json\/wp\/v2\/product_brand?post=8451"},{"taxonomy":"product_cat","embeddable":true,"href":"https:\/\/www.nanoclean-air.com\/de\/wp-json\/wp\/v2\/product_cat?post=8451"},{"taxonomy":"product_tag","embeddable":true,"href":"https:\/\/www.nanoclean-air.com\/de\/wp-json\/wp\/v2\/product_tag?post=8451"}],"curies":[{"name":"wp","href":"https:\/\/api.w.org\/{rel}","templated":true}]}}