{"id":8458,"date":"2024-05-28T07:41:30","date_gmt":"2024-05-28T05:41:30","guid":{"rendered":"https:\/\/www.nanoclean-air.com\/product\/plyn-czyszczaco-dezynfekujacy-do-mikrofalowki-nanocleanac8-home\/"},"modified":"2024-09-04T16:14:59","modified_gmt":"2024-09-04T14:14:59","slug":"reinigungs-und-desinfektionsmittel-fuer-mikrowellen-nanocleanac8-home","status":"publish","type":"product","link":"https:\/\/www.nanoclean-air.com\/de\/product\/reinigungs-und-desinfektionsmittel-fuer-mikrowellen-nanocleanac8-home\/","title":{"rendered":"Reinigungs- und Desinfektionsmittel f\u00fcr Mikrowellen NANOCLEAN\u00aeAC8 Home"},"content":{"rendered":"<h3>EINZIGARTIGE EIGENSCHAFTEN:<\/h3>\n<p>&#8211; Innovative Formel ohne Chlor und ohne Alkohol: Funktioniert ohne sch\u00e4dliche D\u00e4mpfe, sicher f\u00fcr die Gesundheit.<\/p>\n<p>&#8211; Geruchlos oder sanfter Blumenduft: W\u00e4hlen Sie eine geruchslose Version oder einen dezenten Blumenduft f\u00fcr zus\u00e4tzliche Frische.<\/p>\n<p>&#8211; Beseitigung von Schimmel und Bakterien: Das vollst\u00e4ndige Biozid-Spektrum ist die einzige L\u00f6sung auf dem Markt, die Bakterien, Viren, Pilze, Schimmel, Sporen und Mykobakterien effektiv beseitigt und das h\u00f6chste Ma\u00df an Hygiene gew\u00e4hrleistet.<\/p>\n<p>&#8211; Sicher f\u00fcr Kunststoffe, Dichtungen und Metalle: Eine speziell f\u00fcr empfindliche Mikrowellenkomponenten entwickelte Formel, ohne das Risiko von Besch\u00e4digungen.<\/p>\n<h3>ANWENDUNGSVORTEILE:<\/h3>\n<p>&#8211; Sofortige Geruchsneutralisation: Beseitigt alle unangenehmen Ger\u00fcche und hinterl\u00e4sst die Mikrowelle frisch und gebrauchsfertig.<\/p>\n<p>&#8211; Effektive Reinigung: Entfernt effektiv Fett, Speisereste und Ablagerungen und sorgt f\u00fcr die Sauberkeit aller Mikrowellenkomponenten.<\/p>\n<p>&#8211; Schimmelentfernung und Desinfektion: Die umfassende Formel sorgt in einem Schritt f\u00fcr die vollst\u00e4ndige Schimmelentfernung und Desinfektion und beseitigt biologische Gefahren.<\/p>\n<p>&#8211; Schutz vor Schimmel: Bildet eine Schutzbarriere, die das Wachstum von Schimmel und Mikroorganismen verhindert und eine lang anhaltende Hygiene gew\u00e4hrleistet, auch wenn das Ger\u00e4t l\u00e4ngere Zeit nicht benutzt wird.<\/p>\n<h3>ANWENDUNGSHINWEISE:<\/h3>\n<ol>\n<li>Hinweis: Befolgen Sie stets die Anweisungen des Mikrowellenherstellers.<\/li>\n<li>Leeren Sie die Mikrowelle, indem Sie alle Teller und Zubeh\u00f6rteile entfernen.<\/li>\n<li>Spr\u00fchen Sie NANOCLEAN AC8 ZUR REINIGUNG DER MIKROWELLE auf alle Innenfl\u00e4chen, einschlie\u00dflich des Drehtellers, der Kammer und der T\u00fcrdichtungen, und warten Sie 5-15 Minuten, um alle Oberfl\u00e4chen zu desinfizieren.<\/li>\n<li>Spr\u00fchen Sie ein Mikrofasertuch und wischen Sie alle bespr\u00fchten Oberfl\u00e4chen ab.<\/li>\n<li>Reinigen Sie den Drehteller und andere abnehmbare Teile mit einer B\u00fcrste oder einem Schwamm und sp\u00fclen Sie sie unter flie\u00dfendem Wasser ab.<\/li>\n<li>Bauen Sie die gereinigten Teile wieder in die Mikrowelle ein.<\/li>\n<li>Schalten Sie die Mikrowelle f\u00fcr einen kurzen Zyklus ohne Essen ein, um den Reinigungs- und Desinfektionsprozess abzuschlie\u00dfen.<\/li>\n<\/ol>\n<p>Hinweis: NANOCLEAN AC8 ist auch in Notf\u00e4llen wirksam. Es beseitigt sofort unangenehme Ger\u00fcche, reinigt und desinfiziert, wenn die Mikrowelle durch Speisereste oder Schimmel infolge unsachgem\u00e4\u00dfer Nutzung verunreinigt wurde.<\/p>\n<p>Biozidprodukte sind mit Vorsicht zu verwenden. Lesen Sie vor der Verwendung stets das Etikett und die Produktinformationen.<\/p>\n<h3>ZULASSUNGEN:<\/h3>\n<p>&#8211; Zulassung f\u00fcr den Handel mit einem Biozidprodukt: Nr. 7406\/18.<\/p>\n<p>&#8211; PZH-Zertifikat: Nr. B.BK.60112.0333.2023.<\/p>\n<p>&#8211; NICHT BRENNBAR: Alkoholfreie, wasserbasierte Formel, nicht brennbar, frei von S\u00e4uren, Phenolen und organischen L\u00f6sungsmitteln.<\/p>\n","protected":false},"excerpt":{"rendered":"<h3><strong>NANOCLEAN AC8 F\u00dcR MIKROWELLEN<\/strong><br \/>\nUmfassende Pflege und Hygiene f\u00fcr Ihre Mikrowelle<\/h3>\n<p>5-in-1: Reinigung, Auffrischung, Schimmelentfernung, Desinfektion, Schutz<\/p>\n<p>Entdecken Sie NANOCLEAN AC8 F\u00dcR MIKROWELLEN, ein innovatives 5-in-1-Produkt, das umfassende Pflege f\u00fcr Ihre Mikrowelle bietet. Dieses au\u00dfergew\u00f6hnliche Produkt reinigt, frischt auf, entfernt Schimmel, desinfiziert und sch\u00fctzt vor Schimmelbildung und unangenehmen Ger\u00fcchen und sorgt so f\u00fcr makellose Sauberkeit und Hygiene.<\/p>\n","protected":false},"featured_media":8579,"comment_status":"open","ping_status":"closed","template":"","meta":[],"product_brand":[],"product_cat":[158],"product_tag":[],"class_list":{"0":"post-8458","1":"product","2":"type-product","3":"status-publish","4":"has-post-thumbnail","6":"product_cat-zuhause","8":"first","9":"instock","10":"taxable","11":"shipping-taxable","12":"product-type-simple"},"_links":{"self":[{"href":"https:\/\/www.nanoclean-air.com\/de\/wp-json\/wp\/v2\/product\/8458","targetHints":{"allow":["GET"]}}],"collection":[{"href":"https:\/\/www.nanoclean-air.com\/de\/wp-json\/wp\/v2\/product"}],"about":[{"href":"https:\/\/www.nanoclean-air.com\/de\/wp-json\/wp\/v2\/types\/product"}],"replies":[{"embeddable":true,"href":"https:\/\/www.nanoclean-air.com\/de\/wp-json\/wp\/v2\/comments?post=8458"}],"wp:featuredmedia":[{"embeddable":true,"href":"https:\/\/www.nanoclean-air.com\/de\/wp-json\/wp\/v2\/media\/8579"}],"wp:attachment":[{"href":"https:\/\/www.nanoclean-air.com\/de\/wp-json\/wp\/v2\/media?parent=8458"}],"wp:term":[{"taxonomy":"product_brand","embeddable":true,"href":"https:\/\/www.nanoclean-air.com\/de\/wp-json\/wp\/v2\/product_brand?post=8458"},{"taxonomy":"product_cat","embeddable":true,"href":"https:\/\/www.nanoclean-air.com\/de\/wp-json\/wp\/v2\/product_cat?post=8458"},{"taxonomy":"product_tag","embeddable":true,"href":"https:\/\/www.nanoclean-air.com\/de\/wp-json\/wp\/v2\/product_tag?post=8458"}],"curies":[{"name":"wp","href":"https:\/\/api.w.org\/{rel}","templated":true}]}}