{"id":8461,"date":"2024-05-21T07:49:32","date_gmt":"2024-05-21T05:49:32","guid":{"rendered":"https:\/\/www.nanoclean-air.com\/product\/plyn-czyszczaco-dezynfekujacy-do-suszarki-nanocleanac8-home\/"},"modified":"2024-09-05T07:31:17","modified_gmt":"2024-09-05T05:31:17","slug":"reinigungs-und-desinfektionsmittel-fuer-trockner-nanocleanac8-home","status":"publish","type":"product","link":"https:\/\/www.nanoclean-air.com\/de\/product\/reinigungs-und-desinfektionsmittel-fuer-trockner-nanocleanac8-home\/","title":{"rendered":"Reinigungs- und Desinfektionsmittel f\u00fcr Trockner NANOCLEAN\u00aeAC8 Home"},"content":{"rendered":"<h2><strong>Nanoclean AC8 f\u00fcr Trockner \u2013 Eine Revolution in Sauberkeit und Hygiene<\/strong><\/h2>\n<p><strong>Anwendung:<\/strong><br \/>\n1. Reinigung des Trockners: Nanoclean AC8 entfernt effektiv hartn\u00e4ckige Ablagerungen und Verunreinigungen, die sich im Inneren des Trockners ansammeln, einschlie\u00dflich Stoffreste, Staub und Schmutz, die die Effizienz des Ger\u00e4ts beeintr\u00e4chtigen k\u00f6nnen.<\/p>\n<p>2. Schimmelentfernung: Das Produkt bek\u00e4mpft Schimmel und Pilze, die sich in der feuchten Umgebung des Trockners entwickeln k\u00f6nnen. Die regelm\u00e4\u00dfige Anwendung von Nanoclean AC8 hilft, Schimmelbildung zu verhindern, was f\u00fcr gesunde Trocknungsbedingungen entscheidend ist.<\/p>\n<p>3. Desinfektion: Nanoclean AC8 hat starke antibakterielle Eigenschaften, die Bakterien und Mikroorganismen eliminieren, die Ihre Kleidung verunreinigen und ihre Frische beeintr\u00e4chtigen k\u00f6nnen. Dies ist besonders wichtig f\u00fcr die Hygiene der Kleidung.<\/p>\n<p>4. Geruchsbeseitigung: Das Produkt neutralisiert unangenehme Ger\u00fcche, wie z. B. den Geruch von Moder, und hinterl\u00e4sst das Innere des Trockners frisch und angenehm.<\/p>\n<p>5. Sichere Formel: Dank seiner alkoholfreien Formel ist Nanoclean AC8 sicher f\u00fcr alle Trocknerkomponenten und die Kleidung, sodass Sie es ohne Bedenken verwenden k\u00f6nnen, dass Ihre Kleidung mit sch\u00e4dlichen Substanzen kontaminiert wird.<\/p>\n<p><strong>Anwendungsanleitung:<\/strong><br \/>\n1. Vorbereitung: Stellen Sie sicher, dass der Trockner leer ist, bevor Sie mit der Reinigung beginnen.<br \/>\n2. Anwendung: Spr\u00fchen Sie das Produkt auf die Trommel und den Verdampfer\/Kondensator des Trockners.<br \/>\n3. Einwirken lassen: Lassen Sie das Produkt 15 Minuten einwirken, damit es tief eindringen und effektiv wirken kann.<br \/>\n4. Reinigung: Wischen Sie alle bespr\u00fchten Oberfl\u00e4chen mit einem feuchten Tuch oder Schwamm ab und entfernen Sie Produktreste und Verunreinigungen.<br \/>\n5. Trocknen: Lassen Sie das Innere des Trockners gut trocknen, bevor Sie ihn wieder verwenden, um hygienische Trocknungsbedingungen f\u00fcr Ihre Kleidung zu gew\u00e4hrleisten.<\/p>\n<p>Nanoclean AC8 ist eine unverzichtbare L\u00f6sung zur Aufrechterhaltung der Sauberkeit und Hygiene Ihres Trockners. Die regelm\u00e4\u00dfige Anwendung dieses Produkts sorgt f\u00fcr lang anhaltende Frische, Sicherheit und hygienische Trocknungsbedingungen, was zu sauberen und wohlriechenden Kleidungsst\u00fccken f\u00fchrt.<\/p>\n<p>Biozidprodukte sollten mit Vorsicht verwendet werden. Lesen Sie vor jeder Verwendung das Etikett und die Produktinformationen.<\/p>\n","protected":false},"excerpt":{"rendered":"<h3>Nanoclean AC8 f\u00fcr Trockner<\/h3>\n<p>Nanoclean AC8 ist eine fortschrittliche L\u00f6sung zur Reinigung, Schimmelentfernung und Desinfektion von Trocknern. Seine spezialisierte Formel wurde entwickelt, um hartn\u00e4ckige Ablagerungen, Schimmel, Bakterien und unangenehme Ger\u00fcche effektiv zu entfernen und so eine langanhaltende Frische Ihres Trockners zu gew\u00e4hrleisten. Das Produkt zeichnet sich durch eine sichere, alkoholfreie Formel aus, die f\u00fcr den Kontakt mit Kleidung geeignet ist, sodass Sie sicher sein k\u00f6nnen, dass Ihre Kleidung unter hygienischen Bedingungen getrocknet wird.<\/p>\n","protected":false},"featured_media":8571,"comment_status":"open","ping_status":"closed","template":"","meta":[],"product_brand":[],"product_cat":[158],"product_tag":[],"class_list":{"0":"post-8461","1":"product","2":"type-product","3":"status-publish","4":"has-post-thumbnail","6":"product_cat-zuhause","8":"first","9":"instock","10":"taxable","11":"shipping-taxable","12":"product-type-simple"},"_links":{"self":[{"href":"https:\/\/www.nanoclean-air.com\/de\/wp-json\/wp\/v2\/product\/8461","targetHints":{"allow":["GET"]}}],"collection":[{"href":"https:\/\/www.nanoclean-air.com\/de\/wp-json\/wp\/v2\/product"}],"about":[{"href":"https:\/\/www.nanoclean-air.com\/de\/wp-json\/wp\/v2\/types\/product"}],"replies":[{"embeddable":true,"href":"https:\/\/www.nanoclean-air.com\/de\/wp-json\/wp\/v2\/comments?post=8461"}],"wp:featuredmedia":[{"embeddable":true,"href":"https:\/\/www.nanoclean-air.com\/de\/wp-json\/wp\/v2\/media\/8571"}],"wp:attachment":[{"href":"https:\/\/www.nanoclean-air.com\/de\/wp-json\/wp\/v2\/media?parent=8461"}],"wp:term":[{"taxonomy":"product_brand","embeddable":true,"href":"https:\/\/www.nanoclean-air.com\/de\/wp-json\/wp\/v2\/product_brand?post=8461"},{"taxonomy":"product_cat","embeddable":true,"href":"https:\/\/www.nanoclean-air.com\/de\/wp-json\/wp\/v2\/product_cat?post=8461"},{"taxonomy":"product_tag","embeddable":true,"href":"https:\/\/www.nanoclean-air.com\/de\/wp-json\/wp\/v2\/product_tag?post=8461"}],"curies":[{"name":"wp","href":"https:\/\/api.w.org\/{rel}","templated":true}]}}