{"id":8464,"date":"2024-05-20T13:46:26","date_gmt":"2024-05-20T11:46:26","guid":{"rendered":"https:\/\/www.nanoclean-air.com\/product\/nanoclean-ac8-do-zmywarki\/"},"modified":"2024-09-05T07:36:08","modified_gmt":"2024-09-05T05:36:08","slug":"reinigungs-und-desinfektionsmittel-fuer-geschirrspueler-nanocleanac8-home","status":"publish","type":"product","link":"https:\/\/www.nanoclean-air.com\/de\/product\/reinigungs-und-desinfektionsmittel-fuer-geschirrspueler-nanocleanac8-home\/","title":{"rendered":"Reinigungs- und Desinfektionsmittel f\u00fcr Geschirrsp\u00fcler NANOCLEAN\u00aeAC8 Home"},"content":{"rendered":"<h2>Nanoclean AC8 f\u00fcr Geschirrsp\u00fcler \u2013 Eine Revolution in Sauberkeit und Hygiene<\/h2>\n<p><strong>Anwendung:<\/strong><br \/>\n1. Reinigung des Geschirrsp\u00fclers: Nanoclean AC8 entfernt effektiv hartn\u00e4ckige Ablagerungen und Verunreinigungen, die sich im Inneren des Geschirrsp\u00fclers ansammeln, einschlie\u00dflich Speisereste, Kalk und Fett, die die Effizienz des Ger\u00e4ts verringern k\u00f6nnen.<\/p>\n<p>2. Schimmelentfernung: Das Produkt bek\u00e4mpft Schimmel und Pilze, die sich in der feuchten Umgebung des Geschirrsp\u00fclers entwickeln k\u00f6nnen. Die regelm\u00e4\u00dfige Verwendung von Nanoclean AC8 hilft, die Schimmelbildung zu verhindern, was entscheidend f\u00fcr gesunde Sp\u00fclbedingungen ist.<\/p>\n<p>3. Desinfektion: Nanoclean AC8 hat starke antibakterielle Eigenschaften, die Bakterien und Mikroorganismen eliminieren, die Ihr Geschirr verunreinigen und dessen Frische beeintr\u00e4chtigen k\u00f6nnen. Dies ist besonders wichtig f\u00fcr die Hygiene von Geschirr und Besteck.<\/p>\n<p>4. Geruchsbeseitigung: Das Produkt neutralisiert unangenehme Ger\u00fcche, wie z. B. Moder- oder Speisereste-Ger\u00fcche, und hinterl\u00e4sst das Innere des Geschirrsp\u00fclers frisch und angenehm.<\/p>\n<p>5. Sichere Formel: Dank seiner alkoholfreien Formel ist Nanoclean AC8 sicher f\u00fcr alle Komponenten des Geschirrsp\u00fclers und f\u00fcr das Geschirr, was bedeutet, dass Sie es verwenden k\u00f6nnen, ohne sich Sorgen zu machen, dass Ihr Geschirr mit sch\u00e4dlichen Substanzen kontaminiert wird.<\/p>\n<p><strong>Anwendungsanleitung:<\/strong><br \/>\n1. Hinweis: Befolgen Sie immer die Anweisungen des Herstellers des Geschirrsp\u00fclers.<br \/>\n2. Leeren Sie den Geschirrsp\u00fcler, entfernen Sie den Filter und andere abnehmbare Teile, die gereinigt werden m\u00fcssen.<br \/>\n3. Spr\u00fchen Sie NANOCLEAN AIR F\u00dcR GESCHIRRSP\u00dcLER auf alle Oberfl\u00e4chen im Inneren des Geschirrsp\u00fclers sowie auf die abnehmbaren Teile, Filter, K\u00f6rbe, Schubladen usw. und lassen Sie es 5-15 Minuten einwirken, um alle Oberfl\u00e4chen zu desinfizieren.<br \/>\n4. Spr\u00fchen Sie ein Mikrofasertuch und wischen Sie die Dichtungen und die T\u00fcrkanten des Geschirrsp\u00fclers ab.<br \/>\n5. Reinigen Sie die Filter manuell mit einer Geschirrb\u00fcrste oder einem Schwamm und sp\u00fclen Sie sie unter flie\u00dfendem Wasser ab.<br \/>\n6. Setzen Sie den gereinigten Filter und andere abgenommene Teile wieder in den Geschirrsp\u00fcler ein.<br \/>\n7. F\u00fchren Sie einen kurzen Sp\u00fclzyklus durch, und fertig.<\/p>\n<p>Nanoclean AC8 ist eine unverzichtbare L\u00f6sung zur Aufrechterhaltung der Sauberkeit und Hygiene Ihres Geschirrsp\u00fclers. Die regelm\u00e4\u00dfige Anwendung dieses Produkts sorgt f\u00fcr lang anhaltende Frische, Sicherheit und hygienische Sp\u00fclbedingungen, was zu sauberem und frisch riechendem Geschirr f\u00fchrt.<\/p>\n<p>Biozidprodukte sollten mit Vorsicht verwendet werden. Lesen Sie vor jeder Anwendung das Etikett und die Produktinformationen.<\/p>\n","protected":false},"excerpt":{"rendered":"<h3>Nanoclean AC8 f\u00fcr Geschirrsp\u00fcler<\/h3>\n<p>Nanoclean AC8 ist eine fortschrittliche L\u00f6sung zur Reinigung, Schimmelentfernung und Desinfektion von Geschirrsp\u00fclern. Seine spezialisierte Formel wurde entwickelt, um hartn\u00e4ckige Ablagerungen, Schimmel, Bakterien und unangenehme Ger\u00fcche effektiv zu entfernen und so die langanhaltende Frische Ihres Geschirrsp\u00fclers zu gew\u00e4hrleisten. Das Produkt zeichnet sich durch eine sichere, alkoholfreie Formel aus, die f\u00fcr den Kontakt mit Geschirr geeignet ist, sodass Sie sicher sein k\u00f6nnen, dass Ihr Geschirr unter hygienischen Bedingungen gesp\u00fclt wird.<\/p>\n","protected":false},"featured_media":8559,"comment_status":"open","ping_status":"closed","template":"","meta":[],"product_brand":[],"product_cat":[158],"product_tag":[],"class_list":{"0":"post-8464","1":"product","2":"type-product","3":"status-publish","4":"has-post-thumbnail","6":"product_cat-zuhause","8":"first","9":"instock","10":"taxable","11":"shipping-taxable","12":"product-type-simple"},"_links":{"self":[{"href":"https:\/\/www.nanoclean-air.com\/de\/wp-json\/wp\/v2\/product\/8464","targetHints":{"allow":["GET"]}}],"collection":[{"href":"https:\/\/www.nanoclean-air.com\/de\/wp-json\/wp\/v2\/product"}],"about":[{"href":"https:\/\/www.nanoclean-air.com\/de\/wp-json\/wp\/v2\/types\/product"}],"replies":[{"embeddable":true,"href":"https:\/\/www.nanoclean-air.com\/de\/wp-json\/wp\/v2\/comments?post=8464"}],"wp:featuredmedia":[{"embeddable":true,"href":"https:\/\/www.nanoclean-air.com\/de\/wp-json\/wp\/v2\/media\/8559"}],"wp:attachment":[{"href":"https:\/\/www.nanoclean-air.com\/de\/wp-json\/wp\/v2\/media?parent=8464"}],"wp:term":[{"taxonomy":"product_brand","embeddable":true,"href":"https:\/\/www.nanoclean-air.com\/de\/wp-json\/wp\/v2\/product_brand?post=8464"},{"taxonomy":"product_cat","embeddable":true,"href":"https:\/\/www.nanoclean-air.com\/de\/wp-json\/wp\/v2\/product_cat?post=8464"},{"taxonomy":"product_tag","embeddable":true,"href":"https:\/\/www.nanoclean-air.com\/de\/wp-json\/wp\/v2\/product_tag?post=8464"}],"curies":[{"name":"wp","href":"https:\/\/api.w.org\/{rel}","templated":true}]}}