{"id":8855,"date":"2024-11-13T14:02:42","date_gmt":"2024-11-13T13:02:42","guid":{"rendered":"https:\/\/www.nanoclean-air.com\/?post_type=product&#038;p=8855"},"modified":"2024-11-13T14:08:29","modified_gmt":"2024-11-13T13:08:29","slug":"nanoclean-gas-leak-detector-500ml-aerosol","status":"publish","type":"product","link":"https:\/\/www.nanoclean-air.com\/de\/product\/nanoclean-gas-leak-detector-500ml-aerosol\/","title":{"rendered":"NANOCLEAN GAS LEAK DETECTOR &#8211; 500ml Aerosol"},"content":{"rendered":"<p><strong>Hauptmerkmale:<\/strong><\/p>\n<ul>\n<li><strong>Hochwirksam:<\/strong> Lokalisiert Lecks pr\u00e4zise, auch die kleinsten (&lt;7 mBar).<\/li>\n<li><strong>Vielseitig einsetzbar:<\/strong> Ideal f\u00fcr den Einsatz in Gas-, Pneumatik-, Automobil-, K\u00fchl- und Industrieinstallationen, einschlie\u00dflich Energie-, Bergbau-, Automobil-, Bau-, Schiffbau-, Papier- und Chemieindustrie.<\/li>\n<li><strong>Benutzerfreundliches Aerosol:<\/strong> Der praktische 360\u00b0-Ventil erm\u00f6glicht die Anwendung in jeder Position, was Flexibilit\u00e4t f\u00fcr alle Anwendungen gew\u00e4hrleistet.<\/li>\n<li><strong>Ungiftig &amp; nicht korrosiv:<\/strong> Sicher sowohl f\u00fcr den Anwender als auch f\u00fcr die Ausr\u00fcstung, ohne sch\u00e4dliche oder korrosive Auswirkungen.<\/li>\n<li><strong>Umweltfreundlich:<\/strong> Das Treibgas ist umweltfreundlich und unbedenklich.<\/li>\n<li><strong>Nicht entz\u00fcndlich &amp; nicht reizend:<\/strong> Die Formel ist sicher in verschiedenen Umgebungen zu verwenden, ohne Risiko einer Entz\u00fcndung oder Reizung.<\/li>\n<li><strong>DVGW-konform:<\/strong> Entspricht den h\u00f6chsten Industriestandards f\u00fcr Gassicherheit.<\/li>\n<\/ul>\n<p><strong>Anwendungshinweise:<\/strong><\/p>\n<ol>\n<li>Sch\u00fctteln Sie die Aerosdose gut vor der Anwendung.<\/li>\n<li>Spr\u00fchen Sie aus einem Abstand von 15-30 cm auf die zu pr\u00fcfenden Bereiche.<\/li>\n<li>An der Stelle des Lecks bilden sich Blasen, die den Ort des Gaslecks deutlich anzeigen.<\/li>\n<li>Das spezielle 360\u00b0-Ventil gew\u00e4hrleistet eine multidirektionale Anwendung bei unterschiedlichen Dr\u00fccken und aus verschiedenen Entfernungen.<\/li>\n<\/ol>\n<p>Egal, ob f\u00fcr Industrieanlagen, Automobilsysteme oder K\u00fchlger\u00e4te \u2013 der NANOCLEAN GAS LEAK DETECTOR bietet eine schnelle, effiziente und umweltfreundliche L\u00f6sung zur Gaslecksuche.<\/p>\n","protected":false},"excerpt":{"rendered":"<p>Sichern Sie die Sicherheit und Effizienz Ihrer Gas-, Pneumatik- und K\u00fchlsysteme mit dem NANOCLEAN GAS LEAK DETECTOR. Dieses leistungsstarke Lecksuchspray wurde entwickelt, um selbst die kleinsten Gasleckagen schnell und pr\u00e4zise zu identifizieren, und eignet sich f\u00fcr eine Vielzahl von industriellen, automobilen und K\u00fchlanwendungen. Egal, ob Sie Rohre, Verbindungen, Ventile, Kompressoren, Klimaanlagen oder industrielle Ger\u00e4te \u00fcberpr\u00fcfen \u2013 dieses benutzerfreundliche Aerosolspray bietet eine effektive L\u00f6sung zur Erkennung von Lecks bis zu &lt;7 mbar.<\/p>\n","protected":false},"featured_media":8676,"comment_status":"closed","ping_status":"closed","template":"","meta":[],"product_brand":[],"product_cat":[160],"product_tag":[],"class_list":{"0":"post-8855","1":"product","2":"type-product","3":"status-publish","4":"has-post-thumbnail","6":"product_cat-hvac-de","8":"first","9":"instock","10":"taxable","11":"shipping-taxable","12":"product-type-simple"},"_links":{"self":[{"href":"https:\/\/www.nanoclean-air.com\/de\/wp-json\/wp\/v2\/product\/8855","targetHints":{"allow":["GET"]}}],"collection":[{"href":"https:\/\/www.nanoclean-air.com\/de\/wp-json\/wp\/v2\/product"}],"about":[{"href":"https:\/\/www.nanoclean-air.com\/de\/wp-json\/wp\/v2\/types\/product"}],"replies":[{"embeddable":true,"href":"https:\/\/www.nanoclean-air.com\/de\/wp-json\/wp\/v2\/comments?post=8855"}],"wp:featuredmedia":[{"embeddable":true,"href":"https:\/\/www.nanoclean-air.com\/de\/wp-json\/wp\/v2\/media\/8676"}],"wp:attachment":[{"href":"https:\/\/www.nanoclean-air.com\/de\/wp-json\/wp\/v2\/media?parent=8855"}],"wp:term":[{"taxonomy":"product_brand","embeddable":true,"href":"https:\/\/www.nanoclean-air.com\/de\/wp-json\/wp\/v2\/product_brand?post=8855"},{"taxonomy":"product_cat","embeddable":true,"href":"https:\/\/www.nanoclean-air.com\/de\/wp-json\/wp\/v2\/product_cat?post=8855"},{"taxonomy":"product_tag","embeddable":true,"href":"https:\/\/www.nanoclean-air.com\/de\/wp-json\/wp\/v2\/product_tag?post=8855"}],"curies":[{"name":"wp","href":"https:\/\/api.w.org\/{rel}","templated":true}]}}