{"id":8899,"date":"2024-11-13T14:42:45","date_gmt":"2024-11-13T13:42:45","guid":{"rendered":"https:\/\/www.nanoclean-air.com\/?post_type=product&#038;p=8899"},"modified":"2024-11-13T14:47:21","modified_gmt":"2024-11-13T13:47:21","slug":"nanoclean-ac-foamclean-rtu-fertig-zum-einsatz-aktiver-schaumreiniger","status":"publish","type":"product","link":"https:\/\/www.nanoclean-air.com\/de\/product\/nanoclean-ac-foamclean-rtu-fertig-zum-einsatz-aktiver-schaumreiniger\/","title":{"rendered":"NANOCLEAN AC FOAMCLEAN RTU \u2013 Fertig Zum Einsatz Aktiver Schaumreiniger"},"content":{"rendered":"<p><strong>Hauptmerkmale:<\/strong><\/p>\n<ul>\n<li><strong>Leistungsstarke Reinigungswirkung:<\/strong> Entfernt effektiv Fett, \u00d6le, Wachse, Fette, Stra\u00dfen- und Bahnschmutz, Harz, Tinte, getrocknete Flecken, bitumin\u00f6se Verunreinigungen, Tabakreste, Blut, Moos, Bl\u00e4tter, Gras und mehr.<\/li>\n<li><strong>Vielseitige Anwendungen:<\/strong> Ideal zur Reinigung von Klimaanlagen (Kondensatoren), W\u00e4rmetauschern, L\u00fcftungskan\u00e4len, L\u00fcfteranlagen, Luftverteilungssystemen, Tropfschalen und anderen mechanischen Teilen. Auch hervorragend geeignet zur Reinigung von Transportfl\u00e4chen in Fahrzeugen (Lkw, Autos, Lokomotiven, Z\u00fcge) sowie industriellen Maschinen, um ein makelloses Finish zu erzielen.<\/li>\n<li><strong>Dringt ein und l\u00f6st Verunreinigungen:<\/strong> Der aktive Schaum dringt tief ein, baut hartn\u00e4ckigen Schmutz und R\u00fcckst\u00e4nde ab und l\u00f6st sie auf, was ihn ideal f\u00fcr eine leistungsstarke Reinigung ohne Schrubben macht.<\/li>\n<li><strong>Sicher f\u00fcr verschiedene Oberfl\u00e4chen:<\/strong> Kompatibel mit verschiedenen Materialien, einschlie\u00dflich lackierter Oberfl\u00e4chen, Kunststoffen, Elastomeren, Stoffen, Holz, Keramik, Metallen (einschlie\u00dflich Aluminium- und Kupferlegierungen, vorausgesetzt, sie werden nach der Reinigung mit Wasser abgesp\u00fclt) und mehr.<\/li>\n<li><strong>Nicht tropfende Formel:<\/strong> Der hochadh\u00e4sive Schaum haftet bis zu 5 Minuten an vertikalen Oberfl\u00e4chen und erm\u00f6glicht so eine effektivere, kontaktlose Reinigung.<\/li>\n<li><strong>Umweltfreundlich:<\/strong> Biologisch abbaubar gem\u00e4\u00df den OECD-Richtlinien.<\/li>\n<li><strong>Wirtschaftlich und effizient:<\/strong> Eine \u00e4u\u00dferst wirtschaftliche L\u00f6sung, die nur minimale Produktmengen f\u00fcr maximale Ergebnisse ben\u00f6tigt.<\/li>\n<\/ul>\n<p><strong>Anwendungen:<\/strong><\/p>\n<ul>\n<li>Perfekt zur Reinigung von externen Klimaanlagen wie Kondensatoren und Verdampfern.<\/li>\n<li>Ideal f\u00fcr die Reinigung von K\u00fcchen, Bars, L\u00fcftungskan\u00e4len in der Lebensmittelindustrie sowie von industriellen Ger\u00e4ten wie Luftfiltern, mechanischen Teilen und L\u00fcftern.<\/li>\n<li>Empfohlen zur Reinigung von Transportfahrzeugen wie Lkw, Z\u00fcgen, Lokomotiven und Bussen.<\/li>\n<li>Effektiv bei der Entfernung von organischen und industriellen Flecken von B\u00f6den, W\u00e4nden und sogar D\u00e4chern.<\/li>\n<\/ul>\n<p><strong>Anwendungshinweise:<\/strong><\/p>\n<ol>\n<li>Direkt auf die zu reinigende Oberfl\u00e4che spr\u00fchen.<\/li>\n<li>Lassen Sie den Schaum 3-5 Minuten einwirken, um die Verunreinigungen abzubauen.<\/li>\n<li>Bei manueller Reinigung verwenden Sie die mitgelieferte Schaumd\u00fcse, um den Schaum an Ort und Stelle zu halten.<\/li>\n<li>Nach der Einwirkzeit mit Hochdruckwasser absp\u00fclen. Bei Bedarf wiederholen.<\/li>\n<\/ol>\n<p><strong>Sicherheit:<\/strong> Tragen Sie je nach Aufgabe geeignete Schutzkleidung. Konsultieren Sie immer das Sicherheitsdatenblatt (SDS) vor der Anwendung.<\/p>\n<p><strong>NANOCLEAN AC FOAMCLEAN RTU<\/strong> ist Ihre L\u00f6sung f\u00fcr \u00fcberlegene, sichere und effiziente Reinigung, die au\u00dfergew\u00f6hnliche Ergebnisse mit minimalem Aufwand liefert!<\/p>\n","protected":false},"excerpt":{"rendered":"<p>NANOCLEAN AC FOAMCLEAN RTU ist ein leistungsstarker, gebrauchsfertiger alkalischer Schaumreiniger, der f\u00fcr anspruchsvolle Reinigungsanwendungen entwickelt wurde. Er eignet sich perfekt f\u00fcr die Reinigung einer Vielzahl von Oberfl\u00e4chen und Ger\u00e4ten in Branchen wie HVAC, Automobil, Lebensmittelservice und mehr. Dieser hochwirksame Reiniger entfernt selbst die hartn\u00e4ckigsten Verunreinigungen.<\/p>\n","protected":false},"featured_media":8644,"comment_status":"closed","ping_status":"closed","template":"","meta":[],"product_brand":[],"product_cat":[160],"product_tag":[],"class_list":{"0":"post-8899","1":"product","2":"type-product","3":"status-publish","4":"has-post-thumbnail","6":"product_cat-hvac-de","8":"first","9":"instock","10":"taxable","11":"shipping-taxable","12":"product-type-simple"},"_links":{"self":[{"href":"https:\/\/www.nanoclean-air.com\/de\/wp-json\/wp\/v2\/product\/8899","targetHints":{"allow":["GET"]}}],"collection":[{"href":"https:\/\/www.nanoclean-air.com\/de\/wp-json\/wp\/v2\/product"}],"about":[{"href":"https:\/\/www.nanoclean-air.com\/de\/wp-json\/wp\/v2\/types\/product"}],"replies":[{"embeddable":true,"href":"https:\/\/www.nanoclean-air.com\/de\/wp-json\/wp\/v2\/comments?post=8899"}],"wp:featuredmedia":[{"embeddable":true,"href":"https:\/\/www.nanoclean-air.com\/de\/wp-json\/wp\/v2\/media\/8644"}],"wp:attachment":[{"href":"https:\/\/www.nanoclean-air.com\/de\/wp-json\/wp\/v2\/media?parent=8899"}],"wp:term":[{"taxonomy":"product_brand","embeddable":true,"href":"https:\/\/www.nanoclean-air.com\/de\/wp-json\/wp\/v2\/product_brand?post=8899"},{"taxonomy":"product_cat","embeddable":true,"href":"https:\/\/www.nanoclean-air.com\/de\/wp-json\/wp\/v2\/product_cat?post=8899"},{"taxonomy":"product_tag","embeddable":true,"href":"https:\/\/www.nanoclean-air.com\/de\/wp-json\/wp\/v2\/product_tag?post=8899"}],"curies":[{"name":"wp","href":"https:\/\/api.w.org\/{rel}","templated":true}]}}