{"id":8975,"date":"2024-11-13T15:23:14","date_gmt":"2024-11-13T14:23:14","guid":{"rendered":"https:\/\/www.nanoclean-air.com\/?post_type=product&#038;p=8975"},"modified":"2024-11-13T15:26:19","modified_gmt":"2024-11-13T14:26:19","slug":"nanoclean-pv-new-konzentrat-fuer-die-reinigung-von-solar-und-photovoltaikanlagen","status":"publish","type":"product","link":"https:\/\/www.nanoclean-air.com\/de\/product\/nanoclean-pv-new-konzentrat-fuer-die-reinigung-von-solar-und-photovoltaikanlagen\/","title":{"rendered":"NANOCLEAN PV NEW \u2013 Konzentrat f\u00fcr die Reinigung von Solar- und Photovoltaikanlagen"},"content":{"rendered":"<p><strong>Wichtige Eigenschaften:<\/strong><\/p>\n<ul>\n<li><strong>Hocheffektive Reinigung:<\/strong> NANOCLEAN PV NEW dringt tief in Verschmutzungen ein, l\u00f6st und entfernt sie vollst\u00e4ndig und sorgt f\u00fcr eine streifenfreie Oberfl\u00e4che.<\/li>\n<li><strong>Sch\u00fctzende, hydrophobe Schicht:<\/strong> Bildet eine unsichtbare Schutzschicht auf allen lackierten Oberfl\u00e4chen, die Wasserablagerungen verhindert und die Anziehung von Staub reduziert. Diese elektrostatische Schutzwirkung h\u00e4lt Ihre Module l\u00e4nger sauber.<\/li>\n<li><strong>Maximale Lichtdurchl\u00e4ssigkeit:<\/strong> Garantiert 100% Lichtdurchl\u00e4ssigkeit und sorgt daf\u00fcr, dass Ihre Module stets optimal arbeiten.<\/li>\n<li><strong>Sicher und schonend:<\/strong> Geeignet f\u00fcr Aluminium, Nichteisenmetalle und alle Arten von Solar- und Photovoltaikmodulen, einschlie\u00dflich Glas-, Kunststoff- und Keramikoberfl\u00e4chen. Verursacht weder Korrosion noch Verf\u00e4rbungen, ideal f\u00fcr die regelm\u00e4\u00dfige Anwendung.<\/li>\n<li><strong>Universell anwendbar:<\/strong> Ideal f\u00fcr Solarmodule, D\u00e4cher, Fassaden, Fenster, Z\u00e4une und sogar Einfahrten \u2013 eine vielseitige L\u00f6sung f\u00fcr die Reinigung verschiedener Oberfl\u00e4chen.<\/li>\n<li><strong>Biologisch abbaubar und umweltfreundlich:<\/strong> Entspricht den OECD-Biodegradabilit\u00e4tsstandards und ist eine sichere, umweltbewusste Wahl.<\/li>\n<\/ul>\n<p><strong>Anwendungshinweise:<\/strong><\/p>\n<ul>\n<li><strong>Starke Verschmutzungen:<\/strong> Bei hartn\u00e4ckigen Verschmutzungen mit einer Konzentration von 5% (1:20) mischen.<\/li>\n<li><strong>Regelm\u00e4\u00dfige Reinigung:<\/strong> F\u00fcr die regelm\u00e4\u00dfige Wartung mit 1% (1:100) verd\u00fcnnen.<\/li>\n<li><strong>Anwendungsmethoden:<\/strong> Kann mit Hochdruckreinigern, Spr\u00fchger\u00e4ten, durch Eintauchen, manuelles Wischen oder sanftes B\u00fcrsten aufgetragen werden.<\/li>\n<li><strong>Abschlie\u00dfendes Absp\u00fclen:<\/strong> Nach der Anwendung stets mit sauberem Wasser absp\u00fclen und das Produkt nicht auf der Oberfl\u00e4che trocknen lassen, um beste Ergebnisse zu erzielen.<\/li>\n<\/ul>\n<p>Perfekt f\u00fcr Fachleute: NANOCLEAN PV NEW wird h\u00e4ufig von Dienstleistungsunternehmen in den Bereichen Solar-, Automobil- und Industrieanwendungen eingesetzt, um \u00d6le, Fette, Stra\u00dfenschmutz und andere Verunreinigungen zu entfernen. Ob f\u00fcr eine schnelle Reinigung oder eine intensive Tiefenreinigung \u2013 dieses vielseitige Reinigungsmittel ist die ideale L\u00f6sung zur Erhaltung der Effizienz und Langlebigkeit Ihrer Solarmodule.<\/p>\n<p><strong>Wirtschaftlich und effizient:<\/strong> Dieses Konzentrat ist hoch wirtschaftlich mit Mischverh\u00e4ltnissen von 1% bis 5% je nach Verschmutzungsgrad und bietet eine kosteng\u00fcnstige L\u00f6sung f\u00fcr die regelm\u00e4\u00dfige Reinigung.<\/p>\n<p>Sch\u00fctzen Sie Ihre Solarinvestition mit NANOCLEAN PV NEW \u2013 f\u00fcr Module, die gl\u00e4nzen und stets H\u00f6chstleistungen erbringen!<\/p>\n","protected":false},"excerpt":{"rendered":"<p>Wir pr\u00e4sentieren NANOCLEAN PV NEW, die ultimative Reinigungsl\u00f6sung speziell entwickelt f\u00fcr Solar- und Photovoltaikmodule. Dieses leistungsstarke Superkonzentrat sorgt f\u00fcr eine gr\u00fcndliche, aber schonende Reinigung und entfernt effektiv Staub, Schmutz und hartn\u00e4ckige R\u00fcckst\u00e4nde von Ihren Solarmodulen.<\/p>\n","protected":false},"featured_media":8680,"comment_status":"closed","ping_status":"closed","template":"","meta":[],"product_brand":[],"product_cat":[160],"product_tag":[],"class_list":{"0":"post-8975","1":"product","2":"type-product","3":"status-publish","4":"has-post-thumbnail","6":"product_cat-hvac-de","8":"first","9":"instock","10":"taxable","11":"shipping-taxable","12":"product-type-simple"},"_links":{"self":[{"href":"https:\/\/www.nanoclean-air.com\/de\/wp-json\/wp\/v2\/product\/8975","targetHints":{"allow":["GET"]}}],"collection":[{"href":"https:\/\/www.nanoclean-air.com\/de\/wp-json\/wp\/v2\/product"}],"about":[{"href":"https:\/\/www.nanoclean-air.com\/de\/wp-json\/wp\/v2\/types\/product"}],"replies":[{"embeddable":true,"href":"https:\/\/www.nanoclean-air.com\/de\/wp-json\/wp\/v2\/comments?post=8975"}],"wp:featuredmedia":[{"embeddable":true,"href":"https:\/\/www.nanoclean-air.com\/de\/wp-json\/wp\/v2\/media\/8680"}],"wp:attachment":[{"href":"https:\/\/www.nanoclean-air.com\/de\/wp-json\/wp\/v2\/media?parent=8975"}],"wp:term":[{"taxonomy":"product_brand","embeddable":true,"href":"https:\/\/www.nanoclean-air.com\/de\/wp-json\/wp\/v2\/product_brand?post=8975"},{"taxonomy":"product_cat","embeddable":true,"href":"https:\/\/www.nanoclean-air.com\/de\/wp-json\/wp\/v2\/product_cat?post=8975"},{"taxonomy":"product_tag","embeddable":true,"href":"https:\/\/www.nanoclean-air.com\/de\/wp-json\/wp\/v2\/product_tag?post=8975"}],"curies":[{"name":"wp","href":"https:\/\/api.w.org\/{rel}","templated":true}]}}