{"id":7971,"date":"2021-12-08T12:02:55","date_gmt":"2021-12-08T11:02:55","guid":{"rendered":"https:\/\/www.nanoclean-air.com\/product\/nanoclean-air-pret-a-lemploi-1l-pour-le-nettoyage-le-rafraichissement-la-desenfumage-et-la-desinfection-des-evaporateurs\/"},"modified":"2024-09-02T15:48:44","modified_gmt":"2024-09-02T13:48:44","slug":"nanoclean-air-pret-a-lemploi-1l-pour-le-nettoyage-le-rafraichissement-la-desenfumage-et-la-desinfection-des-evaporateurs","status":"publish","type":"product","link":"https:\/\/www.nanoclean-air.com\/fr\/product\/nanoclean-air-pret-a-lemploi-1l-pour-le-nettoyage-le-rafraichissement-la-desenfumage-et-la-desinfection-des-evaporateurs\/","title":{"rendered":"NANOCLEAN\u00ae AIR Pr\u00eat \u00e0 l&#8217;emploi 1l, pour le nettoyage, le rafra\u00eechissement, la d\u00e9senfumage et la d\u00e9sinfection des \u00e9vaporateurs"},"content":{"rendered":"\n\t<section class=\"section\" id=\"section_1141415569\">\n\t\t<div class=\"section-bg fill\" >\n\t\t\t\t\t\t\t\t\t\n\t\t\t\n\n\t\t<\/div>\n\n\t\t\n\n\t\t<div class=\"section-content relative\">\n\t\t\t\n<div class=\"row\"  id=\"row-1456311214\">\n\n\t<div id=\"col-642705684\" class=\"col medium-7 small-12 large-7\"  >\n\t\t\t\t<div class=\"col-inner\"  >\n\t\t\t\n\t\t\t\n<p><strong>Gr\u00e2ce \u00e0 ses excellentes propri\u00e9t\u00e9s nettoyantes et \u00e0 son spectre biocide complet, il \u00e9limine durablement les mauvaises odeurs. <\/strong><\/p>\n<ul>\n<li>La nouvelle norme pour le nettoyage, le rafra\u00eechissement, la d\u00e9senfumage et la d\u00e9sinfection efficaces de l&#8217;air conditionn\u00e9 dans les voitures et les transports publics.<\/li>\n<li>La d\u00e9sinfection la plus rapide et la plus efficace des \u00e9vaporateurs de climatisation et des int\u00e9rieurs de voiture.<\/li>\n<li>Peut \u00eatre utilis\u00e9 dans les \u00e9quipements \u00e0 ultrasons.<\/li>\n<\/ul>\n<p><strong>D\u00e9sinfection la plus efficace avec un spectre biocide complet en 15 minutes. <\/strong>D\u00e9sinfection contre <em>Legionella pneumophila<\/em> en 1 minute seulement.<\/p>\n<ul>\n<li><strong>Tr\u00e8s efficace &#8211;<\/strong> 500 ml de liquide suffisent pour un vaporisateur<strong>.<\/strong><\/li>\n<li><strong>Stockage et utilisation sans risque d&#8217;incendie<\/strong> &#8211; produit ininflammable \u00e0 base d&#8217;eau.<\/li>\n<li><strong>\u00c9limine efficacement les taches et la salet\u00e9 organique :<\/strong> \u00e9limine les taches de graisse sur les tissus d&#8217;ameublement et les tapis, les moisissures, les champignons, la poussi\u00e8re, la graisse, l&#8217;huile, etc.<\/li>\n<li><strong>M\u00e9thode sp\u00e9cialement d\u00e9velopp\u00e9e pour un<\/strong> nettoyage sous pression efficace des \u00e9vaporateurs \u00e0 l&#8217;aide d&#8217;une lance directionnelle &#8211; AC-69INOX.<\/li>\n<li>Nettoyage, rafra\u00eechissement, d\u00e9senfumage et d\u00e9sinfection efficaces des climatiseurs en un seul processus avec NANOCLEAN\u00ae AIR au lieu de 2 produits.<\/li>\n<li><strong>Remplace la<\/strong> d\u00e9sinfection <strong>\u00e0 l&#8217;ozone de l&#8217;int\u00e9rieur des voitures<\/strong> par un spectre biocide complet par brumisation avec NANOCLEAN\u00ae AIR avec la t\u00eate AC-69FUMI (brouillard sec).<br \/>\nLe temps d&#8217;application est d&#8217;environ<br \/>\n15 &#8211; 30 secondes.<br \/>\nDur\u00e9e de la d\u00e9sinfection : 5 \u00e0 15 minutes.<\/li>\n<li>Autorisation de mise sur le march\u00e9 de produits biocides n\u00b0 7406\/18.<\/li>\n<li>Num\u00e9ro d&#8217;approbation PZH : B.BK.60112.0333.2023.<\/li>\n<li><strong>Efficacit\u00e9 confirm\u00e9e par des tests conformes aux normes europ\u00e9ennes :<\/strong> EN1040, EN13727, EN1276, EN13697, EN13623, EN1275, EN1650, EN14476, EN13704, EN14348.<\/li>\n<li>Distingu\u00e9 par le magazine Auto Expert en 2019 et 2020.<\/li>\n<\/ul>\n<p>Les produits biocides doivent \u00eatre utilis\u00e9s avec pr\u00e9caution.<br \/>\nLisez l&#8217;\u00e9tiquette et les informations sur le produit avant chaque utilisation. <span class=\"scroll-to\" data-label=\"Scroll to: #vid\u00e9o\" data-bullet=\"false\" data-link=\"#vid\u00e9o\" data-title=\"vid\u00e9o\" ><a name=\"vid\u00e9o\"><\/a><\/span>\n\t\t<\/div>\n\t\t\t\t\t<\/div>\n\n\t\n\n\t<div id=\"col-1000777012\" class=\"col medium-5 small-12 large-5\"  >\n\t\t\t\t<div class=\"col-inner\"  >\n\t\t\t\n\t\t\t\n<div class=\"video video-fit mb\" style=\"padding-top:56.25%;\"><p><iframe loading=\"lazy\" title=\"Nanoclean\u00ae AIR + Lanca INOX AC45\" width=\"1020\" height=\"574\" src=\"https:\/\/www.youtube.com\/embed\/NR23rjSDhbQ?feature=oembed\" frameborder=\"0\" allow=\"accelerometer; autoplay; clipboard-write; encrypted-media; gyroscope; picture-in-picture; web-share\" referrerpolicy=\"strict-origin-when-cross-origin\" allowfullscreen><\/iframe><\/p>\n<\/div>\n<div class=\"video video-fit mb\" style=\"padding-top:56.25%;\"><p><iframe loading=\"lazy\" title=\"NANOCLEAN\u00aeAIR + G\u0141OWICA AC-69FUMI\" width=\"1020\" height=\"574\" src=\"https:\/\/www.youtube.com\/embed\/k4hEaLLxWbA?feature=oembed\" frameborder=\"0\" allow=\"accelerometer; autoplay; clipboard-write; encrypted-media; gyroscope; picture-in-picture; web-share\" referrerpolicy=\"strict-origin-when-cross-origin\" allowfullscreen><\/iframe><\/p>\n<\/div>\n\t\t<\/div>\n\t\t\t\t\t<\/div>\n\n\t\n<\/div>\n\t\t<\/div>\n\n\t\t\n<style>\n#section_1141415569 {\n  padding-top: 30px;\n  padding-bottom: 30px;\n}\n<\/style>\n\t<\/section>\n\t\n\n\t<section class=\"section\" id=\"section_277889180\">\n\t\t<div class=\"section-bg fill\" >\n\t\t\t\t\t\t\t\t\t\n\t\t\t\n\n\t\t<\/div>\n\n\t\t\n\n\t\t<div class=\"section-content relative\">\n\t\t\t\n<div class=\"row\"  id=\"row-396799224\">\n\n\t<div id=\"col-1305512068\" class=\"col medium-9 small-12 large-9\"  >\n\t\t\t\t<div class=\"col-inner\"  >\n\t\t\t\n\t\t\t\n<div class=\"video video-fit mb\" style=\"padding-top:56.25%;\"><p><iframe loading=\"lazy\" title=\"Instrukcja przygotowania zestawu NANOCLEAN\u00ae do pracy\" width=\"1020\" height=\"574\" src=\"https:\/\/www.youtube.com\/embed\/U3u6jRqpceM?feature=oembed\" frameborder=\"0\" allow=\"accelerometer; autoplay; clipboard-write; encrypted-media; gyroscope; picture-in-picture; web-share\" referrerpolicy=\"strict-origin-when-cross-origin\" allowfullscreen><\/iframe><\/p>\n<\/div>\n\t\t<\/div>\n\t\t\t\t\t<\/div>\n\n\t\n<\/div>\n\t\t<\/div>\n\n\t\t\n<style>\n#section_277889180 {\n  padding-top: 30px;\n  padding-bottom: 30px;\n}\n<\/style>\n\t<\/section>\n\t\n","protected":false},"excerpt":{"rendered":"<p>Le seul produit professionnel pr\u00eat \u00e0 l&#8217;emploi sur le march\u00e9 pour le nettoyage, le rafra\u00eechissement, la d\u00e9senfumage et la d\u00e9sinfection efficaces de la climatisation des v\u00e9hicules.<br \/>\nVersion sp\u00e9ciale pour les \u00e9vaporateurs fortement encrass\u00e9s, avec un parfum agr\u00e9able.<\/p>\n<ul>\n<li style=\"text-align: left;\"><strong>MEUBLES.<\/strong> \u00c9limine les odeurs d\u00e9sagr\u00e9ables et laisse un parfum agr\u00e9able plus longtemps.<\/li>\n<li><strong>CONFIDENCE.<br \/>\nSPECTRE BIOCIDE COMPLET : <\/strong> virus, champignons, bact\u00e9ries, spores, mycobact\u00e9ries. <em style=\"color: #555555;\">Legionella pneumophila<\/em><span style=\"color: #555555;\"> en 1 minute. <\/span><\/li>\n<li><strong>EFFICACIT\u00c9.<\/strong> Confirm\u00e9e par des tests conformes aux normes europ\u00e9ennes : <span style=\"color: #555555;\">EN1040, EN13727, EN1276, EN13697, EN13623, EN1275, EN1650, EN14476, EN13704, EN14348 <\/span><\/li>\n<li><strong>L&#8217;EFFICACIT\u00c9 DU NETTOYAGE.<\/strong> Gr\u00e2ce \u00e0 la base active multi-composants.<\/li>\n<li><span style=\"color: #555555;\"><strong><span style=\"color: #282828;\">DES CLIENTS SATISFAITS<\/span>.<\/strong> Gr\u00e2ce \u00e0 un nettoyage et une d\u00e9sinfection efficaces.<\/span><\/li>\n<\/ul>\n<h3 style=\"text-align: center;\"><strong>TOUT EN UN=<\/strong><strong>NETTOIE+RAFRA\u00ceCHIT+FONGIQUE+D\u00c9SINFECTE<\/strong><strong>=1 PRODUIT+1 PROCESSUS<\/strong><\/h3>\n","protected":false},"featured_media":7094,"comment_status":"open","ping_status":"closed","template":"","meta":[],"product_brand":[],"product_cat":[153,125],"product_tag":[],"class_list":{"0":"post-7971","1":"product","2":"type-product","3":"status-publish","4":"has-post-thumbnail","6":"product_cat-all-in-one-fr","7":"product_cat-non-classifiee","8":"pa_capacity-1-l-fr","10":"first","11":"instock","12":"featured","13":"taxable","14":"shipping-taxable","15":"product-type-simple"},"_links":{"self":[{"href":"https:\/\/www.nanoclean-air.com\/fr\/wp-json\/wp\/v2\/product\/7971","targetHints":{"allow":["GET"]}}],"collection":[{"href":"https:\/\/www.nanoclean-air.com\/fr\/wp-json\/wp\/v2\/product"}],"about":[{"href":"https:\/\/www.nanoclean-air.com\/fr\/wp-json\/wp\/v2\/types\/product"}],"replies":[{"embeddable":true,"href":"https:\/\/www.nanoclean-air.com\/fr\/wp-json\/wp\/v2\/comments?post=7971"}],"wp:featuredmedia":[{"embeddable":true,"href":"https:\/\/www.nanoclean-air.com\/fr\/wp-json\/wp\/v2\/media\/7094"}],"wp:attachment":[{"href":"https:\/\/www.nanoclean-air.com\/fr\/wp-json\/wp\/v2\/media?parent=7971"}],"wp:term":[{"taxonomy":"product_brand","embeddable":true,"href":"https:\/\/www.nanoclean-air.com\/fr\/wp-json\/wp\/v2\/product_brand?post=7971"},{"taxonomy":"product_cat","embeddable":true,"href":"https:\/\/www.nanoclean-air.com\/fr\/wp-json\/wp\/v2\/product_cat?post=7971"},{"taxonomy":"product_tag","embeddable":true,"href":"https:\/\/www.nanoclean-air.com\/fr\/wp-json\/wp\/v2\/product_tag?post=7971"}],"curies":[{"name":"wp","href":"https:\/\/api.w.org\/{rel}","templated":true}]}}