{"id":7982,"date":"2021-12-08T14:22:49","date_gmt":"2021-12-08T13:22:49","guid":{"rendered":"https:\/\/www.nanoclean-air.com\/product\/nanoclean-air-pret-a-lemploi-1l-pour-le-nettoyage-le-rafraichissement-la-desenfumage-et-la-desinfection\/"},"modified":"2024-09-02T11:46:00","modified_gmt":"2024-09-02T09:46:00","slug":"nanoclean-air-pret-a-lemploi-1l-pour-le-nettoyage-le-rafraichissement-la-desenfumage-et-la-desinfection","status":"publish","type":"product","link":"https:\/\/www.nanoclean-air.com\/fr\/product\/nanoclean-air-pret-a-lemploi-1l-pour-le-nettoyage-le-rafraichissement-la-desenfumage-et-la-desinfection\/","title":{"rendered":"NANOCLEAN\u00ae AIR Pr\u00eat \u00e0 l&#8217;emploi 1l, pour le nettoyage, le rafra\u00eechissement, la d\u00e9senfumage et la d\u00e9sinfection"},"content":{"rendered":"\n\t<section class=\"section\" id=\"section_46535898\">\n\t\t<div class=\"section-bg fill\" >\n\t\t\t\t\t\t\t\t\t\n\t\t\t\n\n\t\t<\/div>\n\n\t\t\n\n\t\t<div class=\"section-content relative\">\n\t\t\t\n<div class=\"row\"  id=\"row-952738982\">\n\n\t<div id=\"col-2133995297\" class=\"col medium-6 small-12 large-6\"  >\n\t\t\t\t<div class=\"col-inner\"  >\n\t\t\t\n\t\t\t\n<p><strong>NETTOYAGE, CLIMATISATION, RAFRA\u00ceCHISSEMENT<\/strong><\/p>\n<ul>\n<li>Il \u00e9limine efficacement tous les polluants susceptibles d&#8217;affecter la qualit\u00e9 de l&#8217;air.<\/li>\n<li>\u00c9limine durablement les mauvaises odeurs de champignons et l&#8217;humidit\u00e9 d\u00e9sagr\u00e9able.<\/li>\n<li>Compatible avec les mat\u00e9riaux &#8211; la formulation pr\u00eate \u00e0 l&#8217;emploi est sans danger pour la plupart des m\u00e9taux, des surfaces peintes, des caoutchoucs, des plastiques et des tissus.<\/li>\n<li>Une fois \u00e9vapor\u00e9e, elle laisse une surface s\u00e8che et propre, r\u00e9sistante \u00e0 l&#8217;attraction de la poussi\u00e8re.<\/li>\n<\/ul>\n<p><strong>D\u00c9SHUMIDIFICATION ET D\u00c9SINFECTION DE L&#8217;AIR CONDITIONN\u00c9  <\/strong><\/p>\n<ul>\n<li>La seule pr\u00e9paration avec un SPECTRE BIOBODIFFICANT COMPLET (virus, bact\u00e9ries, champignons, mycobact\u00e9ries, spores jusqu&#8217;\u00e0 15 minutes).<\/li>\n<li>\u00c9limine la <em>Legionella pneumophila<\/em> en 1 minute.<\/li>\n<li>Efficacit\u00e9 confirm\u00e9e par des tests conformes aux normes europ\u00e9ennes : EN1040, EN13727, EN1276, EN13697, EN13623, EN1275, EN1650, EN14476, EN13704, EN14348.<\/li>\n<li>Autorisation de mise sur le march\u00e9 de produits biocides n\u00b0 7406\/18.<\/li>\n<li>Num\u00e9ro d&#8217;approbation PZH B.BK.60112.0333.2023.<\/li>\n<li>Une nouvelle norme de s\u00e9curit\u00e9 contre les infections et les contaminations a\u00e9roport\u00e9es.<\/li>\n<\/ul>\n<p><strong>GAIN DE TEMPS<\/strong><\/p>\n<ul>\n<li>Nettoie, rafra\u00eechit, d\u00e9sodorise, d\u00e9sinfecte, prot\u00e8ge.<\/li>\n<\/ul>\n<p><strong>SATISFACTION DU CLIENT<\/strong><\/p>\n<ul>\n<li>Parfum agr\u00e9able et durable.<\/li>\n<li>Pas de risque d&#8217;incendie pendant le stockage &#8211; produit ininflammable \u00e0 base d&#8217;eau.<\/li>\n<li>Exempt d&#8217;acides, de ph\u00e9nols (dangereux pour les femmes enceintes et les animaux) et de solvants organiques.<\/li>\n<li>Satisfaction totale du client &#8211; aucune r\u00e9clamation.<\/li>\n<\/ul>\n\t\t<\/div>\n\t\t\t\t\t<\/div>\n\n\t\n\n\t<div id=\"col-1524578636\" class=\"col medium-6 small-12 large-6\"  >\n\t\t\t\t<div class=\"col-inner\"  >\n\t\t\t\n\t\t\t\n<span class=\"scroll-to\" data-label=\"Scroll to: #video\" data-bullet=\"false\" data-link=\"#video\" data-title=\"video\" ><a name=\"video\"><\/a><\/span>\n\t<div id=\"gap-2040423463\" class=\"gap-element clearfix\" style=\"display:block; height:auto;\">\n\t\t\n<style>\n#gap-2040423463 {\n  padding-top: 60px;\n}\n<\/style>\n\t<\/div>\n\t\n<div class=\"video video-fit mb\" style=\"padding-top:56.25%;\"><p><iframe loading=\"lazy\" title=\"NANOCLEAN\u00ae AIR PRO - Nowy standard dezynfekcji klimatyzacji ALL IN ONE\" width=\"1020\" height=\"574\" src=\"https:\/\/www.youtube.com\/embed\/ycBgC1nb9hw?feature=oembed\" frameborder=\"0\" allow=\"accelerometer; autoplay; clipboard-write; encrypted-media; gyroscope; picture-in-picture; web-share\" referrerpolicy=\"strict-origin-when-cross-origin\" allowfullscreen><\/iframe><\/p>\n<\/div>\n\t\t<\/div>\n\t\t\t\t\t<\/div>\n\n\t\n<\/div>\n\t\t<\/div>\n\n\t\t\n<style>\n#section_46535898 {\n  padding-top: 30px;\n  padding-bottom: 30px;\n}\n<\/style>\n\t<\/section>\n\t\n<p>Les produits biocides doivent \u00eatre utilis\u00e9s avec pr\u00e9caution.<br \/>\nLisez l&#8217;\u00e9tiquette et les informations sur le produit avant chaque utilisation.<\/p>\n","protected":false},"excerpt":{"rendered":"<p>La seule formulation sur le march\u00e9 pour nettoyer, rafra\u00eechir, d\u00e9senfumer et d\u00e9sinfecter les \u00e9vaporateurs et les condenseurs des climatiseurs et autres \u00e9quipements de climatisation et de r\u00e9frig\u00e9ration HVAC avec un SPECTRE DE BIOBODIFICATION COMPLET en 15 minutes maximum. Il \u00e9limine efficacement tous les polluants susceptibles d&#8217;affecter la qualit\u00e9 de l&#8217;air. Laisse un parfum rafra\u00eechissant.  <\/p>\n<ul>\n<li style=\"text-align: left;\"><strong>MEUBLES.<\/strong>  \u00c9limine les odeurs d\u00e9sagr\u00e9ables et laisse un parfum agr\u00e9able plus longtemps.<\/li>\n<li><strong>CONFIDENCE.<br \/>\nSPECTRE BIOCIDE COMPLET : <\/strong>  virus, champignons, bact\u00e9ries, spores, mycobact\u00e9ries. <em style=\"color: #555555;\">Legionella pneumophila<\/em><span style=\"color: #555555;\"> en 1 minute. <\/span> <\/li>\n<li><strong>EFFICACIT\u00c9.<\/strong> Confirm\u00e9e par des tests conformes aux normes europ\u00e9ennes : <span style=\"color: #555555;\">EN1040, EN13727, EN1276, EN13697, EN13623, EN1275, EN1650, EN14476, EN13704, EN14348 <\/span> <\/li>\n<li><strong>L&#8217;EFFICACIT\u00c9 DU NETTOYAGE.<\/strong>  Gr\u00e2ce \u00e0 la base active multi-composants.<\/li>\n<li><span style=\"color: #555555;\"><strong>DES CLIENTS SATISFAITS.<\/strong>  Gr\u00e2ce \u00e0 un nettoyage et une d\u00e9sinfection efficaces.<\/span><\/li>\n<\/ul>\n<h3 style=\"text-align: center;\"><strong>TOUT EN UN =<\/strong><strong>NETTOYAGE + RAFRA\u00ceCHISSEMENT + D\u00c9SENFUMAGE + D\u00c9SINFECTION <\/strong><strong>= 1 PRODUIT = 1 PROCESSUS<\/strong><\/h3>\n<p>&nbsp;<\/p>\n","protected":false},"featured_media":7097,"comment_status":"open","ping_status":"closed","template":"","meta":[],"product_brand":[],"product_cat":[154],"product_tag":[],"class_list":{"0":"post-7982","1":"product","2":"type-product","3":"status-publish","4":"has-post-thumbnail","6":"product_cat-hvac-fr","7":"pa_capacity-1-l-fr","8":"pa_smell-agrumes","9":"pa_smell-inodore","10":"pa_smell-lavande","11":"pa_smell-orchidee-fr","13":"first","14":"instock","15":"featured","16":"taxable","17":"shipping-taxable","18":"product-type-variable"},"_links":{"self":[{"href":"https:\/\/www.nanoclean-air.com\/fr\/wp-json\/wp\/v2\/product\/7982","targetHints":{"allow":["GET"]}}],"collection":[{"href":"https:\/\/www.nanoclean-air.com\/fr\/wp-json\/wp\/v2\/product"}],"about":[{"href":"https:\/\/www.nanoclean-air.com\/fr\/wp-json\/wp\/v2\/types\/product"}],"replies":[{"embeddable":true,"href":"https:\/\/www.nanoclean-air.com\/fr\/wp-json\/wp\/v2\/comments?post=7982"}],"wp:featuredmedia":[{"embeddable":true,"href":"https:\/\/www.nanoclean-air.com\/fr\/wp-json\/wp\/v2\/media\/7097"}],"wp:attachment":[{"href":"https:\/\/www.nanoclean-air.com\/fr\/wp-json\/wp\/v2\/media?parent=7982"}],"wp:term":[{"taxonomy":"product_brand","embeddable":true,"href":"https:\/\/www.nanoclean-air.com\/fr\/wp-json\/wp\/v2\/product_brand?post=7982"},{"taxonomy":"product_cat","embeddable":true,"href":"https:\/\/www.nanoclean-air.com\/fr\/wp-json\/wp\/v2\/product_cat?post=7982"},{"taxonomy":"product_tag","embeddable":true,"href":"https:\/\/www.nanoclean-air.com\/fr\/wp-json\/wp\/v2\/product_tag?post=7982"}],"curies":[{"name":"wp","href":"https:\/\/api.w.org\/{rel}","templated":true}]}}