{"id":8035,"date":"2024-08-08T07:27:23","date_gmt":"2024-08-08T05:27:23","guid":{"rendered":"https:\/\/www.nanoclean-air.com\/product\/nettoyant-et-desinfectant-pour-climatiseurs-nanocleanac8-home\/"},"modified":"2024-08-08T07:27:23","modified_gmt":"2024-08-08T05:27:23","slug":"nettoyant-et-desinfectant-pour-climatiseurs-nanocleanac8-home","status":"publish","type":"product","link":"https:\/\/www.nanoclean-air.com\/fr\/product\/nettoyant-et-desinfectant-pour-climatiseurs-nanocleanac8-home\/","title":{"rendered":"Nettoyant et d\u00e9sinfectant pour climatiseurs NANOCLEAN\u00aeAC8 Home"},"content":{"rendered":"<h2><strong>Nanoclean AC8 for Air Conditioning &#8211; Une r\u00e9volution dans la propret\u00e9 et l&#8217;hygi\u00e8ne<\/strong><\/h2>\n<p><strong>Application :<\/strong> 1. nettoyage des syst\u00e8mes de climatisation : Nanoclean AC8 \u00e9limine efficacement les d\u00e9p\u00f4ts et les contaminants \u00e0 l&#8217;int\u00e9rieur des unit\u00e9s de climatisation pour une performance optimale.<br \/>\nLe produit p\u00e9n\u00e8tre et nettoie les filtres et autres composants du syst\u00e8me.<br \/>\n2. d\u00e9contamination : le produit combat les moisissures et les champignons qui peuvent se d\u00e9velopper dans les parties humides de la climatisation.<br \/>\nL&#8217;utilisation r\u00e9guli\u00e8re de Nanoclean AC8 emp\u00eache la formation de moisissures, ce qui est crucial pour la sant\u00e9 et le confort des utilisateurs.<br \/>\n3. d\u00e9sinfection : Nanoclean AC8 poss\u00e8de de fortes propri\u00e9t\u00e9s antibact\u00e9riennes, \u00e9liminant les bact\u00e9ries et les micro-organismes qui peuvent nuire \u00e0 la qualit\u00e9 de l&#8217;air int\u00e9rieur.<br \/>\nLe produit est id\u00e9al pour les zones fr\u00e9quent\u00e9es par des personnes immunod\u00e9prim\u00e9es, des personnes souffrant d&#8217;allergies et des enfants.<br \/>\n4 \u00c9limination des odeurs d\u00e9sagr\u00e9ables : Le produit neutralise les odeurs d\u00e9sagr\u00e9ables telles que les odeurs de moisissure, de fum\u00e9e de tabac ou d&#8217;autres sources, laissant l&#8217;air frais et agr\u00e9able \u00e0 respirer.<br \/>\n5 Formule s\u00fbre : Gr\u00e2ce \u00e0 sa formule sans alcool, Nanoclean AC8 est sans danger pour tous les composants du syst\u00e8me de climatisation.<br \/>\nIl ne provoque pas de corrosion ni de dommages, ce qui permet de l&#8217;utiliser dans diff\u00e9rents types de climatisations, dans les installations domestiques et commerciales.          <strong>Mode d&#8217;emploi :<\/strong><\/p>\n<ol>\n<li>Arr\u00eatez le climatiseur et ouvrez l&#8217;unit\u00e9 int\u00e9rieure.<\/li>\n<li>Retirez le filtre, aspirez, rincez \u00e0 l&#8217;eau courante (bain, douche).<\/li>\n<li>Vaporisez le filtre lav\u00e9 avec NANOCLEAN\u00ae AC8 pour l&#8217;air conditionn\u00e9 et laissez agir pendant 15 minutes, rincez \u00e0 l&#8217;eau et s\u00e9chez.<\/li>\n<li>Vaporisez abondamment l&#8217;\u00e9vaporateur \u00e0 l&#8217;int\u00e9rieur du climatiseur avec NANOCLEAN\u00ae AC8 for air conditioning.<br \/>\nAttendez 15 minutes.<br \/>\nLe produit s&#8217;\u00e9coule par les ailettes dans le bac \u00e0 condensats, d&#8217;o\u00f9 il est \u00e9vacu\u00e9 dans l&#8217;\u00e9gout.  <\/li>\n<li>Installez le filtre dans le climatiseur, fermez l&#8217;unit\u00e9 int\u00e9rieure et mettez le climatiseur en marche pour terminer le processus.<\/li>\n<\/ol>\n<p>  Nanoclean AC8 est une solution indispensable pour maintenir la propret\u00e9 et l&#8217;hygi\u00e8ne des syst\u00e8mes de climatisation.<br \/>\nL&#8217;utilisation r\u00e9guli\u00e8re de ce produit garantit un air propre, frais et sain dans chaque pi\u00e8ce climatis\u00e9e, augmentant ainsi le confort des utilisateurs et l&#8217;efficacit\u00e9 de l&#8217;\u00e9quipement.<br \/>\nLes produits biocides doivent \u00eatre utilis\u00e9s avec pr\u00e9caution.<br \/>\nLisez l&#8217;\u00e9tiquette et les informations sur le produit avant chaque utilisation.<\/p>\n","protected":false},"excerpt":{"rendered":"<h3>Nanoclean AC8 pour la climatisation<\/h3>\n<p>  Nanoclean AC8 est un nettoyant, un d\u00e9-fongicide et un d\u00e9sinfectant avanc\u00e9 pour les syst\u00e8mes de climatisation HVAC domestiques.<br \/>\nSa formule sp\u00e9cialis\u00e9e est con\u00e7ue pour \u00e9liminer efficacement les d\u00e9p\u00f4ts tenaces, les moisissures, les champignons, les bact\u00e9ries et les mauvaises odeurs, garantissant ainsi une fra\u00eecheur et une propret\u00e9 durables de l&#8217;air dans les espaces climatis\u00e9s.<br \/>\nLe produit se caract\u00e9rise par une formule s\u00fbre, sans alcool et sans chlore, qui respecte les composants de l&#8217;air conditionn\u00e9 tout en \u00e9tant efficace.<br \/>\nIl tue les bact\u00e9ries Legionella Pneumophila en 1 minute (norme EN1276).   <\/p>\n","protected":false},"featured_media":8541,"comment_status":"open","ping_status":"closed","template":"","meta":[],"product_brand":[],"product_cat":[151,125],"product_tag":[],"class_list":{"0":"post-8035","1":"product","2":"type-product","3":"status-publish","4":"has-post-thumbnail","6":"product_cat-home","7":"product_cat-non-classifiee","9":"first","10":"instock","11":"taxable","12":"shipping-taxable","13":"product-type-simple"},"_links":{"self":[{"href":"https:\/\/www.nanoclean-air.com\/fr\/wp-json\/wp\/v2\/product\/8035","targetHints":{"allow":["GET"]}}],"collection":[{"href":"https:\/\/www.nanoclean-air.com\/fr\/wp-json\/wp\/v2\/product"}],"about":[{"href":"https:\/\/www.nanoclean-air.com\/fr\/wp-json\/wp\/v2\/types\/product"}],"replies":[{"embeddable":true,"href":"https:\/\/www.nanoclean-air.com\/fr\/wp-json\/wp\/v2\/comments?post=8035"}],"wp:featuredmedia":[{"embeddable":true,"href":"https:\/\/www.nanoclean-air.com\/fr\/wp-json\/wp\/v2\/media\/8541"}],"wp:attachment":[{"href":"https:\/\/www.nanoclean-air.com\/fr\/wp-json\/wp\/v2\/media?parent=8035"}],"wp:term":[{"taxonomy":"product_brand","embeddable":true,"href":"https:\/\/www.nanoclean-air.com\/fr\/wp-json\/wp\/v2\/product_brand?post=8035"},{"taxonomy":"product_cat","embeddable":true,"href":"https:\/\/www.nanoclean-air.com\/fr\/wp-json\/wp\/v2\/product_cat?post=8035"},{"taxonomy":"product_tag","embeddable":true,"href":"https:\/\/www.nanoclean-air.com\/fr\/wp-json\/wp\/v2\/product_tag?post=8035"}],"curies":[{"name":"wp","href":"https:\/\/api.w.org\/{rel}","templated":true}]}}