{"id":8040,"date":"2024-08-08T07:27:25","date_gmt":"2024-08-08T05:27:25","guid":{"rendered":"https:\/\/www.nanoclean-air.com\/product\/nanocleanac8-nettoyant-et-desinfectant-pour-matelas-a-domicile\/"},"modified":"2024-08-08T07:27:25","modified_gmt":"2024-08-08T05:27:25","slug":"nanocleanac8-nettoyant-et-desinfectant-pour-matelas-a-domicile","status":"publish","type":"product","link":"https:\/\/www.nanoclean-air.com\/fr\/product\/nanocleanac8-nettoyant-et-desinfectant-pour-matelas-a-domicile\/","title":{"rendered":"NANOCLEAN\u00aeAC8 Nettoyant et d\u00e9sinfectant pour matelas \u00e0 domicile"},"content":{"rendered":"<h3>DES PROPRI\u00c9T\u00c9S UNIQUES :<\/h3>\n<p>  &#8211; <strong>Formule innovante sans chlore et sans alcool :<\/strong> Travaillez sans \u00e9manations nocives, sans danger pour votre sant\u00e9.<br \/>\n&#8211; <strong>Non parfum\u00e9 ou d\u00e9licatement<\/strong> parfum\u00e9 \u00e0 <strong>la lavande<\/strong>: choisissez une version non parfum\u00e9e ou d\u00e9licatement parfum\u00e9e \u00e0 la lavande pour un rafra\u00eechissement suppl\u00e9mentaire.<br \/>\n&#8211; <strong>\u00c9limination des moisissures et des bact\u00e9ries<\/strong>: Full Biocidal Spectrum est la seule solution sur le march\u00e9 qui \u00e9limine efficacement les bact\u00e9ries, les virus, les champignons, les moisissures, les spores et les mycobact\u00e9ries, garantissant ainsi le plus haut niveau d&#8217;hygi\u00e8ne.<br \/>\n&#8211; <strong>Sans danger pour les tissus et les mat\u00e9riaux<\/strong>: Formul\u00e9 pour les tissus d\u00e9licats, il ne risque pas de les endommager.     <\/p>\n<h3>LES AVANTAGES DE L&#8217;UTILISATION :<\/h3>\n<p>  &#8211; <strong>Neutralisation instantan\u00e9e des odeurs<\/strong>: \u00c9limine les odeurs d\u00e9sagr\u00e9ables, laissant le matelas frais et pr\u00eat \u00e0 l&#8217;emploi.<br \/>\n&#8211; <strong>Nettoyage efficace<\/strong>: \u00c9limine efficacement les taches, la poussi\u00e8re et les d\u00e9p\u00f4ts, pour que toutes les parties du matelas restent propres.<br \/>\n&#8211; <strong>D\u00e9graissage et d\u00e9sinfection<\/strong>: la formule compl\u00e8te permet un d\u00e9graissage et une d\u00e9sinfection complets en un seul processus, \u00e9liminant ainsi les risques biologiques.<br \/>\n&#8211; <strong>Pr\u00e9vention des moisissures et des acariens<\/strong>: cr\u00e9e une barri\u00e8re protectrice qui emp\u00eache la croissance des moisissures et des microbes, garantissant une hygi\u00e8ne durable.<br \/>\n&#8211;<br \/>\n<strong>Prolongation de la dur\u00e9e de vie<\/strong>: Prolonge la dur\u00e9e de vie du matelas en le maintenant hygi\u00e9niquement propre.       <\/p>\n<h3>UTILISER :<\/h3>\n<ol>\n<li>Remarque : suivez toujours les instructions du fabricant du matelas.<\/li>\n<li>Retirez la literie et toutes les protections du matelas.<\/li>\n<li>Vaporisez NANOCLEAN AC8 FOR CLEANING AND DISINFECTING MATERIALS sur toutes les surfaces du matelas, y compris les c\u00f4t\u00e9s et le fond, et attendez 5 \u00e0 15 minutes pour d\u00e9contaminer toutes les surfaces.<\/li>\n<li>Vaporisez la microfibre et essuyez toutes les surfaces vaporis\u00e9es.<br \/>\nLes matelas en tissu peuvent \u00eatre lav\u00e9s avec un aspirateur \u00e0 linge. <\/li>\n<li>Si n\u00e9cessaire, essuyez les surfaces du matelas avec un chiffon propre et humide pour \u00e9liminer tout r\u00e9sidu de produit.<\/li>\n<li>Laissez le matelas s\u00e9cher compl\u00e8tement avant de remettre la literie en place.<\/li>\n<\/ol>\n<p>  Remarque : NANOCLEAN AC8 est \u00e9galement efficace dans les cas d&#8217;urgence.<br \/>\nIl \u00e9limine imm\u00e9diatement les mauvaises odeurs, nettoie et d\u00e9sinfecte lorsque le matelas a \u00e9t\u00e9 contamin\u00e9 par des aliments, de l&#8217;urine, des mati\u00e8res f\u00e9cales, etc.<br \/>\nLes produits biocides doivent \u00eatre utilis\u00e9s avec pr\u00e9caution.<br \/>\nLisez l&#8217;\u00e9tiquette et les informations sur le produit avant chaque utilisation.     <\/p>\n<h3>DES PUBLICIT\u00c9S :<\/h3>\n<p>  &#8211; Autorisation de mise sur le march\u00e9 de produits biocides : No. 7406\/18.<br \/>\n&#8211; Homologation PZH : n\u00b0 B.BK.60112.0333.2023.<br \/>\n&#8211; NON COMBUSTIBLE : Sans alcool, formule \u00e0 base d&#8217;eau, ininflammable, sans acides, sans ph\u00e9nols, sans solvants organiques.    <\/p>\n<h3>DES CONSEILS POUR LES UTILISATEURS DE MATELAS :<\/h3>\n<p>  &#8211; Nettoyage r\u00e9gulier : Nettoyez r\u00e9guli\u00e8rement votre matelas pour \u00e9viter l&#8217;accumulation de poussi\u00e8re et d&#8217;allerg\u00e8nes, afin d&#8217;am\u00e9liorer la qualit\u00e9 du sommeil et de prolonger la dur\u00e9e de vie du matelas.<br \/>\n&#8211; Utilisez des surmatelas protecteurs : Les surmatelas protecteurs prot\u00e8gent votre matelas des taches et de la salet\u00e9 et facilitent son entretien.<br \/>\n&#8211; Inversion r\u00e9guli\u00e8re : Inversez votre matelas tous les deux ou trois mois pour assurer une usure uniforme et prolonger la dur\u00e9e de vie de votre matelas.<br \/>\n&#8211; Ventilation : ventilez r\u00e9guli\u00e8rement le matelas pour \u00e9viter l&#8217;accumulation d&#8217;humidit\u00e9 et la formation de moisissures.<br \/>\nChoisissez NANOCLEAN AC8 POUR LE NETTOYAGE ET LA D\u00c9SINFECTION DES MAT\u00c9RIAUX et offrez \u00e0 votre matelas un entretien complet et le plus haut niveau d&#8217;hygi\u00e8ne.<br \/>\nPrenez soin de votre matelas avec NANOCLEAN AC8 et profitez de la propret\u00e9 et de la fra\u00eecheur au quotidien.<br \/>\nAchetez maintenant et faites l&#8217;exp\u00e9rience de la diff\u00e9rence.<\/p>\n","protected":false},"excerpt":{"rendered":"<h3>NANOCLEAN AC8 POUR LE NETTOYAGE ET LA D\u00c9SINFECTION DES MAT\u00c9RIAUX Entretien et hygi\u00e8ne complets de votre matelas<\/h3>\n[AC8G490L4]  5in1 : Nettoyer, Rafra\u00eechir, D\u00e9graisser, D\u00e9sinfecter, Prot\u00e9ger D\u00e9couvrez NANOCLEAN AC8 FOR CLEANING AND DISINFECTING MATERIALS, un produit innovant 5in1 qui offre un soin complet \u00e0 votre matelas.<br \/>\nCe produit unique nettoie, rafra\u00eechit, d\u00e9senfume, d\u00e9sinfecte et prot\u00e8ge contre le d\u00e9veloppement des acariens, des moisissures et des mauvaises odeurs, garantissant une propret\u00e9 et une hygi\u00e8ne irr\u00e9prochables. <\/p>\n","protected":false},"featured_media":8533,"comment_status":"open","ping_status":"closed","template":"","meta":[],"product_brand":[],"product_cat":[151,125],"product_tag":[],"class_list":{"0":"post-8040","1":"product","2":"type-product","3":"status-publish","4":"has-post-thumbnail","6":"product_cat-home","7":"product_cat-non-classifiee","9":"first","10":"instock","11":"taxable","12":"shipping-taxable","13":"product-type-simple"},"_links":{"self":[{"href":"https:\/\/www.nanoclean-air.com\/fr\/wp-json\/wp\/v2\/product\/8040","targetHints":{"allow":["GET"]}}],"collection":[{"href":"https:\/\/www.nanoclean-air.com\/fr\/wp-json\/wp\/v2\/product"}],"about":[{"href":"https:\/\/www.nanoclean-air.com\/fr\/wp-json\/wp\/v2\/types\/product"}],"replies":[{"embeddable":true,"href":"https:\/\/www.nanoclean-air.com\/fr\/wp-json\/wp\/v2\/comments?post=8040"}],"wp:featuredmedia":[{"embeddable":true,"href":"https:\/\/www.nanoclean-air.com\/fr\/wp-json\/wp\/v2\/media\/8533"}],"wp:attachment":[{"href":"https:\/\/www.nanoclean-air.com\/fr\/wp-json\/wp\/v2\/media?parent=8040"}],"wp:term":[{"taxonomy":"product_brand","embeddable":true,"href":"https:\/\/www.nanoclean-air.com\/fr\/wp-json\/wp\/v2\/product_brand?post=8040"},{"taxonomy":"product_cat","embeddable":true,"href":"https:\/\/www.nanoclean-air.com\/fr\/wp-json\/wp\/v2\/product_cat?post=8040"},{"taxonomy":"product_tag","embeddable":true,"href":"https:\/\/www.nanoclean-air.com\/fr\/wp-json\/wp\/v2\/product_tag?post=8040"}],"curies":[{"name":"wp","href":"https:\/\/api.w.org\/{rel}","templated":true}]}}