{"id":8041,"date":"2024-08-08T07:27:28","date_gmt":"2024-08-08T05:27:28","guid":{"rendered":"https:\/\/www.nanoclean-air.com\/product\/nanocleanac8-maison-pour-chats\/"},"modified":"2024-08-08T07:27:28","modified_gmt":"2024-08-08T05:27:28","slug":"nanocleanac8-maison-pour-chats","status":"publish","type":"product","link":"https:\/\/www.nanoclean-air.com\/fr\/product\/nanocleanac8-maison-pour-chats\/","title":{"rendered":"NANOCLEAN\u00aeAC8 Maison pour chats"},"content":{"rendered":"<p><strong>DES PROPRI\u00c9T\u00c9S UNIQUES :<\/strong><\/p>\n<ul>\n<li><strong>Formule innovante sans chlore et sans alcool :<\/strong> Fonctionne sans \u00e9manations nocives, sans danger pour la sant\u00e9 de votre chat.<\/li>\n<li><strong>\u00c9limination des moisissures et des bact\u00e9ries :<\/strong> Full Biocidal Spectrum est la seule solution sur le march\u00e9 qui \u00e9limine efficacement les bact\u00e9ries, les virus, les champignons, les moisissures, les spores et les mycobact\u00e9ries, garantissant ainsi le plus haut niveau d&#8217;hygi\u00e8ne.<\/li>\n<li><strong>Sans danger pour les surfaces :<\/strong> Formul\u00e9 pour traiter les \u00e9l\u00e9ments d\u00e9licats de l&#8217;espace du chat sans risquer de les endommager.<\/li>\n<\/ul>\n<p><strong>LES AVANTAGES DE L&#8217;UTILISATION :<\/strong><\/p>\n<ul>\n<li><strong>Neutralisation instantan\u00e9e des odeurs :<\/strong> \u00c9limine toutes les odeurs d\u00e9sagr\u00e9ables, laissant l&#8217;environnement du chat frais et agr\u00e9able.<\/li>\n<li><strong>Nettoyage efficace :<\/strong> \u00c9limine efficacement la salet\u00e9, les poils et autres d\u00e9bris, ce qui permet de garder le lit, les jouets et autres objets propres.<\/li>\n<li><strong>D\u00e9senfumage et d\u00e9sinfection :<\/strong> la formule compl\u00e8te permet un d\u00e9senfumage et une d\u00e9sinfection complets en un seul processus, \u00e9liminant ainsi les risques biologiques.<\/li>\n<li><strong>Protection contre les moisissures :<\/strong> cr\u00e9e une barri\u00e8re protectrice qui emp\u00eache le d\u00e9veloppement de moisissures et de micro-organismes, garantissant ainsi une hygi\u00e8ne durable.<\/li>\n<\/ul>\n<p>UTILISATION <strong>:<\/strong> Note : Suivez toujours les instructions du fabricant de l&#8217;\u00e9quipement pour animaux.  <\/p>\n<ol>\n<li>Videz l&#8217;espace du chat des objets qui pourraient g\u00eaner le nettoyage.<\/li>\n<li>Vaporisez NANOCLEAN AC8 FOR CAT sur toutes les surfaces, y compris le lit du chat, ses jouets, ses bols et autres, et attendez 5 \u00e0 15 minutes pour d\u00e9contaminer toutes les surfaces.<\/li>\n<li>Vaporisez la microfibre et essuyez toutes les surfaces pulv\u00e9ris\u00e9es.<\/li>\n<li>Si n\u00e9cessaire, essuyez les surfaces avec un chiffon propre et humide pour \u00e9liminer tout r\u00e9sidu de produit.<\/li>\n<li>Laissez les surfaces s\u00e9cher compl\u00e8tement avant de les r\u00e9utiliser.<\/li>\n<\/ol>\n<p>  Remarque : NANOCLEAN AC8 est \u00e9galement efficace en cas d&#8217;urgence.<br \/>\nIl \u00e9limine imm\u00e9diatement les odeurs d\u00e9sagr\u00e9ables, nettoie et d\u00e9sinfecte lorsque l&#8217;espace du chat a \u00e9t\u00e9 contamin\u00e9 par des moisissures ou d&#8217;autres salissures organiques.<br \/>\nLes produits biocides doivent \u00eatre utilis\u00e9s avec pr\u00e9caution.<br \/>\nLisez l&#8217;\u00e9tiquette et les informations sur le produit avant chaque utilisation.     <strong>DES PUBLICIT\u00c9S :<\/strong><\/p>\n<ul>\n<li>Autorisation de mise sur le march\u00e9 de produits biocides : N\u00b0 7406\/18.<\/li>\n<li>Homologation PZH : No. B.BK.60112.0333.2023.<\/li>\n<li>NON-INFLAMMABLE : formule \u00e0 base d&#8217;eau, sans alcool, ininflammable, sans acides, sans ph\u00e9nols, sans solvants organiques.<\/li>\n<\/ul>\n<p><strong>CONSEILS AUX UTILISATEURS :<\/strong><\/p>\n<ul>\n<li><strong>Nettoyage r\u00e9gulier :<\/strong> Nettoyez r\u00e9guli\u00e8rement le lit, les jouets, les bols et les autres surfaces de votre chat pour \u00e9viter l&#8217;accumulation de salet\u00e9s et de d\u00e9p\u00f4ts, afin d&#8217;am\u00e9liorer l&#8217;hygi\u00e8ne et la sant\u00e9 de votre animal.<\/li>\n<li><strong>Utilisez les bons produits :<\/strong> L&#8217;utilisation de produits appropri\u00e9s pour nettoyer l&#8217;espace de votre chat permet de le maintenir en parfait \u00e9tat et de minimiser les risques de dommages et de maladies.<\/li>\n<li><strong>\u00c9vitez la surpopulation :<\/strong> La surpopulation de l&#8217;espace d&#8217;un chat peut conduire \u00e0 un nettoyage impr\u00e9cis et \u00e0 l&#8217;accumulation de salet\u00e9s, ce qui peut provoquer des odeurs d\u00e9sagr\u00e9ables.<\/li>\n<li><strong>Contr\u00f4le des oreilles :<\/strong> Inspectez et nettoyez r\u00e9guli\u00e8rement les lits, les bols et autres \u00e9l\u00e9ments pour \u00e9viter l&#8217;accumulation de salet\u00e9s et de moisissures<strong>.<\/strong> <\/li>\n<\/ul>\n<p>  Choisissez NANOCLEAN AC8 FOR CAT et offrez \u00e0 votre animal de compagnie des soins complets et le plus haut niveau d&#8217;hygi\u00e8ne.<br \/>\nPrenez soin de votre chat avec NANOCLEAN AC8 et profitez de la propret\u00e9 et de la fra\u00eecheur au quotidien.<br \/>\nAchetez maintenant et d\u00e9couvrez la diff\u00e9rence.<\/p>\n","protected":false},"excerpt":{"rendered":"<h2><strong>NETTOYAGE ET D\u00c9SINFECTION <\/strong><strong>POUR LES CHATS <\/strong> <\/h2>\n[AC8GT490B2]  5en1 : Nettoyer, Rafra\u00eechir, D\u00e9sodoriser, D\u00e9sinfecter, Prot\u00e9ger Prenez soin de la propret\u00e9 et de l&#8217;hygi\u00e8ne de votre chat en \u00e9liminant les odeurs d\u00e9sagr\u00e9ables et les excr\u00e9ments.<br \/>\nD\u00e9sinfectez r\u00e9guli\u00e8rement les accessoires de votre chat \u00e0 l&#8217;aide d&#8217;un nettoyant s\u00fbr, ininflammable et respectueux des mat\u00e9riaux et des surfaces.<br \/>\n\u00c9liminez la salet\u00e9, les bact\u00e9ries et les mati\u00e8res organiques des \u00e9l\u00e9ments suivants :    <\/p>\n<ul>\n<li>BOLS POUR LA NOURRITURE ET L&#8217;EAU<\/li>\n<li>JOUETS<\/li>\n<li>L\u00c9GISLATION<\/li>\n<li>KUWETA<\/li>\n<li>TRANSPORTEUR<\/li>\n<li>BROSSES ET PEIGNES<\/li>\n<\/ul>\n<p>&nbsp;<\/p>\n","protected":false},"featured_media":8518,"comment_status":"open","ping_status":"closed","template":"","meta":[],"product_brand":[],"product_cat":[151,125],"product_tag":[],"class_list":{"0":"post-8041","1":"product","2":"type-product","3":"status-publish","4":"has-post-thumbnail","6":"product_cat-home","7":"product_cat-non-classifiee","9":"first","10":"instock","11":"taxable","12":"shipping-taxable","13":"product-type-simple"},"_links":{"self":[{"href":"https:\/\/www.nanoclean-air.com\/fr\/wp-json\/wp\/v2\/product\/8041","targetHints":{"allow":["GET"]}}],"collection":[{"href":"https:\/\/www.nanoclean-air.com\/fr\/wp-json\/wp\/v2\/product"}],"about":[{"href":"https:\/\/www.nanoclean-air.com\/fr\/wp-json\/wp\/v2\/types\/product"}],"replies":[{"embeddable":true,"href":"https:\/\/www.nanoclean-air.com\/fr\/wp-json\/wp\/v2\/comments?post=8041"}],"wp:featuredmedia":[{"embeddable":true,"href":"https:\/\/www.nanoclean-air.com\/fr\/wp-json\/wp\/v2\/media\/8518"}],"wp:attachment":[{"href":"https:\/\/www.nanoclean-air.com\/fr\/wp-json\/wp\/v2\/media?parent=8041"}],"wp:term":[{"taxonomy":"product_brand","embeddable":true,"href":"https:\/\/www.nanoclean-air.com\/fr\/wp-json\/wp\/v2\/product_brand?post=8041"},{"taxonomy":"product_cat","embeddable":true,"href":"https:\/\/www.nanoclean-air.com\/fr\/wp-json\/wp\/v2\/product_cat?post=8041"},{"taxonomy":"product_tag","embeddable":true,"href":"https:\/\/www.nanoclean-air.com\/fr\/wp-json\/wp\/v2\/product_tag?post=8041"}],"curies":[{"name":"wp","href":"https:\/\/api.w.org\/{rel}","templated":true}]}}