{"id":8044,"date":"2024-08-08T07:27:26","date_gmt":"2024-08-08T05:27:26","guid":{"rendered":"https:\/\/www.nanoclean-air.com\/product\/nettoyant-desinfectant-des-surfaces-nanocleanac8-home\/"},"modified":"2024-08-08T07:27:26","modified_gmt":"2024-08-08T05:27:26","slug":"nettoyant-desinfectant-des-surfaces-nanocleanac8-home","status":"publish","type":"product","link":"https:\/\/www.nanoclean-air.com\/fr\/product\/nettoyant-desinfectant-des-surfaces-nanocleanac8-home\/","title":{"rendered":"Nettoyant d\u00e9sinfectant des surfaces NANOCLEAN\u00aeAC8 Home"},"content":{"rendered":"<h3>  DES PROPRI\u00c9T\u00c9S UNIQUES :<\/h3>\n<p>  &#8211; Formule innovante sans chlore, sans alcool, sans acide, sans ald\u00e9hyde : travaillez sans \u00e9manations nocives, sans danger pour la sant\u00e9.<br \/>\n&#8211; Parfum floral d\u00e9licat : Choisissez une version \u00e0 l&#8217;ar\u00f4me floral subtil pour un rafra\u00eechissement suppl\u00e9mentaire.<br \/>\n&#8211; \u00c9limination des moisissures et des bact\u00e9ries : Full Biocidal Spectrum est la seule solution sur le march\u00e9 qui \u00e9limine efficacement les bact\u00e9ries, les virus, les champignons, les moisissures, les spores et les mycobact\u00e9ries, garantissant ainsi le plus haut niveau d&#8217;hygi\u00e8ne.<br \/>\n&#8211; Sans danger pour les surfaces domestiques : Formul\u00e9 pour les \u00e9l\u00e9ments d\u00e9licats de la maison, il ne risque pas de les endommager.     <\/p>\n<h3>LES AVANTAGES DE L&#8217;UTILISATION :<\/h3>\n<p>  &#8211; Neutralisation instantan\u00e9e des odeurs : \u00c9limine toutes les odeurs d\u00e9sagr\u00e9ables, laissant votre maison fra\u00eeche et pr\u00eate \u00e0 l&#8217;emploi.<br \/>\n&#8211; Nettoyage efficace : \u00c9limine efficacement la salet\u00e9, la poussi\u00e8re et les d\u00e9p\u00f4ts, pour que toutes les surfaces de la maison restent propres.<br \/>\n&#8211; D\u00e9graissage et d\u00e9sinfection : la formule compl\u00e8te permet de d\u00e9graisser et de d\u00e9sinfecter en un seul processus, \u00e9liminant ainsi les risques biologiques.<br \/>\n&#8211; Protection contre les moisissures : cr\u00e9e une barri\u00e8re protectrice qui emp\u00eache le d\u00e9veloppement des moisissures et des micro-organismes, garantissant ainsi une hygi\u00e8ne durable.     <\/p>\n<h3>UTILISER :<\/h3>\n<ol>\n<li>Remarque : suivez toujours les instructions du fabricant de l&#8217;\u00e9quipement.<\/li>\n<li>D\u00e9barrassez les surfaces des objets qui pourraient g\u00eaner le nettoyage.<\/li>\n<li>Vaporisez NANOCLEAN AC8 POUR NETTOYER ET D\u00c9SINFECTER LES SURFACES DE LA MAISON sur toutes les surfaces, y compris les comptoirs, les sols, les carrelages, les meubles et autres, et attendez 5 \u00e0 15 minutes pour d\u00e9contaminer toutes les surfaces.<\/li>\n<li>Vaporisez la microfibre et essuyez toutes les surfaces pulv\u00e9ris\u00e9es.<\/li>\n<li>Si n\u00e9cessaire, essuyez les surfaces avec un chiffon propre et humide pour \u00e9liminer tout r\u00e9sidu de produit.<\/li>\n<li>Laissez les surfaces s\u00e9cher compl\u00e8tement avant de les r\u00e9utiliser.<\/li>\n<\/ol>\n<p>  Remarque : NANOCLEAN AC8 est \u00e9galement efficace en cas d&#8217;urgence.<br \/>\nIl \u00e9limine imm\u00e9diatement les mauvaises odeurs, nettoie et d\u00e9sinfecte les surfaces de la maison contamin\u00e9es par des moisissures ou d&#8217;autres salissures organiques.<br \/>\nLes produits biocides doivent \u00eatre utilis\u00e9s avec pr\u00e9caution.<br \/>\nLisez l&#8217;\u00e9tiquette et les informations sur le produit avant chaque utilisation.     <\/p>\n<h3>DES PUBLICIT\u00c9S :<\/h3>\n<p>  &#8211; Autorisation de mise sur le march\u00e9 de produits biocides : No. 7406\/18.<br \/>\n&#8211; Homologation PZH : n\u00b0 B.BK.60112.0333.2023.<br \/>\n&#8211; NON COMBUSTIBLE : Sans alcool, formule \u00e0 base d&#8217;eau, ininflammable, sans acides, sans ph\u00e9nols, sans solvants organiques.    <\/p>\n<h3>DES CONSEILS POUR LES PARTICULIERS :<\/h3>\n<p>  &#8211; Nettoyage r\u00e9gulier : Nettoyez r\u00e9guli\u00e8rement les surfaces de la maison pour \u00e9viter l&#8217;accumulation de salet\u00e9s et de d\u00e9p\u00f4ts, afin d&#8217;am\u00e9liorer les performances et de prolonger la dur\u00e9e de vie de votre \u00e9quipement.<br \/>\n&#8211; Stockage ad\u00e9quat : veillez \u00e0 ce que les produits d&#8217;hygi\u00e8ne soient stock\u00e9s correctement pour minimiser les risques de fuites et d&#8217;odeurs.<br \/>\n&#8211; \u00c9vitez la surcharge : La surcharge des surfaces m\u00e9nag\u00e8res peut entra\u00eener un nettoyage impr\u00e9cis et une accumulation de salet\u00e9, ce qui peut provoquer des odeurs d\u00e9sagr\u00e9ables.<br \/>\n&#8211; A\u00e9rez : A\u00e9rez r\u00e9guli\u00e8rement les pi\u00e8ces pour \u00e9viter l&#8217;accumulation d&#8217;humidit\u00e9 et la formation de moisissures.<br \/>\nChoisissez NANOCLEAN AC8 POUR LE NETTOYAGE ET LA D\u00c9SINFECTION DES SURFACES DE LA MAISON et offrez \u00e0 votre maison un soin complet et le plus haut niveau d&#8217;hygi\u00e8ne.<br \/>\nPrenez soin de votre maison avec NANOCLEAN AC8 et profitez de la propret\u00e9 et de la fra\u00eecheur au quotidien.<br \/>\nAchetez maintenant et d\u00e9couvrez la diff\u00e9rence.<\/p>\n","protected":false},"excerpt":{"rendered":"<h3>NANOCLEAN AC8 pour le nettoyage et la d\u00e9sinfection des surfaces dans la maison Soins et hygi\u00e8ne complets pour votre maison<\/h3>\n[AC8G490K8]  5in1 : Nettoyage, rafra\u00eechissement, d\u00e9senfumage, d\u00e9sinfection, protection D\u00e9couvrez NANOCLEAN AC8 POUR LE NETTOYAGE ET LA D\u00c9SINFECTION DES SURFACES DE LA MAISON, un produit innovant 5in1 qui apporte un soin complet \u00e0 votre maison.<br \/>\nCe produit unique nettoie, rafra\u00eechit, d\u00e9senfume, d\u00e9sinfecte et prot\u00e8ge contre le d\u00e9veloppement des moisissures et des mauvaises odeurs, garantissant une propret\u00e9 et une hygi\u00e8ne irr\u00e9prochables. <\/p>\n","protected":false},"featured_media":8595,"comment_status":"open","ping_status":"closed","template":"","meta":[],"product_brand":[],"product_cat":[151,125],"product_tag":[],"class_list":{"0":"post-8044","1":"product","2":"type-product","3":"status-publish","4":"has-post-thumbnail","6":"product_cat-home","7":"product_cat-non-classifiee","9":"first","10":"instock","11":"taxable","12":"shipping-taxable","13":"product-type-simple"},"_links":{"self":[{"href":"https:\/\/www.nanoclean-air.com\/fr\/wp-json\/wp\/v2\/product\/8044","targetHints":{"allow":["GET"]}}],"collection":[{"href":"https:\/\/www.nanoclean-air.com\/fr\/wp-json\/wp\/v2\/product"}],"about":[{"href":"https:\/\/www.nanoclean-air.com\/fr\/wp-json\/wp\/v2\/types\/product"}],"replies":[{"embeddable":true,"href":"https:\/\/www.nanoclean-air.com\/fr\/wp-json\/wp\/v2\/comments?post=8044"}],"wp:featuredmedia":[{"embeddable":true,"href":"https:\/\/www.nanoclean-air.com\/fr\/wp-json\/wp\/v2\/media\/8595"}],"wp:attachment":[{"href":"https:\/\/www.nanoclean-air.com\/fr\/wp-json\/wp\/v2\/media?parent=8044"}],"wp:term":[{"taxonomy":"product_brand","embeddable":true,"href":"https:\/\/www.nanoclean-air.com\/fr\/wp-json\/wp\/v2\/product_brand?post=8044"},{"taxonomy":"product_cat","embeddable":true,"href":"https:\/\/www.nanoclean-air.com\/fr\/wp-json\/wp\/v2\/product_cat?post=8044"},{"taxonomy":"product_tag","embeddable":true,"href":"https:\/\/www.nanoclean-air.com\/fr\/wp-json\/wp\/v2\/product_tag?post=8044"}],"curies":[{"name":"wp","href":"https:\/\/api.w.org\/{rel}","templated":true}]}}