{"id":8058,"date":"2024-08-08T13:21:07","date_gmt":"2024-08-08T11:21:07","guid":{"rendered":"https:\/\/www.nanoclean-air.com\/product\/nanoclean-air-concentre-pour-le-nettoyage-le-rafraichissement-la-desenfumage-et-la-desinfection-des-systemes-de-climatisation-et-de-ventilation-inodore\/"},"modified":"2024-08-29T14:25:35","modified_gmt":"2024-08-29T12:25:35","slug":"nanoclean-air-concentre-pour-le-nettoyage-le-rafraichissement-la-desenfumage-et-la-desinfection-des-systemes-de-climatisation-et-de-ventilation-inodore","status":"publish","type":"product","link":"https:\/\/www.nanoclean-air.com\/fr\/product\/nanoclean-air-concentre-pour-le-nettoyage-le-rafraichissement-la-desenfumage-et-la-desinfection-des-systemes-de-climatisation-et-de-ventilation-inodore\/","title":{"rendered":"NANOCLEAN\u00ae AIR Concentr\u00e9 pour le nettoyage, le rafra\u00eechissement, la d\u00e9senfumage et la d\u00e9sinfection des syst\u00e8mes de climatisation et de ventilation, inodore"},"content":{"rendered":"<p><strong>NETTOYAGE, CLIMATISATION, RAFRA\u00ceCHISSEMENT<\/strong><\/p>\n<ul>\n<li>Il \u00e9limine efficacement tous les polluants susceptibles d&#8217;affecter la qualit\u00e9 de l&#8217;air.<\/li>\n<li>\u00c9limine durablement les mauvaises odeurs de champignons et l&#8217;humidit\u00e9 d\u00e9sagr\u00e9able.<\/li>\n<li>Compatible avec les mat\u00e9riaux &#8211; la solution pr\u00e9par\u00e9e \u00e0 partir du concentr\u00e9 \u00e0 une concentration de travail de 5% (1:19) avec de l&#8217;eau est compatible avec la plupart des m\u00e9taux, des surfaces peintes, des caoutchoucs, des plastiques, des tissus.<\/li>\n<li>Une fois \u00e9vapor\u00e9e, elle laisse une surface s\u00e8che et propre, r\u00e9sistante \u00e0 l&#8217;attraction de la poussi\u00e8re.<\/li>\n<\/ul>\n<p><strong>D\u00c9SHUMIDIFICATION ET D\u00c9SINFECTION DE L&#8217;AIR CONDITIONN\u00c9<\/strong><\/p>\n<ul>\n<li>La seule pr\u00e9paration avec un <strong>SPECTRE BIOBODIFFICANT COMPLET<\/strong> (virus, bact\u00e9ries, champignons, <strong>mycobact\u00e9ries<\/strong>, spores jusqu&#8217;\u00e0 15 minutes).<\/li>\n<li>\u00c9limine la <em>Legionella pneumophila<\/em> en 1 minute.<\/li>\n<li>Efficacit\u00e9 confirm\u00e9e par des tests selon les normes europ\u00e9ennes : EN1040, EN13727, EN1276, EN13697, EN13623, EN1275, EN1650, EN14476, EN13704, EN14348.<\/li>\n<li>Autorisation de mise sur le march\u00e9 de produits biocides n\u00b0 7420\/18.<\/li>\n<li>Num\u00e9ro d&#8217;approbation PZH B.BK.60112.0333.2023.<\/li>\n<li>Il s&#8217;agit de la nouvelle norme en mati\u00e8re de s\u00e9curit\u00e9 contre les infections et les contaminations transmises par l&#8217;air.<\/li>\n<\/ul>\n<p><strong>\u00c9PARGNE<\/strong><\/p>\n<ul>\n<li>La d\u00e9sinfection la plus \u00e9conomique.<br \/>\nConcentr\u00e9 appliqu\u00e9 avec de l&#8217;eau \u00e0 une concentration de 5% (1:19).<br \/>\n1L de Concentr\u00e9 correspond \u00e0 20L de solution pr\u00eate \u00e0 l&#8217;emploi.  <\/li>\n<\/ul>\n<p><strong>SATISFACTION DU CLIENT<\/strong><\/p>\n<ul>\n<li>Parfum agr\u00e9able et rafra\u00eechissant.<\/li>\n<li>Stockage et utilisation sans risque d&#8217;incendie &#8211; produit ininflammable \u00e0 base d&#8217;eau.<\/li>\n<li>Exempt d&#8217;acides, de ph\u00e9nols (dangereux pour les femmes enceintes et les animaux) et de solvants organiques.<\/li>\n<li>Satisfaction totale du client &#8211; aucune r\u00e9clamation.<\/li>\n<\/ul>\n","protected":false},"excerpt":{"rendered":"<p>La seule formulation sur le march\u00e9 pour nettoyer, rafra\u00eechir, d\u00e9senfumer et d\u00e9sinfecter les \u00e9vaporateurs et les condenseurs des climatiseurs et autres \u00e9quipements de climatisation et de r\u00e9frig\u00e9ration HVAC avec un SPECTRE BIOBIEN COMPLET en 15 minutes maximum.<br \/>\n\u00c9limine efficacement tous les contaminants susceptibles d&#8217;affecter la qualit\u00e9 de l&#8217;air.<br \/>\nLaisse un parfum agr\u00e9able et rafra\u00eechissant.    <\/p>\n<ul>\n<li style=\"text-align: left;\"><strong>MEUBLES.<\/strong>  \u00c9limine les odeurs d\u00e9sagr\u00e9ables et laisse un parfum agr\u00e9able plus longtemps.<\/li>\n<li><strong>CONFIDENCE.<br \/>\nSPECTRE BIOCIDE COMPLET : <\/strong>  virus, champignons, bact\u00e9ries, spores, mycobact\u00e9ries. <em style=\"color: #555555;\">Legionella pneumophila<\/em><span style=\"color: #555555;\"> en 1 minute. <\/span> <\/li>\n<li><strong>EFFICACIT\u00c9.<\/strong> Confirm\u00e9e par des tests conformes aux normes europ\u00e9ennes : <span style=\"color: #555555;\">EN1040, EN13727, EN1276, EN13697, EN13623, EN1275, EN1650, EN14476, EN13704, EN14348 <\/span> <\/li>\n<li><strong>L&#8217;EFFICACIT\u00c9 DU NETTOYAGE.<\/strong>  Gr\u00e2ce \u00e0 la base active multi-composants.<\/li>\n<li><span style=\"color: #555555;\"><strong>DES CLIENTS SATISFAITS.<\/strong>  Gr\u00e2ce \u00e0 un nettoyage et une d\u00e9sinfection efficaces.<\/span><\/li>\n<\/ul>\n<h3 style=\"text-align: center;\"><strong>TOUT EN UN=<\/strong><strong>NETTOYAGE + RAFRA\u00ceCHISSEMENT + D\u00c9SENFUMAGE + D\u00c9SINFECTION = 1 PRODUIT = 1 PROCESSUS<\/strong><\/h3>\n<p>&nbsp;<\/p>\n","protected":false},"featured_media":7532,"comment_status":"open","ping_status":"closed","template":"","meta":[],"product_brand":[],"product_cat":[154],"product_tag":[],"class_list":{"0":"post-8058","1":"product","2":"type-product","3":"status-publish","4":"has-post-thumbnail","6":"product_cat-hvac-fr","7":"pa_capacity-1-l-fr","8":"pa_smell-agrumes","9":"pa_smell-inodore","10":"pa_smell-lavande","11":"pa_smell-orchidee-fr","13":"first","14":"instock","15":"featured","16":"taxable","17":"shipping-taxable","18":"product-type-variable"},"_links":{"self":[{"href":"https:\/\/www.nanoclean-air.com\/fr\/wp-json\/wp\/v2\/product\/8058","targetHints":{"allow":["GET"]}}],"collection":[{"href":"https:\/\/www.nanoclean-air.com\/fr\/wp-json\/wp\/v2\/product"}],"about":[{"href":"https:\/\/www.nanoclean-air.com\/fr\/wp-json\/wp\/v2\/types\/product"}],"replies":[{"embeddable":true,"href":"https:\/\/www.nanoclean-air.com\/fr\/wp-json\/wp\/v2\/comments?post=8058"}],"wp:featuredmedia":[{"embeddable":true,"href":"https:\/\/www.nanoclean-air.com\/fr\/wp-json\/wp\/v2\/media\/7532"}],"wp:attachment":[{"href":"https:\/\/www.nanoclean-air.com\/fr\/wp-json\/wp\/v2\/media?parent=8058"}],"wp:term":[{"taxonomy":"product_brand","embeddable":true,"href":"https:\/\/www.nanoclean-air.com\/fr\/wp-json\/wp\/v2\/product_brand?post=8058"},{"taxonomy":"product_cat","embeddable":true,"href":"https:\/\/www.nanoclean-air.com\/fr\/wp-json\/wp\/v2\/product_cat?post=8058"},{"taxonomy":"product_tag","embeddable":true,"href":"https:\/\/www.nanoclean-air.com\/fr\/wp-json\/wp\/v2\/product_tag?post=8058"}],"curies":[{"name":"wp","href":"https:\/\/api.w.org\/{rel}","templated":true}]}}