{"id":8069,"date":"2021-09-20T11:29:30","date_gmt":"2021-09-20T09:29:30","guid":{"rendered":"https:\/\/www.nanoclean-air.com\/product\/nanoclean-air-400ml-aerosol-pour-le-nettoyage-le-rafraichissement-la-desenfumage-et-la-desinfection-de-la-climatisation-des-vehicules-ac-69a400\/"},"modified":"2024-09-02T15:34:54","modified_gmt":"2024-09-02T13:34:54","slug":"nanoclean-air-400ml-aerosol-pour-le-nettoyage-le-rafraichissement-la-desenfumage-et-la-desinfection-de-la-climatisation-des-vehicules-ac-69a400","status":"publish","type":"product","link":"https:\/\/www.nanoclean-air.com\/fr\/product\/nanoclean-air-400ml-aerosol-pour-le-nettoyage-le-rafraichissement-la-desenfumage-et-la-desinfection-de-la-climatisation-des-vehicules-ac-69a400\/","title":{"rendered":"NANOCLEAN\u00ae AIR 400ml A\u00e9rosol pour le nettoyage, le rafra\u00eechissement, la d\u00e9senfumage et la d\u00e9sinfection de la climatisation des v\u00e9hicules"},"content":{"rendered":"<p><iframe loading=\"lazy\" title=\"NANOCLEAN\u00ae AIR - Aktywna piana odgrzybianie, dezynfekcja, czyszczenie klimatyzacji w samochodzie\" width=\"1020\" height=\"574\" src=\"https:\/\/www.youtube.com\/embed\/xQ7iTKe3kZ0?feature=oembed&#038;enablejsapi=1&#038;origin=https:\/\/www.nanoclean-air.com\" frameborder=\"0\" allow=\"accelerometer; autoplay; clipboard-write; encrypted-media; gyroscope; picture-in-picture; web-share\" referrerpolicy=\"strict-origin-when-cross-origin\" allowfullscreen><\/iframe><\/p>\n<ul>\n<li>La nouvelle norme pour un nettoyage, une d\u00e9senfumage et une d\u00e9sinfection efficaces des climatiseurs dans les voitures, les transports publics et les syst\u00e8mes de ventilation CVC.<\/li>\n<li>\u00c9limine durablement les odeurs d\u00e9sagr\u00e9ables de champignons et de d\u00e9chets organiques.<\/li>\n<li>\u00c9limine efficacement les taches et la salet\u00e9 organique : \u00e9limine les taches de graisse sur les tissus d&#8217;ameublement et les tapis, les moisissures, les champignons, la poussi\u00e8re, la graisse, l&#8217;huile, etc.<\/li>\n<li>Stockage et utilisation sans risque d&#8217;incendie &#8211; produit ininflammable \u00e0 base d&#8217;eau.<\/li>\n<li>NANOCLEAN AIR nettoie, rafra\u00eechit, d\u00e9senfume et d\u00e9sinfecte efficacement les climatiseurs en un seul processus, au lieu de deux produits.<\/li>\n<li>Autorisation de mise sur le march\u00e9 de produits biocides n\u00b0 7364\/18.<\/li>\n<li>Num\u00e9ro d&#8217;approbation PZH B.BK.60112.0333.2023.<\/li>\n<\/ul>\n<p>Les produits biocides doivent \u00eatre utilis\u00e9s avec pr\u00e9caution.<br \/>\nLisez l&#8217;\u00e9tiquette et les informations sur le produit avant chaque utilisation.<\/p>\n","protected":false},"excerpt":{"rendered":"<p>Puissant a\u00e9rosol de mousse biocide lavable pour les \u00e9vaporateurs et les conduits de ventilation encrass\u00e9s dans les v\u00e9hicules lorsque l&#8217;acc\u00e8s \u00e0 l&#8217;\u00e9vaporateur pour la lance INOX AC45 est difficile.<br \/>\nL&#8217;a\u00e9rosol est dot\u00e9 de deux buses : une buse pour la pulv\u00e9risation en surface et un tuyau de 60 cm avec une buse \u00e0 360\u00b0 pour les conduits ferm\u00e9s.<\/p>\n<ul>\n<li style=\"text-align: left;\"><strong>MEUBLES.<\/strong> \u00c9limine les odeurs d\u00e9sagr\u00e9ables et laisse un parfum agr\u00e9able plus longtemps.<\/li>\n<li><strong>CONFIDENCE.<br \/>\nSPECTRE BIOCIDE COMPLET : <\/strong> virus, champignons, bact\u00e9ries, spores, mycobact\u00e9ries. <em style=\"color: #555555;\">Legionella pneumophila<\/em><span style=\"color: #555555;\"> en 1 minute. <\/span><\/li>\n<li><strong>EFFICACIT\u00c9.<\/strong> Confirm\u00e9e par des tests conformes aux normes europ\u00e9ennes : <span style=\"color: #555555;\">EN1040, EN13727, EN1276, EN13697, EN13623, EN1275, EN1650, EN14476, EN13704, EN14348 <\/span><\/li>\n<li><strong>L&#8217;EFFICACIT\u00c9 DU NETTOYAGE.<\/strong> Gr\u00e2ce \u00e0 la base active multi-composants.<\/li>\n<li><span style=\"color: #555555;\"><strong><span style=\"color: #282828;\">DES CLIENTS SATISFAITS<\/span>.<\/strong> <span style=\"color: #000000;\">Gr\u00e2ce \u00e0 un nettoyage et une d\u00e9sinfection efficaces.<\/span><\/span><\/li>\n<\/ul>\n<h4 style=\"text-align: center;\"><strong>TOUT EN UN=<\/strong><strong>NETTOYAGE+RAFRA\u00ceCHISSEMENT+FONGICIDE+D\u00c9SINFECTION<\/strong><strong>=1 PRODUIT=1 PROCESSUS<\/strong><\/h4>\n","protected":false},"featured_media":7798,"comment_status":"open","ping_status":"closed","template":"","meta":[],"product_brand":[],"product_cat":[153,125],"product_tag":[],"class_list":{"0":"post-8069","1":"product","2":"type-product","3":"status-publish","4":"has-post-thumbnail","6":"product_cat-all-in-one-fr","7":"product_cat-non-classifiee","9":"first","10":"instock","11":"featured","12":"taxable","13":"shipping-taxable","14":"product-type-simple"},"_links":{"self":[{"href":"https:\/\/www.nanoclean-air.com\/fr\/wp-json\/wp\/v2\/product\/8069","targetHints":{"allow":["GET"]}}],"collection":[{"href":"https:\/\/www.nanoclean-air.com\/fr\/wp-json\/wp\/v2\/product"}],"about":[{"href":"https:\/\/www.nanoclean-air.com\/fr\/wp-json\/wp\/v2\/types\/product"}],"replies":[{"embeddable":true,"href":"https:\/\/www.nanoclean-air.com\/fr\/wp-json\/wp\/v2\/comments?post=8069"}],"wp:featuredmedia":[{"embeddable":true,"href":"https:\/\/www.nanoclean-air.com\/fr\/wp-json\/wp\/v2\/media\/7798"}],"wp:attachment":[{"href":"https:\/\/www.nanoclean-air.com\/fr\/wp-json\/wp\/v2\/media?parent=8069"}],"wp:term":[{"taxonomy":"product_brand","embeddable":true,"href":"https:\/\/www.nanoclean-air.com\/fr\/wp-json\/wp\/v2\/product_brand?post=8069"},{"taxonomy":"product_cat","embeddable":true,"href":"https:\/\/www.nanoclean-air.com\/fr\/wp-json\/wp\/v2\/product_cat?post=8069"},{"taxonomy":"product_tag","embeddable":true,"href":"https:\/\/www.nanoclean-air.com\/fr\/wp-json\/wp\/v2\/product_tag?post=8069"}],"curies":[{"name":"wp","href":"https:\/\/api.w.org\/{rel}","templated":true}]}}