{"id":8083,"date":"2021-11-19T19:46:02","date_gmt":"2021-11-19T18:46:02","guid":{"rendered":"https:\/\/www.nanoclean-air.com\/product\/nanoclean-air-400ml-aerosol-pour-le-nettoyage-le-rafraichissement-la-desenfumage-et-la-desinfection-ac-79a400\/"},"modified":"2024-11-19T12:12:49","modified_gmt":"2024-11-19T11:12:49","slug":"nanoclean-air-400ml-aerosol-pour-le-nettoyage-le-rafraichissement-la-desenfumage-et-la-desinfection-ac-79a400","status":"publish","type":"product","link":"https:\/\/www.nanoclean-air.com\/fr\/product\/nanoclean-air-400ml-aerosol-pour-le-nettoyage-le-rafraichissement-la-desenfumage-et-la-desinfection-ac-79a400\/","title":{"rendered":"NANOCLEAN\u00ae AIR 400ml A\u00e9rosol pour le nettoyage, le rafra\u00eechissement, la d\u00e9senfumage et la d\u00e9sinfection"},"content":{"rendered":"<p><strong>NETTOYAGE, CLIMATISATION, RAFRA\u00ceCHISSEMENT<\/strong><\/p>\n<ul>\n<li>Il \u00e9limine efficacement tous les polluants susceptibles d&#8217;affecter la qualit\u00e9 de l&#8217;air.<\/li>\n<li>\u00c9limine durablement les mauvaises odeurs de champignons et l&#8217;humidit\u00e9 d\u00e9sagr\u00e9able.<\/li>\n<li>Compatible avec les mat\u00e9riaux &#8211; la mousse pulv\u00e9ris\u00e9e est sans danger pour la plupart des m\u00e9taux, des surfaces peintes, des caoutchoucs, des plastiques et des tissus.<\/li>\n<li>Une fois \u00e9vapor\u00e9e, elle laisse une surface s\u00e8che et propre, r\u00e9sistante \u00e0 l&#8217;attraction de la poussi\u00e8re.<\/li>\n<li>L&#8217;a\u00e9rosol est dot\u00e9 de deux buses : une buse de pulv\u00e9risation de surface et un tuyau de 60 cm avec une buse \u00e0 360\u00b0 pour les conduits ferm\u00e9s de CVC.<\/li>\n<\/ul>\n<p><strong>D\u00c9SHUMIDIFICATION ET D\u00c9SINFECTION DE L&#8217;AIR CONDITIONN\u00c9 <\/strong><\/p>\n<ul>\n<li>La seule pr\u00e9paration avec un SPECTRE BIOBODIFFICANT COMPLET (virus, bact\u00e9ries, champignons, mycobact\u00e9ries, spores jusqu&#8217;\u00e0 15 minutes).<\/li>\n<li>\u00c9limine la <em>Legionella pneumophila<\/em> en 1 minute.<\/li>\n<li>Efficacit\u00e9 confirm\u00e9e par des tests conformes aux normes europ\u00e9ennes : EN1040, EN13727, EN1276, EN13697, EN13623, EN1275, EN1650, EN14476, EN13704, EN14348.<\/li>\n<li>Autorisation de mise sur le march\u00e9 de produits biocides n\u00b0 7364\/18.<\/li>\n<li>Num\u00e9ro d&#8217;approbation PZH B.BK.60112.0333.2023.<\/li>\n<li>Une nouvelle norme de s\u00e9curit\u00e9 contre les infections et les contaminations a\u00e9roport\u00e9es.<\/li>\n<\/ul>\n<p><strong>\u00c9PARGNE<\/strong><\/p>\n<ul>\n<li>Applicateur pr\u00e9cis &#8211; 100% d&#8217;utilisation du produit.<\/li>\n<li>Nettoie, d\u00e9sodorise, d\u00e9sinfecte, rafra\u00eechit, prot\u00e8ge.<\/li>\n<\/ul>\n<p><strong>SATISFACTION DU CLIENT<\/strong><\/p>\n<ul>\n<li>Parfum agr\u00e9able et durable.<\/li>\n<li>Pas de risque d&#8217;incendie pendant le stockage &#8211; produit ininflammable \u00e0 base d&#8217;eau.<\/li>\n<li>Exempt d&#8217;acides, de ph\u00e9nols (dangereux pour les femmes enceintes et les animaux) et de solvants organiques.<\/li>\n<li>Satisfaction totale du client &#8211; aucune r\u00e9clamation.<\/li>\n<\/ul>\n<p>Les produits biocides doivent \u00eatre utilis\u00e9s avec pr\u00e9caution.<br \/>\nLisez l&#8217;\u00e9tiquette et les informations sur le produit avant chaque utilisation.<\/p>\n<div class=\"video video-fit mb\" style=\"padding-top:52%;\"><p><iframe loading=\"lazy\" title=\"NANOCLEAN\u00ae AIR - Aktywna piana do klimatyzacji - Nowy standard dezynfekcji klimatyzacji ALL IN ONE\" width=\"1020\" height=\"574\" src=\"https:\/\/www.youtube.com\/embed\/-3GAsDnFlK0?feature=oembed\" frameborder=\"0\" allow=\"accelerometer; autoplay; clipboard-write; encrypted-media; gyroscope; picture-in-picture; web-share\" referrerpolicy=\"strict-origin-when-cross-origin\" allowfullscreen><\/iframe><\/p>\n<\/div>\n","protected":false},"excerpt":{"rendered":"<p>Mousse active en spray formul\u00e9e avec pr\u00e9cision pour le nettoyage, le rafra\u00eechissement, la d\u00e9senfumage et la d\u00e9sinfection des \u00e9vaporateurs, des condensateurs de climatiseurs et d&#8217;autres composants des \u00e9quipements de climatisation et de r\u00e9frig\u00e9ration HVAC.<br \/>\nLa seule formulation avec une SPECTRE BIOBIALE COMPL\u00c8TE (jusqu&#8217;\u00e0 15 minutes).<br \/>\nLaisse un parfum agr\u00e9able et rafra\u00eechissant.<\/p>\n<ul>\n<li style=\"text-align: left;\"><strong>MEUBLES.<\/strong> \u00c9limine les odeurs d\u00e9sagr\u00e9ables et laisse un parfum agr\u00e9able plus longtemps.<\/li>\n<li><strong>CONFIDENCE.<br \/>\nSPECTRE BIOCIDE COMPLET : <\/strong> virus, champignons, bact\u00e9ries, spores, mycobact\u00e9ries. <em style=\"color: #555555;\">Legionella pneumophila<\/em><span style=\"color: #555555;\"> en 1 minute. <\/span><\/li>\n<li><strong>EFFICACIT\u00c9.<\/strong> Confirm\u00e9e par des tests conformes aux normes europ\u00e9ennes : <span style=\"color: #555555;\">EN1040, EN13727, EN1276, EN13697, EN13623, EN1275, EN1650, EN14476, EN13704, EN14348 <\/span><\/li>\n<li><strong>L&#8217;EFFICACIT\u00c9 DU NETTOYAGE.<\/strong> Gr\u00e2ce \u00e0 la base active multi-composants.<\/li>\n<li><span style=\"color: #555555;\"><strong><span style=\"color: #282828;\">DES CLIENTS SATISFAITS<\/span>.<\/strong> Gr\u00e2ce \u00e0 un nettoyage et une d\u00e9sinfection efficaces.<\/span><\/li>\n<\/ul>\n<h3 style=\"text-align: center;\"><strong>TOUT EN UN=<\/strong><strong>NETTOYAGE + RAFRA\u00ceCHISSEMENT + D\u00c9SENFUMAGE + D\u00c9SINFECTION<\/strong><strong>= 1 PRODUIT = 1 PROCESSUS<\/strong><\/h3>\n","protected":false},"featured_media":6617,"comment_status":"open","ping_status":"closed","template":"","meta":[],"product_brand":[],"product_cat":[154,155],"product_tag":[],"class_list":{"0":"post-8083","1":"product","2":"type-product","3":"status-publish","4":"has-post-thumbnail","6":"product_cat-hvac-fr","7":"product_cat-tout-en-un","8":"pa_capacity-400-ml-fr","10":"first","11":"instock","12":"featured","13":"taxable","14":"shipping-taxable","15":"product-type-simple"},"_links":{"self":[{"href":"https:\/\/www.nanoclean-air.com\/fr\/wp-json\/wp\/v2\/product\/8083","targetHints":{"allow":["GET"]}}],"collection":[{"href":"https:\/\/www.nanoclean-air.com\/fr\/wp-json\/wp\/v2\/product"}],"about":[{"href":"https:\/\/www.nanoclean-air.com\/fr\/wp-json\/wp\/v2\/types\/product"}],"replies":[{"embeddable":true,"href":"https:\/\/www.nanoclean-air.com\/fr\/wp-json\/wp\/v2\/comments?post=8083"}],"wp:featuredmedia":[{"embeddable":true,"href":"https:\/\/www.nanoclean-air.com\/fr\/wp-json\/wp\/v2\/media\/6617"}],"wp:attachment":[{"href":"https:\/\/www.nanoclean-air.com\/fr\/wp-json\/wp\/v2\/media?parent=8083"}],"wp:term":[{"taxonomy":"product_brand","embeddable":true,"href":"https:\/\/www.nanoclean-air.com\/fr\/wp-json\/wp\/v2\/product_brand?post=8083"},{"taxonomy":"product_cat","embeddable":true,"href":"https:\/\/www.nanoclean-air.com\/fr\/wp-json\/wp\/v2\/product_cat?post=8083"},{"taxonomy":"product_tag","embeddable":true,"href":"https:\/\/www.nanoclean-air.com\/fr\/wp-json\/wp\/v2\/product_tag?post=8083"}],"curies":[{"name":"wp","href":"https:\/\/api.w.org\/{rel}","templated":true}]}}