{"id":8094,"date":"2021-09-20T10:30:09","date_gmt":"2021-09-20T08:30:09","guid":{"rendered":"https:\/\/www.nanoclean-air.com\/product\/ac-69nylon-nanoclean-nylon-ac160-lanca-elastyczna-nylonowa-360\/"},"modified":"2024-09-02T09:39:40","modified_gmt":"2024-09-02T07:39:40","slug":"ac-69nylon-nanoclean-nylon-ac160-lanca-elastyczna-nylonowa-360","status":"publish","type":"product","link":"https:\/\/www.nanoclean-air.com\/fr\/product\/ac-69nylon-nanoclean-nylon-ac160-lanca-elastyczna-nylonowa-360\/","title":{"rendered":"NANOCLEAN\u00ae NYLON Lance flexible en nylon 360\u00b0"},"content":{"rendered":"<p>Le liquide NANOCLEAN\u00ae AIR, le pistolet \u00e0 pression NANOCLEAN\u00ae GUN, la lance NANOCLEAN\u00ae INOX, la lance NANOCLEAN\u00ae NYLON, sont vendus s\u00e9par\u00e9ment ou en kits : KIT DE D\u00c9MARRAGE ou KIT PRATIQUE avec le liquide pr\u00eat \u00e0 l&#8217;emploi NANOCLEAN AIR.<\/p>\n<p>&nbsp;<\/p>\n<p>&nbsp;<\/p>\n<p><iframe loading=\"lazy\" title=\"NANOCLEAN\u00ae AIR - Nowy standard bezpiecznej klimatyzacji\" width=\"1020\" height=\"574\" src=\"https:\/\/www.youtube.com\/embed\/sjizCIc1LkI?feature=oembed&#038;enablejsapi=1&#038;origin=https:\/\/www.nanoclean-air.com\" frameborder=\"0\" allow=\"accelerometer; autoplay; clipboard-write; encrypted-media; gyroscope; picture-in-picture; web-share\" referrerpolicy=\"strict-origin-when-cross-origin\" allowfullscreen><\/iframe><\/p>\n","protected":false},"excerpt":{"rendered":"<p>NANOCLEAN\u00ae NYLON est une lance flexible en nylon de 160 cm avec une buse multidirectionnelle \u00e0 360\u00b0 pour le nettoyage, le rafra\u00eechissement, la d\u00e9contamination et la d\u00e9sinfection des zones difficiles d&#8217;acc\u00e8s dans les conduits de climatisation. Utilis\u00e9e en cas d&#8217;acc\u00e8s restreint \u00e0 l&#8217;\u00e9vaporateur pour la lance NANOCLEAN\u00ae INOX.<\/p>\n<p>La combinaison de la lance NANOCLEAN\u00ae NYLON AC160 + NANOCLEAN\u00ae AIR + NANOCLEAN\u00ae GUN constitue une solution efficace pour le nettoyage, la d\u00e9contamination et la d\u00e9sinfection des conduits de climatisation en cas d&#8217;acc\u00e8s difficile \u00e0 l&#8217;\u00e9vaporateur.<\/p>\n","protected":false},"featured_media":5857,"comment_status":"open","ping_status":"closed","template":"","meta":[],"product_brand":[],"product_cat":[153,125],"product_tag":[],"class_list":{"0":"post-8094","1":"product","2":"type-product","3":"status-publish","4":"has-post-thumbnail","6":"product_cat-all-in-one-fr","7":"product_cat-non-classifiee","9":"first","10":"instock","11":"featured","12":"taxable","13":"shipping-taxable","14":"product-type-simple"},"_links":{"self":[{"href":"https:\/\/www.nanoclean-air.com\/fr\/wp-json\/wp\/v2\/product\/8094","targetHints":{"allow":["GET"]}}],"collection":[{"href":"https:\/\/www.nanoclean-air.com\/fr\/wp-json\/wp\/v2\/product"}],"about":[{"href":"https:\/\/www.nanoclean-air.com\/fr\/wp-json\/wp\/v2\/types\/product"}],"replies":[{"embeddable":true,"href":"https:\/\/www.nanoclean-air.com\/fr\/wp-json\/wp\/v2\/comments?post=8094"}],"wp:featuredmedia":[{"embeddable":true,"href":"https:\/\/www.nanoclean-air.com\/fr\/wp-json\/wp\/v2\/media\/5857"}],"wp:attachment":[{"href":"https:\/\/www.nanoclean-air.com\/fr\/wp-json\/wp\/v2\/media?parent=8094"}],"wp:term":[{"taxonomy":"product_brand","embeddable":true,"href":"https:\/\/www.nanoclean-air.com\/fr\/wp-json\/wp\/v2\/product_brand?post=8094"},{"taxonomy":"product_cat","embeddable":true,"href":"https:\/\/www.nanoclean-air.com\/fr\/wp-json\/wp\/v2\/product_cat?post=8094"},{"taxonomy":"product_tag","embeddable":true,"href":"https:\/\/www.nanoclean-air.com\/fr\/wp-json\/wp\/v2\/product_tag?post=8094"}],"curies":[{"name":"wp","href":"https:\/\/api.w.org\/{rel}","templated":true}]}}