{"id":8098,"date":"2021-08-13T11:56:05","date_gmt":"2021-08-13T09:56:05","guid":{"rendered":"https:\/\/www.nanoclean-air.com\/product\/ac-69fumi-nanoclean-fumi-1-glowica-zamglawiajaca-sucha-mgla\/"},"modified":"2024-09-02T15:37:58","modified_gmt":"2024-09-02T13:37:58","slug":"nanoclean-fumi-1","status":"publish","type":"product","link":"https:\/\/www.nanoclean-air.com\/fr\/product\/nanoclean-fumi-1\/","title":{"rendered":"NANOCLEAN\u00ae FUMI-1 T\u00eate de n\u00e9bulisation \u00e0 Brouillard Sec"},"content":{"rendered":"<ul>\n<li>Le NANOCLEAN\u00ae FUMI-1, attach\u00e9 avec un raccord rapide au pistolet \u00e0 pression NANOCLEAN\u00ae GUN, combin\u00e9 avec NANOCLEAN AIR (concentr\u00e9 ou pr\u00eat \u00e0 l&#8217;emploi), garantit la s\u00e9curit\u00e9 du personnel et des clients.<\/li>\n<li>Remplace l&#8217;ozonation int\u00e9rieure.<\/li>\n<\/ul>\n","protected":false},"excerpt":{"rendered":"<p>NANOCLEAN\u00ae FUMI-1 sp\u00e9ciale t\u00eate pour le brouillard sec dans les v\u00e9hicules.<\/p>\n<ul>\n<li>Zone s\u00e8che : &gt;1,5 m. Capacit\u00e9 de brouillard : 15 m\u00b3\/minute ou 5 m\u00b2\/minute.<\/li>\n<li>Consommation de liquide : 100 ml\/min \u00e0 une pression de 5,5 \u2013 10 bar.<\/li>\n<li>Brumise, rafra\u00eechit, d\u00e9sinfecte et \u00e9limine les moisissures de l&#8217;int\u00e9rieur du v\u00e9hicule.<\/li>\n<li>Gr\u00e2ce \u00e0 l&#8217;utilisation de la t\u00eate avec le pistolet \u00e0 pression et le produit NANOCLEAN\u00ae AIR, la m\u00e9thode de brouillard sec apporte une odeur agr\u00e9able dans l&#8217;habitacle.<\/li>\n<\/ul>\n","protected":false},"featured_media":5848,"comment_status":"open","ping_status":"closed","template":"","meta":[],"product_brand":[],"product_cat":[153,125],"product_tag":[],"class_list":{"0":"post-8098","1":"product","2":"type-product","3":"status-publish","4":"has-post-thumbnail","6":"product_cat-all-in-one-fr","7":"product_cat-non-classifiee","9":"first","10":"instock","11":"featured","12":"taxable","13":"shipping-taxable","14":"product-type-simple"},"_links":{"self":[{"href":"https:\/\/www.nanoclean-air.com\/fr\/wp-json\/wp\/v2\/product\/8098","targetHints":{"allow":["GET"]}}],"collection":[{"href":"https:\/\/www.nanoclean-air.com\/fr\/wp-json\/wp\/v2\/product"}],"about":[{"href":"https:\/\/www.nanoclean-air.com\/fr\/wp-json\/wp\/v2\/types\/product"}],"replies":[{"embeddable":true,"href":"https:\/\/www.nanoclean-air.com\/fr\/wp-json\/wp\/v2\/comments?post=8098"}],"wp:featuredmedia":[{"embeddable":true,"href":"https:\/\/www.nanoclean-air.com\/fr\/wp-json\/wp\/v2\/media\/5848"}],"wp:attachment":[{"href":"https:\/\/www.nanoclean-air.com\/fr\/wp-json\/wp\/v2\/media?parent=8098"}],"wp:term":[{"taxonomy":"product_brand","embeddable":true,"href":"https:\/\/www.nanoclean-air.com\/fr\/wp-json\/wp\/v2\/product_brand?post=8098"},{"taxonomy":"product_cat","embeddable":true,"href":"https:\/\/www.nanoclean-air.com\/fr\/wp-json\/wp\/v2\/product_cat?post=8098"},{"taxonomy":"product_tag","embeddable":true,"href":"https:\/\/www.nanoclean-air.com\/fr\/wp-json\/wp\/v2\/product_tag?post=8098"}],"curies":[{"name":"wp","href":"https:\/\/api.w.org\/{rel}","templated":true}]}}