{"id":8199,"date":"2021-09-20T12:26:50","date_gmt":"2021-09-20T10:26:50","guid":{"rendered":"https:\/\/www.nanoclean-air.com\/product\/nanoclean-gun-pressure-gun-1l-valve-quick-coupler-ac-69gun\/"},"modified":"2024-09-02T15:41:31","modified_gmt":"2024-09-02T13:41:31","slug":"nanoclean-gun-pressure-gun-1l-valve-quick-coupler-ac-69gun","status":"publish","type":"product","link":"https:\/\/www.nanoclean-air.com\/fr\/product\/nanoclean-gun-pressure-gun-1l-valve-quick-coupler-ac-69gun\/","title":{"rendered":"NANOCLEAN\u00ae GUN Pistolet \u00e0 pression 1L + valve + raccord rapide"},"content":{"rendered":"\n\t<section class=\"section\" id=\"section_395606413\">\n\t\t<div class=\"section-bg fill\" >\n\t\t\t\t\t\t\t\t\t\n\t\t\t\n\n\t\t<\/div>\n\n\t\t\n\n\t\t<div class=\"section-content relative\">\n\t\t\t\n<div class=\"row\"  id=\"row-752417647\">\n\n\t<div id=\"col-458124970\" class=\"col medium-6 small-12 large-6\"  >\n\t\t\t\t<div class=\"col-inner\"  >\n\t\t\t\n\t\t\t\n<p>Le pistolet \u00e0 pression NANOCLEAN\u00ae GUN, le liquide NANOCLEAN\u00ae AIR, la lance NANOCLEAN\u00ae INOX, la lance NANOCLEAN\u00ae NYLON AC160 et la t\u00eate NANOCLEAN\u00ae FUMI-1 sont vendus s\u00e9par\u00e9ment ou en kits : KIT DE D\u00c9MARRAGE, KIT PRATIQUE, KIT DE BROUILLARD SEC.<\/p>\n\t\t<\/div>\n\t\t\t\t\t<\/div>\n\n\t\n\n\t<div id=\"col-597783062\" class=\"col medium-6 small-12 large-6\"  >\n\t\t\t\t<div class=\"col-inner\"  >\n\t\t\t\n\t\t\t\n<div class=\"video video-fit mb\" style=\"padding-top:56.25%;\"><p><iframe loading=\"lazy\" title=\"Nanoclean\u00ae AIR + Lanca INOX AC45\" width=\"1020\" height=\"574\" src=\"https:\/\/www.youtube.com\/embed\/NR23rjSDhbQ?feature=oembed\" frameborder=\"0\" allow=\"accelerometer; autoplay; clipboard-write; encrypted-media; gyroscope; picture-in-picture; web-share\" referrerpolicy=\"strict-origin-when-cross-origin\" allowfullscreen><\/iframe><\/p>\n<\/div>\n\t\t<\/div>\n\t\t\t\t\t<\/div>\n\n\t\n<\/div>\n\t\t<\/div>\n\n\t\t\n<style>\n#section_395606413 {\n  padding-top: 30px;\n  padding-bottom: 30px;\n}\n<\/style>\n\t<\/section>\n\t\n","protected":false},"excerpt":{"rendered":"<ul>\n<li>Pistolet \u00e0 pression professionnel en aluminium jusqu&#8217;\u00e0 10 bars avec r\u00e9servoir de 1L et raccord rapide pour l&#8217;air comprim\u00e9, pour la distribution du liquide NANOCLEAN\u00ae AIR avec la lance NANOCLEAN\u00ae INOX AC45, la lance NANOCLEAN\u00ae NYLON AC160 ou en utilisant la t\u00eate de brouillard NANOCLEAN\u00ae FUMI-1.<\/li>\n<li>La capacit\u00e9 du pistolet \u00e0 5,5 bars est d&#8217;environ 260L\/min.<\/li>\n<\/ul>\n","protected":false},"featured_media":8295,"comment_status":"open","ping_status":"closed","template":"","meta":[],"product_brand":[],"product_cat":[153,125],"product_tag":[183],"class_list":{"0":"post-8199","1":"product","2":"type-product","3":"status-publish","4":"has-post-thumbnail","6":"product_cat-all-in-one-fr","7":"product_cat-non-classifiee","8":"product_tag-kits-fr","10":"first","11":"instock","12":"taxable","13":"shipping-taxable","14":"product-type-simple"},"_links":{"self":[{"href":"https:\/\/www.nanoclean-air.com\/fr\/wp-json\/wp\/v2\/product\/8199","targetHints":{"allow":["GET"]}}],"collection":[{"href":"https:\/\/www.nanoclean-air.com\/fr\/wp-json\/wp\/v2\/product"}],"about":[{"href":"https:\/\/www.nanoclean-air.com\/fr\/wp-json\/wp\/v2\/types\/product"}],"replies":[{"embeddable":true,"href":"https:\/\/www.nanoclean-air.com\/fr\/wp-json\/wp\/v2\/comments?post=8199"}],"wp:featuredmedia":[{"embeddable":true,"href":"https:\/\/www.nanoclean-air.com\/fr\/wp-json\/wp\/v2\/media\/8295"}],"wp:attachment":[{"href":"https:\/\/www.nanoclean-air.com\/fr\/wp-json\/wp\/v2\/media?parent=8199"}],"wp:term":[{"taxonomy":"product_brand","embeddable":true,"href":"https:\/\/www.nanoclean-air.com\/fr\/wp-json\/wp\/v2\/product_brand?post=8199"},{"taxonomy":"product_cat","embeddable":true,"href":"https:\/\/www.nanoclean-air.com\/fr\/wp-json\/wp\/v2\/product_cat?post=8199"},{"taxonomy":"product_tag","embeddable":true,"href":"https:\/\/www.nanoclean-air.com\/fr\/wp-json\/wp\/v2\/product_tag?post=8199"}],"curies":[{"name":"wp","href":"https:\/\/api.w.org\/{rel}","templated":true}]}}