{"id":8392,"date":"2024-06-06T09:43:14","date_gmt":"2024-06-06T07:43:14","guid":{"rendered":"https:\/\/www.nanoclean-air.com\/product\/nanocleanac8-home-dla-dzieci\/"},"modified":"2024-09-04T12:45:17","modified_gmt":"2024-09-04T10:45:17","slug":"nanocleanac8-home-pour-enfants","status":"publish","type":"product","link":"https:\/\/www.nanoclean-air.com\/fr\/product\/nanocleanac8-home-pour-enfants\/","title":{"rendered":"NANOCLEAN\u00aeAC8 Home pour Enfants"},"content":{"rendered":"<p><strong>PROPRI\u00c9T\u00c9S UNIQUES :<\/strong><\/p>\n<ul>\n<li><strong>Formule Innovante Sans Chlore et Sans Alcool :<\/strong> Fonctionne sans \u00e9manations nocives, sans danger pour la sant\u00e9 de votre enfant.<\/li>\n<li><strong>\u00c9limination de la moisissure et des bact\u00e9ries :<\/strong> Le Spectre Biocide Complet est la seule solution sur le march\u00e9 qui \u00e9limine efficacement les bact\u00e9ries, virus, champignons, moisissures, spores et mycobact\u00e9ries, garantissant le plus haut niveau d&#8217;hygi\u00e8ne.<\/li>\n<li><strong>S\u00fbr pour les surfaces :<\/strong> La formule est con\u00e7ue pour prot\u00e9ger les \u00e9l\u00e9ments d\u00e9licats des espaces fr\u00e9quent\u00e9s par l&#8217;enfant, sans risque d&#8217;endommagement.<\/li>\n<\/ul>\n<p><strong>AVANTAGES DE L&#8217;UTILISATION :<\/strong><\/p>\n<ul>\n<li><strong>Neutralisation imm\u00e9diate des odeurs :<\/strong> \u00c9limine toutes les mauvaises odeurs, laissant l&#8217;environnement de votre enfant frais et agr\u00e9able.<\/li>\n<li><strong>Nettoyage efficace :<\/strong> \u00c9limine efficacement la salet\u00e9, les taches et autres contaminants, en maintenant propres les jouets, meubles et autres objets.<\/li>\n<li><strong>D\u00e9contamination et D\u00e9sinfection :<\/strong> La formule compl\u00e8te garantit une d\u00e9contamination et une d\u00e9sinfection en un seul processus, \u00e9liminant les menaces biologiques.<\/li>\n<li><strong>Pr\u00e9vention de la moisissure :<\/strong> Cr\u00e9e une barri\u00e8re protectrice qui emp\u00eache la prolif\u00e9ration des moisissures et des micro-organismes, assurant une hygi\u00e8ne durable.<\/li>\n<\/ul>\n<p><strong>MODE D&#8217;EMPLOI :<\/strong> Remarque : Suivez toujours les instructions du fabricant pour les \u00e9quipements pour enfants.<\/p>\n<ol>\n<li>D\u00e9gagez la zone de l&#8217;enfant de tout objet pouvant g\u00eaner le nettoyage.<\/li>\n<li>Vaporisez toutes les surfaces, y compris les jouets, meubles, tapis de jeu et autres espaces fr\u00e9quent\u00e9s par l&#8217;enfant, avec NANOCLEAN AC8 POUR ENFANTS et attendez 5 \u00e0 15 minutes pour d\u00e9sinfecter toutes les surfaces.<\/li>\n<li>Vaporisez un chiffon en microfibre et essuyez toutes les surfaces pulv\u00e9ris\u00e9es.<\/li>\n<li>Si n\u00e9cessaire, essuyez les surfaces avec un chiffon propre et humide pour \u00e9liminer tout r\u00e9sidu.<\/li>\n<li>Laissez s\u00e9cher compl\u00e8tement avant de r\u00e9utiliser les surfaces.<\/li>\n<\/ol>\n<p>Remarque : NANOCLEAN AC8 est \u00e9galement efficace en cas d&#8217;urgence. Il \u00e9limine imm\u00e9diatement les mauvaises odeurs, nettoie et d\u00e9sinfecte lorsque l&#8217;espace de l&#8217;enfant est contamin\u00e9 par de la moisissure ou d&#8217;autres impuret\u00e9s organiques.<\/p>\n<p>Les produits biocides doivent \u00eatre utilis\u00e9s avec pr\u00e9caution. Toujours lire l&#8217;\u00e9tiquette et les informations sur le produit avant utilisation.<\/p>\n<p><strong>APPROBATIONS :<\/strong><\/p>\n<ul>\n<li>Autorisation de mise sur le march\u00e9 du produit biocide : N\u00b0 7406\/18.<\/li>\n<li>Certificat PZH : N\u00b0 B.BK.60112.0333.2023.<\/li>\n<li>ININFLAMMABLE : Formule sans alcool, \u00e0 base d&#8217;eau, ininflammable, sans acides, sans ph\u00e9nols, et sans solvants organiques.<\/li>\n<\/ul>\n<p><strong>CONSEILS POUR LES UTILISATEURS :<\/strong><\/p>\n<ul>\n<li><strong>Nettoyage r\u00e9gulier :<\/strong> Nettoyez r\u00e9guli\u00e8rement les jouets, meubles, tapis de jeu et autres surfaces de l&#8217;enfant pour \u00e9viter l&#8217;accumulation de salet\u00e9 et de r\u00e9sidus, assurant ainsi une meilleure hygi\u00e8ne et la sant\u00e9 de votre enfant.<\/li>\n<li><strong>Utilisez des produits appropri\u00e9s :<\/strong> Utiliser des produits adapt\u00e9s pour nettoyer l&#8217;espace de votre enfant aide \u00e0 le maintenir en parfait \u00e9tat, minimisant le risque de dommages et de maladies.<\/li>\n<li><strong>Inspection :<\/strong> Inspectez et nettoyez r\u00e9guli\u00e8rement les jouets, tapis et autres objets pour \u00e9viter l&#8217;accumulation de salet\u00e9 et de moisissures.<\/li>\n<\/ul>\n<p>Choisissez NANOCLEAN AC8 POUR ENFANTS et offrez \u00e0 votre enfant des soins complets et le plus haut niveau d&#8217;hygi\u00e8ne. Prenez soin de votre enfant avec NANOCLEAN AC8 et profitez de la propret\u00e9 et de la fra\u00eecheur au quotidien.<\/p>\n<p>Achetez maintenant et d\u00e9couvrez la diff\u00e9rence.<\/p>\n","protected":false},"excerpt":{"rendered":"<h2><strong>NETTOYAGE ET D\u00c9SINFECTION DES ESPACES O\u00d9 LES ENFANTS S\u00c9JOURNENT<\/strong><\/h2>\n<p>5 en 1: Nettoyage, Rafra\u00eechissement, Anti-Moisissure, D\u00e9sinfection, Protection<\/p>\n<p><strong>Assurez le Confort et l\u2019Hygi\u00e8ne de Votre Enfant<\/strong><\/p>\n<p><strong>\u00c9liminez les Odeurs, la Salet\u00e9 et D\u00e9sinfectez les Surfaces avec un Seul Produit<\/strong><\/p>\n<p>Assurez la propret\u00e9 et l\u2019hygi\u00e8ne de votre enfant en \u00e9liminant les mauvaises odeurs et la salet\u00e9. D\u00e9sinfectez r\u00e9guli\u00e8rement les accessoires pour enfants avec une solution de nettoyage s\u00fbre et non inflammable, douce pour les mat\u00e9riaux et les surfaces. Enlevez la salet\u00e9, les bact\u00e9ries et la mati\u00e8re organique des \u00e9l\u00e9ments suivants :<\/p>\n<ul>\n<li>JOUETS<\/li>\n<li>PARCS<\/li>\n<li>TAPIS DE JEU<\/li>\n<li>POUSSETTE<\/li>\n<li>BROSSES ET PEIGNES<\/li>\n<\/ul>\n<p>&nbsp;<\/p>\n","protected":false},"featured_media":8554,"comment_status":"open","ping_status":"closed","template":"","meta":[],"product_brand":[],"product_cat":[151],"product_tag":[],"class_list":{"0":"post-8392","1":"product","2":"type-product","3":"status-publish","4":"has-post-thumbnail","6":"product_cat-home","8":"first","9":"instock","10":"taxable","11":"shipping-taxable","12":"product-type-simple"},"_links":{"self":[{"href":"https:\/\/www.nanoclean-air.com\/fr\/wp-json\/wp\/v2\/product\/8392","targetHints":{"allow":["GET"]}}],"collection":[{"href":"https:\/\/www.nanoclean-air.com\/fr\/wp-json\/wp\/v2\/product"}],"about":[{"href":"https:\/\/www.nanoclean-air.com\/fr\/wp-json\/wp\/v2\/types\/product"}],"replies":[{"embeddable":true,"href":"https:\/\/www.nanoclean-air.com\/fr\/wp-json\/wp\/v2\/comments?post=8392"}],"wp:featuredmedia":[{"embeddable":true,"href":"https:\/\/www.nanoclean-air.com\/fr\/wp-json\/wp\/v2\/media\/8554"}],"wp:attachment":[{"href":"https:\/\/www.nanoclean-air.com\/fr\/wp-json\/wp\/v2\/media?parent=8392"}],"wp:term":[{"taxonomy":"product_brand","embeddable":true,"href":"https:\/\/www.nanoclean-air.com\/fr\/wp-json\/wp\/v2\/product_brand?post=8392"},{"taxonomy":"product_cat","embeddable":true,"href":"https:\/\/www.nanoclean-air.com\/fr\/wp-json\/wp\/v2\/product_cat?post=8392"},{"taxonomy":"product_tag","embeddable":true,"href":"https:\/\/www.nanoclean-air.com\/fr\/wp-json\/wp\/v2\/product_tag?post=8392"}],"curies":[{"name":"wp","href":"https:\/\/api.w.org\/{rel}","templated":true}]}}