{"id":8457,"date":"2024-05-28T07:41:30","date_gmt":"2024-05-28T05:41:30","guid":{"rendered":"https:\/\/www.nanoclean-air.com\/product\/plyn-czyszczaco-dezynfekujacy-do-mikrofalowki-nanocleanac8-home\/"},"modified":"2024-09-04T16:15:31","modified_gmt":"2024-09-04T14:15:31","slug":"fluide-nettoyant-et-desinfectant-pour-micro-ondes-nanocleanac8-home","status":"publish","type":"product","link":"https:\/\/www.nanoclean-air.com\/fr\/product\/fluide-nettoyant-et-desinfectant-pour-micro-ondes-nanocleanac8-home\/","title":{"rendered":"Fluide nettoyant et d\u00e9sinfectant pour micro-ondes NANOCLEAN\u00aeAC8 Home"},"content":{"rendered":"<h3>PROPRI\u00c9T\u00c9S UNIQUES :<\/h3>\n<p>&#8211; Formule innovante sans chlore et sans alcool : Fonctionne sans vapeurs nocives, s\u00fbre pour la sant\u00e9.<\/p>\n<p>&#8211; Sans parfum ou ar\u00f4me floral d\u00e9licat : Choisissez une version sans parfum ou un ar\u00f4me floral subtil pour une fra\u00eecheur suppl\u00e9mentaire.<\/p>\n<p>&#8211; \u00c9limination des moisissures et des bact\u00e9ries : Le spectre biocide complet est la seule solution sur le march\u00e9 qui \u00e9limine efficacement les bact\u00e9ries, les virus, les champignons, les moisissures, les spores et les mycobact\u00e9ries, garantissant le plus haut niveau d&#8217;hygi\u00e8ne.<\/p>\n<p>&#8211; S\u00fbr pour les plastiques, les joints et les m\u00e9taux : Une formule con\u00e7ue pour les composants d\u00e9licats du micro-ondes, sans risque de dommages.<\/p>\n<h3>AVANTAGES D&#8217;UTILISATION :<\/h3>\n<p>&#8211; Neutralisation instantan\u00e9e des odeurs : \u00c9limine toutes les mauvaises odeurs, laissant le micro-ondes frais et pr\u00eat \u00e0 l&#8217;emploi.<\/p>\n<p>&#8211; Nettoyage efficace : \u00c9limine efficacement la graisse, les r\u00e9sidus alimentaires et les d\u00e9p\u00f4ts, assurant la propret\u00e9 de tous les composants du micro-ondes.<\/p>\n<p>&#8211; \u00c9limination des moisissures et d\u00e9sinfection : La formule compl\u00e8te assure l&#8217;\u00e9limination des moisissures et la d\u00e9sinfection en un seul processus, \u00e9liminant les risques biologiques.<\/p>\n<p>&#8211; Protection contre les moisissures : Cr\u00e9e une barri\u00e8re protectrice qui emp\u00eache le d\u00e9veloppement de moisissures et de micro-organismes, assurant une hygi\u00e8ne durable, m\u00eame lorsque l&#8217;appareil n&#8217;est pas utilis\u00e9 pendant une longue p\u00e9riode.<\/p>\n<h3>MODE D&#8217;EMPLOI :<\/h3>\n<ol>\n<li>Remarque : Suivez toujours les recommandations du fabricant du micro-ondes.<\/li>\n<li>Videz le micro-ondes en retirant tous les plats et accessoires.<\/li>\n<li>Vaporisez le produit NANOCLEAN AC8 POUR LE NETTOYAGE DES MICRO-ONDES sur toutes les surfaces internes, y compris le plateau tournant, la cavit\u00e9 et les joints de porte, et attendez 5 \u00e0 15 minutes pour d\u00e9sinfecter toutes les surfaces.<\/li>\n<li>Vaporisez une microfibre et essuyez toutes les surfaces pulv\u00e9ris\u00e9es.<\/li>\n<li>Nettoyez le plateau tournant et les autres pi\u00e8ces amovibles avec une brosse ou une \u00e9ponge et rincez \u00e0 l&#8217;eau courante.<\/li>\n<li>Remontez les pi\u00e8ces nettoy\u00e9es dans le micro-ondes.<\/li>\n<li>Faites fonctionner le micro-ondes sur un cycle court sans nourriture pour terminer le processus de nettoyage et de d\u00e9sinfection.<\/li>\n<\/ol>\n<p>Remarque : NANOCLEAN AC8 est \u00e9galement efficace en cas d&#8217;urgence. Il \u00e9limine instantan\u00e9ment les mauvaises odeurs, nettoie et d\u00e9sinfecte lorsque le micro-ondes a \u00e9t\u00e9 contamin\u00e9 par des r\u00e9sidus alimentaires ou des moisissures dus \u00e0 une mauvaise utilisation.<\/p>\n<p>Les produits biocides doivent \u00eatre utilis\u00e9s avec pr\u00e9caution. Lisez toujours l&#8217;\u00e9tiquette et les informations sur le produit avant utilisation.<\/p>\n<h3>APPROBATIONS :<\/h3>\n<p>&#8211; Autorisation de mise sur le march\u00e9 d&#8217;un produit biocide : n\u00b0 7406\/18.<\/p>\n<p>&#8211; Certificat PZH : n\u00b0 B.BK.60112.0333.2023.<\/p>\n<p>&#8211; NON INFLAMMABLE : Formule sans alcool \u00e0 base d&#8217;eau, non inflammable, sans acides, ph\u00e9nols ni solvants organiques.<\/p>\n","protected":false},"excerpt":{"rendered":"<h3><strong>NANOCLEAN AC8 POUR MICRO-ONDES<\/strong><br \/>\nSoins complets et hygi\u00e8ne pour votre micro-ondes<\/h3>\n<p>5-en-1 : Nettoyage, Rafra\u00eechissement, \u00c9limination des moisissures, D\u00e9sinfection, Protection<\/p>\n<p>D\u00e9couvrez NANOCLEAN AC8 POUR MICRO-ONDES, un produit innovant 5-en-1 qui offre des soins complets \u00e0 votre micro-ondes. Ce produit exceptionnel nettoie, rafra\u00eechit, \u00e9limine les moisissures, d\u00e9sinfecte et prot\u00e8ge contre la formation de moisissures et les mauvaises odeurs, garantissant une propret\u00e9 et une hygi\u00e8ne impeccables.<\/p>\n","protected":false},"featured_media":8578,"comment_status":"open","ping_status":"closed","template":"","meta":[],"product_brand":[],"product_cat":[151],"product_tag":[],"class_list":{"0":"post-8457","1":"product","2":"type-product","3":"status-publish","4":"has-post-thumbnail","6":"product_cat-home","8":"first","9":"instock","10":"taxable","11":"shipping-taxable","12":"product-type-simple"},"_links":{"self":[{"href":"https:\/\/www.nanoclean-air.com\/fr\/wp-json\/wp\/v2\/product\/8457","targetHints":{"allow":["GET"]}}],"collection":[{"href":"https:\/\/www.nanoclean-air.com\/fr\/wp-json\/wp\/v2\/product"}],"about":[{"href":"https:\/\/www.nanoclean-air.com\/fr\/wp-json\/wp\/v2\/types\/product"}],"replies":[{"embeddable":true,"href":"https:\/\/www.nanoclean-air.com\/fr\/wp-json\/wp\/v2\/comments?post=8457"}],"wp:featuredmedia":[{"embeddable":true,"href":"https:\/\/www.nanoclean-air.com\/fr\/wp-json\/wp\/v2\/media\/8578"}],"wp:attachment":[{"href":"https:\/\/www.nanoclean-air.com\/fr\/wp-json\/wp\/v2\/media?parent=8457"}],"wp:term":[{"taxonomy":"product_brand","embeddable":true,"href":"https:\/\/www.nanoclean-air.com\/fr\/wp-json\/wp\/v2\/product_brand?post=8457"},{"taxonomy":"product_cat","embeddable":true,"href":"https:\/\/www.nanoclean-air.com\/fr\/wp-json\/wp\/v2\/product_cat?post=8457"},{"taxonomy":"product_tag","embeddable":true,"href":"https:\/\/www.nanoclean-air.com\/fr\/wp-json\/wp\/v2\/product_tag?post=8457"}],"curies":[{"name":"wp","href":"https:\/\/api.w.org\/{rel}","templated":true}]}}