{"id":8463,"date":"2024-05-20T13:46:26","date_gmt":"2024-05-20T11:46:26","guid":{"rendered":"https:\/\/www.nanoclean-air.com\/product\/nanoclean-ac8-do-zmywarki\/"},"modified":"2024-09-05T07:35:56","modified_gmt":"2024-09-05T05:35:56","slug":"fluide-nettoyant-et-desinfectant-pour-lave-vaisselle-nanocleanac8-home","status":"publish","type":"product","link":"https:\/\/www.nanoclean-air.com\/fr\/product\/fluide-nettoyant-et-desinfectant-pour-lave-vaisselle-nanocleanac8-home\/","title":{"rendered":"Fluide nettoyant et d\u00e9sinfectant pour lave-vaisselle NANOCLEAN\u00aeAC8 Home"},"content":{"rendered":"<h2>Nanoclean AC8 pour Lave-vaisselle \u2013 Une r\u00e9volution dans la propret\u00e9 et l&#8217;hygi\u00e8ne<\/h2>\n<p><strong>Utilisation :<\/strong><br \/>\n1. Nettoyage du lave-vaisselle : Nanoclean AC8 \u00e9limine efficacement les r\u00e9sidus tenaces et les contaminants qui s&#8217;accumulent \u00e0 l&#8217;int\u00e9rieur du lave-vaisselle, notamment les restes de nourriture, le calcaire et la graisse, qui peuvent r\u00e9duire l&#8217;efficacit\u00e9 de l&#8217;appareil.<\/p>\n<p>2. \u00c9limination des moisissures : Le produit combat les moisissures et les champignons qui peuvent se d\u00e9velopper dans l&#8217;environnement humide du lave-vaisselle. L&#8217;utilisation r\u00e9guli\u00e8re de Nanoclean AC8 aide \u00e0 pr\u00e9venir la formation de moisissures, essentielle pour maintenir des conditions de lavage saines.<\/p>\n<p>3. D\u00e9sinfection : Nanoclean AC8 poss\u00e8de de puissantes propri\u00e9t\u00e9s antibact\u00e9riennes, \u00e9liminant les bact\u00e9ries et les micro-organismes qui peuvent contaminer vos assiettes et affecter leur fra\u00eecheur. Cela est particuli\u00e8rement important pour maintenir l&#8217;hygi\u00e8ne de la vaisselle et des couverts.<\/p>\n<p>4. \u00c9limination des odeurs : Le produit neutralise les mauvaises odeurs, telles que les odeurs de moisi ou de r\u00e9sidus alimentaires, laissant l&#8217;int\u00e9rieur du lave-vaisselle frais et agr\u00e9able.<\/p>\n<p>5. Formule s\u00fbre : Gr\u00e2ce \u00e0 sa formule sans alcool, Nanoclean AC8 est sans danger pour tous les composants du lave-vaisselle et la vaisselle, ce qui signifie que vous pouvez l&#8217;utiliser sans craindre de contaminer vos assiettes avec des substances nocives.<\/p>\n<p><strong>Mode d&#8217;emploi :<\/strong><br \/>\n1. Remarque : Suivez toujours les instructions du fabricant du lave-vaisselle.<br \/>\n2. Videz le lave-vaisselle, retirez le filtre et les autres pi\u00e8ces amovibles qui n\u00e9cessitent un nettoyage.<br \/>\n3. Vaporisez NANOCLEAN AIR POUR LAVE-VAISSELLE sur toutes les surfaces \u00e0 l&#8217;int\u00e9rieur du lave-vaisselle, ainsi que sur les pi\u00e8ces amovibles, filtres, paniers, tiroirs, etc., et laissez agir pendant 5 \u00e0 15 minutes pour d\u00e9sinfecter toutes les surfaces.<br \/>\n4. Vaporisez une microfibre et essuyez les joints et les bords de la porte du lave-vaisselle.<br \/>\n5. Nettoyez les filtres manuellement avec une brosse ou une \u00e9ponge et rincez-les \u00e0 l&#8217;eau courante.<br \/>\n6. Remontez le filtre nettoy\u00e9 et les autres pi\u00e8ces amovibles dans le lave-vaisselle.<br \/>\n7. Lancez un court cycle de lavage, et c&#8217;est termin\u00e9.<\/p>\n<p>Nanoclean AC8 est une solution indispensable pour maintenir la propret\u00e9 et l&#8217;hygi\u00e8ne de votre lave-vaisselle. L&#8217;utilisation r\u00e9guli\u00e8re de ce produit garantit une fra\u00eecheur durable, la s\u00e9curit\u00e9 et des conditions de lavage hygi\u00e9niques, ce qui se traduit par une vaisselle propre et parfum\u00e9e.<\/p>\n<p>Les produits biocides doivent \u00eatre utilis\u00e9s avec pr\u00e9caution. Lisez toujours l&#8217;\u00e9tiquette et les informations sur le produit avant utilisation.<\/p>\n","protected":false},"excerpt":{"rendered":"<h3>Nanoclean AC8 pour Lave-vaisselle<\/h3>\n<p>Nanoclean AC8 est une solution avanc\u00e9e pour le nettoyage, l&#8217;\u00e9limination des moisissures et la d\u00e9sinfection des lave-vaisselles. Sa formule sp\u00e9cialis\u00e9e a \u00e9t\u00e9 con\u00e7ue pour \u00e9liminer efficacement les r\u00e9sidus tenaces, les moisissures, les bact\u00e9ries et les mauvaises odeurs, garantissant une fra\u00eecheur durable pour votre lave-vaisselle. Le produit se caract\u00e9rise par une formule sans alcool, s\u00fbre pour le contact avec la vaisselle, vous assurant que vos assiettes sont lav\u00e9es dans des conditions hygi\u00e9niques.<\/p>\n","protected":false},"featured_media":8558,"comment_status":"open","ping_status":"closed","template":"","meta":[],"product_brand":[],"product_cat":[151],"product_tag":[],"class_list":{"0":"post-8463","1":"product","2":"type-product","3":"status-publish","4":"has-post-thumbnail","6":"product_cat-home","8":"first","9":"instock","10":"taxable","11":"shipping-taxable","12":"product-type-simple"},"_links":{"self":[{"href":"https:\/\/www.nanoclean-air.com\/fr\/wp-json\/wp\/v2\/product\/8463","targetHints":{"allow":["GET"]}}],"collection":[{"href":"https:\/\/www.nanoclean-air.com\/fr\/wp-json\/wp\/v2\/product"}],"about":[{"href":"https:\/\/www.nanoclean-air.com\/fr\/wp-json\/wp\/v2\/types\/product"}],"replies":[{"embeddable":true,"href":"https:\/\/www.nanoclean-air.com\/fr\/wp-json\/wp\/v2\/comments?post=8463"}],"wp:featuredmedia":[{"embeddable":true,"href":"https:\/\/www.nanoclean-air.com\/fr\/wp-json\/wp\/v2\/media\/8558"}],"wp:attachment":[{"href":"https:\/\/www.nanoclean-air.com\/fr\/wp-json\/wp\/v2\/media?parent=8463"}],"wp:term":[{"taxonomy":"product_brand","embeddable":true,"href":"https:\/\/www.nanoclean-air.com\/fr\/wp-json\/wp\/v2\/product_brand?post=8463"},{"taxonomy":"product_cat","embeddable":true,"href":"https:\/\/www.nanoclean-air.com\/fr\/wp-json\/wp\/v2\/product_cat?post=8463"},{"taxonomy":"product_tag","embeddable":true,"href":"https:\/\/www.nanoclean-air.com\/fr\/wp-json\/wp\/v2\/product_tag?post=8463"}],"curies":[{"name":"wp","href":"https:\/\/api.w.org\/{rel}","templated":true}]}}