{"id":10498,"date":"2024-08-08T13:21:07","date_gmt":"2024-08-08T11:21:07","guid":{"rendered":"https:\/\/www.nanoclean-air.com\/?post_type=product&#038;p=10498"},"modified":"2024-11-20T09:11:14","modified_gmt":"2024-11-20T08:11:14","slug":"nanoclean-air-koncentratum-legkondicionalo-es-szellozteto-rendszerek-tisztitasara-frissitesere-fusttelenitesere-es-fertotlenitesere","status":"publish","type":"product","link":"https:\/\/www.nanoclean-air.com\/hu\/product\/nanoclean-air-koncentratum-legkondicionalo-es-szellozteto-rendszerek-tisztitasara-frissitesere-fusttelenitesere-es-fertotlenitesere\/","title":{"rendered":"NANOCLEAN\u00ae AIR Koncentr\u00e1tum l\u00e9gkondicion\u00e1l\u00f3 \u00e9s szell\u0151ztet\u0151 rendszerek tiszt\u00edt\u00e1s\u00e1ra, friss\u00edt\u00e9s\u00e9re, f\u00fcsttelen\u00edt\u00e9s\u00e9re \u00e9s fert\u0151tlen\u00edt\u00e9s\u00e9re"},"content":{"rendered":"<p><strong>L\u00c9GKONDICION\u00c1L\u00d3 TISZT\u00cdT\u00c1S, FRISS\u00cdT\u00c9S<\/strong><br \/>\n\u2022 Hat\u00e9konyan elt\u00e1vol\u00edtja az \u00f6sszes olyan szennyez\u0151d\u00e9st, amely befoly\u00e1solhatja a leveg\u0151 min\u0151s\u00e9g\u00e9t.<br \/>\n\u2022 Tart\u00f3san elt\u00fcnteti a gomb\u00e1k \u00e9s nedvess\u00e9g kellemetlen szag\u00e1t.<br \/>\n\u2022 Anyagokkal kompatibilis \u2013 A koncentr\u00e1tumb\u00f3l 5%-os munkav\u00e1lt koncentr\u00e1ci\u00f3val v\u00edzzel k\u00e9sz\u00edtett oldat kompatibilis a legt\u00f6bb f\u00e9mszerkezettel, festett fel\u00fcletekkel, gumikkal, m\u0171anyagokkal \u00e9s sz\u00f6vetekkel.<br \/>\n\u2022 P\u00e1rolg\u00e1s ut\u00e1n sz\u00e1raz, tiszta fel\u00fcletet hagy, amely ellen\u00e1ll a por vonz\u00e1s\u00e1nak.<\/p>\n<p><strong>L\u00c9GKONDICION\u00c1L\u00d3 F\u00dcSTTELEN\u00cdT\u00c9S \u00c9S FERT\u0150TLEN\u00cdT\u00c9S<\/strong><br \/>\n\u2022 Az egyetlen formul\u00e1ci\u00f3, amely TELJES BIOCID SPEKTRUMMAL rendelkezik (V\u00edrusok, Bakt\u00e9riumok, Gomb\u00e1k, Mycobacteriumok, Sp\u00f3r\u00e1k ak\u00e1r 15 percig).<br \/>\n\u2022 Elt\u00e1vol\u00edtja a Legionella pneumophila-t 1 perc alatt.<br \/>\n\u2022 Hat\u00e9konys\u00e1g\u00e1t tesztek igazolj\u00e1k, az eur\u00f3pai szabv\u00e1nyok szerint: EN1040, EN13727, EN1276, EN13697, EN13623, EN1275, EN1650, EN14476, EN13704, EN14348.<br \/>\n\u2022 Biocid term\u00e9k forgalmaz\u00e1si enged\u00e9ly sz\u00e1m: 7420\/18.<br \/>\n\u2022 PZH j\u00f3v\u00e1hagy\u00e1s sz\u00e1m: B.BK.60112.0333.2023.<br \/>\n\u2022 Ez egy \u00faj biztons\u00e1gi szabv\u00e1ny a leveg\u0151ben terjed\u0151 fert\u0151z\u00e9sek \u00e9s szennyez\u0151d\u00e9sek ellen.<\/p>\n<p><strong>MEGTAKAR\u00cdT\u00c1S<\/strong><br \/>\n\u2022 A legk\u00f6lts\u00e9ghat\u00e9konyabb fert\u0151tlen\u00edt\u00e9s.<br \/>\n\u2022 A koncentr\u00e1tum v\u00edzzel 5%-os koncentr\u00e1ci\u00f3ban t\u00f6rt\u00e9n\u0151 haszn\u00e1lata.<br \/>\n\u2022 1 liter koncentr\u00e1tum 20 liter k\u00e9sz oldatot eredm\u00e9nyez.<\/p>\n<p><strong>\u00dcGYF\u00c9L EL\u00c9GEDETTYS\u00c9G<\/strong><br \/>\n\u2022 Kellemes, friss illat.<br \/>\n\u2022 T\u00e1rol\u00e1s \u00e9s haszn\u00e1lat t\u0171zvesz\u00e9ly n\u00e9lk\u00fcl \u2013 nem gy\u00fal\u00e9kony v\u00edzb\u00e1zis\u00fa term\u00e9k.<br \/>\n\u2022 Nem tartalmaz savakat, fenolokat (vesz\u00e9lyesek terhes n\u0151k sz\u00e1m\u00e1ra, \u00e1llatoknak) \u00e9s szerves old\u00f3szereket.<br \/>\n\u2022 Teljes \u00fcgyf\u00e9l el\u00e9gedetts\u00e9g \u2013 panasz n\u00e9lk\u00fcl.<\/p>\n","protected":false},"excerpt":{"rendered":"<p>Az egyetlen term\u00e9k a piacon, amely a l\u00e9gkondicion\u00e1l\u00f3k \u00e9s egy\u00e9b HVAC l\u00e9gkondicion\u00e1l\u00f3 \u00e9s h\u0171t\u0151 berendez\u00e9sek p\u00e1rologtat\u00f3inak \u00e9s kondenz\u00e1torainak tiszt\u00edt\u00e1s\u00e1ra, friss\u00edt\u00e9s\u00e9re, f\u00fcsttelen\u00edt\u00e9s\u00e9re \u00e9s fert\u0151tlen\u00edt\u00e9s\u00e9re teljes biocid spektrummal, ak\u00e1r 15 perc alatt.<br \/>\nHat\u00e9konyan elt\u00e1vol\u00edtja az \u00f6sszes olyan szennyez\u0151d\u00e9st, amely befoly\u00e1solhatja a leveg\u0151 min\u0151s\u00e9g\u00e9t.<br \/>\nKellemes, friss illatot hagy maga ut\u00e1n.<br \/>\n\u2022 <strong>FRISSSS\u00c9G<\/strong>. Elt\u00e1vol\u00edtja a kellemetlen szagokat, \u00e9s hosszabb ideig kellemes illatot hagy.<br \/>\n\u2022 <strong>BIZALOM<\/strong>.<br \/>\nTELJES BIOCID SPEKTRUM: v\u00edrusok, gomb\u00e1k, bakt\u00e9riumok, sp\u00f3r\u00e1k, mycobacteriumok. Legionella pneumophila 1 perc alatt.<br \/>\n\u2022 <strong>HAT\u00c9KONYS\u00c1G<\/strong>. Eur\u00f3pai szabv\u00e1nyok szerinti tesztekkel meger\u0151s\u00edtve: EN1040, EN13727, EN1276, EN13697, EN13623, EN1275, EN1650, EN14476, EN13704, EN14348<br \/>\n\u2022 <strong>TISZT\u00cdT\u00c1SI HAT\u00c9KONYS\u00c1G<\/strong>. A t\u00f6bbkomponens\u0171 akt\u00edv alapnak k\u00f6sz\u00f6nhet\u0151en.<br \/>\n\u2022 <strong>EL\u00c9GEDETT \u00dcGYFELEK<\/strong>. Hat\u00e9kony tiszt\u00edt\u00e1ssal \u00e9s fert\u0151tlen\u00edt\u00e9ssel.<br \/>\n<strong>MINDEN EGYBEN = TISZT\u00cdT\u00c1S + FRISS\u00cdT\u00c9S + F\u00dcSTTELEN\u00cdT\u00c9S + FERT\u0150TLEN\u00cdT\u00c9S = 1 TERM\u00c9K = 1 FOLYAMAT<\/strong><\/p>\n","protected":false},"featured_media":10500,"comment_status":"open","ping_status":"closed","template":"","meta":[],"product_brand":[],"product_cat":[245,348],"product_tag":[],"class_list":{"0":"post-10498","1":"product","2":"type-product","3":"status-publish","4":"has-post-thumbnail","6":"product_cat-hvac2-hu","7":"product_cat-hvac-hu","8":"pa_capacity-1-l-hu","9":"pa_smell-citrus-hu","10":"pa_smell-levendula","11":"pa_smell-orchidea-hu","12":"pa_smell-szagtalan","14":"first","15":"instock","16":"featured","17":"taxable","18":"shipping-taxable","19":"product-type-variable"},"_links":{"self":[{"href":"https:\/\/www.nanoclean-air.com\/hu\/wp-json\/wp\/v2\/product\/10498","targetHints":{"allow":["GET"]}}],"collection":[{"href":"https:\/\/www.nanoclean-air.com\/hu\/wp-json\/wp\/v2\/product"}],"about":[{"href":"https:\/\/www.nanoclean-air.com\/hu\/wp-json\/wp\/v2\/types\/product"}],"replies":[{"embeddable":true,"href":"https:\/\/www.nanoclean-air.com\/hu\/wp-json\/wp\/v2\/comments?post=10498"}],"wp:featuredmedia":[{"embeddable":true,"href":"https:\/\/www.nanoclean-air.com\/hu\/wp-json\/wp\/v2\/media\/10500"}],"wp:attachment":[{"href":"https:\/\/www.nanoclean-air.com\/hu\/wp-json\/wp\/v2\/media?parent=10498"}],"wp:term":[{"taxonomy":"product_brand","embeddable":true,"href":"https:\/\/www.nanoclean-air.com\/hu\/wp-json\/wp\/v2\/product_brand?post=10498"},{"taxonomy":"product_cat","embeddable":true,"href":"https:\/\/www.nanoclean-air.com\/hu\/wp-json\/wp\/v2\/product_cat?post=10498"},{"taxonomy":"product_tag","embeddable":true,"href":"https:\/\/www.nanoclean-air.com\/hu\/wp-json\/wp\/v2\/product_tag?post=10498"}],"curies":[{"name":"wp","href":"https:\/\/api.w.org\/{rel}","templated":true}]}}