{"id":8812,"date":"2024-11-12T12:16:49","date_gmt":"2024-11-12T11:16:49","guid":{"rendered":"https:\/\/www.nanoclean-air.com\/?post_type=product&#038;p=8812"},"modified":"2024-11-14T13:18:10","modified_gmt":"2024-11-14T12:18:10","slug":"nanoclean-ac-foam-spray","status":"publish","type":"product","link":"https:\/\/www.nanoclean-air.com\/hu\/product\/nanoclean-ac-foam-spray\/","title":{"rendered":"NANOCLEAN AC FOAM SPRAY"},"content":{"rendered":"<p><strong>F\u0151 jellemz\u0151k:<\/strong><\/p>\n<ul>\n<li><strong>Er\u0151teljes akt\u00edv formula:<\/strong> Tiszt\u00edt, zs\u00edrtalan\u00edt, elt\u00e1vol\u00edtja a foltokat \u00e9s friss\u00edti a fel\u00fcleteket.<\/li>\n<li><strong>Sz\u00e9lesk\u00f6r\u0171 kompatibilit\u00e1s:<\/strong> Biztons\u00e1gosan haszn\u00e1lhat\u00f3 kemik\u00e1li\u00e1kra, m\u0171anyagokra, f\u00e9mb\u0151l (bele\u00e9rtve a festett f\u00e9met), f\u00e1ra, b\u0151rre, \u00fcvegre \u00e9s sz\u00f6vetekre.<\/li>\n<li><strong>Hat\u00e9kony k\u00fcl\u00f6nb\u00f6z\u0151 szennyez\u0151d\u00e9seken:<\/strong> Elt\u00e1vol\u00edtja a zs\u00edrt, olajat, tint\u00e1t, ragaszt\u00f3kat, c\u00edmke maradv\u00e1nyokat, ujjlenyomatokat \u00e9s egy\u00e9b szennyez\u0151d\u00e9seket.<\/li>\n<li><strong>Kellemes friss illat:<\/strong> Minden haszn\u00e1lat ut\u00e1n tiszta, friss illatot hagy maga ut\u00e1n.<\/li>\n<li><strong>Antisztatikus v\u00e9delem:<\/strong> Megakad\u00e1lyozza a por lerak\u00f3d\u00e1s\u00e1t a kezelt fel\u00fcleteken.<\/li>\n<li><strong>V\u00edz n\u00e9lk\u00fcli tiszt\u00edt\u00e1s:<\/strong> Nincs sz\u00fcks\u00e9g v\u00edzre a fel\u00fcletek tiszt\u00edt\u00e1s\u00e1hoz \u2013 egyszer\u0171en f\u00fajd r\u00e1 \u00e9s t\u00f6r\u00f6ld le!<\/li>\n<\/ul>\n<p><strong>Alkalmaz\u00e1sok:<\/strong><\/p>\n<ul>\n<li>L\u00e9gkondicion\u00e1l\u00f3 egys\u00e9gek telep\u00edt\u00e9se vagy karbantart\u00e1sa (burkolatok, sz\u0171r\u0151k, mechanizmusok, eszk\u00f6z\u00f6k \u00e9s ujjlenyomat elt\u00e1vol\u00edt\u00e1s).<\/li>\n<li>Alkalmas irod\u00e1khoz, otthonokhoz, m\u0171helyekhez, gy\u00e1rt\u00f3csarnokokhoz, f\u00fcrd\u0151szob\u00e1khoz, konyh\u00e1khoz \u00e9s egy\u00e9b helyis\u00e9gekhez.<\/li>\n<li>Ide\u00e1lis g\u00e9pek, elektronikai eszk\u00f6z\u00f6k, h\u00e1ztart\u00e1si k\u00e9sz\u00fcl\u00e9kek, sz\u00e1m\u00edt\u00f3g\u00e9pek, sportfelszerel\u00e9sek, j\u00e1rm\u0171vek \u00e9s aut\u00f3k tiszt\u00edt\u00e1s\u00e1ra.<\/li>\n<\/ul>\n<p><strong>Haszn\u00e1lati utas\u00edt\u00e1s:<\/strong><\/p>\n<ol>\n<li>A term\u00e9ket haszn\u00e1lat el\u0151tt tesztelje egy nem felt\u0171n\u0151 helyen.<\/li>\n<li>Haszn\u00e1lat el\u0151tt r\u00e1zza fel az aeroszolos flakont.<\/li>\n<li>Permetezze a fel\u00fcletre 5-15 cm t\u00e1vols\u00e1gb\u00f3l, vagy egy rongyra.<\/li>\n<li>T\u00f6r\u00f6lje sz\u00e1razra a fel\u00fcletet mikrofon sz\u00e1l\u00fa ruh\u00e1val.<\/li>\n<\/ol>\n<p><strong>Figyelem:<\/strong> Csak professzion\u00e1lis haszn\u00e1latra.<\/p>\n<p>A NANOCLEAN AC FOAM SPRAY a gyors \u00e9s hat\u00e9kony tiszt\u00edt\u00e1s megold\u00e1sa, amely visszaadja a fel\u00fcletek term\u00e9szetes megjelen\u00e9s\u00e9t, \u00edgy t\u00f6k\u00e9letes v\u00e1laszt\u00e1s k\u00fcl\u00f6nb\u00f6z\u0151 ipar\u00e1gak \u00e9s alkalmaz\u00e1sok sz\u00e1m\u00e1ra.<\/p>\n","protected":false},"excerpt":{"rendered":"<p><strong>Univerz\u00e1lis Akt\u00edv Tiszt\u00edt\u00f3szivacs (400 ml)<\/strong><br \/>\n<strong>A t\u00f6k\u00e9letes megold\u00e1s hat\u00e9kony, v\u00edz n\u00e9lk\u00fcli tiszt\u00edt\u00e1shoz<\/strong><\/p>\n<p>A NANOCLEAN AC FOAM SPRAY egy er\u0151teljes, sokoldal\u00fa tiszt\u00edt\u00f3szivacs, amelyet l\u00e9gkondicion\u00e1l\u00f3 rendszerek telep\u00edt\u00e9s\u00e9re \u00e9s karbantart\u00e1s\u00e1ra terveztek, de m\u00e1s tiszt\u00edt\u00e1si feladatok sz\u00e9les sk\u00e1l\u00e1j\u00e1ra is alkalmas. Ez a v\u00edz n\u00e9lk\u00fcli formula hat\u00e9konyan t\u00e1vol\u00edtja el a szennyez\u0151d\u00e9seket, zs\u00edrt, olajat, foltokat, ujjlenyomatokat, ragaszt\u00f3kat \u00e9s m\u00e9g sok m\u00e1st, mik\u00f6zben foltmentesen \u00e9s felfriss\u00edtve hagyja a fel\u00fcleteket \u2013 v\u00edz haszn\u00e1lata n\u00e9lk\u00fcl.<\/p>\n","protected":false},"featured_media":8820,"comment_status":"closed","ping_status":"closed","template":"","meta":[],"product_brand":[],"product_cat":[348],"product_tag":[],"class_list":{"0":"post-8812","1":"product","2":"type-product","3":"status-publish","4":"has-post-thumbnail","6":"product_cat-hvac-hu","8":"first","9":"instock","10":"taxable","11":"shipping-taxable","12":"product-type-simple"},"_links":{"self":[{"href":"https:\/\/www.nanoclean-air.com\/hu\/wp-json\/wp\/v2\/product\/8812","targetHints":{"allow":["GET"]}}],"collection":[{"href":"https:\/\/www.nanoclean-air.com\/hu\/wp-json\/wp\/v2\/product"}],"about":[{"href":"https:\/\/www.nanoclean-air.com\/hu\/wp-json\/wp\/v2\/types\/product"}],"replies":[{"embeddable":true,"href":"https:\/\/www.nanoclean-air.com\/hu\/wp-json\/wp\/v2\/comments?post=8812"}],"wp:featuredmedia":[{"embeddable":true,"href":"https:\/\/www.nanoclean-air.com\/hu\/wp-json\/wp\/v2\/media\/8820"}],"wp:attachment":[{"href":"https:\/\/www.nanoclean-air.com\/hu\/wp-json\/wp\/v2\/media?parent=8812"}],"wp:term":[{"taxonomy":"product_brand","embeddable":true,"href":"https:\/\/www.nanoclean-air.com\/hu\/wp-json\/wp\/v2\/product_brand?post=8812"},{"taxonomy":"product_cat","embeddable":true,"href":"https:\/\/www.nanoclean-air.com\/hu\/wp-json\/wp\/v2\/product_cat?post=8812"},{"taxonomy":"product_tag","embeddable":true,"href":"https:\/\/www.nanoclean-air.com\/hu\/wp-json\/wp\/v2\/product_tag?post=8812"}],"curies":[{"name":"wp","href":"https:\/\/api.w.org\/{rel}","templated":true}]}}