{"id":8865,"date":"2024-11-13T14:02:42","date_gmt":"2024-11-13T13:02:42","guid":{"rendered":"https:\/\/www.nanoclean-air.com\/?post_type=product&#038;p=8865"},"modified":"2024-11-14T13:18:09","modified_gmt":"2024-11-14T12:18:09","slug":"nanoclean-gas-leak-detector-500-ml-aeroszol","status":"publish","type":"product","link":"https:\/\/www.nanoclean-air.com\/hu\/product\/nanoclean-gas-leak-detector-500-ml-aeroszol\/","title":{"rendered":"NANOCLEAN GAS LEAK DETECTOR &#8211; 500 ml Aeroszol"},"content":{"rendered":"<p><strong>F\u0151bb jellemz\u0151k:<\/strong><\/p>\n<ul>\n<li><strong>Kiv\u00e1l\u00f3 hat\u00e9konys\u00e1g:<\/strong> Pontosan lokaliz\u00e1lja a sziv\u00e1rg\u00e1sokat, bele\u00e9rtve a legkisebbeket is (&lt;7 mBar).<\/li>\n<li><strong>Sokoldal\u00fa felhaszn\u00e1l\u00e1s:<\/strong> Kiv\u00e1l\u00f3an alkalmazhat\u00f3 g\u00e1z-, pneumatikus, aut\u00f3ipari, h\u0171t\u0151- \u00e9s ipari telep\u00edt\u00e9seken, t\u00f6bbek k\u00f6z\u00f6tt az energia-, b\u00e1ny\u00e1szati, aut\u00f3ipari, \u00e9p\u00edt\u0151ipari, haj\u00f3gy\u00e1rt\u00e1si, pap\u00edr- \u00e9s vegyiparban.<\/li>\n<li><strong>Felhaszn\u00e1l\u00f3bar\u00e1t aeroszol:<\/strong> A praktikus 360\u00b0-os szelep b\u00e1rmilyen poz\u00edci\u00f3ban haszn\u00e1lhat\u00f3, \u00edgy biztos\u00edtja a rugalmass\u00e1got minden alkalmaz\u00e1sn\u00e1l.<\/li>\n<li><strong>Nem m\u00e9rgez\u0151 \u00e9s nem korroz\u00edv:<\/strong> Biztons\u00e1gos a felhaszn\u00e1l\u00f3 \u00e9s az eszk\u00f6z\u00f6k sz\u00e1m\u00e1ra, k\u00e1ros vagy korroz\u00edv hat\u00e1sok n\u00e9lk\u00fcl.<\/li>\n<li><strong>K\u00f6rnyezetbar\u00e1t:<\/strong> A hajt\u00f3g\u00e1z nem \u00e1rtalmas a k\u00f6rnyezetre.<\/li>\n<li><strong>Nem gy\u00fal\u00e9kony \u00e9s nem irrit\u00e1l\u00f3:<\/strong> Biztons\u00e1gosan haszn\u00e1lhat\u00f3 k\u00fcl\u00f6nf\u00e9le k\u00f6rnyezetekben, t\u0171zvesz\u00e9ly \u00e9s irrit\u00e1ci\u00f3 n\u00e9lk\u00fcl.<\/li>\n<li><strong>DVGW megfelel\u0151s\u00e9g:<\/strong> Megfelel a legmagasabb ipari szabv\u00e1nyoknak a g\u00e1zbiztons\u00e1g ter\u00e9n.<\/li>\n<\/ul>\n<p><strong>Haszn\u00e1lati utas\u00edt\u00e1s:<\/strong><\/p>\n<ol>\n<li>Haszn\u00e1lat el\u0151tt alaposan r\u00e1zza fel az aeroszolos flakont.<\/li>\n<li>Permetezzen 15-30 cm t\u00e1vols\u00e1gb\u00f3l a vizsg\u00e1lni k\u00edv\u00e1nt ter\u00fcletre.<\/li>\n<li>A sziv\u00e1rg\u00e1s hely\u00e9n bubor\u00e9kok jelennek meg, amelyek egy\u00e9rtelm\u0171en jelzik a g\u00e1zsziv\u00e1rg\u00e1s hely\u00e9t.<\/li>\n<li>A speci\u00e1lis 360\u00b0-os szelep t\u00f6bb ir\u00e1ny\u00fa alkalmaz\u00e1st tesz lehet\u0151v\u00e9 k\u00fcl\u00f6nb\u00f6z\u0151 nyom\u00e1sok alatt \u00e9s t\u00e1vols\u00e1gokb\u00f3l.<\/li>\n<\/ol>\n<p>Ak\u00e1r ipari l\u00e9tes\u00edtm\u00e9nyekn\u00e9l, aut\u00f3ipari rendszerekn\u00e9l vagy h\u0171t\u0151berendez\u00e9sekn\u00e9l, a NANOCLEAN GAS LEAK DETECTOR gyors, hat\u00e9kony \u00e9s k\u00f6rnyezetbar\u00e1t megold\u00e1st ny\u00fajt a g\u00e1zsziv\u00e1rg\u00e1sok kimutat\u00e1s\u00e1ra.<\/p>\n","protected":false},"excerpt":{"rendered":"<p>Biztos\u00edtsa g\u00e1z-, pneumatikus \u00e9s h\u0171t\u0151rendszerei biztons\u00e1g\u00e1t \u00e9s hat\u00e9konys\u00e1g\u00e1t a NANOCLEAN GAS LEAK DETECTOR seg\u00edts\u00e9g\u00e9vel. Ez az er\u0151teljes sziv\u00e1rg\u00e1skeres\u0151 spray gyorsan \u00e9s pontosan k\u00e9pes azonos\u00edtani a legkisebb g\u00e1zsziv\u00e1rg\u00e1sokat is k\u00fcl\u00f6nf\u00e9le ipari, aut\u00f3ipari \u00e9s h\u0171t\u0151berendez\u00e9sek telep\u00edt\u00e9sein\u00e9l. Ak\u00e1r cs\u00f6veket, csatlakoz\u00e1sokat, szelepeket, kompresszorokat, l\u00e9gkondicion\u00e1l\u00f3 rendszereket vagy ipari berendez\u00e9seket vizsg\u00e1l, ez a k\u00f6nnyen haszn\u00e1lhat\u00f3 aeroszolos spray hat\u00e9kony megold\u00e1st ny\u00fajt &lt;7 mbar \u00e9rt\u00e9k alatti sziv\u00e1rg\u00e1sok \u00e9szlel\u00e9s\u00e9re.<\/p>\n","protected":false},"featured_media":8827,"comment_status":"closed","ping_status":"closed","template":"","meta":[],"product_brand":[],"product_cat":[348],"product_tag":[],"class_list":{"0":"post-8865","1":"product","2":"type-product","3":"status-publish","4":"has-post-thumbnail","6":"product_cat-hvac-hu","8":"first","9":"instock","10":"taxable","11":"shipping-taxable","12":"product-type-simple"},"_links":{"self":[{"href":"https:\/\/www.nanoclean-air.com\/hu\/wp-json\/wp\/v2\/product\/8865","targetHints":{"allow":["GET"]}}],"collection":[{"href":"https:\/\/www.nanoclean-air.com\/hu\/wp-json\/wp\/v2\/product"}],"about":[{"href":"https:\/\/www.nanoclean-air.com\/hu\/wp-json\/wp\/v2\/types\/product"}],"replies":[{"embeddable":true,"href":"https:\/\/www.nanoclean-air.com\/hu\/wp-json\/wp\/v2\/comments?post=8865"}],"wp:featuredmedia":[{"embeddable":true,"href":"https:\/\/www.nanoclean-air.com\/hu\/wp-json\/wp\/v2\/media\/8827"}],"wp:attachment":[{"href":"https:\/\/www.nanoclean-air.com\/hu\/wp-json\/wp\/v2\/media?parent=8865"}],"wp:term":[{"taxonomy":"product_brand","embeddable":true,"href":"https:\/\/www.nanoclean-air.com\/hu\/wp-json\/wp\/v2\/product_brand?post=8865"},{"taxonomy":"product_cat","embeddable":true,"href":"https:\/\/www.nanoclean-air.com\/hu\/wp-json\/wp\/v2\/product_cat?post=8865"},{"taxonomy":"product_tag","embeddable":true,"href":"https:\/\/www.nanoclean-air.com\/hu\/wp-json\/wp\/v2\/product_tag?post=8865"}],"curies":[{"name":"wp","href":"https:\/\/api.w.org\/{rel}","templated":true}]}}