{"id":8875,"date":"2024-11-13T14:17:40","date_gmt":"2024-11-13T13:17:40","guid":{"rendered":"https:\/\/www.nanoclean-air.com\/?post_type=product&#038;p=8875"},"modified":"2024-11-14T13:18:08","modified_gmt":"2024-11-14T12:18:08","slug":"nanoclean-ac-foamclean-eroteljes-alkali-aktiv-hab-tisztitoszer-koncentratum","status":"publish","type":"product","link":"https:\/\/www.nanoclean-air.com\/hu\/product\/nanoclean-ac-foamclean-eroteljes-alkali-aktiv-hab-tisztitoszer-koncentratum\/","title":{"rendered":"NANOCLEAN AC FOAMCLEAN &#8211; Er\u0151teljes Alk\u00e1li Akt\u00edv Hab Tiszt\u00edt\u00f3szer Koncentr\u00e1tum"},"content":{"rendered":"<p><strong>F\u0151bb jellemz\u0151k:<\/strong><\/p>\n<ul>\n<li><strong>Szuper koncentr\u00e1lt formula:<\/strong> Kiv\u00e9teles teljes\u00edtm\u00e9ny minim\u00e1lis term\u00e9kfelhaszn\u00e1l\u00e1ssal.<\/li>\n<li><strong>Sokoldal\u00fa tiszt\u00edt\u00f3szer:<\/strong> Sz\u00e9les k\u00f6r\u0171 fel\u00fcleteken \u00e9s szennyez\u0151d\u00e9seken alkalmazhat\u00f3, bele\u00e9rtve az olajokat, zs\u00edrokat, k\u00f6zleked\u00e9si piszkot \u00e9s organikus foltokat.<\/li>\n<li><strong>Hat\u00e9kony HVAC rendszerekhez:<\/strong> Tiszt\u00edtja a kondenz\u00e1torokat, p\u00e1rologtat\u00f3kat, elektronikus l\u00e9gsz\u0171r\u0151ket, szell\u0151z\u0151r\u00e1csokat \u00e9s mechanikai alkatr\u00e9szeket.<\/li>\n<li><strong>Penetr\u00e1l \u00e9s feloldja a szennyez\u0151d\u00e9seket:<\/strong> Er\u0151teljesen tapad a f\u00fcgg\u0151leges fel\u00fcletekre, \u00e9s ak\u00e1r 5 percig ott marad, biztos\u00edtva a m\u00e9lyebb behatol\u00e1st \u00e9s hat\u00e9konyabb tiszt\u00edt\u00e1st.<\/li>\n<li><strong>Biol\u00f3giailag leboml\u00f3:<\/strong> Teljes m\u00e9rt\u00e9kben biol\u00f3giailag lebomlik az OECD ir\u00e1nyelvek szerint.<\/li>\n<li><strong>Kompatibilis t\u00f6bb fel\u00fclettel:<\/strong> Biztons\u00e1gosan haszn\u00e1lhat\u00f3 festett fel\u00fcleteken, m\u0171anyagokon, elasztomereken, sz\u00f6veteken, f\u00e1ban, ker\u00e1mi\u00e1kon, f\u00e9men, s\u0151t alum\u00ednium \u00e9s r\u00e9z \u00f6tv\u00f6zeteken is, ha haszn\u00e1lat ut\u00e1n v\u00edzzel le\u00f6bl\u00edtj\u00fck.<\/li>\n<\/ul>\n<p><strong>Alkalmaz\u00e1sok:<\/strong><\/p>\n<ul>\n<li><strong>HVAC rendszerek:<\/strong> Ide\u00e1lis l\u00e9gkondicion\u00e1l\u00f3 egys\u00e9gek, kondenz\u00e1torok, elektronikus l\u00e9gsz\u0171r\u0151k \u00e9s szell\u0151z\u0151csatorn\u00e1k tiszt\u00edt\u00e1s\u00e1ra.<\/li>\n<li><strong>Ipari tiszt\u00edt\u00e1s:<\/strong> T\u00f6k\u00e9letes a neh\u00e9z zs\u00edrok, olajok \u00e9s egy\u00e9b szennyez\u0151d\u00e9sek elt\u00e1vol\u00edt\u00e1s\u00e1ra mechanikai alkatr\u00e9szekr\u0151l, g\u00e9pekr\u0151l \u00e9s ipari berendez\u00e9sekr\u0151l.<\/li>\n<li><strong>Sz\u00e1ll\u00edt\u00e1si tiszt\u00edt\u00e1s:<\/strong> Haszn\u00e1lhat\u00f3 j\u00e1rm\u0171veken, bele\u00e9rtve az aut\u00f3kat, teheraut\u00f3kat, vonatokat \u00e9s egy\u00e9b j\u00e1rm\u0171veket, hat\u00e9konyan tiszt\u00edtva a motorokat, alum\u00ednium kerekeket, alv\u00e1zakat \u00e9s festett fel\u00fcleteket.<\/li>\n<li><strong>\u00c9lelmiszeripar:<\/strong> T\u00f6k\u00e9letes a szell\u0151z\u0151rendszerek tiszt\u00edt\u00e1s\u00e1ra a s\u00fct\u0151kben, konyh\u00e1kban \u00e9s \u00e9lelmiszeripari termel\u00e9si ter\u00fcleteken, bele\u00e9rtve a kebabboltokat \u00e9s b\u00e1rokat.<\/li>\n<li><strong>Tet\u0151- \u00e9s k\u00fcls\u0151 fel\u00fcletek tiszt\u00edt\u00e1sa:<\/strong> K\u00f6nnyed\u00e9n elt\u00e1vol\u00edtja a koszt, moh\u00e1t, gyant\u00e1t \u00e9s egy\u00e9b szennyez\u0151d\u00e9seket a tet\u0151kr\u0151l, homlokzatokr\u00f3l \u00e9s m\u00e1s k\u00fcls\u0151 fel\u00fcletekr\u0151l.<\/li>\n<\/ul>\n<p><strong>Haszn\u00e1lati utas\u00edt\u00e1sok:<\/strong><\/p>\n<ol>\n<li>H\u00edg\u00edtsa v\u00edzzel a szennyez\u0151d\u00e9s m\u00e9rt\u00e9ke \u00e9s a k\u00edv\u00e1nt tiszt\u00edt\u00e1si t\u00edpus alapj\u00e1n:\n<ul>\n<li><strong>\u00c1ltal\u00e1nos tiszt\u00edt\u00e1s:<\/strong> 1:50-1:10 (2-10%) hideg vagy meleg v\u00edzben.<\/li>\n<li><strong>Neh\u00e9z tiszt\u00edt\u00e1s (zs\u00edrok \u00e9s olajok elt\u00e1vol\u00edt\u00e1sa):<\/strong> 1:10-1:4 (10-25%) hideg vagy meleg v\u00edzben.<\/li>\n<li><strong>Nyom\u00e1sos mos\u00e1s:<\/strong> 1:200-1:20 (0,5-5%) hideg vagy meleg v\u00edzben.<\/li>\n<li><strong>Festett fel\u00fcletek:<\/strong> 1:100-1:20 (1-5%) v\u00edzzel.<\/li>\n<\/ul>\n<\/li>\n<li>Alkalmazza az oldatot a tiszt\u00edtand\u00f3 fel\u00fcletre. Hagyja, hogy a hab 3-5 percig besz\u00edv\u00f3djon \u00e9s felemelje a szennyez\u0151d\u00e9seket, majd \u00f6bl\u00edtse le nyom\u00e1sos v\u00edzzel. Ism\u00e9telje meg sz\u00fcks\u00e9g szerint.<\/li>\n<\/ol>\n<p><strong>Biztons\u00e1gi tan\u00e1csok:<\/strong><\/p>\n<ul>\n<li>Haszn\u00e1ljon v\u00e9d\u0151keszty\u0171t \u00e9s szemv\u00e9d\u0151t a haszn\u00e1lat sor\u00e1n.<\/li>\n<li>Ker\u00fclje el a k\u00f6zvetlen b\u0151rkontaktust.<\/li>\n<li>Mindig k\u00f6vesse a biztons\u00e1gi adatlap (SDS) utas\u00edt\u00e1sait a haszn\u00e1lat el\u0151tt.<\/li>\n<\/ul>\n<p>Tapasztalja meg a <strong>NANOCLEAN AC FOAMCLEAN<\/strong> kiv\u00e9teles tiszt\u00edt\u00f3erej\u00e9t, az ide\u00e1lis megold\u00e1st ipari \u00e9s HVAC tiszt\u00edt\u00e1si ig\u00e9nyeihez!<\/p>\n","protected":false},"excerpt":{"rendered":"<p>A <strong>NANOCLEAN AC FOAMCLEAN<\/strong> egy er\u0151sen koncentr\u00e1lt, alk\u00e1li akt\u00edv haboldat, amelyet k\u00fcl\u00f6nb\u00f6z\u0151 ipari \u00e9s HVAC berendez\u00e9sek hat\u00e9kony \u00e9s er\u0151teljes tiszt\u00edt\u00e1s\u00e1ra terveztek. Fejlett formul\u00e1ja hat\u00e9konyan elt\u00e1vol\u00edtja a zs\u00edrokat, olajokat, viaszokat, k\u00f6z\u00fati \u00e9s vas\u00fati szennyez\u0151d\u00e9seket, gyant\u00e1t, tint\u00e1t, sz\u00e1radt foltokat, bitumenes szennyez\u0151d\u00e9seket, doh\u00e1nymaradv\u00e1nyokat, organikus hullad\u00e9kokat, mint levelek, f\u0171 \u00e9s k\u00e9reg, valamint m\u00e1s kemik\u00e1li\u00e1kat. T\u00f6k\u00e9letes sz\u00e9les k\u00f6r\u0171 fel\u00fcletek \u00e9s berendez\u00e9sek tiszt\u00edt\u00e1s\u00e1hoz, bele\u00e9rtve a l\u00e9gkondicion\u00e1l\u00f3 kondenz\u00e1torokat (p\u00e1rologtat\u00f3kat), f\u0171t\u0151berendez\u00e9seket, h\u0151cser\u00e9l\u0151ket, sz\u00e1raz h\u0171t\u0151ket, szell\u0151z\u0151csatorn\u00e1kat, ventil\u00e1torokat, l\u00e9geloszt\u00f3 csatorn\u00e1kat, csepegtet\u0151 t\u00e1lc\u00e1kat \u00e9s egy\u00e9b eszk\u00f6z\u00f6ket.<\/p>\n","protected":false},"featured_media":8817,"comment_status":"closed","ping_status":"closed","template":"","meta":[],"product_brand":[],"product_cat":[348,245],"product_tag":[],"class_list":{"0":"post-8875","1":"product","2":"type-product","3":"status-publish","4":"has-post-thumbnail","6":"product_cat-hvac-hu","7":"product_cat-hvac2-hu","9":"first","10":"instock","11":"taxable","12":"shipping-taxable","13":"product-type-simple"},"_links":{"self":[{"href":"https:\/\/www.nanoclean-air.com\/hu\/wp-json\/wp\/v2\/product\/8875","targetHints":{"allow":["GET"]}}],"collection":[{"href":"https:\/\/www.nanoclean-air.com\/hu\/wp-json\/wp\/v2\/product"}],"about":[{"href":"https:\/\/www.nanoclean-air.com\/hu\/wp-json\/wp\/v2\/types\/product"}],"replies":[{"embeddable":true,"href":"https:\/\/www.nanoclean-air.com\/hu\/wp-json\/wp\/v2\/comments?post=8875"}],"wp:featuredmedia":[{"embeddable":true,"href":"https:\/\/www.nanoclean-air.com\/hu\/wp-json\/wp\/v2\/media\/8817"}],"wp:attachment":[{"href":"https:\/\/www.nanoclean-air.com\/hu\/wp-json\/wp\/v2\/media?parent=8875"}],"wp:term":[{"taxonomy":"product_brand","embeddable":true,"href":"https:\/\/www.nanoclean-air.com\/hu\/wp-json\/wp\/v2\/product_brand?post=8875"},{"taxonomy":"product_cat","embeddable":true,"href":"https:\/\/www.nanoclean-air.com\/hu\/wp-json\/wp\/v2\/product_cat?post=8875"},{"taxonomy":"product_tag","embeddable":true,"href":"https:\/\/www.nanoclean-air.com\/hu\/wp-json\/wp\/v2\/product_tag?post=8875"}],"curies":[{"name":"wp","href":"https:\/\/api.w.org\/{rel}","templated":true}]}}