{"id":8930,"date":"2024-11-13T14:54:44","date_gmt":"2024-11-13T13:54:44","guid":{"rendered":"https:\/\/www.nanoclean-air.com\/?post_type=product&#038;p=8930"},"modified":"2024-11-14T13:18:07","modified_gmt":"2024-11-14T12:18:07","slug":"nanoclean-ac-wash-rtu-keszre-keszitett-legkondicionalo-tisztitoszer","status":"publish","type":"product","link":"https:\/\/www.nanoclean-air.com\/hu\/product\/nanoclean-ac-wash-rtu-keszre-keszitett-legkondicionalo-tisztitoszer\/","title":{"rendered":"NANOCLEAN AC WASH RTU \u2013 K\u00e9szre K\u00e9sz\u00edtett L\u00e9gkondicion\u00e1l\u00f3 Tiszt\u00edt\u00f3szer"},"content":{"rendered":"<p><strong>F\u0151 el\u0151ny\u00f6k:<\/strong><\/p>\n<ul>\n<li><strong>Er\u0151teljes tiszt\u00edt\u00f3 hat\u00e1s:<\/strong> Hat\u00e9konyan elt\u00e1vol\u00edtja a szennyez\u0151d\u00e9seket, zs\u00edrt, olajokat, port, fa gyant\u00e1t, ragaszt\u00f3 maradv\u00e1nyokat, nikotinfoltokat \u00e9s egy\u00e9b szennyez\u0151d\u00e9seket.<\/li>\n<li><strong>Univerz\u00e1lis alkalmaz\u00e1s:<\/strong> Kiv\u00e1l\u00f3an m\u0171k\u00f6dik ipari \u00e9s \u00e9lelmiszeripari szennyez\u0151d\u00e9sek ellen is.<\/li>\n<li><strong>K\u00e9szre k\u00e9sz\u00edtett:<\/strong> Nincs sz\u00fcks\u00e9g h\u00edg\u00edt\u00e1sra vagy v\u00edzre. B\u00e1r a v\u00edzzel val\u00f3 \u00f6bl\u00edt\u00e9s haszn\u00e1lat ut\u00e1n mindig aj\u00e1nlott, nem felt\u00e9tlen\u00fcl sz\u00fcks\u00e9ges.<\/li>\n<li><strong>Antisztatikus hat\u00e1s:<\/strong> Tov\u00e1bb tiszt\u00e1n tartja a fel\u00fcleteket, megakad\u00e1lyozza a por felhalmoz\u00f3d\u00e1s\u00e1t.<\/li>\n<li><strong>Biztons\u00e1gos a f\u00e9mekre:<\/strong> Nem marja a fel\u00fcleteket, \u00e9s biztons\u00e1gos az alum\u00ednium \u00e9s sz\u00ednesf\u00e9mek sz\u00e1m\u00e1ra.<\/li>\n<li><strong>Biol\u00f3giailag leboml\u00f3:<\/strong> K\u00f6rnyezetbar\u00e1t formula, amely lebomlik.<\/li>\n<li><strong>Fel\u00fcleti kompatibilit\u00e1s:<\/strong> Biztons\u00e1gos sz\u00e1mos fel\u00fcleten, bele\u00e9rtve a fest\u00e9keket, m\u0171anyagokat, szintetikus alkatr\u00e9szeket, elasztomereket, sz\u00f6veteket, f\u00e1t, ker\u00e1mi\u00e1t \u00e9s f\u00e9meket.<\/li>\n<\/ul>\n<p><strong>Alkalmas haszn\u00e1latra:<\/strong><\/p>\n<ul>\n<li>K\u00fcls\u0151 l\u00e9gkondicion\u00e1l\u00f3 egys\u00e9gek: kondenz\u00e1torok, burkolatok, ventil\u00e1torok \u00e9s kondenz\u00e1tum szivatty\u00fak.<\/li>\n<li>Bels\u0151 l\u00e9gkondicion\u00e1l\u00f3 egys\u00e9gek: p\u00e1rologtat\u00f3k, ventil\u00e1torok, burkolatok, t\u00e1lc\u00e1k \u00e9s lefoly\u00f3rendszerek.<\/li>\n<\/ul>\n<p><strong>Haszn\u00e1lati utas\u00edt\u00e1s:<\/strong><\/p>\n<ol>\n<li><strong>Alkalmaz\u00e1s:<\/strong> Permetezze a tiszt\u00edt\u00f3szert k\u00f6zvetlen\u00fcl a tiszt\u00edtand\u00f3 fel\u00fcletre.<\/li>\n<li><strong>Hat\u00e1s:<\/strong> Hagyja hatni a tiszt\u00edt\u00f3szert n\u00e9h\u00e1ny percig a legjobb eredm\u00e9ny el\u00e9r\u00e9se \u00e9rdek\u00e9ben.<\/li>\n<li><strong>Tiszt\u00edt\u00e1s:<\/strong> Makacs foltok eset\u00e9n haszn\u00e1ljon kef\u00e9t a fel\u00fclet d\u00f6rzs\u00f6l\u00e9s\u00e9hez.<\/li>\n<li><strong>\u00d6bl\u00edt\u00e9s (opcion\u00e1lis):<\/strong> \u00d6bl\u00edtse le v\u00edzzel, vagy t\u00f6r\u00f6lje sz\u00e1razra, ha sz\u00fcks\u00e9ges.<\/li>\n<\/ol>\n<p><strong>Biztons\u00e1g \u00e9s k\u00f6rnyezeti el\u0151ny\u00f6k:<\/strong><\/p>\n<ul>\n<li><strong>Biol\u00f3giailag leboml\u00f3:<\/strong> A term\u00e9k term\u00e9szetes m\u00f3don lebomlik, \u00edgy k\u00f6rnyezetbar\u00e1t.<\/li>\n<li><strong>Nem mar\u00f3 hat\u00e1s\u00fa:<\/strong> Biztons\u00e1gos sz\u00e1mos anyagon, bele\u00e9rtve a f\u00e9meket, m\u0171anyagokat \u00e9s sz\u00f6veteket.<\/li>\n<li><strong>Biztons\u00e1gos kezel\u00e9s:<\/strong> Ker\u00fclje a szemmel \u00e9s b\u0151rrel val\u00f3 \u00e9rintkez\u00e9st. \u00c9rintkez\u00e9s eset\u00e9n alaposan \u00f6bl\u00edtse le v\u00edzzel.<\/li>\n<\/ul>\n<p><strong>Term\u00e9k specifik\u00e1ci\u00f3k:<\/strong><\/p>\n<ul>\n<li><strong>Sz\u00edn:<\/strong> \u00c1tl\u00e1tsz\u00f3<\/li>\n<li><strong>Illat:<\/strong> Enyhe citrus illat<\/li>\n<li><strong>pH:<\/strong> Alk\u00e1li<\/li>\n<\/ul>\n<p><strong>T\u00e1rol\u00e1s \u00e9s \u00f3vint\u00e9zked\u00e9sek:<\/strong><\/p>\n<ul>\n<li><strong>T\u00e1rol\u00e1s:<\/strong> T\u00e1rolja h\u0171v\u00f6s, sz\u00e1raz helyen, h\u0151t\u0151l \u00e9s k\u00f6zvetlen naps\u00fct\u00e9st\u0151l v\u00e9dve.<\/li>\n<li><strong>Figyelmeztet\u00e9sek:<\/strong> Ker\u00fclje a szemmel \u00e9s b\u0151rrel val\u00f3 \u00e9rintkez\u00e9st. \u00c9rintkez\u00e9s eset\u00e9n \u00f6bl\u00edtse le v\u00edzzel.<\/li>\n<\/ul>\n<p>A NANOCLEAN AC WASH RTU a t\u00f6k\u00e9letes megold\u00e1s a l\u00e9gkondicion\u00e1l\u00f3 rendszerek tiszt\u00e1n tart\u00e1s\u00e1hoz, hat\u00e9konys\u00e1guk jav\u00edt\u00e1s\u00e1hoz \u00e9s egy tiszta, friss k\u00f6rnyezet biztos\u00edt\u00e1s\u00e1hoz. Biztons\u00e1gos, hat\u00e9kony \u00e9s k\u00e9szre k\u00e9sz\u00edtett \u2013 a l\u00e9gkondicion\u00e1l\u00f3 tiszt\u00edt\u00f3szer, amiben megb\u00edzhat!<\/p>\n","protected":false},"excerpt":{"rendered":"<p>Tartsa l\u00e9gkondicion\u00e1l\u00f3 k\u00e9sz\u00fcl\u00e9keit tiszt\u00e1n, k\u00edv\u00fcl-bel\u00fcl, a NANOCLEAN AC WASH RTU seg\u00edts\u00e9g\u00e9vel. Ez a k\u00e9szre k\u00e9sz\u00edtett tiszt\u00edt\u00f3szer, amely term\u00e9szetes citrus kivonatokon alapul, hat\u00e9konyan tiszt\u00edtja mind a bels\u0151, mind a k\u00fcls\u0151 l\u00e9gkondicion\u00e1l\u00f3 egys\u00e9geket v\u00edz haszn\u00e1lata n\u00e9lk\u00fcl. T\u00f6k\u00e9letes a kondenz\u00e1torok, burkolatok, ventil\u00e1torok, p\u00e1rologtat\u00f3k, csepegtet\u0151 t\u00e1lc\u00e1k \u00e9s egy\u00e9b l\u00e9gkondicion\u00e1l\u00f3 rendszerek alkatr\u00e9szeinek tiszt\u00edt\u00e1s\u00e1ra.<\/p>\n","protected":false},"featured_media":8826,"comment_status":"closed","ping_status":"closed","template":"","meta":[],"product_brand":[],"product_cat":[348],"product_tag":[],"class_list":{"0":"post-8930","1":"product","2":"type-product","3":"status-publish","4":"has-post-thumbnail","6":"product_cat-hvac-hu","8":"first","9":"instock","10":"taxable","11":"shipping-taxable","12":"product-type-simple"},"_links":{"self":[{"href":"https:\/\/www.nanoclean-air.com\/hu\/wp-json\/wp\/v2\/product\/8930","targetHints":{"allow":["GET"]}}],"collection":[{"href":"https:\/\/www.nanoclean-air.com\/hu\/wp-json\/wp\/v2\/product"}],"about":[{"href":"https:\/\/www.nanoclean-air.com\/hu\/wp-json\/wp\/v2\/types\/product"}],"replies":[{"embeddable":true,"href":"https:\/\/www.nanoclean-air.com\/hu\/wp-json\/wp\/v2\/comments?post=8930"}],"wp:featuredmedia":[{"embeddable":true,"href":"https:\/\/www.nanoclean-air.com\/hu\/wp-json\/wp\/v2\/media\/8826"}],"wp:attachment":[{"href":"https:\/\/www.nanoclean-air.com\/hu\/wp-json\/wp\/v2\/media?parent=8930"}],"wp:term":[{"taxonomy":"product_brand","embeddable":true,"href":"https:\/\/www.nanoclean-air.com\/hu\/wp-json\/wp\/v2\/product_brand?post=8930"},{"taxonomy":"product_cat","embeddable":true,"href":"https:\/\/www.nanoclean-air.com\/hu\/wp-json\/wp\/v2\/product_cat?post=8930"},{"taxonomy":"product_tag","embeddable":true,"href":"https:\/\/www.nanoclean-air.com\/hu\/wp-json\/wp\/v2\/product_tag?post=8930"}],"curies":[{"name":"wp","href":"https:\/\/api.w.org\/{rel}","templated":true}]}}