{"id":8967,"date":"2024-11-13T15:14:41","date_gmt":"2024-11-13T14:14:41","guid":{"rendered":"https:\/\/www.nanoclean-air.com\/?post_type=product&#038;p=8967"},"modified":"2024-11-14T13:18:06","modified_gmt":"2024-11-14T12:18:06","slug":"nanoclean-ac-rust-remover-rtu-hatekony-rozsda-vizko-es-foltok-eltavolito-kulso-klimaberendezesekhez","status":"publish","type":"product","link":"https:\/\/www.nanoclean-air.com\/hu\/product\/nanoclean-ac-rust-remover-rtu-hatekony-rozsda-vizko-es-foltok-eltavolito-kulso-klimaberendezesekhez\/","title":{"rendered":"NANOCLEAN AC RUST REMOVER RTU \u2013 Hat\u00e9kony rozsda, v\u00edzk\u0151 \u00e9s foltok elt\u00e1vol\u00edt\u00f3 k\u00fcls\u0151 kl\u00edmaberendez\u00e9sekhez"},"content":{"rendered":"<p><strong>F\u0151 jellemz\u0151k:<\/strong><\/p>\n<ul>\n<li><strong>Er\u0151teljes savas hat\u00e1s:<\/strong> A pH-\u00e9rt\u00e9ke 1, \u00edgy a NANOCLEAN AC RUST REMOVER RTU hat\u00e9konyan elt\u00e1vol\u00edtja a rozsd\u00e1t, v\u00edzk\u00f6vet, kalcium-lerak\u00f3d\u00e1sokat \u00e9s egy\u00e9b \u00e1sv\u00e1nyi szennyez\u0151d\u00e9seket, biztos\u00edtva a berendez\u00e9s hat\u00e9kony m\u0171k\u00f6d\u00e9s\u00e9t.<\/li>\n<li><strong>Biztons\u00e1gos anyagokkal:<\/strong> Annak ellen\u00e9re, hogy rendk\u00edv\u00fcl hat\u00e9kony, a term\u00e9k biztons\u00e1gos f\u00e9mekkel (p\u00e9ld\u00e1ul r\u00e9zzel \u00e9s cinkkel), m\u0171anyagokkal \u00e9s bevonatokkal, \u00edgy k\u00fcl\u00f6nb\u00f6z\u0151 fel\u00fcleteken alkalmazhat\u00f3 an\u00e9lk\u00fcl, hogy k\u00e1rosod\u00e1st okozna.<\/li>\n<li><strong>Egyszer\u0171 alkalmaz\u00e1s:<\/strong> Egyszer\u0171en f\u00fajja a term\u00e9ket a tiszt\u00edtand\u00f3 fel\u00fcletre, hagyja hatni 1-5 percig, majd \u00f6bl\u00edtse le v\u00edzzel. Nincs sz\u00fcks\u00e9g bonyolult elj\u00e1r\u00e1sokra.<\/li>\n<li><strong>K\u00f6rnyezetbar\u00e1t formula:<\/strong> A NANOCLEAN AC RUST REMOVER RTU biol\u00f3giailag lebomlik az OECD szabv\u00e1nyoknak megfelel\u0151en, \u00edgy biztons\u00e1gos a k\u00f6rnyezet sz\u00e1m\u00e1ra.<\/li>\n<li><strong>K\u00e9nyelmes haszn\u00e1lat:<\/strong> A 360\u00b0-os sz\u00f3r\u00f3fej lehet\u0151v\u00e9 teszi a term\u00e9k k\u00f6nny\u0171 alkalmaz\u00e1s\u00e1t minden ir\u00e1nyb\u00f3l, biztos\u00edtva a hat\u00e9kony tiszt\u00edt\u00e1st minden helyzetben.<\/li>\n<\/ul>\n<p><strong>Alkalmaz\u00e1s:<\/strong><\/p>\n<ul>\n<li>K\u00fclt\u00e9ri kl\u00edmaberendez\u00e9sek \u00e9s h\u0151szivatty\u00fak (kondenz\u00e1torok)<\/li>\n<li>Kondenz\u00e1tum-gy\u0171jt\u0151 t\u00e1lc\u00e1k<\/li>\n<li>F\u00e9m \u00e9s m\u0171anyag fel\u00fcletek<\/li>\n<li>L\u00e9gkezel\u0151 rendszerek<\/li>\n<li>Sz\u00e1raz h\u0171t\u0151k \u00e9s egy\u00e9b rozsda- \u00e9s v\u00edzk\u0151lerak\u00f3d\u00e1snak kitett berendez\u00e9sek<\/li>\n<li>Ac\u00e9l szerkezetek, homlokzatok \u00e9s padl\u00f3fel\u00fcletek<\/li>\n<\/ul>\n<p><strong>Mi\u00e9rt v\u00e1lassza a NANOCLEAN AC RUST REMOVER RTU-t:<\/strong><\/p>\n<ul>\n<li><strong>Elt\u00e1vol\u00edtja a makacs szennyez\u0151d\u00e9seket:<\/strong> Hat\u00e9konyan t\u00e1vol\u00edtja el a rozsd\u00e1t, v\u00edzk\u00f6vet, kalcium-lerak\u00f3d\u00e1sokat \u00e9s m\u00e1s kemik\u00e1li\u00e1kat, amelyek cs\u00f6kkenthetik a kl\u00edmaberendez\u00e9sek hat\u00e9konys\u00e1g\u00e1t.<\/li>\n<li><strong>Helyre\u00e1ll\u00edtja a funkcionalit\u00e1st \u00e9s a megjelen\u00e9st:<\/strong> A NANOCLEAN AC RUST REMOVER RTU rendszeres haszn\u00e1lata seg\u00edt meg\u0151rizni a kl\u00edmaberendez\u00e9sek technikai \u00e9s eszt\u00e9tikai \u00e1llapot\u00e1t.<\/li>\n<li><strong>K\u00f6nny\u0171 alkalmaz\u00e1s \u00e9s biztons\u00e1g:<\/strong> A k\u00e9sz\u00edtm\u00e9ny egyszer\u0171en alkalmazhat\u00f3, nincs sz\u00fcks\u00e9g speci\u00e1lis eszk\u00f6z\u00f6kre vagy bonyolult elj\u00e1r\u00e1sokra, \u00edgy egyszer\u0171s\u00edti a karbantart\u00e1st.<\/li>\n<li><strong>K\u00f6rnyezetbar\u00e1t v\u00e9delem:<\/strong> A k\u00f6rnyezetbar\u00e1t formula miatt a NANOCLEAN AC RUST REMOVER RTU biztons\u00e1gos a felhaszn\u00e1l\u00f3 \u00e9s a k\u00f6rnyezet sz\u00e1m\u00e1ra.<\/li>\n<\/ul>\n<p><strong>Haszn\u00e1lati utas\u00edt\u00e1s:<\/strong><\/p>\n<ol>\n<li>F\u00fajja a NANOCLEAN AC RUST REMOVER RTU-t k\u00f6zvetlen\u00fcl a tiszt\u00edtand\u00f3 fel\u00fcletre, k\u00fcl\u00f6n\u00f6s figyelmet ford\u00edtva a rozsd\u00e1s \u00e9s lerak\u00f3dott r\u00e9szekre.<\/li>\n<li>Hagyja hatni a term\u00e9ket 1-5 percig, hogy feloldja a szennyez\u0151d\u00e9seket. A finom kef\u00e9l\u00e9s gyors\u00edthatja a tiszt\u00edt\u00e1st.<\/li>\n<li>Alaposan \u00f6bl\u00edtse le a fel\u00fcletet v\u00edzzel, lehet\u0151leg nyom\u00e1s alatt, hogy elt\u00e1vol\u00edtsa az \u00f6sszes maradv\u00e1nyt.<\/li>\n<li>Sz\u00fcks\u00e9g eset\u00e9n ism\u00e9telje meg a tiszt\u00edt\u00e1st.<\/li>\n<\/ol>\n<p><strong>Haszn\u00e1latra k\u00e9sz. Elt\u00e1vol\u00edtja a rozsd\u00e1t, korr\u00f3zi\u00f3t, v\u00edzk\u00f6vet \u00e9s foltokat. Helyre\u00e1ll\u00edtja a kl\u00edmaberendez\u00e9sek teljes\u00edtm\u00e9ny\u00e9t \u00e9s megjelen\u00e9s\u00e9t a NANOCLEAN AC RUST REMOVER RTU seg\u00edts\u00e9g\u00e9vel.<\/strong><\/p>\n","protected":false},"excerpt":{"rendered":"<p><strong>Hat\u00e9kony tiszt\u00edt\u00e1s k\u00fclt\u00e9ri kl\u00edmaberendez\u00e9sekhez \u00e9s h\u0151szivatty\u00fakh\u00f6z<\/strong><\/p>\n<p>A NANOCLEAN AC RUST REMOVER RTU egy fejlett, haszn\u00e1latra k\u00e9sz oldat, amely m\u00e9g a legmakacsabb rozsd\u00e1t, korr\u00f3zi\u00f3t, v\u00edzk\u00f6vet \u00e9s foltokat is elt\u00e1vol\u00edt a k\u00fclt\u00e9ri kl\u00edmaberendez\u00e9sekr\u0151l \u00e9s h\u0151szivatty\u00fakr\u00f3l. Egyed\u00fcl\u00e1ll\u00f3 sav alap\u00fa formul\u00e1j\u00e1nak k\u00f6sz\u00f6nhet\u0151en ide\u00e1lis a kl\u00edmaberendez\u00e9sek teljes\u00edtm\u00e9ny\u00e9nek \u00e9s eszt\u00e9tikai megjelen\u00e9s\u00e9nek helyre\u00e1ll\u00edt\u00e1s\u00e1ra, mik\u00f6zben elt\u00e1vol\u00edtja a makacs szennyez\u0151d\u00e9seket \u00e9s lerak\u00f3d\u00e1sokat.<\/p>\n","protected":false},"featured_media":8824,"comment_status":"closed","ping_status":"closed","template":"","meta":[],"product_brand":[],"product_cat":[348],"product_tag":[],"class_list":{"0":"post-8967","1":"product","2":"type-product","3":"status-publish","4":"has-post-thumbnail","6":"product_cat-hvac-hu","8":"first","9":"instock","10":"taxable","11":"shipping-taxable","12":"product-type-simple"},"_links":{"self":[{"href":"https:\/\/www.nanoclean-air.com\/hu\/wp-json\/wp\/v2\/product\/8967","targetHints":{"allow":["GET"]}}],"collection":[{"href":"https:\/\/www.nanoclean-air.com\/hu\/wp-json\/wp\/v2\/product"}],"about":[{"href":"https:\/\/www.nanoclean-air.com\/hu\/wp-json\/wp\/v2\/types\/product"}],"replies":[{"embeddable":true,"href":"https:\/\/www.nanoclean-air.com\/hu\/wp-json\/wp\/v2\/comments?post=8967"}],"wp:featuredmedia":[{"embeddable":true,"href":"https:\/\/www.nanoclean-air.com\/hu\/wp-json\/wp\/v2\/media\/8824"}],"wp:attachment":[{"href":"https:\/\/www.nanoclean-air.com\/hu\/wp-json\/wp\/v2\/media?parent=8967"}],"wp:term":[{"taxonomy":"product_brand","embeddable":true,"href":"https:\/\/www.nanoclean-air.com\/hu\/wp-json\/wp\/v2\/product_brand?post=8967"},{"taxonomy":"product_cat","embeddable":true,"href":"https:\/\/www.nanoclean-air.com\/hu\/wp-json\/wp\/v2\/product_cat?post=8967"},{"taxonomy":"product_tag","embeddable":true,"href":"https:\/\/www.nanoclean-air.com\/hu\/wp-json\/wp\/v2\/product_tag?post=8967"}],"curies":[{"name":"wp","href":"https:\/\/api.w.org\/{rel}","templated":true}]}}