{"id":9419,"date":"2021-11-19T19:46:02","date_gmt":"2021-11-19T18:46:02","guid":{"rendered":"https:\/\/www.nanoclean-air.com\/?post_type=product&#038;p=9419"},"modified":"2024-11-19T12:12:49","modified_gmt":"2024-11-19T11:12:49","slug":"nanoclean-air-400ml-aeroszol-tisztitashoz-frissiteshez-szagtalanitashoz-es-fertotleniteshez","status":"publish","type":"product","link":"https:\/\/www.nanoclean-air.com\/hu\/product\/nanoclean-air-400ml-aeroszol-tisztitashoz-frissiteshez-szagtalanitashoz-es-fertotleniteshez\/","title":{"rendered":"NANOCLEAN\u00ae AIR 400ml Aeroszol tiszt\u00edt\u00e1shoz, friss\u00edt\u00e9shez, szagtalan\u00edt\u00e1shoz \u00e9s fert\u0151tlen\u00edt\u00e9shez"},"content":{"rendered":"<p><strong>TISZT\u00cdT\u00c1S, FRISS\u00cdT\u00c9S L\u00c9GKONDICION\u00c1L\u00d3KHOZ<\/strong><br \/>\n\u2022 Hat\u00e9konyan elt\u00e1vol\u00edtja az \u00f6sszes szennyez\u0151d\u00e9st, amely befoly\u00e1solhatja a leveg\u0151 min\u0151s\u00e9g\u00e9t.<br \/>\n\u2022 Tart\u00f3san megsz\u00fcnteti a gomb\u00e1k \u00e9s a nedvess\u00e9g kellemetlen szag\u00e1t.<br \/>\n\u2022 Kompatibilis anyagokkal \u2013 a spray hab biztons\u00e1gos a legt\u00f6bb f\u00e9m, festett fel\u00fclet, gumi, m\u0171anyag, sz\u00f6vet sz\u00e1m\u00e1ra.<br \/>\n\u2022 Az elp\u00e1rolg\u00e1s ut\u00e1n sz\u00e1raz \u00e9s tiszta fel\u00fcletet hagy, amely ellen\u00e1ll a por vonz\u00e1s\u00e1nak.<br \/>\n\u2022 Az aeroszol k\u00e9t sz\u00f3r\u00f3fejjel rendelkezik: egy fel\u00fcleti spray f\u00fav\u00f3k\u00e1val \u00e9s egy 60 cm-es t\u00f6ml\u0151vel, 360\u00b0-os f\u00fav\u00f3k\u00e1val a HVAC z\u00e1rt l\u00e9gcsatorn\u00e1khoz.<\/p>\n<p><strong>L\u00c9GKONDICION\u00c1L\u00d3 SZAGTALAN\u00cdT\u00c1S \u00c9S FERT\u0150TLEN\u00cdT\u00c9S<\/strong><br \/>\n\u2022 Az egyetlen formula TELJES BIOCID\u00c1LIS SPEKTRUMMAL (V\u00edrusok, Bakt\u00e9riumok, Gomb\u00e1k, Mykobakt\u00e9riumok, Sp\u00f3r\u00e1k, ak\u00e1r 15 percig).<br \/>\n\u2022 Elt\u00e1vol\u00edtja a Legionella pneumophila-t 1 perc alatt.<br \/>\n\u2022 A hat\u00e9konys\u00e1got eur\u00f3pai szabv\u00e1nyok szerinti tesztek igazolj\u00e1k: EN1040, EN13727, EN1276, EN13697, EN13623, EN1275, EN1650, EN14476, EN13704, EN14348.<br \/>\n\u2022 Biocid term\u00e9k forgalmaz\u00e1si enged\u00e9lye: 7364\/18.<br \/>\n\u2022 PZH enged\u00e9ly: B.BK.60112.0333.2023.<br \/>\n\u2022 Az \u00faj biztons\u00e1gi standard a leveg\u0151ben terjed\u0151 fert\u0151z\u00e9sek \u00e9s szennyez\u0151d\u00e9sek ellen.<\/p>\n<p><strong>MEGTAKAR\u00cdT\u00c1S<\/strong><br \/>\n\u2022 Pontos adagol\u00f3 \u2013 100%-os term\u00e9kfelhaszn\u00e1l\u00e1s.<br \/>\n\u2022 Tiszt\u00edt, szagtalan\u00edt, fert\u0151tlen\u00edt, friss\u00edt, v\u00e9d.<\/p>\n<p><strong>\u00dcGYFELEK EL\u00c9GEDETTS\u00c9GE<\/strong><br \/>\n\u2022 Kellemes, tart\u00f3s illat.<br \/>\n\u2022 Nincs t\u0171zvesz\u00e9ly t\u00e1rol\u00e1s k\u00f6zben \u2013 v\u00edzb\u00e1zis\u00fa, nem gy\u00fal\u00e9kony term\u00e9k.<br \/>\n\u2022 Nem tartalmaz savakat, fenolokat (vesz\u00e9lyes a terhes n\u0151k \u00e9s \u00e1llatok sz\u00e1m\u00e1ra) \u00e9s szerves old\u00f3szereket.<br \/>\n\u2022 Teljes \u00fcgyf\u00e9lel\u00e9gedetts\u00e9g \u2013 nincs panasz.<\/p>\n<p>Biocid term\u00e9kek haszn\u00e1lata el\u0151tt \u00fcgyeljen a biztons\u00e1gi el\u0151\u00edr\u00e1sokra.<br \/>\nOlvassa el a c\u00edmk\u00e9t \u00e9s a term\u00e9k inform\u00e1ci\u00f3it minden haszn\u00e1lat el\u0151tt.<\/p>\n","protected":false},"excerpt":{"rendered":"<p>Prec\u00edzen megfogalmazott akt\u00edv aeroszolos hab, amely az evapor\u00e1torok, kondenz\u00e1torok \u00e9s egy\u00e9b l\u00e9gkondicion\u00e1l\u00f3 \u00e9s h\u0171t\u0151 HVAC berendez\u00e9sek alkatr\u00e9szeinek tiszt\u00edt\u00e1s\u00e1ra, friss\u00edt\u00e9s\u00e9re, szagtalan\u00edt\u00e1s\u00e1ra \u00e9s fert\u0151tlen\u00edt\u00e9s\u00e9re szolg\u00e1l.<br \/>\nAz egyetlen formula TELJES BIOL\u00d3GIAI SPEKTRUMMAL (ak\u00e1r 15 percig).<br \/>\nKellemes, friss illatot hagy maga ut\u00e1n.<br \/>\n\u2022 <strong>FRISSS\u00c9G.<\/strong> Elt\u00e1vol\u00edtja a kellemetlen szagokat, hosszabb ideig kellemes illatot hagyva.<br \/>\n\u2022 <strong>BIZALOM.<\/strong><br \/>\n<strong>TELJES BIOCID\u00c1LIS SPEKTRUM:<\/strong> V\u00edrusok, gomb\u00e1k, bakt\u00e9riumok, sp\u00f3r\u00e1k, mykobakt\u00e9riumok. Legionella pneumophila 1 perc alatt.<br \/>\n\u2022 <strong>HAT\u00c9KONYS\u00c1G.<\/strong> Eur\u00f3pai szabv\u00e1nyok szerinti tesztekkel igazolt: EN1040, EN13727, EN1276, EN13697, EN13623, EN1275, EN1650, EN14476, EN13704, EN14348<br \/>\n\u2022 <strong>TISZT\u00cdT\u00d3 HAT\u00c9KONYS\u00c1G.<\/strong> A t\u00f6bbkomponens\u0171 akt\u00edv alapnak k\u00f6sz\u00f6nhet\u0151en.<br \/>\n\u2022 <strong>EL\u00c9GEDETT \u00dcGYFELEK.<\/strong> Hat\u00e9kony tiszt\u00edt\u00e1ssal \u00e9s fert\u0151tlen\u00edt\u00e9ssel.<br \/>\n<strong>MINDEN EGYBEN = TISZT\u00cdT\u00c1S + FRISS\u00cdT\u00c9S + SZAGTALAN\u00cdT\u00c1S + FERT\u0150TLEN\u00cdT\u00c9S = 1 TERM\u00c9K = 1 FOLYAMAT<\/strong><\/p>\n","protected":false},"featured_media":9496,"comment_status":"open","ping_status":"closed","template":"","meta":[],"product_brand":[],"product_cat":[348],"product_tag":[],"class_list":{"0":"post-9419","1":"product","2":"type-product","3":"status-publish","4":"has-post-thumbnail","6":"product_cat-hvac-hu","7":"pa_capacity-400-ml-hu","9":"first","10":"instock","11":"featured","12":"taxable","13":"shipping-taxable","14":"product-type-simple"},"_links":{"self":[{"href":"https:\/\/www.nanoclean-air.com\/hu\/wp-json\/wp\/v2\/product\/9419","targetHints":{"allow":["GET"]}}],"collection":[{"href":"https:\/\/www.nanoclean-air.com\/hu\/wp-json\/wp\/v2\/product"}],"about":[{"href":"https:\/\/www.nanoclean-air.com\/hu\/wp-json\/wp\/v2\/types\/product"}],"replies":[{"embeddable":true,"href":"https:\/\/www.nanoclean-air.com\/hu\/wp-json\/wp\/v2\/comments?post=9419"}],"wp:featuredmedia":[{"embeddable":true,"href":"https:\/\/www.nanoclean-air.com\/hu\/wp-json\/wp\/v2\/media\/9496"}],"wp:attachment":[{"href":"https:\/\/www.nanoclean-air.com\/hu\/wp-json\/wp\/v2\/media?parent=9419"}],"wp:term":[{"taxonomy":"product_brand","embeddable":true,"href":"https:\/\/www.nanoclean-air.com\/hu\/wp-json\/wp\/v2\/product_brand?post=9419"},{"taxonomy":"product_cat","embeddable":true,"href":"https:\/\/www.nanoclean-air.com\/hu\/wp-json\/wp\/v2\/product_cat?post=9419"},{"taxonomy":"product_tag","embeddable":true,"href":"https:\/\/www.nanoclean-air.com\/hu\/wp-json\/wp\/v2\/product_tag?post=9419"}],"curies":[{"name":"wp","href":"https:\/\/api.w.org\/{rel}","templated":true}]}}