{"id":9765,"date":"2024-04-08T07:37:09","date_gmt":"2024-04-08T05:37:09","guid":{"rendered":"https:\/\/www.nanoclean-air.com\/?post_type=product&#038;p=9765"},"modified":"2024-11-19T15:37:05","modified_gmt":"2024-11-19T14:37:05","slug":"nanoclean-air-ready-to-use-5l-tisztitasra-frissitesre-szagtalanitasra-es-fertotlenitesre","status":"publish","type":"product","link":"https:\/\/www.nanoclean-air.com\/hu\/product\/nanoclean-air-ready-to-use-5l-tisztitasra-frissitesre-szagtalanitasra-es-fertotlenitesre\/","title":{"rendered":"NANOCLEAN\u00ae AIR Ready to use 5l, tiszt\u00edt\u00e1sra, friss\u00edt\u00e9sre, szagtalan\u00edt\u00e1sra \u00e9s fert\u0151tlen\u00edt\u00e9sre"},"content":{"rendered":"<p><strong>L\u00c9GKONDICION\u00c1L\u00d3 TISZT\u00cdT\u00c1SA, FRISS\u00cdT\u00c9SE<\/strong><br \/>\n\u2022 Hat\u00e9konyan elt\u00e1vol\u00edtja az \u00f6sszes szennyez\u0151d\u00e9st, amely befoly\u00e1solhatja a leveg\u0151 min\u0151s\u00e9g\u00e9t.<br \/>\n\u2022 Tart\u00f3san elt\u00fcnteti a gomb\u00e1k \u00e9s a nedvess\u00e9g kellemetlen szag\u00e1t.<br \/>\n\u2022 Kompatibilis az anyagokkal \u2013 a k\u00e9sz\u00edtm\u00e9ny a legt\u00f6bb f\u00e9m, festett fel\u00fclet, gumi, m\u0171anyag \u00e9s text\u00edlia sz\u00e1m\u00e1ra biztons\u00e1gos.<br \/>\n\u2022 P\u00e1rolg\u00e1s ut\u00e1n sz\u00e1raz \u00e9s tiszta fel\u00fcletet hagy, amely ellen\u00e1ll a por vonz\u00e1s\u00e1nak.<\/p>\n<p><strong>L\u00c9GKONDICION\u00c1L\u00d3 SZAGTALAN\u00cdT\u00c1S \u00c9S FERT\u0150TLEN\u00cdT\u00c9S<\/strong><br \/>\n\u2022 Az egyetlen k\u00e9sz\u00edtm\u00e9ny, amely FULL BIOCIDAL SPEKTRUMMAL rendelkezik (V\u00edrusok, Bakt\u00e9riumok, Gomb\u00e1k, Mycobacteriumok, Sp\u00f3r\u00e1k 15 perc alatt).<br \/>\n\u2022 1 perc alatt elt\u00e1vol\u00edtja a Legionella pneumophil\u00e1t.<br \/>\n\u2022 A hat\u00e9konys\u00e1got tesztel\u00e9sek igazolj\u00e1k, amelyek megfelelnek az eur\u00f3pai szabv\u00e1nyoknak: EN1040, EN13727, EN1276, EN13697, EN13623, EN1275, EN1650, EN14476, EN13704, EN14348.<br \/>\n\u2022 Biocid term\u00e9k forgalmaz\u00e1si enged\u00e9ly sz\u00e1ma: 7406\/18.<br \/>\n\u2022 PZH enged\u00e9ly sz\u00e1m: B.BK.60112.0333.2023.<br \/>\n\u2022 Az \u00faj biztons\u00e1gi szabv\u00e1ny a leveg\u0151ben terjed\u0151 fert\u0151z\u00e9sek \u00e9s szennyez\u0151d\u00e9sek ellen.<\/p>\n<p><strong>ID\u0150MEGTAKAR\u00cdT\u00c1S<\/strong><br \/>\n\u2022 Tiszt\u00edt, friss\u00edt, szagtalan\u00edt, fert\u0151tlen\u00edt, v\u00e9d.<\/p>\n<p><strong>\u00dcGYF\u00c9LEL\u00c9GEDETTS\u00c9G<\/strong><br \/>\n\u2022 Kellemes, tart\u00f3s illat.<br \/>\n\u2022 Nincs t\u0171zvesz\u00e9ly t\u00e1rol\u00e1s k\u00f6zben \u2013 v\u00edzalap\u00fa, nem gy\u00fal\u00e9kony term\u00e9k.<br \/>\n\u2022 Nem tartalmaz savakat, fenolokat (vesz\u00e9lyesek terhes n\u0151k \u00e9s \u00e1llatok sz\u00e1m\u00e1ra) \u00e9s szerves old\u00f3szereket.<br \/>\n\u2022 Teljes \u00fcgyf\u00e9lel\u00e9gedetts\u00e9g \u2013 nincs panasz.<\/p>\n<p>Biocid term\u00e9keket \u00f3vint\u00e9zked\u00e9sek mellett kell haszn\u00e1lni.<br \/>\nOlvassa el a c\u00edmk\u00e9t \u00e9s a term\u00e9k inform\u00e1ci\u00f3t minden haszn\u00e1lat el\u0151tt.<\/p>\n","protected":false},"excerpt":{"rendered":"<p>Az egyetlen k\u00e9sz\u00edtm\u00e9ny a piacon, amely a l\u00e9gkondicion\u00e1l\u00f3k \u00e9s egy\u00e9b HVAC l\u00e9gkondicion\u00e1l\u00f3 \u00e9s h\u0171t\u0151berendez\u00e9sek elp\u00e1rologtat\u00f3inak \u00e9s kondenz\u00e1torainak tiszt\u00edt\u00e1s\u00e1ra, friss\u00edt\u00e9s\u00e9re, szagtalan\u00edt\u00e1s\u00e1ra \u00e9s fert\u0151tlen\u00edt\u00e9s\u00e9re FULL BIOCIDAL SPEKTRUM-mal, ak\u00e1r 15 perc alatt. Hat\u00e9konyan elt\u00e1vol\u00edt minden szennyez\u0151d\u00e9st, amely befoly\u00e1solhatja a leveg\u0151 min\u0151s\u00e9g\u00e9t. Friss\u00edt\u0151 illatot hagy maga ut\u00e1n.<br \/>\n\u2022 <strong>FRISS\u00cdT\u00c9S.<\/strong> Elt\u00e1vol\u00edtja a kellemetlen szagokat, \u00e9s hosszabb ideig kellemes illatot hagy maga ut\u00e1n.<br \/>\n\u2022 <strong>BIZALOM.<\/strong><br \/>\nFULL BIOCIDAL SPEKTRUM: V\u00edrusok, gomb\u00e1k, bakt\u00e9riumok, sp\u00f3r\u00e1k, mycobacteriumok. Legionella pneumophila 1 perc alatt.<br \/>\n\u2022 <strong>HAT\u00c9KONYS\u00c1G.<\/strong> Tesztekkel meger\u0151s\u00edtve, amelyek az eur\u00f3pai szabv\u00e1nyoknak megfelelnek: EN1040, EN13727, EN1276, EN13697, EN13623, EN1275, EN1650, EN14476, EN13704, EN14348<br \/>\n\u2022 <strong>TISZT\u00cdT\u00c1SI HAT\u00c9KONYS\u00c1G.<\/strong> A t\u00f6bbkomponens\u0171 akt\u00edv alapnak k\u00f6sz\u00f6nhet\u0151en.<br \/>\n\u2022 <strong>EL\u00c9GEDETT \u00dcGYFELEK.<\/strong> Hat\u00e9kony tiszt\u00edt\u00e1ssal \u00e9s fert\u0151tlen\u00edt\u00e9ssel.<br \/>\n<strong>MINDEN EGYBEN = TISZT\u00cdT\u00c1S + FRISS\u00cdT\u00c9S + SZAGTALAN\u00cdT\u00c1S + FERT\u0150TLEN\u00cdT\u00c9S = 1 TERM\u00c9K = 1 FOLYAMAT<\/strong><\/p>\n","protected":false},"featured_media":9766,"comment_status":"open","ping_status":"closed","template":"","meta":[],"product_brand":[],"product_cat":[348],"product_tag":[],"class_list":{"0":"post-9765","1":"product","2":"type-product","3":"status-publish","4":"has-post-thumbnail","6":"product_cat-hvac-hu","7":"pa_capacity-5-l-hu","8":"pa_smell-citrus-hu","9":"pa_smell-levendula","10":"pa_smell-orchidea-hu","11":"pa_smell-szagtalan","13":"first","14":"instock","15":"featured","16":"taxable","17":"shipping-taxable","18":"product-type-variable"},"_links":{"self":[{"href":"https:\/\/www.nanoclean-air.com\/hu\/wp-json\/wp\/v2\/product\/9765","targetHints":{"allow":["GET"]}}],"collection":[{"href":"https:\/\/www.nanoclean-air.com\/hu\/wp-json\/wp\/v2\/product"}],"about":[{"href":"https:\/\/www.nanoclean-air.com\/hu\/wp-json\/wp\/v2\/types\/product"}],"replies":[{"embeddable":true,"href":"https:\/\/www.nanoclean-air.com\/hu\/wp-json\/wp\/v2\/comments?post=9765"}],"wp:featuredmedia":[{"embeddable":true,"href":"https:\/\/www.nanoclean-air.com\/hu\/wp-json\/wp\/v2\/media\/9766"}],"wp:attachment":[{"href":"https:\/\/www.nanoclean-air.com\/hu\/wp-json\/wp\/v2\/media?parent=9765"}],"wp:term":[{"taxonomy":"product_brand","embeddable":true,"href":"https:\/\/www.nanoclean-air.com\/hu\/wp-json\/wp\/v2\/product_brand?post=9765"},{"taxonomy":"product_cat","embeddable":true,"href":"https:\/\/www.nanoclean-air.com\/hu\/wp-json\/wp\/v2\/product_cat?post=9765"},{"taxonomy":"product_tag","embeddable":true,"href":"https:\/\/www.nanoclean-air.com\/hu\/wp-json\/wp\/v2\/product_tag?post=9765"}],"curies":[{"name":"wp","href":"https:\/\/api.w.org\/{rel}","templated":true}]}}