{"id":8733,"date":"2024-11-12T12:16:49","date_gmt":"2024-11-12T11:16:49","guid":{"rendered":"https:\/\/www.nanoclean-air.com\/?post_type=product&#038;p=8733"},"modified":"2024-11-14T13:20:59","modified_gmt":"2024-11-14T12:20:59","slug":"nanoclean-ac-foam-spray","status":"publish","type":"product","link":"https:\/\/www.nanoclean-air.com\/no\/product\/nanoclean-ac-foam-spray\/","title":{"rendered":"NANOCLEAN AC FOAM SPRAY"},"content":{"rendered":"<p><strong>N\u00f8kkelfunksjoner:<\/strong><\/p>\n<ul>\n<li><strong>Sterk aktiv formel:<\/strong> Rengj\u00f8r, avfetter, fjerner flekker og forfrisker overflater.<\/li>\n<li><strong>Bred kompatibilitet:<\/strong> Trygg for bruk p\u00e5 b\u00e5de harde og myke overflater som plast, metall (inkludert malt metall), tre, l\u00e6r, glass og tekstiler.<\/li>\n<li><strong>Effektiv p\u00e5 en rekke forurensninger:<\/strong> Fjerner fett, olje, blekk, lim, etikettrester, fingeravtrykk og annet vanlig smuss.<\/li>\n<li><strong>Behagelig frisk duft:<\/strong> Etterlater en ren og forfriskende duft etter hver bruk.<\/li>\n<li><strong>Antistatisk beskyttelse:<\/strong> Forhindrer st\u00f8vansamling p\u00e5 behandlede overflater.<\/li>\n<li><strong>Rengj\u00f8ring uten vann:<\/strong> Ingen vann er n\u00f8dvendig for \u00e5 rengj\u00f8re overflater \u2013 bare spray og t\u00f8rk av!<\/li>\n<\/ul>\n<p><strong>Bruksomr\u00e5der:<\/strong><\/p>\n<ul>\n<li>Aircondition-enheter under installasjon eller vedlikehold (kabinetter, filtre, mekanismer, verkt\u00f8y og fjerning av fingeravtrykk).<\/li>\n<li>Egnet for kontorer, hjem, verksteder, produksjonshaller, bad, kj\u00f8kken og mer.<\/li>\n<li>Ideell for rengj\u00f8ring av maskiner, elektroniske enheter, husholdningsapparater, datamaskiner, sportsutstyr, kj\u00f8ret\u00f8y og biler.<\/li>\n<\/ul>\n<p><strong>Hvordan bruke:<\/strong><\/p>\n<ol>\n<li>Test produktet p\u00e5 et skjult omr\u00e5de f\u00f8r bruk.<\/li>\n<li>Rist sprayboksen f\u00f8r bruk.<\/li>\n<li>Spray p\u00e5 overflaten fra en avstand p\u00e5 5-15 cm eller p\u00e5 en klut.<\/li>\n<li>T\u00f8rk overflaten t\u00f8rr med en mikrofiberklut.<\/li>\n<\/ol>\n<p><strong>Merk:<\/strong> Kun for profesjonelt bruk.<\/p>\n<p>NANOCLEAN AC FOAM SPRAY er den ideelle l\u00f8sningen for rask og effektiv rengj\u00f8ring som gjenoppretter den naturlige looken p\u00e5 overflater, og er perfekt for et bredt spekter av bransjer og applikasjoner.<\/p>\n","protected":false},"excerpt":{"rendered":"<p><strong>Universal Aktiv Rengj\u00f8ringsskum (400 ml)<\/strong><br \/>\nDen perfekte l\u00f8sningen for effektiv rengj\u00f8ring uten vann<\/p>\n<p>NANOCLEAN AC FOAM SPRAY er et kraftig, allsidig rengj\u00f8ringsskum designet for aircondition-systemer under installasjon og vedlikehold, men ogs\u00e5 egnet for et bredt spekter av andre rengj\u00f8ringsoppgaver. Denne vannfrie formelen fjerner effektivt smuss, fett, olje, flekker, fingeravtrykk, limrester og mer, og etterlater overflatene plettfrie og friske \u2013 uten behov for vann.<\/p>\n","protected":false},"featured_media":8741,"comment_status":"closed","ping_status":"closed","template":"","meta":[],"product_brand":[],"product_cat":[350],"product_tag":[],"class_list":{"0":"post-8733","1":"product","2":"type-product","3":"status-publish","4":"has-post-thumbnail","6":"product_cat-hvac-no","8":"first","9":"instock","10":"taxable","11":"shipping-taxable","12":"product-type-simple"},"_links":{"self":[{"href":"https:\/\/www.nanoclean-air.com\/no\/wp-json\/wp\/v2\/product\/8733","targetHints":{"allow":["GET"]}}],"collection":[{"href":"https:\/\/www.nanoclean-air.com\/no\/wp-json\/wp\/v2\/product"}],"about":[{"href":"https:\/\/www.nanoclean-air.com\/no\/wp-json\/wp\/v2\/types\/product"}],"replies":[{"embeddable":true,"href":"https:\/\/www.nanoclean-air.com\/no\/wp-json\/wp\/v2\/comments?post=8733"}],"wp:featuredmedia":[{"embeddable":true,"href":"https:\/\/www.nanoclean-air.com\/no\/wp-json\/wp\/v2\/media\/8741"}],"wp:attachment":[{"href":"https:\/\/www.nanoclean-air.com\/no\/wp-json\/wp\/v2\/media?parent=8733"}],"wp:term":[{"taxonomy":"product_brand","embeddable":true,"href":"https:\/\/www.nanoclean-air.com\/no\/wp-json\/wp\/v2\/product_brand?post=8733"},{"taxonomy":"product_cat","embeddable":true,"href":"https:\/\/www.nanoclean-air.com\/no\/wp-json\/wp\/v2\/product_cat?post=8733"},{"taxonomy":"product_tag","embeddable":true,"href":"https:\/\/www.nanoclean-air.com\/no\/wp-json\/wp\/v2\/product_tag?post=8733"}],"curies":[{"name":"wp","href":"https:\/\/api.w.org\/{rel}","templated":true}]}}