{"id":8857,"date":"2024-11-13T14:02:42","date_gmt":"2024-11-13T13:02:42","guid":{"rendered":"https:\/\/www.nanoclean-air.com\/?post_type=product&#038;p=8857"},"modified":"2024-11-14T13:20:58","modified_gmt":"2024-11-14T12:20:58","slug":"nanoclean-gas-leak-detector-500ml-aerosol","status":"publish","type":"product","link":"https:\/\/www.nanoclean-air.com\/no\/product\/nanoclean-gas-leak-detector-500ml-aerosol\/","title":{"rendered":"NANOCLEAN GAS LEAK DETECTOR &#8211; 500ml Aerosol"},"content":{"rendered":"<p><strong>N\u00f8kkelfunksjoner:<\/strong><\/p>\n<ul>\n<li><strong>H\u00f8yt Effektiv:<\/strong> Lokalisere lekkasjer n\u00f8yaktig, inkludert de minste (&lt;7 mBar).<\/li>\n<li><strong>Allsidig Bruk:<\/strong> Perfekt for bruk i gass-, pneumatiske-, bilrelaterte-, kj\u00f8le- og industrielle anlegg, inkludert energiproduksjon, gruvedrift, bilindustri, byggebransje, skipsbygging, papirindustrien og kjemisk industri.<\/li>\n<li><strong>Brukervennlig Aerosol:<\/strong> Den praktiske 360\u00b0 ventilen gir mulighet for bruk i hvilken som helst posisjon, og sikrer fleksibilitet for alle applikasjoner.<\/li>\n<li><strong>Ikke-Toksisk &amp; Ikke-Korrosiv:<\/strong> Trygg b\u00e5de for brukeren og utstyret, uten skadelige eller korrosive effekter.<\/li>\n<li><strong>Milj\u00f8vennlig:<\/strong> Drivgassen er ufarlig for milj\u00f8et.<\/li>\n<li><strong>Ikke-Brannfarlig &amp; Ikke-Irriterende:<\/strong> Formelen er trygg \u00e5 bruke i ulike omgivelser uten risiko for brann eller irritasjon.<\/li>\n<li><strong>DVGW-Kompatibel:<\/strong> Oppfyller de h\u00f8yeste industristandardene for gassikkerhet.<\/li>\n<\/ul>\n<p><strong>Bruksanvisning:<\/strong><\/p>\n<ol>\n<li>Rist aerosolboksen godt f\u00f8r bruk.<\/li>\n<li>Spray p\u00e5 en avstand av 15-30 cm p\u00e5 de omr\u00e5dene som skal testes.<\/li>\n<li>Boblene vil dannes p\u00e5 lekkasjepunktet, og tydelig indikere plasseringen av eventuell gasslekkasje.<\/li>\n<li>Den spesielle 360\u00b0 ventilen sikrer multirettingsapplikasjon under forskjellige trykk og fra forskjellige avstander.<\/li>\n<\/ol>\n<p>Enten det gjelder industrielle anlegg, bilsystemer eller kj\u00f8leenheter, tilbyr NANOCLEAN GAS LEAK DETECTOR en rask, effektiv og milj\u00f8vennlig l\u00f8sning for gasslekkasjedeteksjon.<\/p>\n","protected":false},"excerpt":{"rendered":"<p>S\u00f8rg for sikkerheten og effektiviteten til gass-, pneumatiske- og kj\u00f8lesystemene dine med NANOCLEAN GAS LEAK DETECTOR. Denne kraftige lekkasjedeteksjonssprayen er designet for \u00e5 raskt og n\u00f8yaktig identifisere selv de minste gasslekkasjene i ulike industrielle, bilrelaterte og kj\u00f8leanlegg. Enten du inspiserer r\u00f8r, koblinger, ventiler, kompressorer, klimaanlegg eller industrielt utstyr, gir denne brukervennlige aerosolsprayen en effektiv l\u00f8sning for \u00e5 oppdage lekkasjer ned til &lt;7 mbar.<\/p>\n","protected":false},"featured_media":8748,"comment_status":"closed","ping_status":"closed","template":"","meta":[],"product_brand":[],"product_cat":[350],"product_tag":[],"class_list":{"0":"post-8857","1":"product","2":"type-product","3":"status-publish","4":"has-post-thumbnail","6":"product_cat-hvac-no","8":"first","9":"instock","10":"taxable","11":"shipping-taxable","12":"product-type-simple"},"_links":{"self":[{"href":"https:\/\/www.nanoclean-air.com\/no\/wp-json\/wp\/v2\/product\/8857","targetHints":{"allow":["GET"]}}],"collection":[{"href":"https:\/\/www.nanoclean-air.com\/no\/wp-json\/wp\/v2\/product"}],"about":[{"href":"https:\/\/www.nanoclean-air.com\/no\/wp-json\/wp\/v2\/types\/product"}],"replies":[{"embeddable":true,"href":"https:\/\/www.nanoclean-air.com\/no\/wp-json\/wp\/v2\/comments?post=8857"}],"wp:featuredmedia":[{"embeddable":true,"href":"https:\/\/www.nanoclean-air.com\/no\/wp-json\/wp\/v2\/media\/8748"}],"wp:attachment":[{"href":"https:\/\/www.nanoclean-air.com\/no\/wp-json\/wp\/v2\/media?parent=8857"}],"wp:term":[{"taxonomy":"product_brand","embeddable":true,"href":"https:\/\/www.nanoclean-air.com\/no\/wp-json\/wp\/v2\/product_brand?post=8857"},{"taxonomy":"product_cat","embeddable":true,"href":"https:\/\/www.nanoclean-air.com\/no\/wp-json\/wp\/v2\/product_cat?post=8857"},{"taxonomy":"product_tag","embeddable":true,"href":"https:\/\/www.nanoclean-air.com\/no\/wp-json\/wp\/v2\/product_tag?post=8857"}],"curies":[{"name":"wp","href":"https:\/\/api.w.org\/{rel}","templated":true}]}}