{"id":8901,"date":"2024-11-13T14:42:45","date_gmt":"2024-11-13T13:42:45","guid":{"rendered":"https:\/\/www.nanoclean-air.com\/?post_type=product&#038;p=8901"},"modified":"2024-11-14T13:20:57","modified_gmt":"2024-11-14T12:20:57","slug":"nanoclean-ac-foamclean-rtu-klar-til-bruk-aktivt-skumrengjoringsmiddel","status":"publish","type":"product","link":"https:\/\/www.nanoclean-air.com\/no\/product\/nanoclean-ac-foamclean-rtu-klar-til-bruk-aktivt-skumrengjoringsmiddel\/","title":{"rendered":"NANOCLEAN AC FOAMCLEAN RTU \u2013 Klar-til-bruk Aktivt Skumrengj\u00f8ringsmiddel"},"content":{"rendered":"<p><strong>Hovedfunksjoner:<\/strong><\/p>\n<ul>\n<li><strong>Kraftig Rengj\u00f8ringskraft:<\/strong> Fjerner effektivt fett, oljer, voks, fettstoffer, veist\u00f8v og jernbaneforurensning, harpiks, blekk, t\u00f8rkede flekker, bitumin\u00f8se forurensninger, tobakkrester, blod, mose, blader, gress og mer.<\/li>\n<li><strong>Allsidige Bruksomr\u00e5der:<\/strong> Ideell for rengj\u00f8ring av klimaanlegg (kondensatorer), varmevekslere, ventilasjonskanaler, ventilasjonsvifter, luftdistribusjonssystemer, drypptr\u00e5g og andre mekaniske deler. Den er ogs\u00e5 utmerket for rengj\u00f8ring av transportoverflater p\u00e5 kj\u00f8ret\u00f8y (lastbiler, biler, lokomotiver, tog) og industrimaskiner, og gir et plettfritt resultat.<\/li>\n<li><strong>Trenger Inn og L\u00f8ser Opp Forurensninger:<\/strong> Det aktive skummet trenger dypt inn, bryter ned og l\u00f8ser opp vanskelig smuss og rester, noe som gj\u00f8r det perfekt for h\u00f8yytelses rengj\u00f8ring uten behov for skrubbing.<\/li>\n<li><strong>Sikker P\u00e5 Flere Overflater:<\/strong> Kompatibel med ulike materialer, inkludert malte overflater, plast, elastomerer, tekstiler, tre, keramikk, metaller (inkludert aluminium og kobberlegeringer, forutsatt at de skylles med vann etter rengj\u00f8ring) og mer.<\/li>\n<li><strong>Ikke-Drip Formulering:<\/strong> Det h\u00f8yadhesive skummet fester seg til vertikale overflater i opptil 5 minutter, noe som muliggj\u00f8r mer effektiv rengj\u00f8ring uten ber\u00f8ring.<\/li>\n<li><strong>Milj\u00f8vennlig:<\/strong> Biologisk nedbrytbart i henhold til OECD-standarder.<\/li>\n<li><strong>\u00d8konomisk &amp; Effektivt:<\/strong> En sv\u00e6rt \u00f8konomisk l\u00f8sning som krever minimalt med produkt for maksimal effekt.<\/li>\n<\/ul>\n<p><strong>Bruksomr\u00e5der:<\/strong><\/p>\n<ul>\n<li>Perfekt for rengj\u00f8ring av eksterne klimaanlegg, som kondensatorer og fordamper.<\/li>\n<li>Ideell for rengj\u00f8ring av kj\u00f8kken, barer, ventilasjonskanaler i serveringsmilj\u00f8er, og industrielt utstyr som luftfiltre, mekaniske deler og vifter.<\/li>\n<li>Anbefalt for rengj\u00f8ring av transportkj\u00f8ret\u00f8y, inkludert lastebiler, tog, lokomotiver og busser.<\/li>\n<li>Effektiv for \u00e5 fjerne organiske og industrielle flekker fra gulv, vegger og til og med tak.<\/li>\n<\/ul>\n<p><strong>Bruksanvisning:<\/strong><\/p>\n<ol>\n<li>Spray direkte p\u00e5 overflaten som skal rengj\u00f8res.<\/li>\n<li>La skummet trenge inn i 3-5 minutter for \u00e5 bryte ned forurensningene.<\/li>\n<li>For manuell rengj\u00f8ring, bruk den medf\u00f8lgende skumn\u00e5len for \u00e5 sikre at skummet holder seg p\u00e5 plass.<\/li>\n<li>Skyll av med h\u00f8ytrykksvann etter ventetiden. Gjenta om n\u00f8dvendig.<\/li>\n<\/ol>\n<p><strong>Sikkerhet:<\/strong> Bruk passende verneutstyr i henhold til oppgaven. Se alltid p\u00e5 sikkerhetsdatabladet (SDS) f\u00f8r bruk.<\/p>\n<p>NANOCLEAN AC FOAMCLEAN RTU er din l\u00f8sning for overlegen, sikker og effektiv rengj\u00f8ring, og gir eksepsjonelle resultater med minimal innsats!<\/p>\n","protected":false},"excerpt":{"rendered":"<p>NANOCLEAN AC FOAMCLEAN RTU er et kraftig, klar-til-bruk alkalisk skumrengj\u00f8ringsmiddel designet for krevende rengj\u00f8ringsoppgaver. Perfekt for rengj\u00f8ring av et bredt spekter av overflater og utstyr i bransjer som HVAC, bilindustri, servering og mer, takler dette h\u00f8yeffektive rengj\u00f8ringsmiddelet selv de t\u00f8ffeste forurensningene.<\/p>\n","protected":false},"featured_media":8740,"comment_status":"closed","ping_status":"closed","template":"","meta":[],"product_brand":[],"product_cat":[350],"product_tag":[],"class_list":{"0":"post-8901","1":"product","2":"type-product","3":"status-publish","4":"has-post-thumbnail","6":"product_cat-hvac-no","8":"first","9":"instock","10":"taxable","11":"shipping-taxable","12":"product-type-simple"},"_links":{"self":[{"href":"https:\/\/www.nanoclean-air.com\/no\/wp-json\/wp\/v2\/product\/8901","targetHints":{"allow":["GET"]}}],"collection":[{"href":"https:\/\/www.nanoclean-air.com\/no\/wp-json\/wp\/v2\/product"}],"about":[{"href":"https:\/\/www.nanoclean-air.com\/no\/wp-json\/wp\/v2\/types\/product"}],"replies":[{"embeddable":true,"href":"https:\/\/www.nanoclean-air.com\/no\/wp-json\/wp\/v2\/comments?post=8901"}],"wp:featuredmedia":[{"embeddable":true,"href":"https:\/\/www.nanoclean-air.com\/no\/wp-json\/wp\/v2\/media\/8740"}],"wp:attachment":[{"href":"https:\/\/www.nanoclean-air.com\/no\/wp-json\/wp\/v2\/media?parent=8901"}],"wp:term":[{"taxonomy":"product_brand","embeddable":true,"href":"https:\/\/www.nanoclean-air.com\/no\/wp-json\/wp\/v2\/product_brand?post=8901"},{"taxonomy":"product_cat","embeddable":true,"href":"https:\/\/www.nanoclean-air.com\/no\/wp-json\/wp\/v2\/product_cat?post=8901"},{"taxonomy":"product_tag","embeddable":true,"href":"https:\/\/www.nanoclean-air.com\/no\/wp-json\/wp\/v2\/product_tag?post=8901"}],"curies":[{"name":"wp","href":"https:\/\/api.w.org\/{rel}","templated":true}]}}